{"id":45439,"date":"2025-02-26T16:57:07","date_gmt":"2025-02-26T14:57:07","guid":{"rendered":"https:\/\/www.biopapa.de\/?post_type=product&#038;p=45439"},"modified":"2026-01-28T12:17:38","modified_gmt":"2026-01-28T10:17:38","slug":"ekologiskas-karstas-sokoladas-spanish","status":"publish","type":"product","link":"https:\/\/test.biopapa.de\/lt\/producte\/ekologiskas-karstas-sokoladas-spanish\/","title":{"rendered":"Ekologi\u0161kas kar\u0161tas \u0161okoladas Spanish"},"content":{"rendered":"<p><strong>Ekologi\u0161kas kar\u0161tas \u0161okoladas Spanish<\/strong><br \/>\nIdealus b\u016bdas paruo\u0161ti skanaus kar\u0161to \u0161okolado puodel\u012f greitai ir lengvai.<br \/>\nPagaminta su cukranendri\u0173 cukrumi ir nuriebinta kakava, be da\u017eikli\u0173 ir konservant\u0173. Su nat\u016braliais ir ekologi\u0161kais tir\u0161tikliais (sald\u017eiavaisio pupmed\u017eio pupeli\u0173 milteliai ir kukur\u016bz\u0173 krakmolas).\u00a0Tinka vegetarams ir veganams. Be laktoz\u0117s ir be glitimo.<br \/>\nIngredientai i\u0161 Fairtrade, auginami \u016bkinink\u0173 kooperatyv\u0173, gerbian\u010di\u0173 \u017emogaus teises ir aplink\u0105. I\u0161 ekologini\u0173 \u016bki\u0173, auginami be chemini\u0173 tr\u0105\u0161\u0173 ir pesticid\u0173.<br \/>\nParuo\u0161imas: I\u0161tirpinkite du \u0161auk\u0161tus kar\u0161to \u0161okolado per 200 ml kar\u0161to g\u0117rimo (pagal j\u016bs\u0173 skon\u012f) arba vandens ir u\u017evirinkite, nuolat mai\u0161ydami, kol pasieksite norim\u0105 konsistencij\u0105.<\/p>\n","protected":false},"excerpt":{"rendered":"<p>Ekologi\u0161kas kar\u0161tas \u0161okoladas Spanish Idealus b\u016bdas paruo\u0161ti skanaus kar\u0161to \u0161okolado puodel\u012f greitai ir lengvai. Pagaminta su cukranendri\u0173 cukrumi ir nuriebinta<\/p>\n","protected":false},"featured_media":45873,"template":"","meta":{"_acf_changed":false},"product_brand":[],"product_cat":[1265,1909],"product_tag":[1380,1378,1382],"class_list":{"0":"post-45439","1":"product","2":"type-product","3":"status-publish","4":"has-post-thumbnail","6":"product_cat-ekologiska-kakava-arbata-kava","7":"product_cat-kakava","8":"product_tag-keto-mityba","9":"product_tag-veganams","10":"product_tag-zaliavalgiams","11":"pa_svoris-1-kg","12":"pa_svoris-100-g","13":"pa_svoris-200-g","14":"pa_svoris-300-g","15":"pa_svoris-400-g","16":"pa_svoris-5-kg","17":"pa_svoris-50-g","18":"pa_svoris-500-g","20":"first","21":"instock","22":"shipping-taxable","23":"purchasable","24":"product-type-variable"},"acf":[],"yoast_head":"<!-- This site is optimized with the Yoast SEO plugin v27.6 - https:\/\/yoast.com\/product\/yoast-seo-wordpress\/ -->\n<title>Ekologi\u0161kas kar\u0161tas \u0161okoladas Spanish - Biopapa<\/title>\n<meta name=\"description\" content=\"Ekologi\u0161kas kar\u0161tas \u0161okoladas Spanish - idealus b\u016bdas paruo\u0161ti skanaus kar\u0161to \u0161okolado puodel\u012f greitai ir lengvai.\" \/>\n<meta name=\"robots\" content=\"index, follow, max-snippet:-1, max-image-preview:large, max-video-preview:-1\" \/>\n<link rel=\"canonical\" href=\"https:\/\/test.biopapa.de\/lt\/producte\/ekologiskas-karstas-sokoladas-spanish\/\" \/>\n<meta property=\"og:locale\" content=\"lt_LT\" \/>\n<meta property=\"og:type\" content=\"article\" \/>\n<meta property=\"og:title\" content=\"Ekologi\u0161kas kar\u0161tas \u0161okoladas Spanish - Biopapa\" \/>\n<meta property=\"og:description\" content=\"Ekologi\u0161kas kar\u0161tas \u0161okoladas Spanish - idealus b\u016bdas paruo\u0161ti skanaus kar\u0161to \u0161okolado puodel\u012f greitai ir lengvai.\" \/>\n<meta property=\"og:url\" content=\"https:\/\/test.biopapa.de\/lt\/producte\/ekologiskas-karstas-sokoladas-spanish\/\" \/>\n<meta property=\"og:site_name\" content=\"Biopapa\" \/>\n<meta property=\"article:publisher\" content=\"https:\/\/www.facebook.com\/biopapa.lt\" \/>\n<meta property=\"article:modified_time\" content=\"2026-01-28T10:17:38+00:00\" \/>\n<meta property=\"og:image\" content=\"https:\/\/test.biopapa.de\/wp-content\/uploads\/2025\/02\/Ekologiskas-karstas-sokoladas-Spanish-1.png.webp\" \/>\n\t<meta property=\"og:image:width\" content=\"800\" \/>\n\t<meta property=\"og:image:height\" content=\"640\" \/>\n\t<meta property=\"og:image:type\" content=\"image\/webp\" \/>\n<meta name=\"twitter:card\" content=\"summary_large_image\" \/>\n<meta name=\"twitter:label1\" content=\"Est. reading time\" \/>\n\t<meta name=\"twitter:data1\" content=\"1 minut\u0117\" \/>\n<script type=\"application\/ld+json\" class=\"yoast-schema-graph\">{\"@context\":\"https:\\\/\\\/schema.org\",\"@graph\":[{\"@type\":\"WebPage\",\"@id\":\"https:\\\/\\\/test.biopapa.de\\\/lt\\\/producte\\\/ekologiskas-karstas-sokoladas-spanish\\\/\",\"url\":\"https:\\\/\\\/test.biopapa.de\\\/lt\\\/producte\\\/ekologiskas-karstas-sokoladas-spanish\\\/\",\"name\":\"Ekologi\u0161kas kar\u0161tas \u0161okoladas Spanish - Biopapa\",\"isPartOf\":{\"@id\":\"https:\\\/\\\/test.biopapa.de\\\/lt\\\/#website\"},\"primaryImageOfPage\":{\"@id\":\"https:\\\/\\\/test.biopapa.de\\\/lt\\\/producte\\\/ekologiskas-karstas-sokoladas-spanish\\\/#primaryimage\"},\"image\":{\"@id\":\"https:\\\/\\\/test.biopapa.de\\\/lt\\\/producte\\\/ekologiskas-karstas-sokoladas-spanish\\\/#primaryimage\"},\"thumbnailUrl\":\"https:\\\/\\\/test.biopapa.de\\\/wp-content\\\/uploads\\\/2025\\\/02\\\/Ekologiskas-karstas-sokoladas-Spanish-1.png.webp\",\"datePublished\":\"2025-02-26T14:57:07+00:00\",\"dateModified\":\"2026-01-28T10:17:38+00:00\",\"description\":\"Ekologi\u0161kas kar\u0161tas \u0161okoladas Spanish - idealus b\u016bdas paruo\u0161ti skanaus kar\u0161to \u0161okolado puodel\u012f greitai ir lengvai.\",\"breadcrumb\":{\"@id\":\"https:\\\/\\\/test.biopapa.de\\\/lt\\\/producte\\\/ekologiskas-karstas-sokoladas-spanish\\\/#breadcrumb\"},\"inLanguage\":\"lt-LT\",\"potentialAction\":[{\"@type\":\"ReadAction\",\"target\":[\"https:\\\/\\\/test.biopapa.de\\\/lt\\\/producte\\\/ekologiskas-karstas-sokoladas-spanish\\\/\"]}]},{\"@type\":\"ImageObject\",\"inLanguage\":\"lt-LT\",\"@id\":\"https:\\\/\\\/test.biopapa.de\\\/lt\\\/producte\\\/ekologiskas-karstas-sokoladas-spanish\\\/#primaryimage\",\"url\":\"https:\\\/\\\/test.biopapa.de\\\/wp-content\\\/uploads\\\/2025\\\/02\\\/Ekologiskas-karstas-sokoladas-Spanish-1.png.webp\",\"contentUrl\":\"https:\\\/\\\/test.biopapa.de\\\/wp-content\\\/uploads\\\/2025\\\/02\\\/Ekologiskas-karstas-sokoladas-Spanish-1.png.webp\",\"width\":800,\"height\":640},{\"@type\":\"BreadcrumbList\",\"@id\":\"https:\\\/\\\/test.biopapa.de\\\/lt\\\/producte\\\/ekologiskas-karstas-sokoladas-spanish\\\/#breadcrumb\",\"itemListElement\":[{\"@type\":\"ListItem\",\"position\":1,\"name\":\"Home\",\"item\":\"https:\\\/\\\/test.biopapa.de\\\/lt\\\/\"},{\"@type\":\"ListItem\",\"position\":2,\"name\":\"Parduotuv\u0117\",\"item\":\"https:\\\/\\\/test.biopapa.de\\\/lt\\\/parduotuve\\\/\"},{\"@type\":\"ListItem\",\"position\":3,\"name\":\"Ekologi\u0161kas kar\u0161tas \u0161okoladas Spanish\"}]},{\"@type\":\"WebSite\",\"@id\":\"https:\\\/\\\/test.biopapa.de\\\/lt\\\/#website\",\"url\":\"https:\\\/\\\/test.biopapa.de\\\/lt\\\/\",\"name\":\"Biopapa\",\"description\":\"\u0160var\u016bs ekologi\u0161ki produktai\",\"publisher\":{\"@id\":\"https:\\\/\\\/test.biopapa.de\\\/lt\\\/#organization\"},\"potentialAction\":[{\"@type\":\"SearchAction\",\"target\":{\"@type\":\"EntryPoint\",\"urlTemplate\":\"https:\\\/\\\/test.biopapa.de\\\/lt\\\/?s={search_term_string}\"},\"query-input\":{\"@type\":\"PropertyValueSpecification\",\"valueRequired\":true,\"valueName\":\"search_term_string\"}}],\"inLanguage\":\"lt-LT\"},{\"@type\":\"Organization\",\"@id\":\"https:\\\/\\\/test.biopapa.de\\\/lt\\\/#organization\",\"name\":\"Biopapa\",\"url\":\"https:\\\/\\\/test.biopapa.de\\\/lt\\\/\",\"logo\":{\"@type\":\"ImageObject\",\"inLanguage\":\"lt-LT\",\"@id\":\"https:\\\/\\\/test.biopapa.de\\\/lt\\\/#\\\/schema\\\/logo\\\/image\\\/\",\"url\":\"https:\\\/\\\/www.biopapa.lt\\\/wp-content\\\/uploads\\\/2022\\\/04\\\/facebook_biopapa.jpg\",\"contentUrl\":\"https:\\\/\\\/www.biopapa.lt\\\/wp-content\\\/uploads\\\/2022\\\/04\\\/facebook_biopapa.jpg\",\"width\":1733,\"height\":907,\"caption\":\"Biopapa\"},\"image\":{\"@id\":\"https:\\\/\\\/test.biopapa.de\\\/lt\\\/#\\\/schema\\\/logo\\\/image\\\/\"},\"sameAs\":[\"https:\\\/\\\/www.facebook.com\\\/biopapa.lt\"]}]}<\/script>\n<!-- \/ Yoast SEO plugin. -->","yoast_head_json":{"title":"Ekologi\u0161kas kar\u0161tas \u0161okoladas Spanish - Biopapa","description":"Ekologi\u0161kas kar\u0161tas \u0161okoladas Spanish - idealus b\u016bdas paruo\u0161ti skanaus kar\u0161to \u0161okolado puodel\u012f greitai ir lengvai.","robots":{"index":"index","follow":"follow","max-snippet":"max-snippet:-1","max-image-preview":"max-image-preview:large","max-video-preview":"max-video-preview:-1"},"canonical":"https:\/\/test.biopapa.de\/lt\/producte\/ekologiskas-karstas-sokoladas-spanish\/","og_locale":"lt_LT","og_type":"article","og_title":"Ekologi\u0161kas kar\u0161tas \u0161okoladas Spanish - Biopapa","og_description":"Ekologi\u0161kas kar\u0161tas \u0161okoladas Spanish - idealus b\u016bdas paruo\u0161ti skanaus kar\u0161to \u0161okolado puodel\u012f greitai ir lengvai.","og_url":"https:\/\/test.biopapa.de\/lt\/producte\/ekologiskas-karstas-sokoladas-spanish\/","og_site_name":"Biopapa","article_publisher":"https:\/\/www.facebook.com\/biopapa.lt","article_modified_time":"2026-01-28T10:17:38+00:00","og_image":[{"width":800,"height":640,"url":"https:\/\/test.biopapa.de\/wp-content\/uploads\/2025\/02\/Ekologiskas-karstas-sokoladas-Spanish-1.png.webp","type":"image\/webp"}],"twitter_card":"summary_large_image","twitter_misc":{"Est. reading time":"1 minut\u0117"},"schema":{"@context":"https:\/\/schema.org","@graph":[{"@type":"WebPage","@id":"https:\/\/test.biopapa.de\/lt\/producte\/ekologiskas-karstas-sokoladas-spanish\/","url":"https:\/\/test.biopapa.de\/lt\/producte\/ekologiskas-karstas-sokoladas-spanish\/","name":"Ekologi\u0161kas kar\u0161tas \u0161okoladas Spanish - Biopapa","isPartOf":{"@id":"https:\/\/test.biopapa.de\/lt\/#website"},"primaryImageOfPage":{"@id":"https:\/\/test.biopapa.de\/lt\/producte\/ekologiskas-karstas-sokoladas-spanish\/#primaryimage"},"image":{"@id":"https:\/\/test.biopapa.de\/lt\/producte\/ekologiskas-karstas-sokoladas-spanish\/#primaryimage"},"thumbnailUrl":"https:\/\/test.biopapa.de\/wp-content\/uploads\/2025\/02\/Ekologiskas-karstas-sokoladas-Spanish-1.png.webp","datePublished":"2025-02-26T14:57:07+00:00","dateModified":"2026-01-28T10:17:38+00:00","description":"Ekologi\u0161kas kar\u0161tas \u0161okoladas Spanish - idealus b\u016bdas paruo\u0161ti skanaus kar\u0161to \u0161okolado puodel\u012f greitai ir lengvai.","breadcrumb":{"@id":"https:\/\/test.biopapa.de\/lt\/producte\/ekologiskas-karstas-sokoladas-spanish\/#breadcrumb"},"inLanguage":"lt-LT","potentialAction":[{"@type":"ReadAction","target":["https:\/\/test.biopapa.de\/lt\/producte\/ekologiskas-karstas-sokoladas-spanish\/"]}]},{"@type":"ImageObject","inLanguage":"lt-LT","@id":"https:\/\/test.biopapa.de\/lt\/producte\/ekologiskas-karstas-sokoladas-spanish\/#primaryimage","url":"https:\/\/test.biopapa.de\/wp-content\/uploads\/2025\/02\/Ekologiskas-karstas-sokoladas-Spanish-1.png.webp","contentUrl":"https:\/\/test.biopapa.de\/wp-content\/uploads\/2025\/02\/Ekologiskas-karstas-sokoladas-Spanish-1.png.webp","width":800,"height":640},{"@type":"BreadcrumbList","@id":"https:\/\/test.biopapa.de\/lt\/producte\/ekologiskas-karstas-sokoladas-spanish\/#breadcrumb","itemListElement":[{"@type":"ListItem","position":1,"name":"Home","item":"https:\/\/test.biopapa.de\/lt\/"},{"@type":"ListItem","position":2,"name":"Parduotuv\u0117","item":"https:\/\/test.biopapa.de\/lt\/parduotuve\/"},{"@type":"ListItem","position":3,"name":"Ekologi\u0161kas kar\u0161tas \u0161okoladas Spanish"}]},{"@type":"WebSite","@id":"https:\/\/test.biopapa.de\/lt\/#website","url":"https:\/\/test.biopapa.de\/lt\/","name":"Biopapa","description":"\u0160var\u016bs ekologi\u0161ki produktai","publisher":{"@id":"https:\/\/test.biopapa.de\/lt\/#organization"},"potentialAction":[{"@type":"SearchAction","target":{"@type":"EntryPoint","urlTemplate":"https:\/\/test.biopapa.de\/lt\/?s={search_term_string}"},"query-input":{"@type":"PropertyValueSpecification","valueRequired":true,"valueName":"search_term_string"}}],"inLanguage":"lt-LT"},{"@type":"Organization","@id":"https:\/\/test.biopapa.de\/lt\/#organization","name":"Biopapa","url":"https:\/\/test.biopapa.de\/lt\/","logo":{"@type":"ImageObject","inLanguage":"lt-LT","@id":"https:\/\/test.biopapa.de\/lt\/#\/schema\/logo\/image\/","url":"https:\/\/www.biopapa.lt\/wp-content\/uploads\/2022\/04\/facebook_biopapa.jpg","contentUrl":"https:\/\/www.biopapa.lt\/wp-content\/uploads\/2022\/04\/facebook_biopapa.jpg","width":1733,"height":907,"caption":"Biopapa"},"image":{"@id":"https:\/\/test.biopapa.de\/lt\/#\/schema\/logo\/image\/"},"sameAs":["https:\/\/www.facebook.com\/biopapa.lt"]}]}},"_links":{"self":[{"href":"https:\/\/test.biopapa.de\/lt\/wp-json\/wp\/v2\/product\/45439","targetHints":{"allow":["GET"]}}],"collection":[{"href":"https:\/\/test.biopapa.de\/lt\/wp-json\/wp\/v2\/product"}],"about":[{"href":"https:\/\/test.biopapa.de\/lt\/wp-json\/wp\/v2\/types\/product"}],"wp:featuredmedia":[{"embeddable":true,"href":"https:\/\/test.biopapa.de\/lt\/wp-json\/wp\/v2\/media\/45873"}],"wp:attachment":[{"href":"https:\/\/test.biopapa.de\/lt\/wp-json\/wp\/v2\/media?parent=45439"}],"wp:term":[{"taxonomy":"product_brand","embeddable":true,"href":"https:\/\/test.biopapa.de\/lt\/wp-json\/wp\/v2\/product_brand?post=45439"},{"taxonomy":"product_cat","embeddable":true,"href":"https:\/\/test.biopapa.de\/lt\/wp-json\/wp\/v2\/product_cat?post=45439"},{"taxonomy":"product_tag","embeddable":true,"href":"https:\/\/test.biopapa.de\/lt\/wp-json\/wp\/v2\/product_tag?post=45439"}],"curies":[{"name":"wp","href":"https:\/\/api.w.org\/{rel}","templated":true}]}}