{"id":27443,"date":"2023-07-14T09:55:48","date_gmt":"2023-07-14T06:55:48","guid":{"rendered":"https:\/\/www.biopapa.lt\/?post_type=product&#038;p=27443"},"modified":"2026-02-10T09:55:26","modified_gmt":"2026-02-10T07:55:26","slug":"ekologiskas-juodasis-kardamonas","status":"publish","type":"product","link":"https:\/\/test.biopapa.de\/lt\/producte\/ekologiskas-juodasis-kardamonas\/","title":{"rendered":"Ekologi\u0161kas juodasis kardamonas"},"content":{"rendered":"<p>Kardamonas turi dvi pagrindines veisles, \u017einomas kaip <em>juodasis kardamonas ir \u017ealias kardamonas<\/em>. \u0160ios dvi r\u016b\u0161ys labai skiriasi viena nuo kitos ir j\u0173 nereik\u0117t\u0173 mai\u0161yti.<br \/>\n\u017daliosios kardamono ank\u0161tys nuimamos i\u0161 Elettaria cardamomum augalo ankstyvoje stadijoje, dar nesubrendusios. Prie\u0161ingai, juodojo kardamono ank\u0161tys nuimamos v\u0117liau i\u0161 kito augalo Amomum subulatum ir d\u017eiovinamos ant ugnies, tod\u0117l turi b\u016bdingo kamparo, \u0161velnaus d\u016bm\u0173 aromato.<br \/>\nPalyginti su intensyviu juodojo kardamono aromatu ir nuostabiu skoniu, \u017ealias kardamonas yra daug \u0161velnesnis ir da\u017eniau naudojamas sald\u017eiuose patiekaluose.<br \/>\nAbiej\u0173 r\u016b\u0161i\u0173 kardamono naudojimas taip pat skiriasi. Nors juod\u0105j\u012f kardamon\u0105 geriausia d\u0117ti vis\u0105 ank\u0161t\u012f \u012f maist\u0105, \u017ealios kardamono s\u0117klos atskiriamos nuo ank\u0161\u010di\u0173 ir da\u017enai sumalamos prie\u0161 dedant \u012f maist\u0105.<br \/>\n<strong>Juodasis kardamonas<\/strong> <em>Amomum subulatum<\/em>, priklauso Zingiberaceae \u0161eimai, yra labai paplit\u0119s prieskonis Azijoje, ypa\u010d Indijoje. Jis naudojamas kiekvienuose namuose ir vaidina labai svarb\u0173 vaidmen\u012f gaminant Garam Masala miltelius. Jis gali b\u016bti nuo tamsiai rudos iki juodos spalvos. Daugiausia juodojo kardamono auginama Nepale ir Indijoje. Juodasis kardamonas gali b\u016bti skirting\u0173 dyd\u017ei\u0173, skoni\u0173 r\u016b\u0161i\u0173.<\/p>\n<p>Manoma, kad Indijoje juodasis kardamonas buvo naudojamas Ajurvedos preparatuose net nuo VI am\u017eiaus prie\u0161 Krist\u0173. Ajurvedos medicinoje ir dabar naudojams kaip labai naudingas sveikatai augalas.<\/p>\n<p><em>Vartojimas<\/em><br \/>\nPrieskoniai, kurie puikiai dera su juoduoju kardamonu, yra kumyno s\u0117klos, \u017evaig\u017edinis any\u017eius, cinamonas, garsty\u010di\u0173 s\u0117klos, kalendros s\u0117klos, \u010dili pipirai, ciber\u017eol\u0117, kvapieji pipirai ir juodieji pipirai \u2013 raskite jums labiausiai patinkant\u012f derin\u012f. Galima naudoti vis\u0105, \u0161iek tiek sutrai\u0161kant tams\u0173 apvalkal\u0105. Juodasis kardamonas tinka naudoti gaminant tro\u0161kinius, l\u0119\u0161ius, ry\u017eius, sriubas, arbat\u0105.<\/p>\n<p><em>\u0160altiniai:<\/em><br \/>\nhttps:\/\/academicjournals.org<br \/>\nhttps:\/\/www.nepjol.info<br \/>\nhttps:\/\/pharmeasy.in<\/p>\n<p><em>PASTABA. \u010cia pateikta informacija negali b\u016bti interpretuojama kaip gydymo ar kitokio pob\u016bd\u017eio sveikatos klausim\u0173 sprendimo rekomendacija.Raginame sprendimus, susijusius su asmenine sveikata, priimti asmeni\u0161kai, \u012fvertinus \u012fvairius informacijos \u0161altinius.<\/em><\/p>\n","protected":false},"excerpt":{"rendered":"<p>Kardamonas turi dvi pagrindines veisles, \u017einomas kaip juodasis kardamonas ir \u017ealias kardamonas. \u0160ios dvi r\u016b\u0161ys labai skiriasi viena nuo kitos<\/p>\n","protected":false},"featured_media":27477,"template":"","meta":{"_acf_changed":false},"product_brand":[],"product_cat":[1315],"product_tag":[1378],"class_list":{"0":"post-27443","1":"product","2":"type-product","3":"status-publish","4":"has-post-thumbnail","6":"product_cat-ekologiski-prieskoniai","7":"product_tag-veganams","8":"pa_svoris-1-kg","9":"pa_svoris-100-g","10":"pa_svoris-200-g","11":"pa_svoris-30-g","12":"pa_svoris-300-g","13":"pa_svoris-400-g","14":"pa_svoris-50-g","15":"pa_svoris-500-g","17":"first","18":"instock","19":"shipping-taxable","20":"purchasable","21":"product-type-variable"},"acf":[],"yoast_head":"<!-- This site is optimized with the Yoast SEO plugin v27.6 - https:\/\/yoast.com\/product\/yoast-seo-wordpress\/ -->\n<title>Ekologi\u0161kas juodasis kardamonas - Biopapa<\/title>\n<meta name=\"description\" content=\"Kardamonas - vertingas ir populiarus prieskonis, gardinantis ir maist\u0105, ir g\u0117rimus.\" \/>\n<meta name=\"robots\" content=\"index, follow, max-snippet:-1, max-image-preview:large, max-video-preview:-1\" \/>\n<link rel=\"canonical\" href=\"https:\/\/test.biopapa.de\/lt\/producte\/ekologiskas-juodasis-kardamonas\/\" \/>\n<meta property=\"og:locale\" content=\"lt_LT\" \/>\n<meta property=\"og:type\" content=\"article\" \/>\n<meta property=\"og:title\" content=\"Ekologi\u0161kas juodasis kardamonas - Biopapa\" \/>\n<meta property=\"og:description\" content=\"Kardamonas - vertingas ir populiarus prieskonis, gardinantis ir maist\u0105, ir g\u0117rimus.\" \/>\n<meta property=\"og:url\" content=\"https:\/\/test.biopapa.de\/lt\/producte\/ekologiskas-juodasis-kardamonas\/\" \/>\n<meta property=\"og:site_name\" content=\"Biopapa\" \/>\n<meta property=\"article:publisher\" content=\"https:\/\/www.facebook.com\/biopapa.lt\" \/>\n<meta property=\"article:modified_time\" content=\"2026-02-10T07:55:26+00:00\" \/>\n<meta property=\"og:image\" content=\"https:\/\/test.biopapa.de\/wp-content\/uploads\/2023\/07\/kardamonas.jpg\" \/>\n\t<meta property=\"og:image:width\" content=\"800\" \/>\n\t<meta property=\"og:image:height\" content=\"640\" \/>\n\t<meta property=\"og:image:type\" content=\"image\/jpeg\" \/>\n<meta name=\"twitter:card\" content=\"summary_large_image\" \/>\n<meta name=\"twitter:label1\" content=\"Est. reading time\" \/>\n\t<meta name=\"twitter:data1\" content=\"1 minut\u0117\" \/>\n<script type=\"application\/ld+json\" class=\"yoast-schema-graph\">{\"@context\":\"https:\\\/\\\/schema.org\",\"@graph\":[{\"@type\":\"WebPage\",\"@id\":\"https:\\\/\\\/test.biopapa.de\\\/lt\\\/producte\\\/ekologiskas-juodasis-kardamonas\\\/\",\"url\":\"https:\\\/\\\/test.biopapa.de\\\/lt\\\/producte\\\/ekologiskas-juodasis-kardamonas\\\/\",\"name\":\"Ekologi\u0161kas juodasis kardamonas - Biopapa\",\"isPartOf\":{\"@id\":\"https:\\\/\\\/test.biopapa.de\\\/lt\\\/#website\"},\"primaryImageOfPage\":{\"@id\":\"https:\\\/\\\/test.biopapa.de\\\/lt\\\/producte\\\/ekologiskas-juodasis-kardamonas\\\/#primaryimage\"},\"image\":{\"@id\":\"https:\\\/\\\/test.biopapa.de\\\/lt\\\/producte\\\/ekologiskas-juodasis-kardamonas\\\/#primaryimage\"},\"thumbnailUrl\":\"https:\\\/\\\/test.biopapa.de\\\/wp-content\\\/uploads\\\/2023\\\/07\\\/kardamonas.jpg\",\"datePublished\":\"2023-07-14T06:55:48+00:00\",\"dateModified\":\"2026-02-10T07:55:26+00:00\",\"description\":\"Kardamonas - vertingas ir populiarus prieskonis, gardinantis ir maist\u0105, ir g\u0117rimus.\",\"breadcrumb\":{\"@id\":\"https:\\\/\\\/test.biopapa.de\\\/lt\\\/producte\\\/ekologiskas-juodasis-kardamonas\\\/#breadcrumb\"},\"inLanguage\":\"lt-LT\",\"potentialAction\":[{\"@type\":\"ReadAction\",\"target\":[\"https:\\\/\\\/test.biopapa.de\\\/lt\\\/producte\\\/ekologiskas-juodasis-kardamonas\\\/\"]}]},{\"@type\":\"ImageObject\",\"inLanguage\":\"lt-LT\",\"@id\":\"https:\\\/\\\/test.biopapa.de\\\/lt\\\/producte\\\/ekologiskas-juodasis-kardamonas\\\/#primaryimage\",\"url\":\"https:\\\/\\\/test.biopapa.de\\\/wp-content\\\/uploads\\\/2023\\\/07\\\/kardamonas.jpg\",\"contentUrl\":\"https:\\\/\\\/test.biopapa.de\\\/wp-content\\\/uploads\\\/2023\\\/07\\\/kardamonas.jpg\",\"width\":800,\"height\":640},{\"@type\":\"BreadcrumbList\",\"@id\":\"https:\\\/\\\/test.biopapa.de\\\/lt\\\/producte\\\/ekologiskas-juodasis-kardamonas\\\/#breadcrumb\",\"itemListElement\":[{\"@type\":\"ListItem\",\"position\":1,\"name\":\"Home\",\"item\":\"https:\\\/\\\/test.biopapa.de\\\/lt\\\/\"},{\"@type\":\"ListItem\",\"position\":2,\"name\":\"Parduotuv\u0117\",\"item\":\"https:\\\/\\\/test.biopapa.de\\\/lt\\\/parduotuve\\\/\"},{\"@type\":\"ListItem\",\"position\":3,\"name\":\"Ekologi\u0161kas juodasis kardamonas\"}]},{\"@type\":\"WebSite\",\"@id\":\"https:\\\/\\\/test.biopapa.de\\\/lt\\\/#website\",\"url\":\"https:\\\/\\\/test.biopapa.de\\\/lt\\\/\",\"name\":\"Biopapa\",\"description\":\"\u0160var\u016bs ekologi\u0161ki produktai\",\"publisher\":{\"@id\":\"https:\\\/\\\/test.biopapa.de\\\/lt\\\/#organization\"},\"potentialAction\":[{\"@type\":\"SearchAction\",\"target\":{\"@type\":\"EntryPoint\",\"urlTemplate\":\"https:\\\/\\\/test.biopapa.de\\\/lt\\\/?s={search_term_string}\"},\"query-input\":{\"@type\":\"PropertyValueSpecification\",\"valueRequired\":true,\"valueName\":\"search_term_string\"}}],\"inLanguage\":\"lt-LT\"},{\"@type\":\"Organization\",\"@id\":\"https:\\\/\\\/test.biopapa.de\\\/lt\\\/#organization\",\"name\":\"Biopapa\",\"url\":\"https:\\\/\\\/test.biopapa.de\\\/lt\\\/\",\"logo\":{\"@type\":\"ImageObject\",\"inLanguage\":\"lt-LT\",\"@id\":\"https:\\\/\\\/test.biopapa.de\\\/lt\\\/#\\\/schema\\\/logo\\\/image\\\/\",\"url\":\"https:\\\/\\\/www.biopapa.lt\\\/wp-content\\\/uploads\\\/2022\\\/04\\\/facebook_biopapa.jpg\",\"contentUrl\":\"https:\\\/\\\/www.biopapa.lt\\\/wp-content\\\/uploads\\\/2022\\\/04\\\/facebook_biopapa.jpg\",\"width\":1733,\"height\":907,\"caption\":\"Biopapa\"},\"image\":{\"@id\":\"https:\\\/\\\/test.biopapa.de\\\/lt\\\/#\\\/schema\\\/logo\\\/image\\\/\"},\"sameAs\":[\"https:\\\/\\\/www.facebook.com\\\/biopapa.lt\"]}]}<\/script>\n<!-- \/ Yoast SEO plugin. -->","yoast_head_json":{"title":"Ekologi\u0161kas juodasis kardamonas - Biopapa","description":"Kardamonas - vertingas ir populiarus prieskonis, gardinantis ir maist\u0105, ir g\u0117rimus.","robots":{"index":"index","follow":"follow","max-snippet":"max-snippet:-1","max-image-preview":"max-image-preview:large","max-video-preview":"max-video-preview:-1"},"canonical":"https:\/\/test.biopapa.de\/lt\/producte\/ekologiskas-juodasis-kardamonas\/","og_locale":"lt_LT","og_type":"article","og_title":"Ekologi\u0161kas juodasis kardamonas - Biopapa","og_description":"Kardamonas - vertingas ir populiarus prieskonis, gardinantis ir maist\u0105, ir g\u0117rimus.","og_url":"https:\/\/test.biopapa.de\/lt\/producte\/ekologiskas-juodasis-kardamonas\/","og_site_name":"Biopapa","article_publisher":"https:\/\/www.facebook.com\/biopapa.lt","article_modified_time":"2026-02-10T07:55:26+00:00","og_image":[{"width":800,"height":640,"url":"https:\/\/test.biopapa.de\/wp-content\/uploads\/2023\/07\/kardamonas.jpg","type":"image\/jpeg"}],"twitter_card":"summary_large_image","twitter_misc":{"Est. reading time":"1 minut\u0117"},"schema":{"@context":"https:\/\/schema.org","@graph":[{"@type":"WebPage","@id":"https:\/\/test.biopapa.de\/lt\/producte\/ekologiskas-juodasis-kardamonas\/","url":"https:\/\/test.biopapa.de\/lt\/producte\/ekologiskas-juodasis-kardamonas\/","name":"Ekologi\u0161kas juodasis kardamonas - Biopapa","isPartOf":{"@id":"https:\/\/test.biopapa.de\/lt\/#website"},"primaryImageOfPage":{"@id":"https:\/\/test.biopapa.de\/lt\/producte\/ekologiskas-juodasis-kardamonas\/#primaryimage"},"image":{"@id":"https:\/\/test.biopapa.de\/lt\/producte\/ekologiskas-juodasis-kardamonas\/#primaryimage"},"thumbnailUrl":"https:\/\/test.biopapa.de\/wp-content\/uploads\/2023\/07\/kardamonas.jpg","datePublished":"2023-07-14T06:55:48+00:00","dateModified":"2026-02-10T07:55:26+00:00","description":"Kardamonas - vertingas ir populiarus prieskonis, gardinantis ir maist\u0105, ir g\u0117rimus.","breadcrumb":{"@id":"https:\/\/test.biopapa.de\/lt\/producte\/ekologiskas-juodasis-kardamonas\/#breadcrumb"},"inLanguage":"lt-LT","potentialAction":[{"@type":"ReadAction","target":["https:\/\/test.biopapa.de\/lt\/producte\/ekologiskas-juodasis-kardamonas\/"]}]},{"@type":"ImageObject","inLanguage":"lt-LT","@id":"https:\/\/test.biopapa.de\/lt\/producte\/ekologiskas-juodasis-kardamonas\/#primaryimage","url":"https:\/\/test.biopapa.de\/wp-content\/uploads\/2023\/07\/kardamonas.jpg","contentUrl":"https:\/\/test.biopapa.de\/wp-content\/uploads\/2023\/07\/kardamonas.jpg","width":800,"height":640},{"@type":"BreadcrumbList","@id":"https:\/\/test.biopapa.de\/lt\/producte\/ekologiskas-juodasis-kardamonas\/#breadcrumb","itemListElement":[{"@type":"ListItem","position":1,"name":"Home","item":"https:\/\/test.biopapa.de\/lt\/"},{"@type":"ListItem","position":2,"name":"Parduotuv\u0117","item":"https:\/\/test.biopapa.de\/lt\/parduotuve\/"},{"@type":"ListItem","position":3,"name":"Ekologi\u0161kas juodasis kardamonas"}]},{"@type":"WebSite","@id":"https:\/\/test.biopapa.de\/lt\/#website","url":"https:\/\/test.biopapa.de\/lt\/","name":"Biopapa","description":"\u0160var\u016bs ekologi\u0161ki produktai","publisher":{"@id":"https:\/\/test.biopapa.de\/lt\/#organization"},"potentialAction":[{"@type":"SearchAction","target":{"@type":"EntryPoint","urlTemplate":"https:\/\/test.biopapa.de\/lt\/?s={search_term_string}"},"query-input":{"@type":"PropertyValueSpecification","valueRequired":true,"valueName":"search_term_string"}}],"inLanguage":"lt-LT"},{"@type":"Organization","@id":"https:\/\/test.biopapa.de\/lt\/#organization","name":"Biopapa","url":"https:\/\/test.biopapa.de\/lt\/","logo":{"@type":"ImageObject","inLanguage":"lt-LT","@id":"https:\/\/test.biopapa.de\/lt\/#\/schema\/logo\/image\/","url":"https:\/\/www.biopapa.lt\/wp-content\/uploads\/2022\/04\/facebook_biopapa.jpg","contentUrl":"https:\/\/www.biopapa.lt\/wp-content\/uploads\/2022\/04\/facebook_biopapa.jpg","width":1733,"height":907,"caption":"Biopapa"},"image":{"@id":"https:\/\/test.biopapa.de\/lt\/#\/schema\/logo\/image\/"},"sameAs":["https:\/\/www.facebook.com\/biopapa.lt"]}]}},"_links":{"self":[{"href":"https:\/\/test.biopapa.de\/lt\/wp-json\/wp\/v2\/product\/27443","targetHints":{"allow":["GET"]}}],"collection":[{"href":"https:\/\/test.biopapa.de\/lt\/wp-json\/wp\/v2\/product"}],"about":[{"href":"https:\/\/test.biopapa.de\/lt\/wp-json\/wp\/v2\/types\/product"}],"wp:featuredmedia":[{"embeddable":true,"href":"https:\/\/test.biopapa.de\/lt\/wp-json\/wp\/v2\/media\/27477"}],"wp:attachment":[{"href":"https:\/\/test.biopapa.de\/lt\/wp-json\/wp\/v2\/media?parent=27443"}],"wp:term":[{"taxonomy":"product_brand","embeddable":true,"href":"https:\/\/test.biopapa.de\/lt\/wp-json\/wp\/v2\/product_brand?post=27443"},{"taxonomy":"product_cat","embeddable":true,"href":"https:\/\/test.biopapa.de\/lt\/wp-json\/wp\/v2\/product_cat?post=27443"},{"taxonomy":"product_tag","embeddable":true,"href":"https:\/\/test.biopapa.de\/lt\/wp-json\/wp\/v2\/product_tag?post=27443"}],"curies":[{"name":"wp","href":"https:\/\/api.w.org\/{rel}","templated":true}]}}