{"id":24994,"date":"2023-04-03T14:00:40","date_gmt":"2023-04-03T11:00:40","guid":{"rendered":"https:\/\/www.biopapa.lt\/?post_type=product&#038;p=24994"},"modified":"2025-11-12T11:03:25","modified_gmt":"2025-11-12T09:03:25","slug":"ekologiska-juodoji-arbata-blue-earl-grey","status":"publish","type":"product","link":"https:\/\/test.biopapa.de\/lt\/producte\/ekologiska-juodoji-arbata-blue-earl-grey\/","title":{"rendered":"Ekologi\u0161ka juodoji arbata Blue Earl Grey"},"content":{"rendered":"<p>Juodosios arbatos entuziastai \u017eino Earl Grey arbatos \u017eaves\u012f, bet ar teko ragauti Blue Earl Grey arbatos? \u0160i arbatos kombinacija sujungia klasikin\u0119 Earl Grey arbat\u0105 su \u0161velniomis m\u0117lynomis g\u0117l\u0117mis, sukurdama aromating\u0105 simfonij\u0105, kuri pa\u017eadina poj\u016b\u010dius. Juodoji arbata, kvapni bergamot\u0117 ir subtilios rugiag\u0117li\u0173 \u017eied\u0173 natos harmoningai \u0161oka, kiekviename gurk\u0161nyje suteikdamos d\u017eiugesio akimirk\u0105.<\/p>\n<p>U\u017evirkite puodel\u012f, \u012fkv\u0117pkite kvapnaus aromato ir leiskite skoniams perkelti jus \u012f ramyb\u0117s pasaul\u012f. Blue Earl Grey yra daugiau nei tik arbata; tai patirtis suteikianti elegancijos. Taigi, skirkite \u0161iek tiek laiko ir pasim\u0117gaukite nepakartojamu Blue Earl Grey skoniu.<\/p>\n<p>Skaniausiai arbatai paruo\u0161ti naudokite 3g arbatos u\u017epilant j\u0105 200ml verdan\u010dio vandens ir palaikykite u\u017edengt\u0105 3-5min.<\/p>\n<p>&nbsp;<\/p>\n","protected":false},"excerpt":{"rendered":"<p>Juodosios arbatos entuziastai \u017eino Earl Grey arbatos \u017eaves\u012f, bet ar teko ragauti Blue Earl Grey arbatos? \u0160i arbatos kombinacija sujungia<\/p>\n","protected":false},"featured_media":25111,"template":"","meta":{"_acf_changed":false},"product_brand":[],"product_cat":[1907,1265],"product_tag":[1378],"class_list":{"0":"post-24994","1":"product","2":"type-product","3":"status-publish","4":"has-post-thumbnail","6":"product_cat-arbata","7":"product_cat-ekologiska-kakava-arbata-kava","8":"product_tag-veganams","9":"pa_svoris-1-kg","10":"pa_svoris-100-g","11":"pa_svoris-15-kg","12":"pa_svoris-200-g","13":"pa_svoris-25-g","14":"pa_svoris-300-g","15":"pa_svoris-400-g","16":"pa_svoris-50-g","17":"pa_svoris-500-g","19":"first","20":"instock","21":"shipping-taxable","22":"purchasable","23":"product-type-variable"},"acf":[],"yoast_head":"<!-- This site is optimized with the Yoast SEO plugin v27.6 - https:\/\/yoast.com\/product\/yoast-seo-wordpress\/ -->\n<title>Ekologi\u0161ka juodoji arbata Blue Earl Grey - Biopapa<\/title>\n<meta name=\"description\" content=\"Ekologi\u0161ka juodoji arbata Blue Earl Grey nustebins jus subtiliu bergamo\u010di\u0173 skoniu ir nuostabiu rugiag\u0117li\u0173 \u017eiedlapi\u0173 gro\u017eiu. Blue Earl Grey yra daugiau nei tik arbata; tai patirtis suteikianti elegancijos.\" \/>\n<meta name=\"robots\" content=\"index, follow, max-snippet:-1, max-image-preview:large, max-video-preview:-1\" \/>\n<link rel=\"canonical\" href=\"https:\/\/test.biopapa.de\/lt\/producte\/ekologiska-juodoji-arbata-blue-earl-grey\/\" \/>\n<meta property=\"og:locale\" content=\"lt_LT\" \/>\n<meta property=\"og:type\" content=\"article\" \/>\n<meta property=\"og:title\" content=\"Ekologi\u0161ka juodoji arbata Blue Earl Grey - Biopapa\" \/>\n<meta property=\"og:description\" content=\"Ekologi\u0161ka juodoji arbata Blue Earl Grey nustebins jus subtiliu bergamo\u010di\u0173 skoniu ir nuostabiu rugiag\u0117li\u0173 \u017eiedlapi\u0173 gro\u017eiu. Blue Earl Grey yra daugiau nei tik arbata; tai patirtis suteikianti elegancijos.\" \/>\n<meta property=\"og:url\" content=\"https:\/\/test.biopapa.de\/lt\/producte\/ekologiska-juodoji-arbata-blue-earl-grey\/\" \/>\n<meta property=\"og:site_name\" content=\"Biopapa\" \/>\n<meta property=\"article:publisher\" content=\"https:\/\/www.facebook.com\/biopapa.lt\" \/>\n<meta property=\"article:modified_time\" content=\"2025-11-12T09:03:25+00:00\" \/>\n<meta property=\"og:image\" content=\"https:\/\/test.biopapa.de\/wp-content\/uploads\/2023\/04\/Ekologiska-juodoji-arbata-Blue-Earl-Grey.png\" \/>\n\t<meta property=\"og:image:width\" content=\"800\" \/>\n\t<meta property=\"og:image:height\" content=\"640\" \/>\n\t<meta property=\"og:image:type\" content=\"image\/png\" \/>\n<meta name=\"twitter:card\" content=\"summary_large_image\" \/>\n<script type=\"application\/ld+json\" class=\"yoast-schema-graph\">{\"@context\":\"https:\\\/\\\/schema.org\",\"@graph\":[{\"@type\":\"WebPage\",\"@id\":\"https:\\\/\\\/test.biopapa.de\\\/lt\\\/producte\\\/ekologiska-juodoji-arbata-blue-earl-grey\\\/\",\"url\":\"https:\\\/\\\/test.biopapa.de\\\/lt\\\/producte\\\/ekologiska-juodoji-arbata-blue-earl-grey\\\/\",\"name\":\"Ekologi\u0161ka juodoji arbata Blue Earl Grey - Biopapa\",\"isPartOf\":{\"@id\":\"https:\\\/\\\/test.biopapa.de\\\/lt\\\/#website\"},\"primaryImageOfPage\":{\"@id\":\"https:\\\/\\\/test.biopapa.de\\\/lt\\\/producte\\\/ekologiska-juodoji-arbata-blue-earl-grey\\\/#primaryimage\"},\"image\":{\"@id\":\"https:\\\/\\\/test.biopapa.de\\\/lt\\\/producte\\\/ekologiska-juodoji-arbata-blue-earl-grey\\\/#primaryimage\"},\"thumbnailUrl\":\"https:\\\/\\\/test.biopapa.de\\\/wp-content\\\/uploads\\\/2023\\\/04\\\/Ekologiska-juodoji-arbata-Blue-Earl-Grey.png\",\"datePublished\":\"2023-04-03T11:00:40+00:00\",\"dateModified\":\"2025-11-12T09:03:25+00:00\",\"description\":\"Ekologi\u0161ka juodoji arbata Blue Earl Grey nustebins jus subtiliu bergamo\u010di\u0173 skoniu ir nuostabiu rugiag\u0117li\u0173 \u017eiedlapi\u0173 gro\u017eiu. Blue Earl Grey yra daugiau nei tik arbata; tai patirtis suteikianti elegancijos.\",\"breadcrumb\":{\"@id\":\"https:\\\/\\\/test.biopapa.de\\\/lt\\\/producte\\\/ekologiska-juodoji-arbata-blue-earl-grey\\\/#breadcrumb\"},\"inLanguage\":\"lt-LT\",\"potentialAction\":[{\"@type\":\"ReadAction\",\"target\":[\"https:\\\/\\\/test.biopapa.de\\\/lt\\\/producte\\\/ekologiska-juodoji-arbata-blue-earl-grey\\\/\"]}]},{\"@type\":\"ImageObject\",\"inLanguage\":\"lt-LT\",\"@id\":\"https:\\\/\\\/test.biopapa.de\\\/lt\\\/producte\\\/ekologiska-juodoji-arbata-blue-earl-grey\\\/#primaryimage\",\"url\":\"https:\\\/\\\/test.biopapa.de\\\/wp-content\\\/uploads\\\/2023\\\/04\\\/Ekologiska-juodoji-arbata-Blue-Earl-Grey.png\",\"contentUrl\":\"https:\\\/\\\/test.biopapa.de\\\/wp-content\\\/uploads\\\/2023\\\/04\\\/Ekologiska-juodoji-arbata-Blue-Earl-Grey.png\",\"width\":800,\"height\":640},{\"@type\":\"BreadcrumbList\",\"@id\":\"https:\\\/\\\/test.biopapa.de\\\/lt\\\/producte\\\/ekologiska-juodoji-arbata-blue-earl-grey\\\/#breadcrumb\",\"itemListElement\":[{\"@type\":\"ListItem\",\"position\":1,\"name\":\"Home\",\"item\":\"https:\\\/\\\/test.biopapa.de\\\/lt\\\/\"},{\"@type\":\"ListItem\",\"position\":2,\"name\":\"Parduotuv\u0117\",\"item\":\"https:\\\/\\\/test.biopapa.de\\\/lt\\\/parduotuve\\\/\"},{\"@type\":\"ListItem\",\"position\":3,\"name\":\"Ekologi\u0161ka juodoji arbata Blue Earl Grey\"}]},{\"@type\":\"WebSite\",\"@id\":\"https:\\\/\\\/test.biopapa.de\\\/lt\\\/#website\",\"url\":\"https:\\\/\\\/test.biopapa.de\\\/lt\\\/\",\"name\":\"Biopapa\",\"description\":\"\u0160var\u016bs ekologi\u0161ki produktai\",\"publisher\":{\"@id\":\"https:\\\/\\\/test.biopapa.de\\\/lt\\\/#organization\"},\"potentialAction\":[{\"@type\":\"SearchAction\",\"target\":{\"@type\":\"EntryPoint\",\"urlTemplate\":\"https:\\\/\\\/test.biopapa.de\\\/lt\\\/?s={search_term_string}\"},\"query-input\":{\"@type\":\"PropertyValueSpecification\",\"valueRequired\":true,\"valueName\":\"search_term_string\"}}],\"inLanguage\":\"lt-LT\"},{\"@type\":\"Organization\",\"@id\":\"https:\\\/\\\/test.biopapa.de\\\/lt\\\/#organization\",\"name\":\"Biopapa\",\"url\":\"https:\\\/\\\/test.biopapa.de\\\/lt\\\/\",\"logo\":{\"@type\":\"ImageObject\",\"inLanguage\":\"lt-LT\",\"@id\":\"https:\\\/\\\/test.biopapa.de\\\/lt\\\/#\\\/schema\\\/logo\\\/image\\\/\",\"url\":\"https:\\\/\\\/www.biopapa.lt\\\/wp-content\\\/uploads\\\/2022\\\/04\\\/facebook_biopapa.jpg\",\"contentUrl\":\"https:\\\/\\\/www.biopapa.lt\\\/wp-content\\\/uploads\\\/2022\\\/04\\\/facebook_biopapa.jpg\",\"width\":1733,\"height\":907,\"caption\":\"Biopapa\"},\"image\":{\"@id\":\"https:\\\/\\\/test.biopapa.de\\\/lt\\\/#\\\/schema\\\/logo\\\/image\\\/\"},\"sameAs\":[\"https:\\\/\\\/www.facebook.com\\\/biopapa.lt\"]}]}<\/script>\n<!-- \/ Yoast SEO plugin. -->","yoast_head_json":{"title":"Ekologi\u0161ka juodoji arbata Blue Earl Grey - Biopapa","description":"Ekologi\u0161ka juodoji arbata Blue Earl Grey nustebins jus subtiliu bergamo\u010di\u0173 skoniu ir nuostabiu rugiag\u0117li\u0173 \u017eiedlapi\u0173 gro\u017eiu. Blue Earl Grey yra daugiau nei tik arbata; tai patirtis suteikianti elegancijos.","robots":{"index":"index","follow":"follow","max-snippet":"max-snippet:-1","max-image-preview":"max-image-preview:large","max-video-preview":"max-video-preview:-1"},"canonical":"https:\/\/test.biopapa.de\/lt\/producte\/ekologiska-juodoji-arbata-blue-earl-grey\/","og_locale":"lt_LT","og_type":"article","og_title":"Ekologi\u0161ka juodoji arbata Blue Earl Grey - Biopapa","og_description":"Ekologi\u0161ka juodoji arbata Blue Earl Grey nustebins jus subtiliu bergamo\u010di\u0173 skoniu ir nuostabiu rugiag\u0117li\u0173 \u017eiedlapi\u0173 gro\u017eiu. Blue Earl Grey yra daugiau nei tik arbata; tai patirtis suteikianti elegancijos.","og_url":"https:\/\/test.biopapa.de\/lt\/producte\/ekologiska-juodoji-arbata-blue-earl-grey\/","og_site_name":"Biopapa","article_publisher":"https:\/\/www.facebook.com\/biopapa.lt","article_modified_time":"2025-11-12T09:03:25+00:00","og_image":[{"width":800,"height":640,"url":"https:\/\/test.biopapa.de\/wp-content\/uploads\/2023\/04\/Ekologiska-juodoji-arbata-Blue-Earl-Grey.png","type":"image\/png"}],"twitter_card":"summary_large_image","schema":{"@context":"https:\/\/schema.org","@graph":[{"@type":"WebPage","@id":"https:\/\/test.biopapa.de\/lt\/producte\/ekologiska-juodoji-arbata-blue-earl-grey\/","url":"https:\/\/test.biopapa.de\/lt\/producte\/ekologiska-juodoji-arbata-blue-earl-grey\/","name":"Ekologi\u0161ka juodoji arbata Blue Earl Grey - Biopapa","isPartOf":{"@id":"https:\/\/test.biopapa.de\/lt\/#website"},"primaryImageOfPage":{"@id":"https:\/\/test.biopapa.de\/lt\/producte\/ekologiska-juodoji-arbata-blue-earl-grey\/#primaryimage"},"image":{"@id":"https:\/\/test.biopapa.de\/lt\/producte\/ekologiska-juodoji-arbata-blue-earl-grey\/#primaryimage"},"thumbnailUrl":"https:\/\/test.biopapa.de\/wp-content\/uploads\/2023\/04\/Ekologiska-juodoji-arbata-Blue-Earl-Grey.png","datePublished":"2023-04-03T11:00:40+00:00","dateModified":"2025-11-12T09:03:25+00:00","description":"Ekologi\u0161ka juodoji arbata Blue Earl Grey nustebins jus subtiliu bergamo\u010di\u0173 skoniu ir nuostabiu rugiag\u0117li\u0173 \u017eiedlapi\u0173 gro\u017eiu. Blue Earl Grey yra daugiau nei tik arbata; tai patirtis suteikianti elegancijos.","breadcrumb":{"@id":"https:\/\/test.biopapa.de\/lt\/producte\/ekologiska-juodoji-arbata-blue-earl-grey\/#breadcrumb"},"inLanguage":"lt-LT","potentialAction":[{"@type":"ReadAction","target":["https:\/\/test.biopapa.de\/lt\/producte\/ekologiska-juodoji-arbata-blue-earl-grey\/"]}]},{"@type":"ImageObject","inLanguage":"lt-LT","@id":"https:\/\/test.biopapa.de\/lt\/producte\/ekologiska-juodoji-arbata-blue-earl-grey\/#primaryimage","url":"https:\/\/test.biopapa.de\/wp-content\/uploads\/2023\/04\/Ekologiska-juodoji-arbata-Blue-Earl-Grey.png","contentUrl":"https:\/\/test.biopapa.de\/wp-content\/uploads\/2023\/04\/Ekologiska-juodoji-arbata-Blue-Earl-Grey.png","width":800,"height":640},{"@type":"BreadcrumbList","@id":"https:\/\/test.biopapa.de\/lt\/producte\/ekologiska-juodoji-arbata-blue-earl-grey\/#breadcrumb","itemListElement":[{"@type":"ListItem","position":1,"name":"Home","item":"https:\/\/test.biopapa.de\/lt\/"},{"@type":"ListItem","position":2,"name":"Parduotuv\u0117","item":"https:\/\/test.biopapa.de\/lt\/parduotuve\/"},{"@type":"ListItem","position":3,"name":"Ekologi\u0161ka juodoji arbata Blue Earl Grey"}]},{"@type":"WebSite","@id":"https:\/\/test.biopapa.de\/lt\/#website","url":"https:\/\/test.biopapa.de\/lt\/","name":"Biopapa","description":"\u0160var\u016bs ekologi\u0161ki produktai","publisher":{"@id":"https:\/\/test.biopapa.de\/lt\/#organization"},"potentialAction":[{"@type":"SearchAction","target":{"@type":"EntryPoint","urlTemplate":"https:\/\/test.biopapa.de\/lt\/?s={search_term_string}"},"query-input":{"@type":"PropertyValueSpecification","valueRequired":true,"valueName":"search_term_string"}}],"inLanguage":"lt-LT"},{"@type":"Organization","@id":"https:\/\/test.biopapa.de\/lt\/#organization","name":"Biopapa","url":"https:\/\/test.biopapa.de\/lt\/","logo":{"@type":"ImageObject","inLanguage":"lt-LT","@id":"https:\/\/test.biopapa.de\/lt\/#\/schema\/logo\/image\/","url":"https:\/\/www.biopapa.lt\/wp-content\/uploads\/2022\/04\/facebook_biopapa.jpg","contentUrl":"https:\/\/www.biopapa.lt\/wp-content\/uploads\/2022\/04\/facebook_biopapa.jpg","width":1733,"height":907,"caption":"Biopapa"},"image":{"@id":"https:\/\/test.biopapa.de\/lt\/#\/schema\/logo\/image\/"},"sameAs":["https:\/\/www.facebook.com\/biopapa.lt"]}]}},"_links":{"self":[{"href":"https:\/\/test.biopapa.de\/lt\/wp-json\/wp\/v2\/product\/24994","targetHints":{"allow":["GET"]}}],"collection":[{"href":"https:\/\/test.biopapa.de\/lt\/wp-json\/wp\/v2\/product"}],"about":[{"href":"https:\/\/test.biopapa.de\/lt\/wp-json\/wp\/v2\/types\/product"}],"wp:featuredmedia":[{"embeddable":true,"href":"https:\/\/test.biopapa.de\/lt\/wp-json\/wp\/v2\/media\/25111"}],"wp:attachment":[{"href":"https:\/\/test.biopapa.de\/lt\/wp-json\/wp\/v2\/media?parent=24994"}],"wp:term":[{"taxonomy":"product_brand","embeddable":true,"href":"https:\/\/test.biopapa.de\/lt\/wp-json\/wp\/v2\/product_brand?post=24994"},{"taxonomy":"product_cat","embeddable":true,"href":"https:\/\/test.biopapa.de\/lt\/wp-json\/wp\/v2\/product_cat?post=24994"},{"taxonomy":"product_tag","embeddable":true,"href":"https:\/\/test.biopapa.de\/lt\/wp-json\/wp\/v2\/product_tag?post=24994"}],"curies":[{"name":"wp","href":"https:\/\/api.w.org\/{rel}","templated":true}]}}