{"id":22568,"date":"2023-01-13T15:13:19","date_gmt":"2023-01-13T13:13:19","guid":{"rendered":"https:\/\/www.biopapa.lt\/?post_type=product&#038;p=22568"},"modified":"2025-06-16T11:59:48","modified_gmt":"2025-06-16T08:59:48","slug":"ekologiski-ersketuogiu-milteliai","status":"publish","type":"product","link":"https:\/\/test.biopapa.de\/lt\/producte\/ekologiski-ersketuogiu-milteliai\/","title":{"rendered":"Ekologi\u0161ki er\u0161k\u0117tuogi\u0173 milteliai"},"content":{"rendered":"<p><strong>Ekologi\u0161ki er\u0161k\u0117tuogi\u0173 milteliai<\/strong><br \/>\nLaukin\u0117s ro\u017e\u0117s \u2013 nuo \u0161velni\u0173 \u017eiedlapi\u0173 iki dygliuot\u0173 spygli\u0173 \u2013 gro\u017eio ir sveikatos simbolis. Jos priklauso\u00a0Rosaceae\u00a0\u0161eimos\u00a0Rosa\u00a0gen\u010diai. Ro\u017e\u0117s vaisiai, er\u0161k\u0117tuog\u0117s paprastai b\u016bna raudonai oran\u017ein\u0117s spalvos. Skirtingai nuo ro\u017ei\u0173 \u017eied\u0173, kurie \u017eydi pavasar\u012f ir vasar\u0105, er\u0161k\u0117tuog\u0117s paprastai b\u016bna rudens prad\u017eioje arba viduryje.<br \/>\nEr\u0161k\u0117tuog\u0117s, kuriose gausu maistini\u0173 med\u017eiag\u0173, sulauk\u0117 d\u0117mesio d\u0117l savo vaidmens sveikatai ir gro\u017eiui. \u0160ie vaisiai yra vienas i\u0161 labiausiai koncentruot\u0173 vitamino C \u0161altini\u0173.<br \/>\nEr\u0161k\u0117tuog\u0117se esantys vitaminai, mineralai, organiniai junginiai ir kitos b\u016btinos maistin\u0117s med\u017eiagos yra labai galingos!<br \/>\nYra \u017einoma, kad \u012fvairios er\u0161k\u0117tuog\u0117se esan\u010dios r\u016bg\u0161tys, taip pat pektinas, skatina \u0161lapinim\u0105.<br \/>\nPer Antr\u0105j\u012f pasaulin\u012f kar\u0105 Did\u017eiosios Britanijos vyriausyb\u0117 naudojo surinktas er\u0161k\u0117tuoges, kad pagamint\u0173 er\u0161k\u0117tuogi\u0173 sirup\u0105 kaip vitamino C \u0161altin\u012f, kuris pakeist\u0173 citrusinius vaisius, kuri\u0173 nebuvo \u012fmanoma gauti. Er\u0161k\u0117tuog\u0117s turi gilias \u0161aknis tradicin\u0117s medicinos istorijoje.<\/p>\n<p>Er\u0161k\u0117tuog\u0117s yra a\u0161troko skonio. Jos gali b\u016bti naudojamos arbatai, \u017eel\u0117, uogien\u0117ms, sriuboms ar aliejui ruo\u0161ti. Taip pat galima d\u0117ti \u012f kokteilius, \u017eoleli\u0173 sirupus, k\u016bno prie\u017ei\u016bros priemones.<\/p>\n<p>\u0160ios ekologi\u0161kos er\u0161k\u0117tuog\u0117s yra d\u017eiovintos ir maltos kartu su s\u0117klomis.<\/p>\n<p><em>PASTABA. \u010cia pateikta informacija negali b\u016bti interpretuojama kaip gydymo ar kitokio pob\u016bd\u017eio sveikatos klausim\u0173 sprendimo rekomendacija. Raginame sprendimus, susijusius su asmenine sveikata, priimti asmeni\u0161kai, \u012fvertinus \u012fvairius informacijos \u0161altinius.<\/em><\/p>\n","protected":false},"excerpt":{"rendered":"<p>Ekologi\u0161ki er\u0161k\u0117tuogi\u0173 milteliai Laukin\u0117s ro\u017e\u0117s \u2013 nuo \u0161velni\u0173 \u017eiedlapi\u0173 iki dygliuot\u0173 spygli\u0173 \u2013 gro\u017eio ir sveikatos simbolis. Jos priklauso\u00a0Rosaceae\u00a0\u0161eimos\u00a0Rosa\u00a0gen\u010diai. Ro\u017e\u0117s<\/p>\n","protected":false},"featured_media":22580,"template":"","meta":{"_acf_changed":false},"product_brand":[],"product_cat":[1216,2349],"product_tag":[1378,1382],"class_list":{"0":"post-22568","1":"product","2":"type-product","3":"status-publish","4":"has-post-thumbnail","6":"product_cat-augalinis-supermaistas","7":"product_cat-milteliai","8":"product_tag-veganams","9":"product_tag-zaliavalgiams","10":"pa_svoris-1-kg","11":"pa_svoris-100-g","12":"pa_svoris-200-g","13":"pa_svoris-25-kg","14":"pa_svoris-300-g","15":"pa_svoris-400-g","16":"pa_svoris-50-g","17":"pa_svoris-500-g","19":"first","20":"instock","21":"shipping-taxable","22":"purchasable","23":"product-type-variable"},"acf":[],"yoast_head":"<!-- This site is optimized with the Yoast SEO plugin v27.6 - https:\/\/yoast.com\/product\/yoast-seo-wordpress\/ -->\n<title>Ekologi\u0161ki er\u0161k\u0117tuogi\u0173 milteliai - Biopapa<\/title>\n<meta name=\"description\" content=\"Er\u0161k\u0117tuog\u0117se esantys vitaminai, mineralai, organiniai junginiai ir kitos b\u016btinos maistin\u0117s med\u017eiagos yra labai galingos!\" \/>\n<meta name=\"robots\" content=\"index, follow, max-snippet:-1, max-image-preview:large, max-video-preview:-1\" \/>\n<link rel=\"canonical\" href=\"https:\/\/test.biopapa.de\/lt\/producte\/ekologiski-ersketuogiu-milteliai\/\" \/>\n<meta property=\"og:locale\" content=\"lt_LT\" \/>\n<meta property=\"og:type\" content=\"article\" \/>\n<meta property=\"og:title\" content=\"Ekologi\u0161ki er\u0161k\u0117tuogi\u0173 milteliai - Biopapa\" \/>\n<meta property=\"og:description\" content=\"Er\u0161k\u0117tuog\u0117se esantys vitaminai, mineralai, organiniai junginiai ir kitos b\u016btinos maistin\u0117s med\u017eiagos yra labai galingos!\" \/>\n<meta property=\"og:url\" content=\"https:\/\/test.biopapa.de\/lt\/producte\/ekologiski-ersketuogiu-milteliai\/\" \/>\n<meta property=\"og:site_name\" content=\"Biopapa\" \/>\n<meta property=\"article:publisher\" content=\"https:\/\/www.facebook.com\/biopapa.lt\" \/>\n<meta property=\"article:modified_time\" content=\"2025-06-16T08:59:48+00:00\" \/>\n<meta property=\"og:image\" content=\"https:\/\/test.biopapa.de\/wp-content\/uploads\/2023\/01\/Ekologiski-ersketuogiu-milteliai-1.png\" \/>\n\t<meta property=\"og:image:width\" content=\"800\" \/>\n\t<meta property=\"og:image:height\" content=\"640\" \/>\n\t<meta property=\"og:image:type\" content=\"image\/png\" \/>\n<meta name=\"twitter:card\" content=\"summary_large_image\" \/>\n<meta name=\"twitter:label1\" content=\"Est. reading time\" \/>\n\t<meta name=\"twitter:data1\" content=\"1 minut\u0117\" \/>\n<script type=\"application\/ld+json\" class=\"yoast-schema-graph\">{\"@context\":\"https:\\\/\\\/schema.org\",\"@graph\":[{\"@type\":\"WebPage\",\"@id\":\"https:\\\/\\\/test.biopapa.de\\\/lt\\\/producte\\\/ekologiski-ersketuogiu-milteliai\\\/\",\"url\":\"https:\\\/\\\/test.biopapa.de\\\/lt\\\/producte\\\/ekologiski-ersketuogiu-milteliai\\\/\",\"name\":\"Ekologi\u0161ki er\u0161k\u0117tuogi\u0173 milteliai - Biopapa\",\"isPartOf\":{\"@id\":\"https:\\\/\\\/test.biopapa.de\\\/lt\\\/#website\"},\"primaryImageOfPage\":{\"@id\":\"https:\\\/\\\/test.biopapa.de\\\/lt\\\/producte\\\/ekologiski-ersketuogiu-milteliai\\\/#primaryimage\"},\"image\":{\"@id\":\"https:\\\/\\\/test.biopapa.de\\\/lt\\\/producte\\\/ekologiski-ersketuogiu-milteliai\\\/#primaryimage\"},\"thumbnailUrl\":\"https:\\\/\\\/test.biopapa.de\\\/wp-content\\\/uploads\\\/2023\\\/01\\\/Ekologiski-ersketuogiu-milteliai-1.png\",\"datePublished\":\"2023-01-13T13:13:19+00:00\",\"dateModified\":\"2025-06-16T08:59:48+00:00\",\"description\":\"Er\u0161k\u0117tuog\u0117se esantys vitaminai, mineralai, organiniai junginiai ir kitos b\u016btinos maistin\u0117s med\u017eiagos yra labai galingos!\",\"breadcrumb\":{\"@id\":\"https:\\\/\\\/test.biopapa.de\\\/lt\\\/producte\\\/ekologiski-ersketuogiu-milteliai\\\/#breadcrumb\"},\"inLanguage\":\"lt-LT\",\"potentialAction\":[{\"@type\":\"ReadAction\",\"target\":[\"https:\\\/\\\/test.biopapa.de\\\/lt\\\/producte\\\/ekologiski-ersketuogiu-milteliai\\\/\"]}]},{\"@type\":\"ImageObject\",\"inLanguage\":\"lt-LT\",\"@id\":\"https:\\\/\\\/test.biopapa.de\\\/lt\\\/producte\\\/ekologiski-ersketuogiu-milteliai\\\/#primaryimage\",\"url\":\"https:\\\/\\\/test.biopapa.de\\\/wp-content\\\/uploads\\\/2023\\\/01\\\/Ekologiski-ersketuogiu-milteliai-1.png\",\"contentUrl\":\"https:\\\/\\\/test.biopapa.de\\\/wp-content\\\/uploads\\\/2023\\\/01\\\/Ekologiski-ersketuogiu-milteliai-1.png\",\"width\":800,\"height\":640,\"caption\":\"Ekologi\u0161ki er\u0161k\u0117tuogi\u0173 milteliai\"},{\"@type\":\"BreadcrumbList\",\"@id\":\"https:\\\/\\\/test.biopapa.de\\\/lt\\\/producte\\\/ekologiski-ersketuogiu-milteliai\\\/#breadcrumb\",\"itemListElement\":[{\"@type\":\"ListItem\",\"position\":1,\"name\":\"Home\",\"item\":\"https:\\\/\\\/test.biopapa.de\\\/lt\\\/\"},{\"@type\":\"ListItem\",\"position\":2,\"name\":\"Parduotuv\u0117\",\"item\":\"https:\\\/\\\/test.biopapa.de\\\/lt\\\/parduotuve\\\/\"},{\"@type\":\"ListItem\",\"position\":3,\"name\":\"Ekologi\u0161ki er\u0161k\u0117tuogi\u0173 milteliai\"}]},{\"@type\":\"WebSite\",\"@id\":\"https:\\\/\\\/test.biopapa.de\\\/lt\\\/#website\",\"url\":\"https:\\\/\\\/test.biopapa.de\\\/lt\\\/\",\"name\":\"Biopapa\",\"description\":\"\u0160var\u016bs ekologi\u0161ki produktai\",\"publisher\":{\"@id\":\"https:\\\/\\\/test.biopapa.de\\\/lt\\\/#organization\"},\"potentialAction\":[{\"@type\":\"SearchAction\",\"target\":{\"@type\":\"EntryPoint\",\"urlTemplate\":\"https:\\\/\\\/test.biopapa.de\\\/lt\\\/?s={search_term_string}\"},\"query-input\":{\"@type\":\"PropertyValueSpecification\",\"valueRequired\":true,\"valueName\":\"search_term_string\"}}],\"inLanguage\":\"lt-LT\"},{\"@type\":\"Organization\",\"@id\":\"https:\\\/\\\/test.biopapa.de\\\/lt\\\/#organization\",\"name\":\"Biopapa\",\"url\":\"https:\\\/\\\/test.biopapa.de\\\/lt\\\/\",\"logo\":{\"@type\":\"ImageObject\",\"inLanguage\":\"lt-LT\",\"@id\":\"https:\\\/\\\/test.biopapa.de\\\/lt\\\/#\\\/schema\\\/logo\\\/image\\\/\",\"url\":\"https:\\\/\\\/www.biopapa.lt\\\/wp-content\\\/uploads\\\/2022\\\/04\\\/facebook_biopapa.jpg\",\"contentUrl\":\"https:\\\/\\\/www.biopapa.lt\\\/wp-content\\\/uploads\\\/2022\\\/04\\\/facebook_biopapa.jpg\",\"width\":1733,\"height\":907,\"caption\":\"Biopapa\"},\"image\":{\"@id\":\"https:\\\/\\\/test.biopapa.de\\\/lt\\\/#\\\/schema\\\/logo\\\/image\\\/\"},\"sameAs\":[\"https:\\\/\\\/www.facebook.com\\\/biopapa.lt\"]}]}<\/script>\n<!-- \/ Yoast SEO plugin. -->","yoast_head_json":{"title":"Ekologi\u0161ki er\u0161k\u0117tuogi\u0173 milteliai - Biopapa","description":"Er\u0161k\u0117tuog\u0117se esantys vitaminai, mineralai, organiniai junginiai ir kitos b\u016btinos maistin\u0117s med\u017eiagos yra labai galingos!","robots":{"index":"index","follow":"follow","max-snippet":"max-snippet:-1","max-image-preview":"max-image-preview:large","max-video-preview":"max-video-preview:-1"},"canonical":"https:\/\/test.biopapa.de\/lt\/producte\/ekologiski-ersketuogiu-milteliai\/","og_locale":"lt_LT","og_type":"article","og_title":"Ekologi\u0161ki er\u0161k\u0117tuogi\u0173 milteliai - Biopapa","og_description":"Er\u0161k\u0117tuog\u0117se esantys vitaminai, mineralai, organiniai junginiai ir kitos b\u016btinos maistin\u0117s med\u017eiagos yra labai galingos!","og_url":"https:\/\/test.biopapa.de\/lt\/producte\/ekologiski-ersketuogiu-milteliai\/","og_site_name":"Biopapa","article_publisher":"https:\/\/www.facebook.com\/biopapa.lt","article_modified_time":"2025-06-16T08:59:48+00:00","og_image":[{"width":800,"height":640,"url":"https:\/\/test.biopapa.de\/wp-content\/uploads\/2023\/01\/Ekologiski-ersketuogiu-milteliai-1.png","type":"image\/png"}],"twitter_card":"summary_large_image","twitter_misc":{"Est. reading time":"1 minut\u0117"},"schema":{"@context":"https:\/\/schema.org","@graph":[{"@type":"WebPage","@id":"https:\/\/test.biopapa.de\/lt\/producte\/ekologiski-ersketuogiu-milteliai\/","url":"https:\/\/test.biopapa.de\/lt\/producte\/ekologiski-ersketuogiu-milteliai\/","name":"Ekologi\u0161ki er\u0161k\u0117tuogi\u0173 milteliai - Biopapa","isPartOf":{"@id":"https:\/\/test.biopapa.de\/lt\/#website"},"primaryImageOfPage":{"@id":"https:\/\/test.biopapa.de\/lt\/producte\/ekologiski-ersketuogiu-milteliai\/#primaryimage"},"image":{"@id":"https:\/\/test.biopapa.de\/lt\/producte\/ekologiski-ersketuogiu-milteliai\/#primaryimage"},"thumbnailUrl":"https:\/\/test.biopapa.de\/wp-content\/uploads\/2023\/01\/Ekologiski-ersketuogiu-milteliai-1.png","datePublished":"2023-01-13T13:13:19+00:00","dateModified":"2025-06-16T08:59:48+00:00","description":"Er\u0161k\u0117tuog\u0117se esantys vitaminai, mineralai, organiniai junginiai ir kitos b\u016btinos maistin\u0117s med\u017eiagos yra labai galingos!","breadcrumb":{"@id":"https:\/\/test.biopapa.de\/lt\/producte\/ekologiski-ersketuogiu-milteliai\/#breadcrumb"},"inLanguage":"lt-LT","potentialAction":[{"@type":"ReadAction","target":["https:\/\/test.biopapa.de\/lt\/producte\/ekologiski-ersketuogiu-milteliai\/"]}]},{"@type":"ImageObject","inLanguage":"lt-LT","@id":"https:\/\/test.biopapa.de\/lt\/producte\/ekologiski-ersketuogiu-milteliai\/#primaryimage","url":"https:\/\/test.biopapa.de\/wp-content\/uploads\/2023\/01\/Ekologiski-ersketuogiu-milteliai-1.png","contentUrl":"https:\/\/test.biopapa.de\/wp-content\/uploads\/2023\/01\/Ekologiski-ersketuogiu-milteliai-1.png","width":800,"height":640,"caption":"Ekologi\u0161ki er\u0161k\u0117tuogi\u0173 milteliai"},{"@type":"BreadcrumbList","@id":"https:\/\/test.biopapa.de\/lt\/producte\/ekologiski-ersketuogiu-milteliai\/#breadcrumb","itemListElement":[{"@type":"ListItem","position":1,"name":"Home","item":"https:\/\/test.biopapa.de\/lt\/"},{"@type":"ListItem","position":2,"name":"Parduotuv\u0117","item":"https:\/\/test.biopapa.de\/lt\/parduotuve\/"},{"@type":"ListItem","position":3,"name":"Ekologi\u0161ki er\u0161k\u0117tuogi\u0173 milteliai"}]},{"@type":"WebSite","@id":"https:\/\/test.biopapa.de\/lt\/#website","url":"https:\/\/test.biopapa.de\/lt\/","name":"Biopapa","description":"\u0160var\u016bs ekologi\u0161ki produktai","publisher":{"@id":"https:\/\/test.biopapa.de\/lt\/#organization"},"potentialAction":[{"@type":"SearchAction","target":{"@type":"EntryPoint","urlTemplate":"https:\/\/test.biopapa.de\/lt\/?s={search_term_string}"},"query-input":{"@type":"PropertyValueSpecification","valueRequired":true,"valueName":"search_term_string"}}],"inLanguage":"lt-LT"},{"@type":"Organization","@id":"https:\/\/test.biopapa.de\/lt\/#organization","name":"Biopapa","url":"https:\/\/test.biopapa.de\/lt\/","logo":{"@type":"ImageObject","inLanguage":"lt-LT","@id":"https:\/\/test.biopapa.de\/lt\/#\/schema\/logo\/image\/","url":"https:\/\/www.biopapa.lt\/wp-content\/uploads\/2022\/04\/facebook_biopapa.jpg","contentUrl":"https:\/\/www.biopapa.lt\/wp-content\/uploads\/2022\/04\/facebook_biopapa.jpg","width":1733,"height":907,"caption":"Biopapa"},"image":{"@id":"https:\/\/test.biopapa.de\/lt\/#\/schema\/logo\/image\/"},"sameAs":["https:\/\/www.facebook.com\/biopapa.lt"]}]}},"_links":{"self":[{"href":"https:\/\/test.biopapa.de\/lt\/wp-json\/wp\/v2\/product\/22568","targetHints":{"allow":["GET"]}}],"collection":[{"href":"https:\/\/test.biopapa.de\/lt\/wp-json\/wp\/v2\/product"}],"about":[{"href":"https:\/\/test.biopapa.de\/lt\/wp-json\/wp\/v2\/types\/product"}],"wp:featuredmedia":[{"embeddable":true,"href":"https:\/\/test.biopapa.de\/lt\/wp-json\/wp\/v2\/media\/22580"}],"wp:attachment":[{"href":"https:\/\/test.biopapa.de\/lt\/wp-json\/wp\/v2\/media?parent=22568"}],"wp:term":[{"taxonomy":"product_brand","embeddable":true,"href":"https:\/\/test.biopapa.de\/lt\/wp-json\/wp\/v2\/product_brand?post=22568"},{"taxonomy":"product_cat","embeddable":true,"href":"https:\/\/test.biopapa.de\/lt\/wp-json\/wp\/v2\/product_cat?post=22568"},{"taxonomy":"product_tag","embeddable":true,"href":"https:\/\/test.biopapa.de\/lt\/wp-json\/wp\/v2\/product_tag?post=22568"}],"curies":[{"name":"wp","href":"https:\/\/api.w.org\/{rel}","templated":true}]}}