{"id":22426,"date":"2023-01-10T18:02:39","date_gmt":"2023-01-10T16:02:39","guid":{"rendered":"https:\/\/www.biopapa.lt\/?post_type=product&#038;p=22426"},"modified":"2026-04-16T15:54:24","modified_gmt":"2026-04-16T12:54:24","slug":"ekologiskos-criollo-kakavos-pupeles","status":"publish","type":"product","link":"https:\/\/test.biopapa.de\/lt\/producte\/ekologiskos-criollo-kakavos-pupeles\/","title":{"rendered":"Ekologi\u0161kos Criollo kakavos pupel\u0117s"},"content":{"rendered":"<p><strong>Ekologi\u0161kos Criollo kakavos pupel\u0117s<\/strong> \u2013 ovalios tamsiai rusvos s\u0117klos, kitaip vadinami \u0161okoladiniai rie\u0161utai, augantys ant \u0161okolado med\u017eio, ar kakavmed\u017eio <em>Theobroma cacao<\/em>.<br \/>\nI\u0161 kakavos pupeli\u0173 gaunamos kakavos kietosios med\u017eiagas, kurias sudaro nerieb\u016bs komponentai ir kakavos sviestas.<br \/>\n\u0160ios pupel\u0117s, kilusios i\u0161 Amazon\u0117s atogr\u0105\u017e\u0173 mi\u0161k\u0173, yra pagrindinis \u0161okolado gamybos ingredientas ir randa savo viet\u0105 \u012fvairiuose delikatesuose, \u012fskaitant tradicin\u012f meksikieti\u0161k\u0105 g\u0117rim\u0105 tejate. Ta\u010diau j\u0173 vert\u0117 neapsiriboja vien malonumu smali\u017eiams. \u0160ios kuklios pupel\u0117s si\u016blo daugyb\u0119 privalum\u0173 ir plat\u0173 panaudojimo spektr\u0105, apimant\u012f ne tik kulinarinius, bet ir medicininius ir net apeiginius tikslus.<br \/>\nCeremoninis ir kult\u016brinis naudojimas \u2013 kai kuriose kult\u016brose kakava buvo naudojama religin\u0117se ceremonijose ir ritualuose bei tradicin\u0117se gydymo praktikose. Kakavmedis buvo laikomas \u0161ventu augalu.<\/p>\n<p><strong>Criollo kakavos pupel\u0117s<\/strong> yra reta kakavos grup\u0117. Ji sudaro tik 1% pasaulin\u0117s produkcijos. Kilm\u0117s i\u0161 Venesuelos ir Kolumbijos, ta\u010diau \u0161iandien taip pat auginamas Meksikoje, Peru, Madagaskare, \u0160ri Lankoje ir Karib\u0173 j\u016bros regione. Criollo kakav\u0105 majai laik\u0117 diev\u0173 maistu. Gauti ger\u0105 \u0161ios veisl\u0117s derli\u0173 sunku, nes med\u017eiai labai jautr\u016bs nepalankiems i\u0161or\u0117s veiksniams.<\/p>\n<p>Kakavos pupel\u0117s yra antioksidant\u0173, ypa\u010d flavonoid\u0173.<br \/>\nGali pasirodyti keista, bet kakava gali b\u016bti naudingas svorio valdymo s\u0105jungininkas. Joje yra palyginti ma\u017eai cukraus ir ji gali pad\u0117ti patenkinti \u0161okolado potrauk\u012f be papildom\u0173 kalorij\u0173.<\/p>\n<p><em>D\u0117mesio<\/em><br \/>\nKakavos pupel\u0117se nat\u016braliai yra kofeino, kuris, vartojant per daug, gali sukelti nerim\u0105, nemig\u0105.<br \/>\nKai kuriems \u017emon\u0117ms d\u0117l didelio skaidul\u0173 kiekio vartojant daug kakavos gali atsirasti vir\u0161kinimo diskomfortas, pvz., pilvo p\u016btimas ar viduriavimas.<\/p>\n<p><em>Kakavos pupeli\u0173 naudojimas<\/em><br \/>\n\u017dinoma, kad kakavos pupel\u0117s naudojamos \u0161okolado gamyboje. Pupel\u0117s nuimamos, fermentuojamos, d\u017eiovinamos, skrudinamos ir sumalamos, kad susidaryt\u0173 kakavos mas\u0117, kakavos sviestas ir kakavos milteliai, kurie yra \u0161okolado gamini\u0173 statybin\u0117 med\u017eiaga.<\/p>\n<p>Kakavos pupel\u0117s yra tra\u0161kios ir mink\u0161tos tuo pa\u010diu metu, tod\u0117l jas galima tiesiog kramtyti. Taip pat jas galima susmulkinti arba sumalti, kad gaut\u0173si milteliai, kuriuos b\u016bt\u0173 galima naudoti gaminant kulinarinius gaminius. Skrudintos kakavos pupel\u0117s yra ma\u017eiau kar\u010dios.<br \/>\nI\u0161 kakavos pupeli\u0173 galima pagaminti kakavos miltelius, i\u0161 kuri\u0173 gaminama kar\u0161ta kakava ir \u012fvair\u016bs \u0161okolado skonio g\u0117rimai.<br \/>\nKepant galima naudoti ne tik kakavos gabal\u0117lius bet kakavos miltelius, kad sausainiams ar pyragams b\u016bt\u0173 suteiktas sodrus \u0161okolado skonis.<\/p>\n<p><em>\u0160altiniai<\/em><br \/>\nhttps:\/\/www.onegreenplanet.org<br \/>\nhttps:\/\/www.webmd.com<\/p>\n<p><em>PASTABA. \u010cia pateikta informacija negali b\u016bti interpretuojama kaip gydymo ar kitokio pob\u016bd\u017eio sveikatos klausim\u0173 sprendimo rekomendacija. Raginame sprendimus, susijusius su asmenine sveikata, priimti asmeni\u0161kai, \u012fvertinus \u012fvairius informacijos \u0161altinius.<\/em><\/p>\n","protected":false},"excerpt":{"rendered":"<p>Ekologi\u0161kos Criollo kakavos pupel\u0117s \u2013 ovalios tamsiai rusvos s\u0117klos, kitaip vadinami \u0161okoladiniai rie\u0161utai, augantys ant \u0161okolado med\u017eio, ar kakavmed\u017eio Theobroma<\/p>\n","protected":false},"featured_media":14515,"template":"","meta":{"_acf_changed":false},"product_brand":[],"product_cat":[1265,1909],"product_tag":[1380,1378],"class_list":{"0":"post-22426","1":"product","2":"type-product","3":"status-publish","4":"has-post-thumbnail","6":"product_cat-ekologiska-kakava-arbata-kava","7":"product_cat-kakava","8":"product_tag-keto-mityba","9":"product_tag-veganams","10":"pa_svoris-1-kg","11":"pa_svoris-100-g","12":"pa_svoris-15-kg","13":"pa_svoris-200-g","14":"pa_svoris-300-g","15":"pa_svoris-400-g","16":"pa_svoris-5-kg","17":"pa_svoris-500-g","19":"first","20":"instock","21":"shipping-taxable","22":"purchasable","23":"product-type-variable"},"acf":[],"yoast_head":"<!-- This site is optimized with the Yoast SEO plugin v27.6 - https:\/\/yoast.com\/product\/yoast-seo-wordpress\/ -->\n<title>Ekologi\u0161kos Criollo kakavos pupel\u0117s - Biopapa<\/title>\n<meta name=\"description\" content=\"Criollo kakavos pupel\u0117s yra reta kakavos grup\u0117. Ji sudaro tik 1% pasaulin\u0117s produkcijos. Kakavos pupel\u0117s yra antioksidant\u0173, ypa\u010d flavonoid\u0173.\" \/>\n<meta name=\"robots\" content=\"index, follow, max-snippet:-1, max-image-preview:large, max-video-preview:-1\" \/>\n<link rel=\"canonical\" href=\"https:\/\/test.biopapa.de\/lt\/producte\/ekologiskos-criollo-kakavos-pupeles\/\" \/>\n<meta property=\"og:locale\" content=\"lt_LT\" \/>\n<meta property=\"og:type\" content=\"article\" \/>\n<meta property=\"og:title\" content=\"Ekologi\u0161kos Criollo kakavos pupel\u0117s - Biopapa\" \/>\n<meta property=\"og:description\" content=\"Criollo kakavos pupel\u0117s yra reta kakavos grup\u0117. Ji sudaro tik 1% pasaulin\u0117s produkcijos. Kakavos pupel\u0117s yra antioksidant\u0173, ypa\u010d flavonoid\u0173.\" \/>\n<meta property=\"og:url\" content=\"https:\/\/test.biopapa.de\/lt\/producte\/ekologiskos-criollo-kakavos-pupeles\/\" \/>\n<meta property=\"og:site_name\" content=\"Biopapa\" \/>\n<meta property=\"article:publisher\" content=\"https:\/\/www.facebook.com\/biopapa.lt\" \/>\n<meta property=\"article:modified_time\" content=\"2026-04-16T12:54:24+00:00\" \/>\n<meta property=\"og:image\" content=\"https:\/\/test.biopapa.de\/wp-content\/uploads\/2021\/08\/779A0179.jpg\" \/>\n\t<meta property=\"og:image:width\" content=\"800\" \/>\n\t<meta property=\"og:image:height\" content=\"640\" \/>\n\t<meta property=\"og:image:type\" content=\"image\/jpeg\" \/>\n<meta name=\"twitter:card\" content=\"summary_large_image\" \/>\n<meta name=\"twitter:label1\" content=\"Est. reading time\" \/>\n\t<meta name=\"twitter:data1\" content=\"2 minut\u0117s\" \/>\n<script type=\"application\/ld+json\" class=\"yoast-schema-graph\">{\"@context\":\"https:\\\/\\\/schema.org\",\"@graph\":[{\"@type\":\"WebPage\",\"@id\":\"https:\\\/\\\/test.biopapa.de\\\/lt\\\/producte\\\/ekologiskos-criollo-kakavos-pupeles\\\/\",\"url\":\"https:\\\/\\\/test.biopapa.de\\\/lt\\\/producte\\\/ekologiskos-criollo-kakavos-pupeles\\\/\",\"name\":\"Ekologi\u0161kos Criollo kakavos pupel\u0117s - Biopapa\",\"isPartOf\":{\"@id\":\"https:\\\/\\\/test.biopapa.de\\\/lt\\\/#website\"},\"primaryImageOfPage\":{\"@id\":\"https:\\\/\\\/test.biopapa.de\\\/lt\\\/producte\\\/ekologiskos-criollo-kakavos-pupeles\\\/#primaryimage\"},\"image\":{\"@id\":\"https:\\\/\\\/test.biopapa.de\\\/lt\\\/producte\\\/ekologiskos-criollo-kakavos-pupeles\\\/#primaryimage\"},\"thumbnailUrl\":\"https:\\\/\\\/test.biopapa.de\\\/wp-content\\\/uploads\\\/2021\\\/08\\\/779A0179.jpg\",\"datePublished\":\"2023-01-10T16:02:39+00:00\",\"dateModified\":\"2026-04-16T12:54:24+00:00\",\"description\":\"Criollo kakavos pupel\u0117s yra reta kakavos grup\u0117. Ji sudaro tik 1% pasaulin\u0117s produkcijos. Kakavos pupel\u0117s yra antioksidant\u0173, ypa\u010d flavonoid\u0173.\",\"breadcrumb\":{\"@id\":\"https:\\\/\\\/test.biopapa.de\\\/lt\\\/producte\\\/ekologiskos-criollo-kakavos-pupeles\\\/#breadcrumb\"},\"inLanguage\":\"lt-LT\",\"potentialAction\":[{\"@type\":\"ReadAction\",\"target\":[\"https:\\\/\\\/test.biopapa.de\\\/lt\\\/producte\\\/ekologiskos-criollo-kakavos-pupeles\\\/\"]}]},{\"@type\":\"ImageObject\",\"inLanguage\":\"lt-LT\",\"@id\":\"https:\\\/\\\/test.biopapa.de\\\/lt\\\/producte\\\/ekologiskos-criollo-kakavos-pupeles\\\/#primaryimage\",\"url\":\"https:\\\/\\\/test.biopapa.de\\\/wp-content\\\/uploads\\\/2021\\\/08\\\/779A0179.jpg\",\"contentUrl\":\"https:\\\/\\\/test.biopapa.de\\\/wp-content\\\/uploads\\\/2021\\\/08\\\/779A0179.jpg\",\"width\":800,\"height\":640,\"caption\":\"Ekologi\u0161kos kakavos pupel\u0117s\"},{\"@type\":\"BreadcrumbList\",\"@id\":\"https:\\\/\\\/test.biopapa.de\\\/lt\\\/producte\\\/ekologiskos-criollo-kakavos-pupeles\\\/#breadcrumb\",\"itemListElement\":[{\"@type\":\"ListItem\",\"position\":1,\"name\":\"Home\",\"item\":\"https:\\\/\\\/test.biopapa.de\\\/lt\\\/\"},{\"@type\":\"ListItem\",\"position\":2,\"name\":\"Parduotuv\u0117\",\"item\":\"https:\\\/\\\/test.biopapa.de\\\/lt\\\/parduotuve\\\/\"},{\"@type\":\"ListItem\",\"position\":3,\"name\":\"Ekologi\u0161kos Criollo kakavos pupel\u0117s\"}]},{\"@type\":\"WebSite\",\"@id\":\"https:\\\/\\\/test.biopapa.de\\\/lt\\\/#website\",\"url\":\"https:\\\/\\\/test.biopapa.de\\\/lt\\\/\",\"name\":\"Biopapa\",\"description\":\"\u0160var\u016bs ekologi\u0161ki produktai\",\"publisher\":{\"@id\":\"https:\\\/\\\/test.biopapa.de\\\/lt\\\/#organization\"},\"potentialAction\":[{\"@type\":\"SearchAction\",\"target\":{\"@type\":\"EntryPoint\",\"urlTemplate\":\"https:\\\/\\\/test.biopapa.de\\\/lt\\\/?s={search_term_string}\"},\"query-input\":{\"@type\":\"PropertyValueSpecification\",\"valueRequired\":true,\"valueName\":\"search_term_string\"}}],\"inLanguage\":\"lt-LT\"},{\"@type\":\"Organization\",\"@id\":\"https:\\\/\\\/test.biopapa.de\\\/lt\\\/#organization\",\"name\":\"Biopapa\",\"url\":\"https:\\\/\\\/test.biopapa.de\\\/lt\\\/\",\"logo\":{\"@type\":\"ImageObject\",\"inLanguage\":\"lt-LT\",\"@id\":\"https:\\\/\\\/test.biopapa.de\\\/lt\\\/#\\\/schema\\\/logo\\\/image\\\/\",\"url\":\"https:\\\/\\\/www.biopapa.lt\\\/wp-content\\\/uploads\\\/2022\\\/04\\\/facebook_biopapa.jpg\",\"contentUrl\":\"https:\\\/\\\/www.biopapa.lt\\\/wp-content\\\/uploads\\\/2022\\\/04\\\/facebook_biopapa.jpg\",\"width\":1733,\"height\":907,\"caption\":\"Biopapa\"},\"image\":{\"@id\":\"https:\\\/\\\/test.biopapa.de\\\/lt\\\/#\\\/schema\\\/logo\\\/image\\\/\"},\"sameAs\":[\"https:\\\/\\\/www.facebook.com\\\/biopapa.lt\"]}]}<\/script>\n<!-- \/ Yoast SEO plugin. -->","yoast_head_json":{"title":"Ekologi\u0161kos Criollo kakavos pupel\u0117s - Biopapa","description":"Criollo kakavos pupel\u0117s yra reta kakavos grup\u0117. Ji sudaro tik 1% pasaulin\u0117s produkcijos. Kakavos pupel\u0117s yra antioksidant\u0173, ypa\u010d flavonoid\u0173.","robots":{"index":"index","follow":"follow","max-snippet":"max-snippet:-1","max-image-preview":"max-image-preview:large","max-video-preview":"max-video-preview:-1"},"canonical":"https:\/\/test.biopapa.de\/lt\/producte\/ekologiskos-criollo-kakavos-pupeles\/","og_locale":"lt_LT","og_type":"article","og_title":"Ekologi\u0161kos Criollo kakavos pupel\u0117s - Biopapa","og_description":"Criollo kakavos pupel\u0117s yra reta kakavos grup\u0117. Ji sudaro tik 1% pasaulin\u0117s produkcijos. Kakavos pupel\u0117s yra antioksidant\u0173, ypa\u010d flavonoid\u0173.","og_url":"https:\/\/test.biopapa.de\/lt\/producte\/ekologiskos-criollo-kakavos-pupeles\/","og_site_name":"Biopapa","article_publisher":"https:\/\/www.facebook.com\/biopapa.lt","article_modified_time":"2026-04-16T12:54:24+00:00","og_image":[{"width":800,"height":640,"url":"https:\/\/test.biopapa.de\/wp-content\/uploads\/2021\/08\/779A0179.jpg","type":"image\/jpeg"}],"twitter_card":"summary_large_image","twitter_misc":{"Est. reading time":"2 minut\u0117s"},"schema":{"@context":"https:\/\/schema.org","@graph":[{"@type":"WebPage","@id":"https:\/\/test.biopapa.de\/lt\/producte\/ekologiskos-criollo-kakavos-pupeles\/","url":"https:\/\/test.biopapa.de\/lt\/producte\/ekologiskos-criollo-kakavos-pupeles\/","name":"Ekologi\u0161kos Criollo kakavos pupel\u0117s - Biopapa","isPartOf":{"@id":"https:\/\/test.biopapa.de\/lt\/#website"},"primaryImageOfPage":{"@id":"https:\/\/test.biopapa.de\/lt\/producte\/ekologiskos-criollo-kakavos-pupeles\/#primaryimage"},"image":{"@id":"https:\/\/test.biopapa.de\/lt\/producte\/ekologiskos-criollo-kakavos-pupeles\/#primaryimage"},"thumbnailUrl":"https:\/\/test.biopapa.de\/wp-content\/uploads\/2021\/08\/779A0179.jpg","datePublished":"2023-01-10T16:02:39+00:00","dateModified":"2026-04-16T12:54:24+00:00","description":"Criollo kakavos pupel\u0117s yra reta kakavos grup\u0117. Ji sudaro tik 1% pasaulin\u0117s produkcijos. Kakavos pupel\u0117s yra antioksidant\u0173, ypa\u010d flavonoid\u0173.","breadcrumb":{"@id":"https:\/\/test.biopapa.de\/lt\/producte\/ekologiskos-criollo-kakavos-pupeles\/#breadcrumb"},"inLanguage":"lt-LT","potentialAction":[{"@type":"ReadAction","target":["https:\/\/test.biopapa.de\/lt\/producte\/ekologiskos-criollo-kakavos-pupeles\/"]}]},{"@type":"ImageObject","inLanguage":"lt-LT","@id":"https:\/\/test.biopapa.de\/lt\/producte\/ekologiskos-criollo-kakavos-pupeles\/#primaryimage","url":"https:\/\/test.biopapa.de\/wp-content\/uploads\/2021\/08\/779A0179.jpg","contentUrl":"https:\/\/test.biopapa.de\/wp-content\/uploads\/2021\/08\/779A0179.jpg","width":800,"height":640,"caption":"Ekologi\u0161kos kakavos pupel\u0117s"},{"@type":"BreadcrumbList","@id":"https:\/\/test.biopapa.de\/lt\/producte\/ekologiskos-criollo-kakavos-pupeles\/#breadcrumb","itemListElement":[{"@type":"ListItem","position":1,"name":"Home","item":"https:\/\/test.biopapa.de\/lt\/"},{"@type":"ListItem","position":2,"name":"Parduotuv\u0117","item":"https:\/\/test.biopapa.de\/lt\/parduotuve\/"},{"@type":"ListItem","position":3,"name":"Ekologi\u0161kos Criollo kakavos pupel\u0117s"}]},{"@type":"WebSite","@id":"https:\/\/test.biopapa.de\/lt\/#website","url":"https:\/\/test.biopapa.de\/lt\/","name":"Biopapa","description":"\u0160var\u016bs ekologi\u0161ki produktai","publisher":{"@id":"https:\/\/test.biopapa.de\/lt\/#organization"},"potentialAction":[{"@type":"SearchAction","target":{"@type":"EntryPoint","urlTemplate":"https:\/\/test.biopapa.de\/lt\/?s={search_term_string}"},"query-input":{"@type":"PropertyValueSpecification","valueRequired":true,"valueName":"search_term_string"}}],"inLanguage":"lt-LT"},{"@type":"Organization","@id":"https:\/\/test.biopapa.de\/lt\/#organization","name":"Biopapa","url":"https:\/\/test.biopapa.de\/lt\/","logo":{"@type":"ImageObject","inLanguage":"lt-LT","@id":"https:\/\/test.biopapa.de\/lt\/#\/schema\/logo\/image\/","url":"https:\/\/www.biopapa.lt\/wp-content\/uploads\/2022\/04\/facebook_biopapa.jpg","contentUrl":"https:\/\/www.biopapa.lt\/wp-content\/uploads\/2022\/04\/facebook_biopapa.jpg","width":1733,"height":907,"caption":"Biopapa"},"image":{"@id":"https:\/\/test.biopapa.de\/lt\/#\/schema\/logo\/image\/"},"sameAs":["https:\/\/www.facebook.com\/biopapa.lt"]}]}},"_links":{"self":[{"href":"https:\/\/test.biopapa.de\/lt\/wp-json\/wp\/v2\/product\/22426","targetHints":{"allow":["GET"]}}],"collection":[{"href":"https:\/\/test.biopapa.de\/lt\/wp-json\/wp\/v2\/product"}],"about":[{"href":"https:\/\/test.biopapa.de\/lt\/wp-json\/wp\/v2\/types\/product"}],"wp:featuredmedia":[{"embeddable":true,"href":"https:\/\/test.biopapa.de\/lt\/wp-json\/wp\/v2\/media\/14515"}],"wp:attachment":[{"href":"https:\/\/test.biopapa.de\/lt\/wp-json\/wp\/v2\/media?parent=22426"}],"wp:term":[{"taxonomy":"product_brand","embeddable":true,"href":"https:\/\/test.biopapa.de\/lt\/wp-json\/wp\/v2\/product_brand?post=22426"},{"taxonomy":"product_cat","embeddable":true,"href":"https:\/\/test.biopapa.de\/lt\/wp-json\/wp\/v2\/product_cat?post=22426"},{"taxonomy":"product_tag","embeddable":true,"href":"https:\/\/test.biopapa.de\/lt\/wp-json\/wp\/v2\/product_tag?post=22426"}],"curies":[{"name":"wp","href":"https:\/\/api.w.org\/{rel}","templated":true}]}}