{"id":21065,"date":"2022-11-09T14:47:26","date_gmt":"2022-11-09T12:47:26","guid":{"rendered":"https:\/\/www.biopapa.lt\/?post_type=product&#038;p=21065"},"modified":"2026-04-20T20:30:52","modified_gmt":"2026-04-20T17:30:52","slug":"ekologiskos-kadagiu-uogos","status":"publish","type":"product","link":"https:\/\/test.biopapa.de\/lt\/producte\/ekologiskos-kadagiu-uogos\/","title":{"rendered":"Ekologi\u0161kos kadagi\u0173 uogos"},"content":{"rendered":"<p><strong>Ekologi\u0161kos kadagi\u0173 uogos<\/strong><br \/>\nKadagi\u0173 uogos buvo naudojamos \u0161imtme\u010dius \u2013 nuo senov\u0117s Egipto, Graikijos ir Romos laik\u0173 \u2013 d\u0117l savo gydom\u0173j\u0173 ir kulinarini\u0173 savybi\u0173. Tradici\u0161kai jos buvo vartojamos vir\u0161kinimui gerinti, \u0161lapimo tak\u0173 infekcijoms gydyti ir kaip nat\u016bralus antiseptikas. Kadagi\u0173 uogos yra turtingos antioksidant\u0173 ir prie\u0161u\u017edegimini\u0173 jungini\u0173.<\/p>\n<p>Rekomenduojama doz\u0117 paprastai siekia 1\u20132 gramus d\u017eiovint\u0173 uog\u0173 per dien\u0105.<br \/>\nVartojant maistui saikingi j\u0173 kiekiai paprastai yra saug\u016bs.<br \/>\nJ\u0173 stiprios diuretin\u0117s savyb\u0117s gali b\u016bti problemati\u0161kos \u017emon\u0117ms, turintiems inkst\u0173 problem\u0173. Jos gali sukelti alergines reakcijas kai kuriems \u017emon\u0117ms. N\u0117\u0161\u010dioms moterims reik\u0117t\u0173 j\u0173 vengti d\u0117l potenciali\u0173 rizik\u0173.<\/p>\n<p>Europos virtuv\u0117je kadagio uogas naudojamos marinatams, dedama \u012f rauginimo mi\u0161inius, pada\u017eams aromatizuoti arba kaip pagrindin\u0117 d\u017eino sudedamoji dalis. Jos da\u017eniausiai naudojamos kaip prieskonis, \u017eoleli\u0173 arbatos sud\u0117tin\u0117 dalis.<br \/>\nD\u017eiovinti kadagio vaisiai naudojami dar\u017eovi\u0173, ypa\u010d pupeli\u0173 patiekalams gardinti.<br \/>\nKadagi\u0173 uogos da\u017enai naudojamos Skandinavijos, Pranc\u016bzijos, Vokietijos virtuv\u0117se. Naudojant kartu su \u010desnakais ir prieskoniniais augalais (mair\u016bnais, rozmarinais, \u010diobreliais), suteikia patiekalams specifin\u012f skon\u012f.<\/p>\n<p>PASTABA. \u010cia pateikta informacija negali b\u016bti interpretuojama kaip gydymo ar kitokio pob\u016bd\u017eio sveikatos klausim\u0173 sprendimo rekomendacija.<br \/>\nRaginame sprendimus, susijusius su asmenine sveikata, priimti asmeni\u0161kai, \u012fvertinus \u012fvairius informacijos \u0161altinius.<\/p>\n","protected":false},"excerpt":{"rendered":"<p>Ekologi\u0161kos kadagi\u0173 uogos Kadagi\u0173 uogos buvo naudojamos \u0161imtme\u010dius \u2013 nuo senov\u0117s Egipto, Graikijos ir Romos laik\u0173 \u2013 d\u0117l savo gydom\u0173j\u0173<\/p>\n","protected":false},"featured_media":21644,"template":"","meta":{"_acf_changed":false},"product_brand":[],"product_cat":[1228,1315],"product_tag":[1381,1378],"class_list":{"0":"post-21065","1":"product","2":"type-product","3":"status-publish","4":"has-post-thumbnail","6":"product_cat-ekologiski-dziovinti-vaisiai-uogos-darzoves","7":"product_cat-ekologiski-prieskoniai","8":"product_tag-be-pridetinio-cukraus","9":"product_tag-veganams","10":"pa_svoris-1-kg","11":"pa_svoris-10-kg","12":"pa_svoris-100-g","13":"pa_svoris-200-g","14":"pa_svoris-25-kg","15":"pa_svoris-30-g","16":"pa_svoris-300-g","17":"pa_svoris-400-g","18":"pa_svoris-50-g","19":"pa_svoris-500-g","21":"first","22":"instock","23":"sale","24":"shipping-taxable","25":"purchasable","26":"product-type-variable"},"acf":[],"yoast_head":"<!-- This site is optimized with the Yoast SEO plugin v27.6 - https:\/\/yoast.com\/product\/yoast-seo-wordpress\/ -->\n<title>Ekologi\u0161kos kadagi\u0173 uogos - Biopapa<\/title>\n<meta name=\"robots\" content=\"index, follow, max-snippet:-1, max-image-preview:large, max-video-preview:-1\" \/>\n<link rel=\"canonical\" href=\"https:\/\/test.biopapa.de\/lt\/producte\/ekologiskos-kadagiu-uogos\/\" \/>\n<meta property=\"og:locale\" content=\"lt_LT\" \/>\n<meta property=\"og:type\" content=\"article\" \/>\n<meta property=\"og:title\" content=\"Ekologi\u0161kos kadagi\u0173 uogos - Biopapa\" \/>\n<meta property=\"og:description\" content=\"Ekologi\u0161kos kadagi\u0173 uogos Kadagi\u0173 uogos buvo naudojamos \u0161imtme\u010dius \u2013 nuo senov\u0117s Egipto, Graikijos ir Romos laik\u0173 \u2013 d\u0117l savo gydom\u0173j\u0173\" \/>\n<meta property=\"og:url\" content=\"https:\/\/test.biopapa.de\/lt\/producte\/ekologiskos-kadagiu-uogos\/\" \/>\n<meta property=\"og:site_name\" content=\"Biopapa\" \/>\n<meta property=\"article:publisher\" content=\"https:\/\/www.facebook.com\/biopapa.lt\" \/>\n<meta property=\"article:modified_time\" content=\"2026-04-20T17:30:52+00:00\" \/>\n<meta property=\"og:image\" content=\"https:\/\/test.biopapa.de\/wp-content\/uploads\/2022\/11\/My-project-1-15.png\" \/>\n\t<meta property=\"og:image:width\" content=\"800\" \/>\n\t<meta property=\"og:image:height\" content=\"640\" \/>\n\t<meta property=\"og:image:type\" content=\"image\/png\" \/>\n<meta name=\"twitter:card\" content=\"summary_large_image\" \/>\n<meta name=\"twitter:label1\" content=\"Est. reading time\" \/>\n\t<meta name=\"twitter:data1\" content=\"1 minut\u0117\" \/>\n<script type=\"application\/ld+json\" class=\"yoast-schema-graph\">{\"@context\":\"https:\\\/\\\/schema.org\",\"@graph\":[{\"@type\":\"WebPage\",\"@id\":\"https:\\\/\\\/test.biopapa.de\\\/lt\\\/producte\\\/ekologiskos-kadagiu-uogos\\\/\",\"url\":\"https:\\\/\\\/test.biopapa.de\\\/lt\\\/producte\\\/ekologiskos-kadagiu-uogos\\\/\",\"name\":\"Ekologi\u0161kos kadagi\u0173 uogos - Biopapa\",\"isPartOf\":{\"@id\":\"https:\\\/\\\/test.biopapa.de\\\/lt\\\/#website\"},\"primaryImageOfPage\":{\"@id\":\"https:\\\/\\\/test.biopapa.de\\\/lt\\\/producte\\\/ekologiskos-kadagiu-uogos\\\/#primaryimage\"},\"image\":{\"@id\":\"https:\\\/\\\/test.biopapa.de\\\/lt\\\/producte\\\/ekologiskos-kadagiu-uogos\\\/#primaryimage\"},\"thumbnailUrl\":\"https:\\\/\\\/test.biopapa.de\\\/wp-content\\\/uploads\\\/2022\\\/11\\\/My-project-1-15.png\",\"datePublished\":\"2022-11-09T12:47:26+00:00\",\"dateModified\":\"2026-04-20T17:30:52+00:00\",\"breadcrumb\":{\"@id\":\"https:\\\/\\\/test.biopapa.de\\\/lt\\\/producte\\\/ekologiskos-kadagiu-uogos\\\/#breadcrumb\"},\"inLanguage\":\"lt-LT\",\"potentialAction\":[{\"@type\":\"ReadAction\",\"target\":[\"https:\\\/\\\/test.biopapa.de\\\/lt\\\/producte\\\/ekologiskos-kadagiu-uogos\\\/\"]}]},{\"@type\":\"ImageObject\",\"inLanguage\":\"lt-LT\",\"@id\":\"https:\\\/\\\/test.biopapa.de\\\/lt\\\/producte\\\/ekologiskos-kadagiu-uogos\\\/#primaryimage\",\"url\":\"https:\\\/\\\/test.biopapa.de\\\/wp-content\\\/uploads\\\/2022\\\/11\\\/My-project-1-15.png\",\"contentUrl\":\"https:\\\/\\\/test.biopapa.de\\\/wp-content\\\/uploads\\\/2022\\\/11\\\/My-project-1-15.png\",\"width\":800,\"height\":640,\"caption\":\"Ekologi\u0161kos kadagi\u0173 uogos\"},{\"@type\":\"BreadcrumbList\",\"@id\":\"https:\\\/\\\/test.biopapa.de\\\/lt\\\/producte\\\/ekologiskos-kadagiu-uogos\\\/#breadcrumb\",\"itemListElement\":[{\"@type\":\"ListItem\",\"position\":1,\"name\":\"Home\",\"item\":\"https:\\\/\\\/test.biopapa.de\\\/lt\\\/\"},{\"@type\":\"ListItem\",\"position\":2,\"name\":\"Parduotuv\u0117\",\"item\":\"https:\\\/\\\/test.biopapa.de\\\/lt\\\/parduotuve\\\/\"},{\"@type\":\"ListItem\",\"position\":3,\"name\":\"Ekologi\u0161kos kadagi\u0173 uogos\"}]},{\"@type\":\"WebSite\",\"@id\":\"https:\\\/\\\/test.biopapa.de\\\/lt\\\/#website\",\"url\":\"https:\\\/\\\/test.biopapa.de\\\/lt\\\/\",\"name\":\"Biopapa\",\"description\":\"\u0160var\u016bs ekologi\u0161ki produktai\",\"publisher\":{\"@id\":\"https:\\\/\\\/test.biopapa.de\\\/lt\\\/#organization\"},\"potentialAction\":[{\"@type\":\"SearchAction\",\"target\":{\"@type\":\"EntryPoint\",\"urlTemplate\":\"https:\\\/\\\/test.biopapa.de\\\/lt\\\/?s={search_term_string}\"},\"query-input\":{\"@type\":\"PropertyValueSpecification\",\"valueRequired\":true,\"valueName\":\"search_term_string\"}}],\"inLanguage\":\"lt-LT\"},{\"@type\":\"Organization\",\"@id\":\"https:\\\/\\\/test.biopapa.de\\\/lt\\\/#organization\",\"name\":\"Biopapa\",\"url\":\"https:\\\/\\\/test.biopapa.de\\\/lt\\\/\",\"logo\":{\"@type\":\"ImageObject\",\"inLanguage\":\"lt-LT\",\"@id\":\"https:\\\/\\\/test.biopapa.de\\\/lt\\\/#\\\/schema\\\/logo\\\/image\\\/\",\"url\":\"https:\\\/\\\/www.biopapa.lt\\\/wp-content\\\/uploads\\\/2022\\\/04\\\/facebook_biopapa.jpg\",\"contentUrl\":\"https:\\\/\\\/www.biopapa.lt\\\/wp-content\\\/uploads\\\/2022\\\/04\\\/facebook_biopapa.jpg\",\"width\":1733,\"height\":907,\"caption\":\"Biopapa\"},\"image\":{\"@id\":\"https:\\\/\\\/test.biopapa.de\\\/lt\\\/#\\\/schema\\\/logo\\\/image\\\/\"},\"sameAs\":[\"https:\\\/\\\/www.facebook.com\\\/biopapa.lt\"]}]}<\/script>\n<!-- \/ Yoast SEO plugin. -->","yoast_head_json":{"title":"Ekologi\u0161kos kadagi\u0173 uogos - Biopapa","robots":{"index":"index","follow":"follow","max-snippet":"max-snippet:-1","max-image-preview":"max-image-preview:large","max-video-preview":"max-video-preview:-1"},"canonical":"https:\/\/test.biopapa.de\/lt\/producte\/ekologiskos-kadagiu-uogos\/","og_locale":"lt_LT","og_type":"article","og_title":"Ekologi\u0161kos kadagi\u0173 uogos - Biopapa","og_description":"Ekologi\u0161kos kadagi\u0173 uogos Kadagi\u0173 uogos buvo naudojamos \u0161imtme\u010dius \u2013 nuo senov\u0117s Egipto, Graikijos ir Romos laik\u0173 \u2013 d\u0117l savo gydom\u0173j\u0173","og_url":"https:\/\/test.biopapa.de\/lt\/producte\/ekologiskos-kadagiu-uogos\/","og_site_name":"Biopapa","article_publisher":"https:\/\/www.facebook.com\/biopapa.lt","article_modified_time":"2026-04-20T17:30:52+00:00","og_image":[{"width":800,"height":640,"url":"https:\/\/test.biopapa.de\/wp-content\/uploads\/2022\/11\/My-project-1-15.png","type":"image\/png"}],"twitter_card":"summary_large_image","twitter_misc":{"Est. reading time":"1 minut\u0117"},"schema":{"@context":"https:\/\/schema.org","@graph":[{"@type":"WebPage","@id":"https:\/\/test.biopapa.de\/lt\/producte\/ekologiskos-kadagiu-uogos\/","url":"https:\/\/test.biopapa.de\/lt\/producte\/ekologiskos-kadagiu-uogos\/","name":"Ekologi\u0161kos kadagi\u0173 uogos - Biopapa","isPartOf":{"@id":"https:\/\/test.biopapa.de\/lt\/#website"},"primaryImageOfPage":{"@id":"https:\/\/test.biopapa.de\/lt\/producte\/ekologiskos-kadagiu-uogos\/#primaryimage"},"image":{"@id":"https:\/\/test.biopapa.de\/lt\/producte\/ekologiskos-kadagiu-uogos\/#primaryimage"},"thumbnailUrl":"https:\/\/test.biopapa.de\/wp-content\/uploads\/2022\/11\/My-project-1-15.png","datePublished":"2022-11-09T12:47:26+00:00","dateModified":"2026-04-20T17:30:52+00:00","breadcrumb":{"@id":"https:\/\/test.biopapa.de\/lt\/producte\/ekologiskos-kadagiu-uogos\/#breadcrumb"},"inLanguage":"lt-LT","potentialAction":[{"@type":"ReadAction","target":["https:\/\/test.biopapa.de\/lt\/producte\/ekologiskos-kadagiu-uogos\/"]}]},{"@type":"ImageObject","inLanguage":"lt-LT","@id":"https:\/\/test.biopapa.de\/lt\/producte\/ekologiskos-kadagiu-uogos\/#primaryimage","url":"https:\/\/test.biopapa.de\/wp-content\/uploads\/2022\/11\/My-project-1-15.png","contentUrl":"https:\/\/test.biopapa.de\/wp-content\/uploads\/2022\/11\/My-project-1-15.png","width":800,"height":640,"caption":"Ekologi\u0161kos kadagi\u0173 uogos"},{"@type":"BreadcrumbList","@id":"https:\/\/test.biopapa.de\/lt\/producte\/ekologiskos-kadagiu-uogos\/#breadcrumb","itemListElement":[{"@type":"ListItem","position":1,"name":"Home","item":"https:\/\/test.biopapa.de\/lt\/"},{"@type":"ListItem","position":2,"name":"Parduotuv\u0117","item":"https:\/\/test.biopapa.de\/lt\/parduotuve\/"},{"@type":"ListItem","position":3,"name":"Ekologi\u0161kos kadagi\u0173 uogos"}]},{"@type":"WebSite","@id":"https:\/\/test.biopapa.de\/lt\/#website","url":"https:\/\/test.biopapa.de\/lt\/","name":"Biopapa","description":"\u0160var\u016bs ekologi\u0161ki produktai","publisher":{"@id":"https:\/\/test.biopapa.de\/lt\/#organization"},"potentialAction":[{"@type":"SearchAction","target":{"@type":"EntryPoint","urlTemplate":"https:\/\/test.biopapa.de\/lt\/?s={search_term_string}"},"query-input":{"@type":"PropertyValueSpecification","valueRequired":true,"valueName":"search_term_string"}}],"inLanguage":"lt-LT"},{"@type":"Organization","@id":"https:\/\/test.biopapa.de\/lt\/#organization","name":"Biopapa","url":"https:\/\/test.biopapa.de\/lt\/","logo":{"@type":"ImageObject","inLanguage":"lt-LT","@id":"https:\/\/test.biopapa.de\/lt\/#\/schema\/logo\/image\/","url":"https:\/\/www.biopapa.lt\/wp-content\/uploads\/2022\/04\/facebook_biopapa.jpg","contentUrl":"https:\/\/www.biopapa.lt\/wp-content\/uploads\/2022\/04\/facebook_biopapa.jpg","width":1733,"height":907,"caption":"Biopapa"},"image":{"@id":"https:\/\/test.biopapa.de\/lt\/#\/schema\/logo\/image\/"},"sameAs":["https:\/\/www.facebook.com\/biopapa.lt"]}]}},"_links":{"self":[{"href":"https:\/\/test.biopapa.de\/lt\/wp-json\/wp\/v2\/product\/21065","targetHints":{"allow":["GET"]}}],"collection":[{"href":"https:\/\/test.biopapa.de\/lt\/wp-json\/wp\/v2\/product"}],"about":[{"href":"https:\/\/test.biopapa.de\/lt\/wp-json\/wp\/v2\/types\/product"}],"wp:featuredmedia":[{"embeddable":true,"href":"https:\/\/test.biopapa.de\/lt\/wp-json\/wp\/v2\/media\/21644"}],"wp:attachment":[{"href":"https:\/\/test.biopapa.de\/lt\/wp-json\/wp\/v2\/media?parent=21065"}],"wp:term":[{"taxonomy":"product_brand","embeddable":true,"href":"https:\/\/test.biopapa.de\/lt\/wp-json\/wp\/v2\/product_brand?post=21065"},{"taxonomy":"product_cat","embeddable":true,"href":"https:\/\/test.biopapa.de\/lt\/wp-json\/wp\/v2\/product_cat?post=21065"},{"taxonomy":"product_tag","embeddable":true,"href":"https:\/\/test.biopapa.de\/lt\/wp-json\/wp\/v2\/product_tag?post=21065"}],"curies":[{"name":"wp","href":"https:\/\/api.w.org\/{rel}","templated":true}]}}