{"id":19636,"date":"2022-08-06T17:53:58","date_gmt":"2022-08-06T14:53:58","guid":{"rendered":"https:\/\/www.biopapa.lt\/?post_type=product&#038;p=19636"},"modified":"2026-04-24T11:59:23","modified_gmt":"2026-04-24T08:59:23","slug":"ekologiska-ersketuogiu-arbata","status":"publish","type":"product","link":"https:\/\/test.biopapa.de\/lt\/producte\/ekologiska-ersketuogiu-arbata\/","title":{"rendered":"Ekologi\u0161ka er\u0161k\u0117tuogi\u0173 arbata"},"content":{"rendered":"<p>Ekologi\u0161ka er\u0161k\u0117tuogi\u0173 arbata nuo seno vertinama d\u0117l savo nat\u016bralaus skonio ir nauding\u0173j\u0173 savybi\u0173. \u0160i arbata turtinga vitamino C, tod\u0117l nuo sen\u0173 laik\u0173 vartojama imunitetui stiprinti ir organizmui tonizuoti. Tai \u2013 nat\u016bralus, tvarus pasirinkimas sveikatai palaikyti.<\/p>\n<p>Paruo\u0161imas:<br \/>\n1 arbatin\u012f \u0161auk\u0161tel\u012f er\u0161k\u0117tuogi\u0173 uog\u0173 u\u017epilkite stikline verdan\u010dio vandens ir palaikykite 10\u201315 minu\u010di\u0173, u\u017edeng\u0119. Nuko\u0161kite. Vartokite 1\u20132 kartus per dien\u0105.<\/p>\n<p><em>PASTABA. \u010cia pateikta informacija negali b\u016bti interpretuojama kaip gydymo ar kitokio pob\u016bd\u017eio sveikatos klausim\u0173 sprendimo rekomendacija. Raginame sprendimus, susijusius su asmenine sveikata, priimti asmeni\u0161kai, \u012fvertinus \u012fvairius informacijos \u0161altinius.<\/em><\/p>\n","protected":false},"excerpt":{"rendered":"<p>Ekologi\u0161ka er\u0161k\u0117tuogi\u0173 arbata nuo seno vertinama d\u0117l savo nat\u016bralaus skonio ir nauding\u0173j\u0173 savybi\u0173. \u0160i arbata turtinga vitamino C, tod\u0117l nuo<\/p>\n","protected":false},"featured_media":22302,"template":"","meta":{"_acf_changed":false},"product_brand":[],"product_cat":[1907,1265],"product_tag":[1378],"class_list":{"0":"post-19636","1":"product","2":"type-product","3":"status-publish","4":"has-post-thumbnail","6":"product_cat-arbata","7":"product_cat-ekologiska-kakava-arbata-kava","8":"product_tag-veganams","9":"pa_svoris-1-kg","10":"pa_svoris-10-g","11":"pa_svoris-100-g","12":"pa_svoris-17-kg","13":"pa_svoris-200-g","14":"pa_svoris-25-g","15":"pa_svoris-300-g","16":"pa_svoris-400-g","17":"pa_svoris-50-g","18":"pa_svoris-500-g","20":"first","21":"instock","22":"shipping-taxable","23":"purchasable","24":"product-type-variable"},"acf":[],"yoast_head":"<!-- This site is optimized with the Yoast SEO plugin v27.6 - https:\/\/yoast.com\/product\/yoast-seo-wordpress\/ -->\n<title>Ekologi\u0161ka er\u0161k\u0117tuogi\u0173 arbata - Biopapa<\/title>\n<meta name=\"description\" content=\"Er\u0161k\u0117tuogi\u0173 arbata nuo seno vertinama d\u0117l savo nat\u016bralaus skonio ir nauding\u0173j\u0173 savybi\u0173.\" \/>\n<meta name=\"robots\" content=\"index, follow, max-snippet:-1, max-image-preview:large, max-video-preview:-1\" \/>\n<link rel=\"canonical\" href=\"https:\/\/test.biopapa.de\/lt\/producte\/ekologiska-ersketuogiu-arbata\/\" \/>\n<meta property=\"og:locale\" content=\"lt_LT\" \/>\n<meta property=\"og:type\" content=\"article\" \/>\n<meta property=\"og:title\" content=\"Ekologi\u0161ka er\u0161k\u0117tuogi\u0173 arbata - Biopapa\" \/>\n<meta property=\"og:description\" content=\"Er\u0161k\u0117tuogi\u0173 arbata nuo seno vertinama d\u0117l savo nat\u016bralaus skonio ir nauding\u0173j\u0173 savybi\u0173.\" \/>\n<meta property=\"og:url\" content=\"https:\/\/test.biopapa.de\/lt\/producte\/ekologiska-ersketuogiu-arbata\/\" \/>\n<meta property=\"og:site_name\" content=\"Biopapa\" \/>\n<meta property=\"article:publisher\" content=\"https:\/\/www.facebook.com\/biopapa.lt\" \/>\n<meta property=\"article:modified_time\" content=\"2026-04-24T08:59:23+00:00\" \/>\n<meta property=\"og:image\" content=\"https:\/\/test.biopapa.de\/wp-content\/uploads\/2022\/08\/Ekologiska-ersketuogiu-ir-kinroziu-arbata.png\" \/>\n\t<meta property=\"og:image:width\" content=\"800\" \/>\n\t<meta property=\"og:image:height\" content=\"640\" \/>\n\t<meta property=\"og:image:type\" content=\"image\/png\" \/>\n<meta name=\"twitter:card\" content=\"summary_large_image\" \/>\n<meta name=\"twitter:label1\" content=\"Est. reading time\" \/>\n\t<meta name=\"twitter:data1\" content=\"1 minut\u0117\" \/>\n<script type=\"application\/ld+json\" class=\"yoast-schema-graph\">{\"@context\":\"https:\\\/\\\/schema.org\",\"@graph\":[{\"@type\":\"WebPage\",\"@id\":\"https:\\\/\\\/test.biopapa.de\\\/lt\\\/producte\\\/ekologiska-ersketuogiu-arbata\\\/\",\"url\":\"https:\\\/\\\/test.biopapa.de\\\/lt\\\/producte\\\/ekologiska-ersketuogiu-arbata\\\/\",\"name\":\"Ekologi\u0161ka er\u0161k\u0117tuogi\u0173 arbata - Biopapa\",\"isPartOf\":{\"@id\":\"https:\\\/\\\/test.biopapa.de\\\/lt\\\/#website\"},\"primaryImageOfPage\":{\"@id\":\"https:\\\/\\\/test.biopapa.de\\\/lt\\\/producte\\\/ekologiska-ersketuogiu-arbata\\\/#primaryimage\"},\"image\":{\"@id\":\"https:\\\/\\\/test.biopapa.de\\\/lt\\\/producte\\\/ekologiska-ersketuogiu-arbata\\\/#primaryimage\"},\"thumbnailUrl\":\"https:\\\/\\\/test.biopapa.de\\\/wp-content\\\/uploads\\\/2022\\\/08\\\/Ekologiska-ersketuogiu-ir-kinroziu-arbata.png\",\"datePublished\":\"2022-08-06T14:53:58+00:00\",\"dateModified\":\"2026-04-24T08:59:23+00:00\",\"description\":\"Er\u0161k\u0117tuogi\u0173 arbata nuo seno vertinama d\u0117l savo nat\u016bralaus skonio ir nauding\u0173j\u0173 savybi\u0173.\",\"breadcrumb\":{\"@id\":\"https:\\\/\\\/test.biopapa.de\\\/lt\\\/producte\\\/ekologiska-ersketuogiu-arbata\\\/#breadcrumb\"},\"inLanguage\":\"lt-LT\",\"potentialAction\":[{\"@type\":\"ReadAction\",\"target\":[\"https:\\\/\\\/test.biopapa.de\\\/lt\\\/producte\\\/ekologiska-ersketuogiu-arbata\\\/\"]}]},{\"@type\":\"ImageObject\",\"inLanguage\":\"lt-LT\",\"@id\":\"https:\\\/\\\/test.biopapa.de\\\/lt\\\/producte\\\/ekologiska-ersketuogiu-arbata\\\/#primaryimage\",\"url\":\"https:\\\/\\\/test.biopapa.de\\\/wp-content\\\/uploads\\\/2022\\\/08\\\/Ekologiska-ersketuogiu-ir-kinroziu-arbata.png\",\"contentUrl\":\"https:\\\/\\\/test.biopapa.de\\\/wp-content\\\/uploads\\\/2022\\\/08\\\/Ekologiska-ersketuogiu-ir-kinroziu-arbata.png\",\"width\":800,\"height\":640,\"caption\":\"Ekologis\u030cka ers\u030cke\u0307tuogiu\u0328 ir kinroz\u030ciu\u0328 arbata\"},{\"@type\":\"BreadcrumbList\",\"@id\":\"https:\\\/\\\/test.biopapa.de\\\/lt\\\/producte\\\/ekologiska-ersketuogiu-arbata\\\/#breadcrumb\",\"itemListElement\":[{\"@type\":\"ListItem\",\"position\":1,\"name\":\"Home\",\"item\":\"https:\\\/\\\/test.biopapa.de\\\/lt\\\/\"},{\"@type\":\"ListItem\",\"position\":2,\"name\":\"Parduotuv\u0117\",\"item\":\"https:\\\/\\\/test.biopapa.de\\\/lt\\\/parduotuve\\\/\"},{\"@type\":\"ListItem\",\"position\":3,\"name\":\"Ekologi\u0161ka er\u0161k\u0117tuogi\u0173 arbata\"}]},{\"@type\":\"WebSite\",\"@id\":\"https:\\\/\\\/test.biopapa.de\\\/lt\\\/#website\",\"url\":\"https:\\\/\\\/test.biopapa.de\\\/lt\\\/\",\"name\":\"Biopapa\",\"description\":\"\u0160var\u016bs ekologi\u0161ki produktai\",\"publisher\":{\"@id\":\"https:\\\/\\\/test.biopapa.de\\\/lt\\\/#organization\"},\"potentialAction\":[{\"@type\":\"SearchAction\",\"target\":{\"@type\":\"EntryPoint\",\"urlTemplate\":\"https:\\\/\\\/test.biopapa.de\\\/lt\\\/?s={search_term_string}\"},\"query-input\":{\"@type\":\"PropertyValueSpecification\",\"valueRequired\":true,\"valueName\":\"search_term_string\"}}],\"inLanguage\":\"lt-LT\"},{\"@type\":\"Organization\",\"@id\":\"https:\\\/\\\/test.biopapa.de\\\/lt\\\/#organization\",\"name\":\"Biopapa\",\"url\":\"https:\\\/\\\/test.biopapa.de\\\/lt\\\/\",\"logo\":{\"@type\":\"ImageObject\",\"inLanguage\":\"lt-LT\",\"@id\":\"https:\\\/\\\/test.biopapa.de\\\/lt\\\/#\\\/schema\\\/logo\\\/image\\\/\",\"url\":\"https:\\\/\\\/www.biopapa.lt\\\/wp-content\\\/uploads\\\/2022\\\/04\\\/facebook_biopapa.jpg\",\"contentUrl\":\"https:\\\/\\\/www.biopapa.lt\\\/wp-content\\\/uploads\\\/2022\\\/04\\\/facebook_biopapa.jpg\",\"width\":1733,\"height\":907,\"caption\":\"Biopapa\"},\"image\":{\"@id\":\"https:\\\/\\\/test.biopapa.de\\\/lt\\\/#\\\/schema\\\/logo\\\/image\\\/\"},\"sameAs\":[\"https:\\\/\\\/www.facebook.com\\\/biopapa.lt\"]}]}<\/script>\n<!-- \/ Yoast SEO plugin. -->","yoast_head_json":{"title":"Ekologi\u0161ka er\u0161k\u0117tuogi\u0173 arbata - Biopapa","description":"Er\u0161k\u0117tuogi\u0173 arbata nuo seno vertinama d\u0117l savo nat\u016bralaus skonio ir nauding\u0173j\u0173 savybi\u0173.","robots":{"index":"index","follow":"follow","max-snippet":"max-snippet:-1","max-image-preview":"max-image-preview:large","max-video-preview":"max-video-preview:-1"},"canonical":"https:\/\/test.biopapa.de\/lt\/producte\/ekologiska-ersketuogiu-arbata\/","og_locale":"lt_LT","og_type":"article","og_title":"Ekologi\u0161ka er\u0161k\u0117tuogi\u0173 arbata - Biopapa","og_description":"Er\u0161k\u0117tuogi\u0173 arbata nuo seno vertinama d\u0117l savo nat\u016bralaus skonio ir nauding\u0173j\u0173 savybi\u0173.","og_url":"https:\/\/test.biopapa.de\/lt\/producte\/ekologiska-ersketuogiu-arbata\/","og_site_name":"Biopapa","article_publisher":"https:\/\/www.facebook.com\/biopapa.lt","article_modified_time":"2026-04-24T08:59:23+00:00","og_image":[{"width":800,"height":640,"url":"https:\/\/test.biopapa.de\/wp-content\/uploads\/2022\/08\/Ekologiska-ersketuogiu-ir-kinroziu-arbata.png","type":"image\/png"}],"twitter_card":"summary_large_image","twitter_misc":{"Est. reading time":"1 minut\u0117"},"schema":{"@context":"https:\/\/schema.org","@graph":[{"@type":"WebPage","@id":"https:\/\/test.biopapa.de\/lt\/producte\/ekologiska-ersketuogiu-arbata\/","url":"https:\/\/test.biopapa.de\/lt\/producte\/ekologiska-ersketuogiu-arbata\/","name":"Ekologi\u0161ka er\u0161k\u0117tuogi\u0173 arbata - Biopapa","isPartOf":{"@id":"https:\/\/test.biopapa.de\/lt\/#website"},"primaryImageOfPage":{"@id":"https:\/\/test.biopapa.de\/lt\/producte\/ekologiska-ersketuogiu-arbata\/#primaryimage"},"image":{"@id":"https:\/\/test.biopapa.de\/lt\/producte\/ekologiska-ersketuogiu-arbata\/#primaryimage"},"thumbnailUrl":"https:\/\/test.biopapa.de\/wp-content\/uploads\/2022\/08\/Ekologiska-ersketuogiu-ir-kinroziu-arbata.png","datePublished":"2022-08-06T14:53:58+00:00","dateModified":"2026-04-24T08:59:23+00:00","description":"Er\u0161k\u0117tuogi\u0173 arbata nuo seno vertinama d\u0117l savo nat\u016bralaus skonio ir nauding\u0173j\u0173 savybi\u0173.","breadcrumb":{"@id":"https:\/\/test.biopapa.de\/lt\/producte\/ekologiska-ersketuogiu-arbata\/#breadcrumb"},"inLanguage":"lt-LT","potentialAction":[{"@type":"ReadAction","target":["https:\/\/test.biopapa.de\/lt\/producte\/ekologiska-ersketuogiu-arbata\/"]}]},{"@type":"ImageObject","inLanguage":"lt-LT","@id":"https:\/\/test.biopapa.de\/lt\/producte\/ekologiska-ersketuogiu-arbata\/#primaryimage","url":"https:\/\/test.biopapa.de\/wp-content\/uploads\/2022\/08\/Ekologiska-ersketuogiu-ir-kinroziu-arbata.png","contentUrl":"https:\/\/test.biopapa.de\/wp-content\/uploads\/2022\/08\/Ekologiska-ersketuogiu-ir-kinroziu-arbata.png","width":800,"height":640,"caption":"Ekologis\u030cka ers\u030cke\u0307tuogiu\u0328 ir kinroz\u030ciu\u0328 arbata"},{"@type":"BreadcrumbList","@id":"https:\/\/test.biopapa.de\/lt\/producte\/ekologiska-ersketuogiu-arbata\/#breadcrumb","itemListElement":[{"@type":"ListItem","position":1,"name":"Home","item":"https:\/\/test.biopapa.de\/lt\/"},{"@type":"ListItem","position":2,"name":"Parduotuv\u0117","item":"https:\/\/test.biopapa.de\/lt\/parduotuve\/"},{"@type":"ListItem","position":3,"name":"Ekologi\u0161ka er\u0161k\u0117tuogi\u0173 arbata"}]},{"@type":"WebSite","@id":"https:\/\/test.biopapa.de\/lt\/#website","url":"https:\/\/test.biopapa.de\/lt\/","name":"Biopapa","description":"\u0160var\u016bs ekologi\u0161ki produktai","publisher":{"@id":"https:\/\/test.biopapa.de\/lt\/#organization"},"potentialAction":[{"@type":"SearchAction","target":{"@type":"EntryPoint","urlTemplate":"https:\/\/test.biopapa.de\/lt\/?s={search_term_string}"},"query-input":{"@type":"PropertyValueSpecification","valueRequired":true,"valueName":"search_term_string"}}],"inLanguage":"lt-LT"},{"@type":"Organization","@id":"https:\/\/test.biopapa.de\/lt\/#organization","name":"Biopapa","url":"https:\/\/test.biopapa.de\/lt\/","logo":{"@type":"ImageObject","inLanguage":"lt-LT","@id":"https:\/\/test.biopapa.de\/lt\/#\/schema\/logo\/image\/","url":"https:\/\/www.biopapa.lt\/wp-content\/uploads\/2022\/04\/facebook_biopapa.jpg","contentUrl":"https:\/\/www.biopapa.lt\/wp-content\/uploads\/2022\/04\/facebook_biopapa.jpg","width":1733,"height":907,"caption":"Biopapa"},"image":{"@id":"https:\/\/test.biopapa.de\/lt\/#\/schema\/logo\/image\/"},"sameAs":["https:\/\/www.facebook.com\/biopapa.lt"]}]}},"_links":{"self":[{"href":"https:\/\/test.biopapa.de\/lt\/wp-json\/wp\/v2\/product\/19636","targetHints":{"allow":["GET"]}}],"collection":[{"href":"https:\/\/test.biopapa.de\/lt\/wp-json\/wp\/v2\/product"}],"about":[{"href":"https:\/\/test.biopapa.de\/lt\/wp-json\/wp\/v2\/types\/product"}],"wp:featuredmedia":[{"embeddable":true,"href":"https:\/\/test.biopapa.de\/lt\/wp-json\/wp\/v2\/media\/22302"}],"wp:attachment":[{"href":"https:\/\/test.biopapa.de\/lt\/wp-json\/wp\/v2\/media?parent=19636"}],"wp:term":[{"taxonomy":"product_brand","embeddable":true,"href":"https:\/\/test.biopapa.de\/lt\/wp-json\/wp\/v2\/product_brand?post=19636"},{"taxonomy":"product_cat","embeddable":true,"href":"https:\/\/test.biopapa.de\/lt\/wp-json\/wp\/v2\/product_cat?post=19636"},{"taxonomy":"product_tag","embeddable":true,"href":"https:\/\/test.biopapa.de\/lt\/wp-json\/wp\/v2\/product_tag?post=19636"}],"curies":[{"name":"wp","href":"https:\/\/api.w.org\/{rel}","templated":true}]}}