{"id":18828,"date":"2022-05-30T18:15:28","date_gmt":"2022-05-30T15:15:28","guid":{"rendered":"https:\/\/www.biopapa.lt\/?post_type=product&#038;p=18828"},"modified":"2026-04-15T12:44:57","modified_gmt":"2026-04-15T09:44:57","slug":"ekologiski-mieziu-zelmenu-milteliai","status":"publish","type":"product","link":"https:\/\/test.biopapa.de\/lt\/producte\/ekologiski-mieziu-zelmenu-milteliai\/","title":{"rendered":"Ekologi\u0161ki mie\u017ei\u0173 \u017eelmen\u0173 milteliai"},"content":{"rendered":"<p>Jauni mie\u017ei\u0173 daigai ypa\u010d vertinami d\u0117l juose esan\u010dio chlorofilo, \u012fvairi\u0173 vitamin\u0173 ir mineralini\u0173 med\u017eiag\u0173. Mie\u017ei\u0173 \u017eelmen\u0173 milteliai yra sutrinti i\u0161d\u017eiovinti jauni mie\u017ei\u0173 daigai. \u0160ie milteliai yra lengvai vir\u0161kinami ir gerai \u012fsisavinami, jie \u0161armina organizm\u0105. Taip pat juose gausu maisting\u0173j\u0173 med\u017eiag\u0173, skaidul\u0173 ir baltym\u0173, aminor\u016bg\u0161\u010di\u0173. D\u0117l didelio baltym\u0173 kiekio, \u0161ie mie\u017ei\u0173 \u017eelmen\u0173 milteliai taip pat labai tinkami sportuojantiems ir u\u017esiimantiems aktyvia fizine veikla.<\/p>\n<p>Vartojimas: vartoti 3-4 arbatinius \u0161auk\u0161telius \u012f stiklin\u0119 vandens, sul\u010di\u0173, kokteilius ar salotas.<\/p>\n","protected":false},"excerpt":{"rendered":"<p>Jauni mie\u017ei\u0173 daigai ypa\u010d vertinami d\u0117l juose esan\u010dio chlorofilo, \u012fvairi\u0173 vitamin\u0173 ir mineralini\u0173 med\u017eiag\u0173. Mie\u017ei\u0173 \u017eelmen\u0173 milteliai yra sutrinti i\u0161d\u017eiovinti<\/p>\n","protected":false},"featured_media":22184,"template":"","meta":{"_acf_changed":false},"product_brand":[],"product_cat":[1216,2349],"product_tag":[1378,1382],"class_list":{"0":"post-18828","1":"product","2":"type-product","3":"status-publish","4":"has-post-thumbnail","6":"product_cat-augalinis-supermaistas","7":"product_cat-milteliai","8":"product_tag-veganams","9":"product_tag-zaliavalgiams","10":"pa_svoris-1-kg","11":"pa_svoris-100-g","12":"pa_svoris-200-g","13":"pa_svoris-25-kg","14":"pa_svoris-300-g","15":"pa_svoris-400-g","16":"pa_svoris-500-g","18":"first","19":"instock","20":"shipping-taxable","21":"purchasable","22":"product-type-variable"},"acf":[],"yoast_head":"<!-- This site is optimized with the Yoast SEO plugin v27.6 - https:\/\/yoast.com\/product\/yoast-seo-wordpress\/ -->\n<title>Ekologi\u0161ki mie\u017ei\u0173 \u017eelmen\u0173 milteliai - Biopapa<\/title>\n<meta name=\"robots\" content=\"index, follow, max-snippet:-1, max-image-preview:large, max-video-preview:-1\" \/>\n<link rel=\"canonical\" href=\"https:\/\/test.biopapa.de\/lt\/producte\/ekologiski-mieziu-zelmenu-milteliai\/\" \/>\n<meta property=\"og:locale\" content=\"lt_LT\" \/>\n<meta property=\"og:type\" content=\"article\" \/>\n<meta property=\"og:title\" content=\"Ekologi\u0161ki mie\u017ei\u0173 \u017eelmen\u0173 milteliai - Biopapa\" \/>\n<meta property=\"og:description\" content=\"Jauni mie\u017ei\u0173 daigai ypa\u010d vertinami d\u0117l juose esan\u010dio chlorofilo, \u012fvairi\u0173 vitamin\u0173 ir mineralini\u0173 med\u017eiag\u0173. Mie\u017ei\u0173 \u017eelmen\u0173 milteliai yra sutrinti i\u0161d\u017eiovinti\" \/>\n<meta property=\"og:url\" content=\"https:\/\/test.biopapa.de\/lt\/producte\/ekologiski-mieziu-zelmenu-milteliai\/\" \/>\n<meta property=\"og:site_name\" content=\"Biopapa\" \/>\n<meta property=\"article:publisher\" content=\"https:\/\/www.facebook.com\/biopapa.lt\" \/>\n<meta property=\"article:modified_time\" content=\"2026-04-15T09:44:57+00:00\" \/>\n<meta property=\"og:image\" content=\"https:\/\/test.biopapa.de\/wp-content\/uploads\/2022\/05\/mieziu_zelm.jpg\" \/>\n\t<meta property=\"og:image:width\" content=\"800\" \/>\n\t<meta property=\"og:image:height\" content=\"640\" \/>\n\t<meta property=\"og:image:type\" content=\"image\/jpeg\" \/>\n<meta name=\"twitter:card\" content=\"summary_large_image\" \/>\n<meta name=\"twitter:label1\" content=\"Est. reading time\" \/>\n\t<meta name=\"twitter:data1\" content=\"1 minut\u0117\" \/>\n<script type=\"application\/ld+json\" class=\"yoast-schema-graph\">{\"@context\":\"https:\\\/\\\/schema.org\",\"@graph\":[{\"@type\":\"WebPage\",\"@id\":\"https:\\\/\\\/test.biopapa.de\\\/lt\\\/producte\\\/ekologiski-mieziu-zelmenu-milteliai\\\/\",\"url\":\"https:\\\/\\\/test.biopapa.de\\\/lt\\\/producte\\\/ekologiski-mieziu-zelmenu-milteliai\\\/\",\"name\":\"Ekologi\u0161ki mie\u017ei\u0173 \u017eelmen\u0173 milteliai - Biopapa\",\"isPartOf\":{\"@id\":\"https:\\\/\\\/test.biopapa.de\\\/lt\\\/#website\"},\"primaryImageOfPage\":{\"@id\":\"https:\\\/\\\/test.biopapa.de\\\/lt\\\/producte\\\/ekologiski-mieziu-zelmenu-milteliai\\\/#primaryimage\"},\"image\":{\"@id\":\"https:\\\/\\\/test.biopapa.de\\\/lt\\\/producte\\\/ekologiski-mieziu-zelmenu-milteliai\\\/#primaryimage\"},\"thumbnailUrl\":\"https:\\\/\\\/test.biopapa.de\\\/wp-content\\\/uploads\\\/2022\\\/05\\\/mieziu_zelm.jpg\",\"datePublished\":\"2022-05-30T15:15:28+00:00\",\"dateModified\":\"2026-04-15T09:44:57+00:00\",\"breadcrumb\":{\"@id\":\"https:\\\/\\\/test.biopapa.de\\\/lt\\\/producte\\\/ekologiski-mieziu-zelmenu-milteliai\\\/#breadcrumb\"},\"inLanguage\":\"lt-LT\",\"potentialAction\":[{\"@type\":\"ReadAction\",\"target\":[\"https:\\\/\\\/test.biopapa.de\\\/lt\\\/producte\\\/ekologiski-mieziu-zelmenu-milteliai\\\/\"]}]},{\"@type\":\"ImageObject\",\"inLanguage\":\"lt-LT\",\"@id\":\"https:\\\/\\\/test.biopapa.de\\\/lt\\\/producte\\\/ekologiski-mieziu-zelmenu-milteliai\\\/#primaryimage\",\"url\":\"https:\\\/\\\/test.biopapa.de\\\/wp-content\\\/uploads\\\/2022\\\/05\\\/mieziu_zelm.jpg\",\"contentUrl\":\"https:\\\/\\\/test.biopapa.de\\\/wp-content\\\/uploads\\\/2022\\\/05\\\/mieziu_zelm.jpg\",\"width\":800,\"height\":640,\"caption\":\"Ekologi\u0161ki mie\u017ei\u0173 \u017eelmen\u0173 milteliai\"},{\"@type\":\"BreadcrumbList\",\"@id\":\"https:\\\/\\\/test.biopapa.de\\\/lt\\\/producte\\\/ekologiski-mieziu-zelmenu-milteliai\\\/#breadcrumb\",\"itemListElement\":[{\"@type\":\"ListItem\",\"position\":1,\"name\":\"Home\",\"item\":\"https:\\\/\\\/test.biopapa.de\\\/lt\\\/\"},{\"@type\":\"ListItem\",\"position\":2,\"name\":\"Parduotuv\u0117\",\"item\":\"https:\\\/\\\/test.biopapa.de\\\/lt\\\/parduotuve\\\/\"},{\"@type\":\"ListItem\",\"position\":3,\"name\":\"Ekologi\u0161ki mie\u017ei\u0173 \u017eelmen\u0173 milteliai\"}]},{\"@type\":\"WebSite\",\"@id\":\"https:\\\/\\\/test.biopapa.de\\\/lt\\\/#website\",\"url\":\"https:\\\/\\\/test.biopapa.de\\\/lt\\\/\",\"name\":\"Biopapa\",\"description\":\"\u0160var\u016bs ekologi\u0161ki produktai\",\"publisher\":{\"@id\":\"https:\\\/\\\/test.biopapa.de\\\/lt\\\/#organization\"},\"potentialAction\":[{\"@type\":\"SearchAction\",\"target\":{\"@type\":\"EntryPoint\",\"urlTemplate\":\"https:\\\/\\\/test.biopapa.de\\\/lt\\\/?s={search_term_string}\"},\"query-input\":{\"@type\":\"PropertyValueSpecification\",\"valueRequired\":true,\"valueName\":\"search_term_string\"}}],\"inLanguage\":\"lt-LT\"},{\"@type\":\"Organization\",\"@id\":\"https:\\\/\\\/test.biopapa.de\\\/lt\\\/#organization\",\"name\":\"Biopapa\",\"url\":\"https:\\\/\\\/test.biopapa.de\\\/lt\\\/\",\"logo\":{\"@type\":\"ImageObject\",\"inLanguage\":\"lt-LT\",\"@id\":\"https:\\\/\\\/test.biopapa.de\\\/lt\\\/#\\\/schema\\\/logo\\\/image\\\/\",\"url\":\"https:\\\/\\\/www.biopapa.lt\\\/wp-content\\\/uploads\\\/2022\\\/04\\\/facebook_biopapa.jpg\",\"contentUrl\":\"https:\\\/\\\/www.biopapa.lt\\\/wp-content\\\/uploads\\\/2022\\\/04\\\/facebook_biopapa.jpg\",\"width\":1733,\"height\":907,\"caption\":\"Biopapa\"},\"image\":{\"@id\":\"https:\\\/\\\/test.biopapa.de\\\/lt\\\/#\\\/schema\\\/logo\\\/image\\\/\"},\"sameAs\":[\"https:\\\/\\\/www.facebook.com\\\/biopapa.lt\"]}]}<\/script>\n<!-- \/ Yoast SEO plugin. -->","yoast_head_json":{"title":"Ekologi\u0161ki mie\u017ei\u0173 \u017eelmen\u0173 milteliai - Biopapa","robots":{"index":"index","follow":"follow","max-snippet":"max-snippet:-1","max-image-preview":"max-image-preview:large","max-video-preview":"max-video-preview:-1"},"canonical":"https:\/\/test.biopapa.de\/lt\/producte\/ekologiski-mieziu-zelmenu-milteliai\/","og_locale":"lt_LT","og_type":"article","og_title":"Ekologi\u0161ki mie\u017ei\u0173 \u017eelmen\u0173 milteliai - Biopapa","og_description":"Jauni mie\u017ei\u0173 daigai ypa\u010d vertinami d\u0117l juose esan\u010dio chlorofilo, \u012fvairi\u0173 vitamin\u0173 ir mineralini\u0173 med\u017eiag\u0173. Mie\u017ei\u0173 \u017eelmen\u0173 milteliai yra sutrinti i\u0161d\u017eiovinti","og_url":"https:\/\/test.biopapa.de\/lt\/producte\/ekologiski-mieziu-zelmenu-milteliai\/","og_site_name":"Biopapa","article_publisher":"https:\/\/www.facebook.com\/biopapa.lt","article_modified_time":"2026-04-15T09:44:57+00:00","og_image":[{"width":800,"height":640,"url":"https:\/\/test.biopapa.de\/wp-content\/uploads\/2022\/05\/mieziu_zelm.jpg","type":"image\/jpeg"}],"twitter_card":"summary_large_image","twitter_misc":{"Est. reading time":"1 minut\u0117"},"schema":{"@context":"https:\/\/schema.org","@graph":[{"@type":"WebPage","@id":"https:\/\/test.biopapa.de\/lt\/producte\/ekologiski-mieziu-zelmenu-milteliai\/","url":"https:\/\/test.biopapa.de\/lt\/producte\/ekologiski-mieziu-zelmenu-milteliai\/","name":"Ekologi\u0161ki mie\u017ei\u0173 \u017eelmen\u0173 milteliai - Biopapa","isPartOf":{"@id":"https:\/\/test.biopapa.de\/lt\/#website"},"primaryImageOfPage":{"@id":"https:\/\/test.biopapa.de\/lt\/producte\/ekologiski-mieziu-zelmenu-milteliai\/#primaryimage"},"image":{"@id":"https:\/\/test.biopapa.de\/lt\/producte\/ekologiski-mieziu-zelmenu-milteliai\/#primaryimage"},"thumbnailUrl":"https:\/\/test.biopapa.de\/wp-content\/uploads\/2022\/05\/mieziu_zelm.jpg","datePublished":"2022-05-30T15:15:28+00:00","dateModified":"2026-04-15T09:44:57+00:00","breadcrumb":{"@id":"https:\/\/test.biopapa.de\/lt\/producte\/ekologiski-mieziu-zelmenu-milteliai\/#breadcrumb"},"inLanguage":"lt-LT","potentialAction":[{"@type":"ReadAction","target":["https:\/\/test.biopapa.de\/lt\/producte\/ekologiski-mieziu-zelmenu-milteliai\/"]}]},{"@type":"ImageObject","inLanguage":"lt-LT","@id":"https:\/\/test.biopapa.de\/lt\/producte\/ekologiski-mieziu-zelmenu-milteliai\/#primaryimage","url":"https:\/\/test.biopapa.de\/wp-content\/uploads\/2022\/05\/mieziu_zelm.jpg","contentUrl":"https:\/\/test.biopapa.de\/wp-content\/uploads\/2022\/05\/mieziu_zelm.jpg","width":800,"height":640,"caption":"Ekologi\u0161ki mie\u017ei\u0173 \u017eelmen\u0173 milteliai"},{"@type":"BreadcrumbList","@id":"https:\/\/test.biopapa.de\/lt\/producte\/ekologiski-mieziu-zelmenu-milteliai\/#breadcrumb","itemListElement":[{"@type":"ListItem","position":1,"name":"Home","item":"https:\/\/test.biopapa.de\/lt\/"},{"@type":"ListItem","position":2,"name":"Parduotuv\u0117","item":"https:\/\/test.biopapa.de\/lt\/parduotuve\/"},{"@type":"ListItem","position":3,"name":"Ekologi\u0161ki mie\u017ei\u0173 \u017eelmen\u0173 milteliai"}]},{"@type":"WebSite","@id":"https:\/\/test.biopapa.de\/lt\/#website","url":"https:\/\/test.biopapa.de\/lt\/","name":"Biopapa","description":"\u0160var\u016bs ekologi\u0161ki produktai","publisher":{"@id":"https:\/\/test.biopapa.de\/lt\/#organization"},"potentialAction":[{"@type":"SearchAction","target":{"@type":"EntryPoint","urlTemplate":"https:\/\/test.biopapa.de\/lt\/?s={search_term_string}"},"query-input":{"@type":"PropertyValueSpecification","valueRequired":true,"valueName":"search_term_string"}}],"inLanguage":"lt-LT"},{"@type":"Organization","@id":"https:\/\/test.biopapa.de\/lt\/#organization","name":"Biopapa","url":"https:\/\/test.biopapa.de\/lt\/","logo":{"@type":"ImageObject","inLanguage":"lt-LT","@id":"https:\/\/test.biopapa.de\/lt\/#\/schema\/logo\/image\/","url":"https:\/\/www.biopapa.lt\/wp-content\/uploads\/2022\/04\/facebook_biopapa.jpg","contentUrl":"https:\/\/www.biopapa.lt\/wp-content\/uploads\/2022\/04\/facebook_biopapa.jpg","width":1733,"height":907,"caption":"Biopapa"},"image":{"@id":"https:\/\/test.biopapa.de\/lt\/#\/schema\/logo\/image\/"},"sameAs":["https:\/\/www.facebook.com\/biopapa.lt"]}]}},"_links":{"self":[{"href":"https:\/\/test.biopapa.de\/lt\/wp-json\/wp\/v2\/product\/18828","targetHints":{"allow":["GET"]}}],"collection":[{"href":"https:\/\/test.biopapa.de\/lt\/wp-json\/wp\/v2\/product"}],"about":[{"href":"https:\/\/test.biopapa.de\/lt\/wp-json\/wp\/v2\/types\/product"}],"wp:featuredmedia":[{"embeddable":true,"href":"https:\/\/test.biopapa.de\/lt\/wp-json\/wp\/v2\/media\/22184"}],"wp:attachment":[{"href":"https:\/\/test.biopapa.de\/lt\/wp-json\/wp\/v2\/media?parent=18828"}],"wp:term":[{"taxonomy":"product_brand","embeddable":true,"href":"https:\/\/test.biopapa.de\/lt\/wp-json\/wp\/v2\/product_brand?post=18828"},{"taxonomy":"product_cat","embeddable":true,"href":"https:\/\/test.biopapa.de\/lt\/wp-json\/wp\/v2\/product_cat?post=18828"},{"taxonomy":"product_tag","embeddable":true,"href":"https:\/\/test.biopapa.de\/lt\/wp-json\/wp\/v2\/product_tag?post=18828"}],"curies":[{"name":"wp","href":"https:\/\/api.w.org\/{rel}","templated":true}]}}