{"id":18796,"date":"2022-05-30T17:56:14","date_gmt":"2022-05-30T14:56:14","guid":{"rendered":"https:\/\/www.biopapa.lt\/?post_type=product&#038;p=18796"},"modified":"2026-05-12T16:48:46","modified_gmt":"2026-05-12T13:48:46","slug":"ekologiska-guaro-guma","status":"publish","type":"product","link":"https:\/\/test.biopapa.de\/lt\/producte\/ekologiska-guaro-guma\/","title":{"rendered":"Ekologi\u0161ka Guaro guma"},"content":{"rendered":"<p><strong>Guaro guma<\/strong> gaunama i\u0161 guaro augalo <em>Cyamopsis tetragonoloba<\/em>, kurio gimtin\u0117 yra Indija ir Pakistanas, s\u0117kl\u0173. Lietuvi\u0161kas vardas\u00a0 kampuotoji pupen\u0117.<br \/>\nGuaro derva savo savyb\u0117mis pana\u0161i su sald\u017ei\u0173j\u0173 ceratonij\u0173 derva (pagaminta i\u0161 kerobo s\u0117kl\u0173 milteli\u0173), taip pat \u017einoma kaip kerobo derva. Kaip ir guaro derva, \u0161ie milteliai pagaminti i\u0161 ank\u0161tinio augalo s\u0117klos endospermo. Ta\u010diau \u0161ios dvi r\u016b\u0161ys turi skirtum\u0173. Guaro derva greitai tirpsta kambario temperat\u016bros vandenyje, o kerobo derva, kad gerai i\u0161tirpt\u0173, venden\u012f reikia pa\u0161ildyti iki ma\u017edaug 85 \u00b0C.<br \/>\nKad nesusipainioti, priminsime, kad taip m\u0117gstami \u201c\u0161okoladiniai\u2019 <a href=\"https:\/\/www.biopapa.lt\/?s=kerob&amp;post_type=product\">Kerobo milteliai<\/a> yra pagaminti i\u0161 kerobo anks\u010di\u0173, o kerobo derva &#8211; i\u0161 kerobo s\u0117kl\u0173.<br \/>\nGuaro guma yra nat\u016brali tir\u0161tinanti ir stabilizuojanti med\u017eiaga (E412), pla\u010diai naudojama maisto, vaist\u0173 ir kosmetikos pramon\u0117je.<br \/>\nGuaro guma ne tik naudojama kulinarijoje, bet ir sulauk\u0117 d\u0117mesio d\u0117l galimos naudos sveikatai.<\/p>\n<p><em>D\u0117mesio<\/em><br \/>\nNors ekologi\u0161ka guaro derva daugeliui \u017emoni\u0173 yra saugi, per didelis vartojimas gali sukelti \u0161alutin\u012f poveik\u012f, pvz., pilvo p\u016btim\u0105, duj\u0173 susidarym\u0105 ir diskomfort\u0105 pilve.<br \/>\nLabai svarbu saikingai naudoti guaro gum\u0105 ir atsi\u017evelgti \u012f individualius poreikius.<\/p>\n<p><em>Naudojimas<\/em><br \/>\nGuaro derva pagerina kepini\u0173, toki\u0173 kaip duona, pyragai ir pyragai\u010diai, tekst\u016br\u0105 ir apimt\u012f, tod\u0117l ger\u0117ja kokyb\u0117 ir pailg\u0117ja galiojimo laikas.<br \/>\nGuavo derva da\u017eniausiai naudojama augaliniuose pieno ir jogurto produktuose, siekiant i\u0161gauti kremin\u0119 konsistencij\u0105 ir u\u017ekirsti keli\u0105 sudedam\u0173j\u0173 dali\u0173 atsiskyrimui.<br \/>\nGuaro derva yra puikus pada\u017e\u0173, pada\u017e\u0173 ir pada\u017e\u0173 tir\u0161tiklis, sukuriantis lygi\u0105 ir nuosekli\u0105 tekst\u016br\u0105.<br \/>\nNaudojama desert\u0173, led\u0173 gamyboje.<br \/>\nGuaro derva gali b\u016bti naudojama kaip neutralaus skonio ir kvapo \u017eelatinos pakaitalas.<\/p>\n<p><em>Rekomenduojama vartoti<\/em><br \/>\nKar\u0161tam maistui (pada\u017eai, tro\u0161kiniai, pudingai) &#8211; 1 litrui skys\u010dio naudokite 1\u20133 arbatinius \u0161auk\u0161telius milteli\u0173.<br \/>\n\u0160altam maistui (salot\u0173 pada\u017eai, ledai, pudingai) &#8211;\u00a0 1 litrui skys\u010dio naudokite 1\u20132 arbatinius \u0161auk\u0161telius milteli\u0173.<\/p>\n<p class=\"p1\">Vidiniam vartojimui, guaro guma yra saugi daugeliui \u017emoni\u0173, ta\u010diau rekomenduojama vartoti ne ilgiau nei du metus.<br \/>\nN\u0117\u0161\u010diosioms. Guaro derva gali b\u016bti saugi iki 4 savai\u010di\u0173.<br \/>\n\u017dindan\u010dioms. N\u0117ra pakankamai patikimos informacijos, kad \u017einotum\u0117te, ar guaro derv\u0105 saugu naudoti maitinant kr\u016btimi.<br \/>\nVaikams. 4 met\u0173 ir vyresniems vaikams guaro derva vartoti saugu.<\/p>\n<p><em>\u0160altiniai<\/em><br \/>\nhttps:\/\/www.healthline.com<br \/>\nhttps:\/\/www.ncbi.nlm.nih.gov<\/p>\n<p><em>PASTABA. \u010cia pateikta informacija negali b\u016bti interpretuojama kaip gydymo ar kitokio pob\u016bd\u017eio sveikatos klausim\u0173 sprendimo rekomendacija.<\/em><br \/>\n<em>Raginame sprendimus, susijusius su asmenine sveikata, priimti asmeni\u0161kai, \u012fvertinus \u012fvairius informacijos \u0161altinius.<\/em><\/p>\n","protected":false},"excerpt":{"rendered":"<p>Guaro guma gaunama i\u0161 guaro augalo Cyamopsis tetragonoloba, kurio gimtin\u0117 yra Indija ir Pakistanas, s\u0117kl\u0173. Lietuvi\u0161kas vardas\u00a0 kampuotoji pupen\u0117. Guaro<\/p>\n","protected":false},"featured_media":18860,"template":"","meta":{"_acf_changed":false},"product_brand":[],"product_cat":[1216,2345,2349,2337,1315],"product_tag":[2336,1378],"class_list":{"0":"post-18796","1":"product","2":"type-product","3":"status-publish","4":"has-post-thumbnail","6":"product_cat-augalinis-supermaistas","7":"product_cat-kiti-priedai","8":"product_cat-milteliai","9":"product_cat-priedai-maistui-ruosti","10":"product_cat-ekologiski-prieskoniai","11":"product_tag-ekologiska","12":"product_tag-veganams","13":"pa_svoris-1-kg","14":"pa_svoris-10-kg","15":"pa_svoris-100-g","16":"pa_svoris-200-g","17":"pa_svoris-300-g","18":"pa_svoris-400-g","19":"pa_svoris-500-g","21":"first","22":"instock","23":"shipping-taxable","24":"purchasable","25":"product-type-variable"},"acf":[],"yoast_head":"<!-- This site is optimized with the Yoast SEO plugin v27.6 - https:\/\/yoast.com\/product\/yoast-seo-wordpress\/ -->\n<title>Ekologi\u0161ka Guaro guma - Biopapa<\/title>\n<meta name=\"description\" content=\"Ekologi\u0161ka guaro derva yra vertingas ir nat\u016bralus ingredientas, pla\u010diai naudojamas maisto pramon\u0117je d\u0117l savo tir\u0161tinimo ir stabilizavimo savybi\u0173. Be kulinarinio pritaikymo, moksliniai tyrimai patvirtina galim\u0105 ekologi\u0161kos guaro dervos naud\u0105 sveikatai, ypa\u010d palaikant vir\u0161kinimo ir cukraus kiekio kraujyje reguliavim\u0105.\" \/>\n<meta name=\"robots\" content=\"index, follow, max-snippet:-1, max-image-preview:large, max-video-preview:-1\" \/>\n<link rel=\"canonical\" href=\"https:\/\/test.biopapa.de\/lt\/producte\/ekologiska-guaro-guma\/\" \/>\n<meta property=\"og:locale\" content=\"lt_LT\" \/>\n<meta property=\"og:type\" content=\"article\" \/>\n<meta property=\"og:title\" content=\"Ekologi\u0161ka Guaro guma - Biopapa\" \/>\n<meta property=\"og:description\" content=\"Ekologi\u0161ka guaro derva yra vertingas ir nat\u016bralus ingredientas, pla\u010diai naudojamas maisto pramon\u0117je d\u0117l savo tir\u0161tinimo ir stabilizavimo savybi\u0173. Be kulinarinio pritaikymo, moksliniai tyrimai patvirtina galim\u0105 ekologi\u0161kos guaro dervos naud\u0105 sveikatai, ypa\u010d palaikant vir\u0161kinimo ir cukraus kiekio kraujyje reguliavim\u0105.\" \/>\n<meta property=\"og:url\" content=\"https:\/\/test.biopapa.de\/lt\/producte\/ekologiska-guaro-guma\/\" \/>\n<meta property=\"og:site_name\" content=\"Biopapa\" \/>\n<meta property=\"article:publisher\" content=\"https:\/\/www.facebook.com\/biopapa.lt\" \/>\n<meta property=\"article:modified_time\" content=\"2026-05-12T13:48:46+00:00\" \/>\n<meta property=\"og:image\" content=\"https:\/\/test.biopapa.de\/wp-content\/uploads\/2022\/05\/guaro-guma.jpg\" \/>\n\t<meta property=\"og:image:width\" content=\"800\" \/>\n\t<meta property=\"og:image:height\" content=\"640\" \/>\n\t<meta property=\"og:image:type\" content=\"image\/jpeg\" \/>\n<meta name=\"twitter:card\" content=\"summary_large_image\" \/>\n<meta name=\"twitter:label1\" content=\"Est. reading time\" \/>\n\t<meta name=\"twitter:data1\" content=\"1 minut\u0117\" \/>\n<script type=\"application\/ld+json\" class=\"yoast-schema-graph\">{\"@context\":\"https:\\\/\\\/schema.org\",\"@graph\":[{\"@type\":\"WebPage\",\"@id\":\"https:\\\/\\\/test.biopapa.de\\\/lt\\\/producte\\\/ekologiska-guaro-guma\\\/\",\"url\":\"https:\\\/\\\/test.biopapa.de\\\/lt\\\/producte\\\/ekologiska-guaro-guma\\\/\",\"name\":\"Ekologi\u0161ka Guaro guma - Biopapa\",\"isPartOf\":{\"@id\":\"https:\\\/\\\/test.biopapa.de\\\/lt\\\/#website\"},\"primaryImageOfPage\":{\"@id\":\"https:\\\/\\\/test.biopapa.de\\\/lt\\\/producte\\\/ekologiska-guaro-guma\\\/#primaryimage\"},\"image\":{\"@id\":\"https:\\\/\\\/test.biopapa.de\\\/lt\\\/producte\\\/ekologiska-guaro-guma\\\/#primaryimage\"},\"thumbnailUrl\":\"https:\\\/\\\/test.biopapa.de\\\/wp-content\\\/uploads\\\/2022\\\/05\\\/guaro-guma.jpg\",\"datePublished\":\"2022-05-30T14:56:14+00:00\",\"dateModified\":\"2026-05-12T13:48:46+00:00\",\"description\":\"Ekologi\u0161ka guaro derva yra vertingas ir nat\u016bralus ingredientas, pla\u010diai naudojamas maisto pramon\u0117je d\u0117l savo tir\u0161tinimo ir stabilizavimo savybi\u0173. Be kulinarinio pritaikymo, moksliniai tyrimai patvirtina galim\u0105 ekologi\u0161kos guaro dervos naud\u0105 sveikatai, ypa\u010d palaikant vir\u0161kinimo ir cukraus kiekio kraujyje reguliavim\u0105.\",\"breadcrumb\":{\"@id\":\"https:\\\/\\\/test.biopapa.de\\\/lt\\\/producte\\\/ekologiska-guaro-guma\\\/#breadcrumb\"},\"inLanguage\":\"lt-LT\",\"potentialAction\":[{\"@type\":\"ReadAction\",\"target\":[\"https:\\\/\\\/test.biopapa.de\\\/lt\\\/producte\\\/ekologiska-guaro-guma\\\/\"]}]},{\"@type\":\"ImageObject\",\"inLanguage\":\"lt-LT\",\"@id\":\"https:\\\/\\\/test.biopapa.de\\\/lt\\\/producte\\\/ekologiska-guaro-guma\\\/#primaryimage\",\"url\":\"https:\\\/\\\/test.biopapa.de\\\/wp-content\\\/uploads\\\/2022\\\/05\\\/guaro-guma.jpg\",\"contentUrl\":\"https:\\\/\\\/test.biopapa.de\\\/wp-content\\\/uploads\\\/2022\\\/05\\\/guaro-guma.jpg\",\"width\":800,\"height\":640,\"caption\":\"Ekologi\u0161ka Guaro guma\"},{\"@type\":\"BreadcrumbList\",\"@id\":\"https:\\\/\\\/test.biopapa.de\\\/lt\\\/producte\\\/ekologiska-guaro-guma\\\/#breadcrumb\",\"itemListElement\":[{\"@type\":\"ListItem\",\"position\":1,\"name\":\"Home\",\"item\":\"https:\\\/\\\/test.biopapa.de\\\/lt\\\/\"},{\"@type\":\"ListItem\",\"position\":2,\"name\":\"Parduotuv\u0117\",\"item\":\"https:\\\/\\\/test.biopapa.de\\\/lt\\\/parduotuve\\\/\"},{\"@type\":\"ListItem\",\"position\":3,\"name\":\"Ekologi\u0161ka Guaro guma\"}]},{\"@type\":\"WebSite\",\"@id\":\"https:\\\/\\\/test.biopapa.de\\\/lt\\\/#website\",\"url\":\"https:\\\/\\\/test.biopapa.de\\\/lt\\\/\",\"name\":\"Biopapa\",\"description\":\"\u0160var\u016bs ekologi\u0161ki produktai\",\"publisher\":{\"@id\":\"https:\\\/\\\/test.biopapa.de\\\/lt\\\/#organization\"},\"potentialAction\":[{\"@type\":\"SearchAction\",\"target\":{\"@type\":\"EntryPoint\",\"urlTemplate\":\"https:\\\/\\\/test.biopapa.de\\\/lt\\\/?s={search_term_string}\"},\"query-input\":{\"@type\":\"PropertyValueSpecification\",\"valueRequired\":true,\"valueName\":\"search_term_string\"}}],\"inLanguage\":\"lt-LT\"},{\"@type\":\"Organization\",\"@id\":\"https:\\\/\\\/test.biopapa.de\\\/lt\\\/#organization\",\"name\":\"Biopapa\",\"url\":\"https:\\\/\\\/test.biopapa.de\\\/lt\\\/\",\"logo\":{\"@type\":\"ImageObject\",\"inLanguage\":\"lt-LT\",\"@id\":\"https:\\\/\\\/test.biopapa.de\\\/lt\\\/#\\\/schema\\\/logo\\\/image\\\/\",\"url\":\"https:\\\/\\\/www.biopapa.lt\\\/wp-content\\\/uploads\\\/2022\\\/04\\\/facebook_biopapa.jpg\",\"contentUrl\":\"https:\\\/\\\/www.biopapa.lt\\\/wp-content\\\/uploads\\\/2022\\\/04\\\/facebook_biopapa.jpg\",\"width\":1733,\"height\":907,\"caption\":\"Biopapa\"},\"image\":{\"@id\":\"https:\\\/\\\/test.biopapa.de\\\/lt\\\/#\\\/schema\\\/logo\\\/image\\\/\"},\"sameAs\":[\"https:\\\/\\\/www.facebook.com\\\/biopapa.lt\"]}]}<\/script>\n<!-- \/ Yoast SEO plugin. -->","yoast_head_json":{"title":"Ekologi\u0161ka Guaro guma - Biopapa","description":"Ekologi\u0161ka guaro derva yra vertingas ir nat\u016bralus ingredientas, pla\u010diai naudojamas maisto pramon\u0117je d\u0117l savo tir\u0161tinimo ir stabilizavimo savybi\u0173. Be kulinarinio pritaikymo, moksliniai tyrimai patvirtina galim\u0105 ekologi\u0161kos guaro dervos naud\u0105 sveikatai, ypa\u010d palaikant vir\u0161kinimo ir cukraus kiekio kraujyje reguliavim\u0105.","robots":{"index":"index","follow":"follow","max-snippet":"max-snippet:-1","max-image-preview":"max-image-preview:large","max-video-preview":"max-video-preview:-1"},"canonical":"https:\/\/test.biopapa.de\/lt\/producte\/ekologiska-guaro-guma\/","og_locale":"lt_LT","og_type":"article","og_title":"Ekologi\u0161ka Guaro guma - Biopapa","og_description":"Ekologi\u0161ka guaro derva yra vertingas ir nat\u016bralus ingredientas, pla\u010diai naudojamas maisto pramon\u0117je d\u0117l savo tir\u0161tinimo ir stabilizavimo savybi\u0173. Be kulinarinio pritaikymo, moksliniai tyrimai patvirtina galim\u0105 ekologi\u0161kos guaro dervos naud\u0105 sveikatai, ypa\u010d palaikant vir\u0161kinimo ir cukraus kiekio kraujyje reguliavim\u0105.","og_url":"https:\/\/test.biopapa.de\/lt\/producte\/ekologiska-guaro-guma\/","og_site_name":"Biopapa","article_publisher":"https:\/\/www.facebook.com\/biopapa.lt","article_modified_time":"2026-05-12T13:48:46+00:00","og_image":[{"width":800,"height":640,"url":"https:\/\/test.biopapa.de\/wp-content\/uploads\/2022\/05\/guaro-guma.jpg","type":"image\/jpeg"}],"twitter_card":"summary_large_image","twitter_misc":{"Est. reading time":"1 minut\u0117"},"schema":{"@context":"https:\/\/schema.org","@graph":[{"@type":"WebPage","@id":"https:\/\/test.biopapa.de\/lt\/producte\/ekologiska-guaro-guma\/","url":"https:\/\/test.biopapa.de\/lt\/producte\/ekologiska-guaro-guma\/","name":"Ekologi\u0161ka Guaro guma - Biopapa","isPartOf":{"@id":"https:\/\/test.biopapa.de\/lt\/#website"},"primaryImageOfPage":{"@id":"https:\/\/test.biopapa.de\/lt\/producte\/ekologiska-guaro-guma\/#primaryimage"},"image":{"@id":"https:\/\/test.biopapa.de\/lt\/producte\/ekologiska-guaro-guma\/#primaryimage"},"thumbnailUrl":"https:\/\/test.biopapa.de\/wp-content\/uploads\/2022\/05\/guaro-guma.jpg","datePublished":"2022-05-30T14:56:14+00:00","dateModified":"2026-05-12T13:48:46+00:00","description":"Ekologi\u0161ka guaro derva yra vertingas ir nat\u016bralus ingredientas, pla\u010diai naudojamas maisto pramon\u0117je d\u0117l savo tir\u0161tinimo ir stabilizavimo savybi\u0173. Be kulinarinio pritaikymo, moksliniai tyrimai patvirtina galim\u0105 ekologi\u0161kos guaro dervos naud\u0105 sveikatai, ypa\u010d palaikant vir\u0161kinimo ir cukraus kiekio kraujyje reguliavim\u0105.","breadcrumb":{"@id":"https:\/\/test.biopapa.de\/lt\/producte\/ekologiska-guaro-guma\/#breadcrumb"},"inLanguage":"lt-LT","potentialAction":[{"@type":"ReadAction","target":["https:\/\/test.biopapa.de\/lt\/producte\/ekologiska-guaro-guma\/"]}]},{"@type":"ImageObject","inLanguage":"lt-LT","@id":"https:\/\/test.biopapa.de\/lt\/producte\/ekologiska-guaro-guma\/#primaryimage","url":"https:\/\/test.biopapa.de\/wp-content\/uploads\/2022\/05\/guaro-guma.jpg","contentUrl":"https:\/\/test.biopapa.de\/wp-content\/uploads\/2022\/05\/guaro-guma.jpg","width":800,"height":640,"caption":"Ekologi\u0161ka Guaro guma"},{"@type":"BreadcrumbList","@id":"https:\/\/test.biopapa.de\/lt\/producte\/ekologiska-guaro-guma\/#breadcrumb","itemListElement":[{"@type":"ListItem","position":1,"name":"Home","item":"https:\/\/test.biopapa.de\/lt\/"},{"@type":"ListItem","position":2,"name":"Parduotuv\u0117","item":"https:\/\/test.biopapa.de\/lt\/parduotuve\/"},{"@type":"ListItem","position":3,"name":"Ekologi\u0161ka Guaro guma"}]},{"@type":"WebSite","@id":"https:\/\/test.biopapa.de\/lt\/#website","url":"https:\/\/test.biopapa.de\/lt\/","name":"Biopapa","description":"\u0160var\u016bs ekologi\u0161ki produktai","publisher":{"@id":"https:\/\/test.biopapa.de\/lt\/#organization"},"potentialAction":[{"@type":"SearchAction","target":{"@type":"EntryPoint","urlTemplate":"https:\/\/test.biopapa.de\/lt\/?s={search_term_string}"},"query-input":{"@type":"PropertyValueSpecification","valueRequired":true,"valueName":"search_term_string"}}],"inLanguage":"lt-LT"},{"@type":"Organization","@id":"https:\/\/test.biopapa.de\/lt\/#organization","name":"Biopapa","url":"https:\/\/test.biopapa.de\/lt\/","logo":{"@type":"ImageObject","inLanguage":"lt-LT","@id":"https:\/\/test.biopapa.de\/lt\/#\/schema\/logo\/image\/","url":"https:\/\/www.biopapa.lt\/wp-content\/uploads\/2022\/04\/facebook_biopapa.jpg","contentUrl":"https:\/\/www.biopapa.lt\/wp-content\/uploads\/2022\/04\/facebook_biopapa.jpg","width":1733,"height":907,"caption":"Biopapa"},"image":{"@id":"https:\/\/test.biopapa.de\/lt\/#\/schema\/logo\/image\/"},"sameAs":["https:\/\/www.facebook.com\/biopapa.lt"]}]}},"_links":{"self":[{"href":"https:\/\/test.biopapa.de\/lt\/wp-json\/wp\/v2\/product\/18796","targetHints":{"allow":["GET"]}}],"collection":[{"href":"https:\/\/test.biopapa.de\/lt\/wp-json\/wp\/v2\/product"}],"about":[{"href":"https:\/\/test.biopapa.de\/lt\/wp-json\/wp\/v2\/types\/product"}],"wp:featuredmedia":[{"embeddable":true,"href":"https:\/\/test.biopapa.de\/lt\/wp-json\/wp\/v2\/media\/18860"}],"wp:attachment":[{"href":"https:\/\/test.biopapa.de\/lt\/wp-json\/wp\/v2\/media?parent=18796"}],"wp:term":[{"taxonomy":"product_brand","embeddable":true,"href":"https:\/\/test.biopapa.de\/lt\/wp-json\/wp\/v2\/product_brand?post=18796"},{"taxonomy":"product_cat","embeddable":true,"href":"https:\/\/test.biopapa.de\/lt\/wp-json\/wp\/v2\/product_cat?post=18796"},{"taxonomy":"product_tag","embeddable":true,"href":"https:\/\/test.biopapa.de\/lt\/wp-json\/wp\/v2\/product_tag?post=18796"}],"curies":[{"name":"wp","href":"https:\/\/api.w.org\/{rel}","templated":true}]}}