{"id":15559,"date":"2021-10-13T13:30:27","date_gmt":"2021-10-13T10:30:27","guid":{"rendered":"https:\/\/www.biopapa.lt\/?post_type=product&#038;p=15559"},"modified":"2026-02-13T09:53:43","modified_gmt":"2026-02-13T07:53:43","slug":"ekologiska-juodgrude","status":"publish","type":"product","link":"https:\/\/test.biopapa.de\/lt\/producte\/ekologiska-juodgrude\/","title":{"rendered":"Ekologi\u0161kos juodgr\u016bd\u0117s (juod\u0173j\u0173 kmyn\u0173) s\u0117klos"},"content":{"rendered":"<p><strong>Ekologi\u0161kos juodgr\u016bd\u0117s<\/strong> (juod\u0173j\u0173 kmyn\u0173)\u00a0kelion\u0117 nuo tradicinio naudojimo iki \u0161iuolaikin\u0117s sveikatingumo s\u0105junginink\u0117s.<br \/>\nJuodgr\u016bd\u0117, ma\u017ea, bet naudinga s\u0117kla, gauta i\u0161\u00a0Nigella sativa\u00a0augalo, turi turting\u0105 istorij\u0105 ir vis did\u0117jant\u012f mokslin\u012f susidom\u0117jim\u0105. Juodasis kmynas arba Kalonji, yra \u017eydintis augalas, kuris auga Piet\u0173 ir Pietvakari\u0173 Azijos regionuose. Nors populiariai \u017einomas kaip juodasis kmynas, jo nereik\u0117t\u0173 painioti su \u201eKala Jeera\u201c, kumynu priklausan\u010diu Biniu bulbocastanum \u0161eimai. \u0160i nepretenzinga s\u0117kla, da\u017enai vadinama juodaisiais kmynais arba juodosiomis s\u0117klomis, gali pasigirti \u012fvairiapuse nauda sveikatai.<\/p>\n<p>D\u0117mesio<br \/>\nNors paprastai Juodgr\u016bd\u0117 yra saugu vartoti, kai kurie asmenys gali b\u016bti jautr\u016bs Juodgr\u016bd\u0117s s\u0117kloms ar aliejui. Jei naudojate pirm\u0105 kart\u0105, patartina prad\u0117ti nuo nedidelio kiekio.<br \/>\nTurintys rimt\u0173 sveikatos sutrikim\u0173, b\u016bkite atid\u016bs naudodami\u00a0Juodgr\u016bd\u0117s s\u0117klas ar Juodgr\u016bd\u0117s aliej\u0173\u00a0kaip pried\u0105 ar vaist\u0105.<br \/>\nN\u0117\u0161\u010diosioms ar kr\u016btimi maitinan\u010dios moterims vartoti nerekomenduojama.<\/p>\n<p>Juodgr\u016bd\u0117s s\u0117klos yra populiarus Artim\u0173j\u0173 Ryt\u0173 ir Indijos virtuv\u0117s prieskonis, da\u017enai naudojamas tokiems patiekalus kaip karis, tro\u0161kiniai, duona, bei marinavimui.<br \/>\nJuodg\u016bd\u0117s milteliais galima pagardinti kav\u0105 ar arbat\u0105.<\/p>\n<p>\u0160altiniai<br \/>\nhttps:\/\/www.healthline.com<br \/>\nhttps:\/\/www.webmd.com<\/p>\n<p><em>PASTABA. \u010cia pateikta informacija negali b\u016bti interpretuojama kaip gydymo ar kitokio pob\u016bd\u017eio sveikatos klausim\u0173 sprendimo rekomendacija. Raginame sprendimus, susijusius su asmenine sveikata, priimti asmeni\u0161kai, \u012fvertinus \u012fvairius informacijos \u0161altinius.<\/em><\/p>\n","protected":false},"excerpt":{"rendered":"<p>Ekologi\u0161kos juodgr\u016bd\u0117s (juod\u0173j\u0173 kmyn\u0173)\u00a0kelion\u0117 nuo tradicinio naudojimo iki \u0161iuolaikin\u0117s sveikatingumo s\u0105junginink\u0117s. Juodgr\u016bd\u0117, ma\u017ea, bet naudinga s\u0117kla, gauta i\u0161\u00a0Nigella sativa\u00a0augalo, turi<\/p>\n","protected":false},"featured_media":16017,"template":"","meta":{"_acf_changed":false},"product_brand":[],"product_cat":[1315,730],"product_tag":[1380,1378],"class_list":{"0":"post-15559","1":"product","2":"type-product","3":"status-publish","4":"has-post-thumbnail","6":"product_cat-ekologiski-prieskoniai","7":"product_cat-ekologiski-riesutai-seklos","8":"product_tag-keto-mityba","9":"product_tag-veganams","10":"pa_svoris-1-kg","11":"pa_svoris-100-g","12":"pa_svoris-200-g","13":"pa_svoris-25-g","14":"pa_svoris-25-kg","15":"pa_svoris-300-g","16":"pa_svoris-400-g","17":"pa_svoris-50-g","18":"pa_svoris-500-g","20":"first","21":"instock","22":"shipping-taxable","23":"purchasable","24":"product-type-variable"},"acf":[],"yoast_head":"<!-- This site is optimized with the Yoast SEO plugin v27.6 - https:\/\/yoast.com\/product\/yoast-seo-wordpress\/ -->\n<title>Ekologi\u0161kos juodgr\u016bd\u0117s (juod\u0173j\u0173 kmyn\u0173) s\u0117klos - Biopapa<\/title>\n<meta name=\"description\" content=\"Ekologi\u0161kos juodgr\u016bd\u0117s (juod\u0173j\u0173 kmyn\u0173) s\u0117klos gali pasigirti \u012fvairiapuse nauda sveikatai\" \/>\n<meta name=\"robots\" content=\"index, follow, max-snippet:-1, max-image-preview:large, max-video-preview:-1\" \/>\n<link rel=\"canonical\" href=\"https:\/\/test.biopapa.de\/lt\/producte\/ekologiska-juodgrude\/\" \/>\n<meta property=\"og:locale\" content=\"lt_LT\" \/>\n<meta property=\"og:type\" content=\"article\" \/>\n<meta property=\"og:title\" content=\"Ekologi\u0161kos juodgr\u016bd\u0117s (juod\u0173j\u0173 kmyn\u0173) s\u0117klos - Biopapa\" \/>\n<meta property=\"og:description\" content=\"Ekologi\u0161kos juodgr\u016bd\u0117s (juod\u0173j\u0173 kmyn\u0173) s\u0117klos gali pasigirti \u012fvairiapuse nauda sveikatai\" \/>\n<meta property=\"og:url\" content=\"https:\/\/test.biopapa.de\/lt\/producte\/ekologiska-juodgrude\/\" \/>\n<meta property=\"og:site_name\" content=\"Biopapa\" \/>\n<meta property=\"article:publisher\" content=\"https:\/\/www.facebook.com\/biopapa.lt\" \/>\n<meta property=\"article:modified_time\" content=\"2026-02-13T07:53:43+00:00\" \/>\n<meta property=\"og:image\" content=\"https:\/\/test.biopapa.de\/wp-content\/uploads\/2021\/10\/Ekologiska-juodgrude.jpg\" \/>\n\t<meta property=\"og:image:width\" content=\"800\" \/>\n\t<meta property=\"og:image:height\" content=\"640\" \/>\n\t<meta property=\"og:image:type\" content=\"image\/jpeg\" \/>\n<meta name=\"twitter:card\" content=\"summary_large_image\" \/>\n<meta name=\"twitter:label1\" content=\"Est. reading time\" \/>\n\t<meta name=\"twitter:data1\" content=\"1 minut\u0117\" \/>\n<script type=\"application\/ld+json\" class=\"yoast-schema-graph\">{\"@context\":\"https:\\\/\\\/schema.org\",\"@graph\":[{\"@type\":\"WebPage\",\"@id\":\"https:\\\/\\\/test.biopapa.de\\\/lt\\\/producte\\\/ekologiska-juodgrude\\\/\",\"url\":\"https:\\\/\\\/test.biopapa.de\\\/lt\\\/producte\\\/ekologiska-juodgrude\\\/\",\"name\":\"Ekologi\u0161kos juodgr\u016bd\u0117s (juod\u0173j\u0173 kmyn\u0173) s\u0117klos - Biopapa\",\"isPartOf\":{\"@id\":\"https:\\\/\\\/test.biopapa.de\\\/lt\\\/#website\"},\"primaryImageOfPage\":{\"@id\":\"https:\\\/\\\/test.biopapa.de\\\/lt\\\/producte\\\/ekologiska-juodgrude\\\/#primaryimage\"},\"image\":{\"@id\":\"https:\\\/\\\/test.biopapa.de\\\/lt\\\/producte\\\/ekologiska-juodgrude\\\/#primaryimage\"},\"thumbnailUrl\":\"https:\\\/\\\/test.biopapa.de\\\/wp-content\\\/uploads\\\/2021\\\/10\\\/Ekologiska-juodgrude.jpg\",\"datePublished\":\"2021-10-13T10:30:27+00:00\",\"dateModified\":\"2026-02-13T07:53:43+00:00\",\"description\":\"Ekologi\u0161kos juodgr\u016bd\u0117s (juod\u0173j\u0173 kmyn\u0173) s\u0117klos gali pasigirti \u012fvairiapuse nauda sveikatai\",\"breadcrumb\":{\"@id\":\"https:\\\/\\\/test.biopapa.de\\\/lt\\\/producte\\\/ekologiska-juodgrude\\\/#breadcrumb\"},\"inLanguage\":\"lt-LT\",\"potentialAction\":[{\"@type\":\"ReadAction\",\"target\":[\"https:\\\/\\\/test.biopapa.de\\\/lt\\\/producte\\\/ekologiska-juodgrude\\\/\"]}]},{\"@type\":\"ImageObject\",\"inLanguage\":\"lt-LT\",\"@id\":\"https:\\\/\\\/test.biopapa.de\\\/lt\\\/producte\\\/ekologiska-juodgrude\\\/#primaryimage\",\"url\":\"https:\\\/\\\/test.biopapa.de\\\/wp-content\\\/uploads\\\/2021\\\/10\\\/Ekologiska-juodgrude.jpg\",\"contentUrl\":\"https:\\\/\\\/test.biopapa.de\\\/wp-content\\\/uploads\\\/2021\\\/10\\\/Ekologiska-juodgrude.jpg\",\"width\":800,\"height\":640,\"caption\":\"Ekologi\u0161ka juodgr\u016bd\u0117 (juodasis kmynas)\"},{\"@type\":\"BreadcrumbList\",\"@id\":\"https:\\\/\\\/test.biopapa.de\\\/lt\\\/producte\\\/ekologiska-juodgrude\\\/#breadcrumb\",\"itemListElement\":[{\"@type\":\"ListItem\",\"position\":1,\"name\":\"Home\",\"item\":\"https:\\\/\\\/test.biopapa.de\\\/lt\\\/\"},{\"@type\":\"ListItem\",\"position\":2,\"name\":\"Parduotuv\u0117\",\"item\":\"https:\\\/\\\/test.biopapa.de\\\/lt\\\/parduotuve\\\/\"},{\"@type\":\"ListItem\",\"position\":3,\"name\":\"Ekologi\u0161kos juodgr\u016bd\u0117s (juod\u0173j\u0173 kmyn\u0173) s\u0117klos\"}]},{\"@type\":\"WebSite\",\"@id\":\"https:\\\/\\\/test.biopapa.de\\\/lt\\\/#website\",\"url\":\"https:\\\/\\\/test.biopapa.de\\\/lt\\\/\",\"name\":\"Biopapa\",\"description\":\"\u0160var\u016bs ekologi\u0161ki produktai\",\"publisher\":{\"@id\":\"https:\\\/\\\/test.biopapa.de\\\/lt\\\/#organization\"},\"potentialAction\":[{\"@type\":\"SearchAction\",\"target\":{\"@type\":\"EntryPoint\",\"urlTemplate\":\"https:\\\/\\\/test.biopapa.de\\\/lt\\\/?s={search_term_string}\"},\"query-input\":{\"@type\":\"PropertyValueSpecification\",\"valueRequired\":true,\"valueName\":\"search_term_string\"}}],\"inLanguage\":\"lt-LT\"},{\"@type\":\"Organization\",\"@id\":\"https:\\\/\\\/test.biopapa.de\\\/lt\\\/#organization\",\"name\":\"Biopapa\",\"url\":\"https:\\\/\\\/test.biopapa.de\\\/lt\\\/\",\"logo\":{\"@type\":\"ImageObject\",\"inLanguage\":\"lt-LT\",\"@id\":\"https:\\\/\\\/test.biopapa.de\\\/lt\\\/#\\\/schema\\\/logo\\\/image\\\/\",\"url\":\"https:\\\/\\\/www.biopapa.lt\\\/wp-content\\\/uploads\\\/2022\\\/04\\\/facebook_biopapa.jpg\",\"contentUrl\":\"https:\\\/\\\/www.biopapa.lt\\\/wp-content\\\/uploads\\\/2022\\\/04\\\/facebook_biopapa.jpg\",\"width\":1733,\"height\":907,\"caption\":\"Biopapa\"},\"image\":{\"@id\":\"https:\\\/\\\/test.biopapa.de\\\/lt\\\/#\\\/schema\\\/logo\\\/image\\\/\"},\"sameAs\":[\"https:\\\/\\\/www.facebook.com\\\/biopapa.lt\"]}]}<\/script>\n<!-- \/ Yoast SEO plugin. -->","yoast_head_json":{"title":"Ekologi\u0161kos juodgr\u016bd\u0117s (juod\u0173j\u0173 kmyn\u0173) s\u0117klos - Biopapa","description":"Ekologi\u0161kos juodgr\u016bd\u0117s (juod\u0173j\u0173 kmyn\u0173) s\u0117klos gali pasigirti \u012fvairiapuse nauda sveikatai","robots":{"index":"index","follow":"follow","max-snippet":"max-snippet:-1","max-image-preview":"max-image-preview:large","max-video-preview":"max-video-preview:-1"},"canonical":"https:\/\/test.biopapa.de\/lt\/producte\/ekologiska-juodgrude\/","og_locale":"lt_LT","og_type":"article","og_title":"Ekologi\u0161kos juodgr\u016bd\u0117s (juod\u0173j\u0173 kmyn\u0173) s\u0117klos - Biopapa","og_description":"Ekologi\u0161kos juodgr\u016bd\u0117s (juod\u0173j\u0173 kmyn\u0173) s\u0117klos gali pasigirti \u012fvairiapuse nauda sveikatai","og_url":"https:\/\/test.biopapa.de\/lt\/producte\/ekologiska-juodgrude\/","og_site_name":"Biopapa","article_publisher":"https:\/\/www.facebook.com\/biopapa.lt","article_modified_time":"2026-02-13T07:53:43+00:00","og_image":[{"width":800,"height":640,"url":"https:\/\/test.biopapa.de\/wp-content\/uploads\/2021\/10\/Ekologiska-juodgrude.jpg","type":"image\/jpeg"}],"twitter_card":"summary_large_image","twitter_misc":{"Est. reading time":"1 minut\u0117"},"schema":{"@context":"https:\/\/schema.org","@graph":[{"@type":"WebPage","@id":"https:\/\/test.biopapa.de\/lt\/producte\/ekologiska-juodgrude\/","url":"https:\/\/test.biopapa.de\/lt\/producte\/ekologiska-juodgrude\/","name":"Ekologi\u0161kos juodgr\u016bd\u0117s (juod\u0173j\u0173 kmyn\u0173) s\u0117klos - Biopapa","isPartOf":{"@id":"https:\/\/test.biopapa.de\/lt\/#website"},"primaryImageOfPage":{"@id":"https:\/\/test.biopapa.de\/lt\/producte\/ekologiska-juodgrude\/#primaryimage"},"image":{"@id":"https:\/\/test.biopapa.de\/lt\/producte\/ekologiska-juodgrude\/#primaryimage"},"thumbnailUrl":"https:\/\/test.biopapa.de\/wp-content\/uploads\/2021\/10\/Ekologiska-juodgrude.jpg","datePublished":"2021-10-13T10:30:27+00:00","dateModified":"2026-02-13T07:53:43+00:00","description":"Ekologi\u0161kos juodgr\u016bd\u0117s (juod\u0173j\u0173 kmyn\u0173) s\u0117klos gali pasigirti \u012fvairiapuse nauda sveikatai","breadcrumb":{"@id":"https:\/\/test.biopapa.de\/lt\/producte\/ekologiska-juodgrude\/#breadcrumb"},"inLanguage":"lt-LT","potentialAction":[{"@type":"ReadAction","target":["https:\/\/test.biopapa.de\/lt\/producte\/ekologiska-juodgrude\/"]}]},{"@type":"ImageObject","inLanguage":"lt-LT","@id":"https:\/\/test.biopapa.de\/lt\/producte\/ekologiska-juodgrude\/#primaryimage","url":"https:\/\/test.biopapa.de\/wp-content\/uploads\/2021\/10\/Ekologiska-juodgrude.jpg","contentUrl":"https:\/\/test.biopapa.de\/wp-content\/uploads\/2021\/10\/Ekologiska-juodgrude.jpg","width":800,"height":640,"caption":"Ekologi\u0161ka juodgr\u016bd\u0117 (juodasis kmynas)"},{"@type":"BreadcrumbList","@id":"https:\/\/test.biopapa.de\/lt\/producte\/ekologiska-juodgrude\/#breadcrumb","itemListElement":[{"@type":"ListItem","position":1,"name":"Home","item":"https:\/\/test.biopapa.de\/lt\/"},{"@type":"ListItem","position":2,"name":"Parduotuv\u0117","item":"https:\/\/test.biopapa.de\/lt\/parduotuve\/"},{"@type":"ListItem","position":3,"name":"Ekologi\u0161kos juodgr\u016bd\u0117s (juod\u0173j\u0173 kmyn\u0173) s\u0117klos"}]},{"@type":"WebSite","@id":"https:\/\/test.biopapa.de\/lt\/#website","url":"https:\/\/test.biopapa.de\/lt\/","name":"Biopapa","description":"\u0160var\u016bs ekologi\u0161ki produktai","publisher":{"@id":"https:\/\/test.biopapa.de\/lt\/#organization"},"potentialAction":[{"@type":"SearchAction","target":{"@type":"EntryPoint","urlTemplate":"https:\/\/test.biopapa.de\/lt\/?s={search_term_string}"},"query-input":{"@type":"PropertyValueSpecification","valueRequired":true,"valueName":"search_term_string"}}],"inLanguage":"lt-LT"},{"@type":"Organization","@id":"https:\/\/test.biopapa.de\/lt\/#organization","name":"Biopapa","url":"https:\/\/test.biopapa.de\/lt\/","logo":{"@type":"ImageObject","inLanguage":"lt-LT","@id":"https:\/\/test.biopapa.de\/lt\/#\/schema\/logo\/image\/","url":"https:\/\/www.biopapa.lt\/wp-content\/uploads\/2022\/04\/facebook_biopapa.jpg","contentUrl":"https:\/\/www.biopapa.lt\/wp-content\/uploads\/2022\/04\/facebook_biopapa.jpg","width":1733,"height":907,"caption":"Biopapa"},"image":{"@id":"https:\/\/test.biopapa.de\/lt\/#\/schema\/logo\/image\/"},"sameAs":["https:\/\/www.facebook.com\/biopapa.lt"]}]}},"_links":{"self":[{"href":"https:\/\/test.biopapa.de\/lt\/wp-json\/wp\/v2\/product\/15559","targetHints":{"allow":["GET"]}}],"collection":[{"href":"https:\/\/test.biopapa.de\/lt\/wp-json\/wp\/v2\/product"}],"about":[{"href":"https:\/\/test.biopapa.de\/lt\/wp-json\/wp\/v2\/types\/product"}],"wp:featuredmedia":[{"embeddable":true,"href":"https:\/\/test.biopapa.de\/lt\/wp-json\/wp\/v2\/media\/16017"}],"wp:attachment":[{"href":"https:\/\/test.biopapa.de\/lt\/wp-json\/wp\/v2\/media?parent=15559"}],"wp:term":[{"taxonomy":"product_brand","embeddable":true,"href":"https:\/\/test.biopapa.de\/lt\/wp-json\/wp\/v2\/product_brand?post=15559"},{"taxonomy":"product_cat","embeddable":true,"href":"https:\/\/test.biopapa.de\/lt\/wp-json\/wp\/v2\/product_cat?post=15559"},{"taxonomy":"product_tag","embeddable":true,"href":"https:\/\/test.biopapa.de\/lt\/wp-json\/wp\/v2\/product_tag?post=15559"}],"curies":[{"name":"wp","href":"https:\/\/api.w.org\/{rel}","templated":true}]}}