{"id":15507,"date":"2021-10-13T12:55:34","date_gmt":"2021-10-13T09:55:34","guid":{"rendered":"https:\/\/www.biopapa.lt\/?post_type=product&#038;p=15507"},"modified":"2026-05-14T12:41:32","modified_gmt":"2026-05-14T09:41:32","slug":"ekologiski-dziovinti-krapai","status":"publish","type":"product","link":"https:\/\/test.biopapa.de\/lt\/producte\/ekologiski-dziovinti-krapai\/","title":{"rendered":"Ekologi\u0161ki d\u017eiovinti krapai"},"content":{"rendered":"<p><strong>Ekologi\u0161ki d\u017eiovinti krapai<\/strong><br \/>\nKrapai \u2013 tai aromatingas prieskoninis augalas, pla\u010diai naudojamas tiek maisto gamyboje, tiek liaudies medicinoje. Jie kil\u0119 i\u0161 Vidur\u017eemio j\u016bros regiono ir Piet\u0173 Azijos, kur buvo auginami jau prie\u0161 kelis t\u016bkstan\u010dius met\u0173. Senov\u0117s Egipte krapai buvo vertinami ne tik kaip prieskonis, bet ir kaip vaistinis augalas. Rom\u0117nai tik\u0117jo, kad krapai suteikia stipryb\u0117s ir i\u0161tverm\u0117s, tod\u0117l juos naudojo kari\u0173 mityboje. Lietuvoje krapai tapo itin populiar\u016bs d\u0117l tinkamo klimato j\u0173 auginimui ir lengvos prie\u017ei\u016bros.<br \/>\nDa\u017eniausiai jie naudojami sriuboms, salotoms, pada\u017eams, u\u017etep\u0117l\u0117ms, prieskoni\u0173 mi\u0161iniams bei agurk\u0173 rauginimui gardinti.<\/p>\n<p><em>PASTABA. Svetain\u0117je pateikiama informacija negali b\u016bti interpretuojama kaip gydymo ar kitokio pob\u016bd\u017eio sveikatos klausim\u0173 sprendimo rekomendacija. Raginame sprendimus, susijusius su asmenine sveikata, priimti asmeni\u0161kai, \u012fvertinus \u012fvairius informacijos \u0161altinius.<\/em><\/p>\n","protected":false},"excerpt":{"rendered":"<p>Ekologi\u0161ki d\u017eiovinti krapai Krapai \u2013 tai aromatingas prieskoninis augalas, pla\u010diai naudojamas tiek maisto gamyboje, tiek liaudies medicinoje. Jie kil\u0119 i\u0161<\/p>\n","protected":false},"featured_media":16008,"template":"","meta":{"_acf_changed":false},"product_brand":[],"product_cat":[1315],"product_tag":[1378],"class_list":{"0":"post-15507","1":"product","2":"type-product","3":"status-publish","4":"has-post-thumbnail","6":"product_cat-ekologiski-prieskoniai","7":"product_tag-veganams","8":"pa_svoris-1-kg","9":"pa_svoris-100-g","10":"pa_svoris-200-g","11":"pa_svoris-25-g","12":"pa_svoris-300-g","13":"pa_svoris-400-g","14":"pa_svoris-50-g","15":"pa_svoris-500-g","17":"first","18":"instock","19":"shipping-taxable","20":"purchasable","21":"product-type-variable"},"acf":[],"yoast_head":"<!-- This site is optimized with the Yoast SEO plugin v27.6 - https:\/\/yoast.com\/product\/yoast-seo-wordpress\/ -->\n<title>Ekologi\u0161ki d\u017eiovinti krapai - Biopapa<\/title>\n<meta name=\"description\" content=\"Krapai naudojami sriuboms, salotoms, pada\u017eams, u\u017etep\u0117l\u0117ms, prieskoni\u0173 mi\u0161iniams bei agurk\u0173 rauginimui gardinti.\" \/>\n<meta name=\"robots\" content=\"index, follow, max-snippet:-1, max-image-preview:large, max-video-preview:-1\" \/>\n<link rel=\"canonical\" href=\"https:\/\/test.biopapa.de\/lt\/producte\/ekologiski-dziovinti-krapai\/\" \/>\n<meta property=\"og:locale\" content=\"lt_LT\" \/>\n<meta property=\"og:type\" content=\"article\" \/>\n<meta property=\"og:title\" content=\"Ekologi\u0161ki d\u017eiovinti krapai - Biopapa\" \/>\n<meta property=\"og:description\" content=\"Krapai naudojami sriuboms, salotoms, pada\u017eams, u\u017etep\u0117l\u0117ms, prieskoni\u0173 mi\u0161iniams bei agurk\u0173 rauginimui gardinti.\" \/>\n<meta property=\"og:url\" content=\"https:\/\/test.biopapa.de\/lt\/producte\/ekologiski-dziovinti-krapai\/\" \/>\n<meta property=\"og:site_name\" content=\"Biopapa\" \/>\n<meta property=\"article:publisher\" content=\"https:\/\/www.facebook.com\/biopapa.lt\" \/>\n<meta property=\"article:modified_time\" content=\"2026-05-14T09:41:32+00:00\" \/>\n<meta property=\"og:image\" content=\"https:\/\/test.biopapa.de\/wp-content\/uploads\/2021\/10\/Ekologiski-dziovinti-krapai.jpg\" \/>\n\t<meta property=\"og:image:width\" content=\"800\" \/>\n\t<meta property=\"og:image:height\" content=\"640\" \/>\n\t<meta property=\"og:image:type\" content=\"image\/jpeg\" \/>\n<meta name=\"twitter:card\" content=\"summary_large_image\" \/>\n<meta name=\"twitter:label1\" content=\"Est. reading time\" \/>\n\t<meta name=\"twitter:data1\" content=\"1 minut\u0117\" \/>\n<script type=\"application\/ld+json\" class=\"yoast-schema-graph\">{\"@context\":\"https:\\\/\\\/schema.org\",\"@graph\":[{\"@type\":\"WebPage\",\"@id\":\"https:\\\/\\\/test.biopapa.de\\\/lt\\\/producte\\\/ekologiski-dziovinti-krapai\\\/\",\"url\":\"https:\\\/\\\/test.biopapa.de\\\/lt\\\/producte\\\/ekologiski-dziovinti-krapai\\\/\",\"name\":\"Ekologi\u0161ki d\u017eiovinti krapai - Biopapa\",\"isPartOf\":{\"@id\":\"https:\\\/\\\/test.biopapa.de\\\/lt\\\/#website\"},\"primaryImageOfPage\":{\"@id\":\"https:\\\/\\\/test.biopapa.de\\\/lt\\\/producte\\\/ekologiski-dziovinti-krapai\\\/#primaryimage\"},\"image\":{\"@id\":\"https:\\\/\\\/test.biopapa.de\\\/lt\\\/producte\\\/ekologiski-dziovinti-krapai\\\/#primaryimage\"},\"thumbnailUrl\":\"https:\\\/\\\/test.biopapa.de\\\/wp-content\\\/uploads\\\/2021\\\/10\\\/Ekologiski-dziovinti-krapai.jpg\",\"datePublished\":\"2021-10-13T09:55:34+00:00\",\"dateModified\":\"2026-05-14T09:41:32+00:00\",\"description\":\"Krapai naudojami sriuboms, salotoms, pada\u017eams, u\u017etep\u0117l\u0117ms, prieskoni\u0173 mi\u0161iniams bei agurk\u0173 rauginimui gardinti.\",\"breadcrumb\":{\"@id\":\"https:\\\/\\\/test.biopapa.de\\\/lt\\\/producte\\\/ekologiski-dziovinti-krapai\\\/#breadcrumb\"},\"inLanguage\":\"lt-LT\",\"potentialAction\":[{\"@type\":\"ReadAction\",\"target\":[\"https:\\\/\\\/test.biopapa.de\\\/lt\\\/producte\\\/ekologiski-dziovinti-krapai\\\/\"]}]},{\"@type\":\"ImageObject\",\"inLanguage\":\"lt-LT\",\"@id\":\"https:\\\/\\\/test.biopapa.de\\\/lt\\\/producte\\\/ekologiski-dziovinti-krapai\\\/#primaryimage\",\"url\":\"https:\\\/\\\/test.biopapa.de\\\/wp-content\\\/uploads\\\/2021\\\/10\\\/Ekologiski-dziovinti-krapai.jpg\",\"contentUrl\":\"https:\\\/\\\/test.biopapa.de\\\/wp-content\\\/uploads\\\/2021\\\/10\\\/Ekologiski-dziovinti-krapai.jpg\",\"width\":800,\"height\":640,\"caption\":\"Ekologi\u0161ki d\u017eiovinti krapai\"},{\"@type\":\"BreadcrumbList\",\"@id\":\"https:\\\/\\\/test.biopapa.de\\\/lt\\\/producte\\\/ekologiski-dziovinti-krapai\\\/#breadcrumb\",\"itemListElement\":[{\"@type\":\"ListItem\",\"position\":1,\"name\":\"Home\",\"item\":\"https:\\\/\\\/test.biopapa.de\\\/lt\\\/\"},{\"@type\":\"ListItem\",\"position\":2,\"name\":\"Parduotuv\u0117\",\"item\":\"https:\\\/\\\/test.biopapa.de\\\/lt\\\/parduotuve\\\/\"},{\"@type\":\"ListItem\",\"position\":3,\"name\":\"Ekologi\u0161ki d\u017eiovinti krapai\"}]},{\"@type\":\"WebSite\",\"@id\":\"https:\\\/\\\/test.biopapa.de\\\/lt\\\/#website\",\"url\":\"https:\\\/\\\/test.biopapa.de\\\/lt\\\/\",\"name\":\"Biopapa\",\"description\":\"\u0160var\u016bs ekologi\u0161ki produktai\",\"publisher\":{\"@id\":\"https:\\\/\\\/test.biopapa.de\\\/lt\\\/#organization\"},\"potentialAction\":[{\"@type\":\"SearchAction\",\"target\":{\"@type\":\"EntryPoint\",\"urlTemplate\":\"https:\\\/\\\/test.biopapa.de\\\/lt\\\/?s={search_term_string}\"},\"query-input\":{\"@type\":\"PropertyValueSpecification\",\"valueRequired\":true,\"valueName\":\"search_term_string\"}}],\"inLanguage\":\"lt-LT\"},{\"@type\":\"Organization\",\"@id\":\"https:\\\/\\\/test.biopapa.de\\\/lt\\\/#organization\",\"name\":\"Biopapa\",\"url\":\"https:\\\/\\\/test.biopapa.de\\\/lt\\\/\",\"logo\":{\"@type\":\"ImageObject\",\"inLanguage\":\"lt-LT\",\"@id\":\"https:\\\/\\\/test.biopapa.de\\\/lt\\\/#\\\/schema\\\/logo\\\/image\\\/\",\"url\":\"https:\\\/\\\/www.biopapa.lt\\\/wp-content\\\/uploads\\\/2022\\\/04\\\/facebook_biopapa.jpg\",\"contentUrl\":\"https:\\\/\\\/www.biopapa.lt\\\/wp-content\\\/uploads\\\/2022\\\/04\\\/facebook_biopapa.jpg\",\"width\":1733,\"height\":907,\"caption\":\"Biopapa\"},\"image\":{\"@id\":\"https:\\\/\\\/test.biopapa.de\\\/lt\\\/#\\\/schema\\\/logo\\\/image\\\/\"},\"sameAs\":[\"https:\\\/\\\/www.facebook.com\\\/biopapa.lt\"]}]}<\/script>\n<!-- \/ Yoast SEO plugin. -->","yoast_head_json":{"title":"Ekologi\u0161ki d\u017eiovinti krapai - Biopapa","description":"Krapai naudojami sriuboms, salotoms, pada\u017eams, u\u017etep\u0117l\u0117ms, prieskoni\u0173 mi\u0161iniams bei agurk\u0173 rauginimui gardinti.","robots":{"index":"index","follow":"follow","max-snippet":"max-snippet:-1","max-image-preview":"max-image-preview:large","max-video-preview":"max-video-preview:-1"},"canonical":"https:\/\/test.biopapa.de\/lt\/producte\/ekologiski-dziovinti-krapai\/","og_locale":"lt_LT","og_type":"article","og_title":"Ekologi\u0161ki d\u017eiovinti krapai - Biopapa","og_description":"Krapai naudojami sriuboms, salotoms, pada\u017eams, u\u017etep\u0117l\u0117ms, prieskoni\u0173 mi\u0161iniams bei agurk\u0173 rauginimui gardinti.","og_url":"https:\/\/test.biopapa.de\/lt\/producte\/ekologiski-dziovinti-krapai\/","og_site_name":"Biopapa","article_publisher":"https:\/\/www.facebook.com\/biopapa.lt","article_modified_time":"2026-05-14T09:41:32+00:00","og_image":[{"width":800,"height":640,"url":"https:\/\/test.biopapa.de\/wp-content\/uploads\/2021\/10\/Ekologiski-dziovinti-krapai.jpg","type":"image\/jpeg"}],"twitter_card":"summary_large_image","twitter_misc":{"Est. reading time":"1 minut\u0117"},"schema":{"@context":"https:\/\/schema.org","@graph":[{"@type":"WebPage","@id":"https:\/\/test.biopapa.de\/lt\/producte\/ekologiski-dziovinti-krapai\/","url":"https:\/\/test.biopapa.de\/lt\/producte\/ekologiski-dziovinti-krapai\/","name":"Ekologi\u0161ki d\u017eiovinti krapai - Biopapa","isPartOf":{"@id":"https:\/\/test.biopapa.de\/lt\/#website"},"primaryImageOfPage":{"@id":"https:\/\/test.biopapa.de\/lt\/producte\/ekologiski-dziovinti-krapai\/#primaryimage"},"image":{"@id":"https:\/\/test.biopapa.de\/lt\/producte\/ekologiski-dziovinti-krapai\/#primaryimage"},"thumbnailUrl":"https:\/\/test.biopapa.de\/wp-content\/uploads\/2021\/10\/Ekologiski-dziovinti-krapai.jpg","datePublished":"2021-10-13T09:55:34+00:00","dateModified":"2026-05-14T09:41:32+00:00","description":"Krapai naudojami sriuboms, salotoms, pada\u017eams, u\u017etep\u0117l\u0117ms, prieskoni\u0173 mi\u0161iniams bei agurk\u0173 rauginimui gardinti.","breadcrumb":{"@id":"https:\/\/test.biopapa.de\/lt\/producte\/ekologiski-dziovinti-krapai\/#breadcrumb"},"inLanguage":"lt-LT","potentialAction":[{"@type":"ReadAction","target":["https:\/\/test.biopapa.de\/lt\/producte\/ekologiski-dziovinti-krapai\/"]}]},{"@type":"ImageObject","inLanguage":"lt-LT","@id":"https:\/\/test.biopapa.de\/lt\/producte\/ekologiski-dziovinti-krapai\/#primaryimage","url":"https:\/\/test.biopapa.de\/wp-content\/uploads\/2021\/10\/Ekologiski-dziovinti-krapai.jpg","contentUrl":"https:\/\/test.biopapa.de\/wp-content\/uploads\/2021\/10\/Ekologiski-dziovinti-krapai.jpg","width":800,"height":640,"caption":"Ekologi\u0161ki d\u017eiovinti krapai"},{"@type":"BreadcrumbList","@id":"https:\/\/test.biopapa.de\/lt\/producte\/ekologiski-dziovinti-krapai\/#breadcrumb","itemListElement":[{"@type":"ListItem","position":1,"name":"Home","item":"https:\/\/test.biopapa.de\/lt\/"},{"@type":"ListItem","position":2,"name":"Parduotuv\u0117","item":"https:\/\/test.biopapa.de\/lt\/parduotuve\/"},{"@type":"ListItem","position":3,"name":"Ekologi\u0161ki d\u017eiovinti krapai"}]},{"@type":"WebSite","@id":"https:\/\/test.biopapa.de\/lt\/#website","url":"https:\/\/test.biopapa.de\/lt\/","name":"Biopapa","description":"\u0160var\u016bs ekologi\u0161ki produktai","publisher":{"@id":"https:\/\/test.biopapa.de\/lt\/#organization"},"potentialAction":[{"@type":"SearchAction","target":{"@type":"EntryPoint","urlTemplate":"https:\/\/test.biopapa.de\/lt\/?s={search_term_string}"},"query-input":{"@type":"PropertyValueSpecification","valueRequired":true,"valueName":"search_term_string"}}],"inLanguage":"lt-LT"},{"@type":"Organization","@id":"https:\/\/test.biopapa.de\/lt\/#organization","name":"Biopapa","url":"https:\/\/test.biopapa.de\/lt\/","logo":{"@type":"ImageObject","inLanguage":"lt-LT","@id":"https:\/\/test.biopapa.de\/lt\/#\/schema\/logo\/image\/","url":"https:\/\/www.biopapa.lt\/wp-content\/uploads\/2022\/04\/facebook_biopapa.jpg","contentUrl":"https:\/\/www.biopapa.lt\/wp-content\/uploads\/2022\/04\/facebook_biopapa.jpg","width":1733,"height":907,"caption":"Biopapa"},"image":{"@id":"https:\/\/test.biopapa.de\/lt\/#\/schema\/logo\/image\/"},"sameAs":["https:\/\/www.facebook.com\/biopapa.lt"]}]}},"_links":{"self":[{"href":"https:\/\/test.biopapa.de\/lt\/wp-json\/wp\/v2\/product\/15507","targetHints":{"allow":["GET"]}}],"collection":[{"href":"https:\/\/test.biopapa.de\/lt\/wp-json\/wp\/v2\/product"}],"about":[{"href":"https:\/\/test.biopapa.de\/lt\/wp-json\/wp\/v2\/types\/product"}],"wp:featuredmedia":[{"embeddable":true,"href":"https:\/\/test.biopapa.de\/lt\/wp-json\/wp\/v2\/media\/16008"}],"wp:attachment":[{"href":"https:\/\/test.biopapa.de\/lt\/wp-json\/wp\/v2\/media?parent=15507"}],"wp:term":[{"taxonomy":"product_brand","embeddable":true,"href":"https:\/\/test.biopapa.de\/lt\/wp-json\/wp\/v2\/product_brand?post=15507"},{"taxonomy":"product_cat","embeddable":true,"href":"https:\/\/test.biopapa.de\/lt\/wp-json\/wp\/v2\/product_cat?post=15507"},{"taxonomy":"product_tag","embeddable":true,"href":"https:\/\/test.biopapa.de\/lt\/wp-json\/wp\/v2\/product_tag?post=15507"}],"curies":[{"name":"wp","href":"https:\/\/api.w.org\/{rel}","templated":true}]}}