{"id":14314,"date":"2021-08-03T20:06:12","date_gmt":"2021-08-03T17:06:12","guid":{"rendered":"https:\/\/www.biopapa.lt\/?post_type=product&#038;p=14314"},"modified":"2025-08-27T11:21:09","modified_gmt":"2025-08-27T08:21:09","slug":"ekologiski-kokosu-miltai","status":"publish","type":"product","link":"https:\/\/test.biopapa.de\/lt\/producte\/ekologiski-kokosu-miltai\/","title":{"rendered":"Ekologi\u0161ki kokos\u0173 miltai"},"content":{"rendered":"<p><strong>Ekologi\u0161ki kokos\u0173 miltai<\/strong> pagaminti i\u0161 \u0160ri Lankoje u\u017eaugint\u0173 kokos\u0173 mink\u0161timo. Miltams b\u016bdingas ry\u0161kus kokoso kvapas ir subtilus, salsvas skonis.<br \/>\nRekomenduojame kepiniams, desertams, kokteiliams, musliams, vaisi\u0173 salotoms, jogurtams. Naudojamas sriuboms, tro\u0161kiniams ir pada\u017eams suteikia ne tik tir\u0161tumo, bet ir egzoti\u0161ko skonio. \u012e kepini\u0173 te\u0161l\u0105 rekomenduojama d\u0117ti iki 10% kokos\u0173 milt\u0173.<\/p>\n","protected":false},"excerpt":{"rendered":"<p>Ekologi\u0161ki kokos\u0173 miltai pagaminti i\u0161 \u0160ri Lankoje u\u017eaugint\u0173 kokos\u0173 mink\u0161timo. Miltams b\u016bdingas ry\u0161kus kokoso kvapas ir subtilus, salsvas skonis. Rekomenduojame<\/p>\n","protected":false},"featured_media":14586,"template":"","meta":{"_acf_changed":false},"product_brand":[],"product_cat":[1316,2349],"product_tag":[1431,1380,1378],"class_list":{"0":"post-14314","1":"product","2":"type-product","3":"status-publish","4":"has-post-thumbnail","6":"product_cat-ekologiski-miltai","7":"product_cat-milteliai","8":"product_tag-glitimo-alternatyva","9":"product_tag-keto-mityba","10":"product_tag-veganams","11":"pa_svoris-1-kg","12":"pa_svoris-10-kg","13":"pa_svoris-100-g","14":"pa_svoris-200-g","15":"pa_svoris-300-g","16":"pa_svoris-400-g","17":"pa_svoris-500-g","19":"first","20":"instock","21":"shipping-taxable","22":"purchasable","23":"product-type-variable"},"acf":[],"yoast_head":"<!-- This site is optimized with the Yoast SEO plugin v27.6 - https:\/\/yoast.com\/product\/yoast-seo-wordpress\/ -->\n<title>Ekologi\u0161ki kokos\u0173 miltai - Biopapa<\/title>\n<meta name=\"description\" content=\"Ekologi\u0161ki kokos\u0173 miltai pagaminti i\u0161 \u0160ri Lankoje u\u017eaugint\u0173 kokos\u0173 mink\u0161timo. Miltams b\u016bdingas ry\u0161kus kokoso kvapas ir subtilus, salsvas skonis.\" \/>\n<meta name=\"robots\" content=\"index, follow, max-snippet:-1, max-image-preview:large, max-video-preview:-1\" \/>\n<link rel=\"canonical\" href=\"https:\/\/test.biopapa.de\/lt\/producte\/ekologiski-kokosu-miltai\/\" \/>\n<meta property=\"og:locale\" content=\"lt_LT\" \/>\n<meta property=\"og:type\" content=\"article\" \/>\n<meta property=\"og:title\" content=\"Ekologi\u0161ki kokos\u0173 miltai - Biopapa\" \/>\n<meta property=\"og:description\" content=\"Ekologi\u0161ki kokos\u0173 miltai pagaminti i\u0161 \u0160ri Lankoje u\u017eaugint\u0173 kokos\u0173 mink\u0161timo. Miltams b\u016bdingas ry\u0161kus kokoso kvapas ir subtilus, salsvas skonis.\" \/>\n<meta property=\"og:url\" content=\"https:\/\/test.biopapa.de\/lt\/producte\/ekologiski-kokosu-miltai\/\" \/>\n<meta property=\"og:site_name\" content=\"Biopapa\" \/>\n<meta property=\"article:publisher\" content=\"https:\/\/www.facebook.com\/biopapa.lt\" \/>\n<meta property=\"article:modified_time\" content=\"2025-08-27T08:21:09+00:00\" \/>\n<meta property=\"og:image\" content=\"https:\/\/test.biopapa.de\/wp-content\/uploads\/2021\/08\/Ekologiski-kokosu-miltai-1.jpg\" \/>\n\t<meta property=\"og:image:width\" content=\"800\" \/>\n\t<meta property=\"og:image:height\" content=\"640\" \/>\n\t<meta property=\"og:image:type\" content=\"image\/jpeg\" \/>\n<meta name=\"twitter:card\" content=\"summary_large_image\" \/>\n<script type=\"application\/ld+json\" class=\"yoast-schema-graph\">{\"@context\":\"https:\\\/\\\/schema.org\",\"@graph\":[{\"@type\":\"WebPage\",\"@id\":\"https:\\\/\\\/test.biopapa.de\\\/lt\\\/producte\\\/ekologiski-kokosu-miltai\\\/\",\"url\":\"https:\\\/\\\/test.biopapa.de\\\/lt\\\/producte\\\/ekologiski-kokosu-miltai\\\/\",\"name\":\"Ekologi\u0161ki kokos\u0173 miltai - Biopapa\",\"isPartOf\":{\"@id\":\"https:\\\/\\\/test.biopapa.de\\\/lt\\\/#website\"},\"primaryImageOfPage\":{\"@id\":\"https:\\\/\\\/test.biopapa.de\\\/lt\\\/producte\\\/ekologiski-kokosu-miltai\\\/#primaryimage\"},\"image\":{\"@id\":\"https:\\\/\\\/test.biopapa.de\\\/lt\\\/producte\\\/ekologiski-kokosu-miltai\\\/#primaryimage\"},\"thumbnailUrl\":\"https:\\\/\\\/test.biopapa.de\\\/wp-content\\\/uploads\\\/2021\\\/08\\\/Ekologiski-kokosu-miltai-1.jpg\",\"datePublished\":\"2021-08-03T17:06:12+00:00\",\"dateModified\":\"2025-08-27T08:21:09+00:00\",\"description\":\"Ekologi\u0161ki kokos\u0173 miltai pagaminti i\u0161 \u0160ri Lankoje u\u017eaugint\u0173 kokos\u0173 mink\u0161timo. Miltams b\u016bdingas ry\u0161kus kokoso kvapas ir subtilus, salsvas skonis.\",\"breadcrumb\":{\"@id\":\"https:\\\/\\\/test.biopapa.de\\\/lt\\\/producte\\\/ekologiski-kokosu-miltai\\\/#breadcrumb\"},\"inLanguage\":\"lt-LT\",\"potentialAction\":[{\"@type\":\"ReadAction\",\"target\":[\"https:\\\/\\\/test.biopapa.de\\\/lt\\\/producte\\\/ekologiski-kokosu-miltai\\\/\"]}]},{\"@type\":\"ImageObject\",\"inLanguage\":\"lt-LT\",\"@id\":\"https:\\\/\\\/test.biopapa.de\\\/lt\\\/producte\\\/ekologiski-kokosu-miltai\\\/#primaryimage\",\"url\":\"https:\\\/\\\/test.biopapa.de\\\/wp-content\\\/uploads\\\/2021\\\/08\\\/Ekologiski-kokosu-miltai-1.jpg\",\"contentUrl\":\"https:\\\/\\\/test.biopapa.de\\\/wp-content\\\/uploads\\\/2021\\\/08\\\/Ekologiski-kokosu-miltai-1.jpg\",\"width\":800,\"height\":640,\"caption\":\"Ekologi\u0161ki kokos\u0173 miltai\"},{\"@type\":\"BreadcrumbList\",\"@id\":\"https:\\\/\\\/test.biopapa.de\\\/lt\\\/producte\\\/ekologiski-kokosu-miltai\\\/#breadcrumb\",\"itemListElement\":[{\"@type\":\"ListItem\",\"position\":1,\"name\":\"Home\",\"item\":\"https:\\\/\\\/test.biopapa.de\\\/lt\\\/\"},{\"@type\":\"ListItem\",\"position\":2,\"name\":\"Parduotuv\u0117\",\"item\":\"https:\\\/\\\/test.biopapa.de\\\/lt\\\/parduotuve\\\/\"},{\"@type\":\"ListItem\",\"position\":3,\"name\":\"Ekologi\u0161ki kokos\u0173 miltai\"}]},{\"@type\":\"WebSite\",\"@id\":\"https:\\\/\\\/test.biopapa.de\\\/lt\\\/#website\",\"url\":\"https:\\\/\\\/test.biopapa.de\\\/lt\\\/\",\"name\":\"Biopapa\",\"description\":\"\u0160var\u016bs ekologi\u0161ki produktai\",\"publisher\":{\"@id\":\"https:\\\/\\\/test.biopapa.de\\\/lt\\\/#organization\"},\"potentialAction\":[{\"@type\":\"SearchAction\",\"target\":{\"@type\":\"EntryPoint\",\"urlTemplate\":\"https:\\\/\\\/test.biopapa.de\\\/lt\\\/?s={search_term_string}\"},\"query-input\":{\"@type\":\"PropertyValueSpecification\",\"valueRequired\":true,\"valueName\":\"search_term_string\"}}],\"inLanguage\":\"lt-LT\"},{\"@type\":\"Organization\",\"@id\":\"https:\\\/\\\/test.biopapa.de\\\/lt\\\/#organization\",\"name\":\"Biopapa\",\"url\":\"https:\\\/\\\/test.biopapa.de\\\/lt\\\/\",\"logo\":{\"@type\":\"ImageObject\",\"inLanguage\":\"lt-LT\",\"@id\":\"https:\\\/\\\/test.biopapa.de\\\/lt\\\/#\\\/schema\\\/logo\\\/image\\\/\",\"url\":\"https:\\\/\\\/www.biopapa.lt\\\/wp-content\\\/uploads\\\/2022\\\/04\\\/facebook_biopapa.jpg\",\"contentUrl\":\"https:\\\/\\\/www.biopapa.lt\\\/wp-content\\\/uploads\\\/2022\\\/04\\\/facebook_biopapa.jpg\",\"width\":1733,\"height\":907,\"caption\":\"Biopapa\"},\"image\":{\"@id\":\"https:\\\/\\\/test.biopapa.de\\\/lt\\\/#\\\/schema\\\/logo\\\/image\\\/\"},\"sameAs\":[\"https:\\\/\\\/www.facebook.com\\\/biopapa.lt\"]}]}<\/script>\n<!-- \/ Yoast SEO plugin. -->","yoast_head_json":{"title":"Ekologi\u0161ki kokos\u0173 miltai - Biopapa","description":"Ekologi\u0161ki kokos\u0173 miltai pagaminti i\u0161 \u0160ri Lankoje u\u017eaugint\u0173 kokos\u0173 mink\u0161timo. Miltams b\u016bdingas ry\u0161kus kokoso kvapas ir subtilus, salsvas skonis.","robots":{"index":"index","follow":"follow","max-snippet":"max-snippet:-1","max-image-preview":"max-image-preview:large","max-video-preview":"max-video-preview:-1"},"canonical":"https:\/\/test.biopapa.de\/lt\/producte\/ekologiski-kokosu-miltai\/","og_locale":"lt_LT","og_type":"article","og_title":"Ekologi\u0161ki kokos\u0173 miltai - Biopapa","og_description":"Ekologi\u0161ki kokos\u0173 miltai pagaminti i\u0161 \u0160ri Lankoje u\u017eaugint\u0173 kokos\u0173 mink\u0161timo. Miltams b\u016bdingas ry\u0161kus kokoso kvapas ir subtilus, salsvas skonis.","og_url":"https:\/\/test.biopapa.de\/lt\/producte\/ekologiski-kokosu-miltai\/","og_site_name":"Biopapa","article_publisher":"https:\/\/www.facebook.com\/biopapa.lt","article_modified_time":"2025-08-27T08:21:09+00:00","og_image":[{"width":800,"height":640,"url":"https:\/\/test.biopapa.de\/wp-content\/uploads\/2021\/08\/Ekologiski-kokosu-miltai-1.jpg","type":"image\/jpeg"}],"twitter_card":"summary_large_image","schema":{"@context":"https:\/\/schema.org","@graph":[{"@type":"WebPage","@id":"https:\/\/test.biopapa.de\/lt\/producte\/ekologiski-kokosu-miltai\/","url":"https:\/\/test.biopapa.de\/lt\/producte\/ekologiski-kokosu-miltai\/","name":"Ekologi\u0161ki kokos\u0173 miltai - Biopapa","isPartOf":{"@id":"https:\/\/test.biopapa.de\/lt\/#website"},"primaryImageOfPage":{"@id":"https:\/\/test.biopapa.de\/lt\/producte\/ekologiski-kokosu-miltai\/#primaryimage"},"image":{"@id":"https:\/\/test.biopapa.de\/lt\/producte\/ekologiski-kokosu-miltai\/#primaryimage"},"thumbnailUrl":"https:\/\/test.biopapa.de\/wp-content\/uploads\/2021\/08\/Ekologiski-kokosu-miltai-1.jpg","datePublished":"2021-08-03T17:06:12+00:00","dateModified":"2025-08-27T08:21:09+00:00","description":"Ekologi\u0161ki kokos\u0173 miltai pagaminti i\u0161 \u0160ri Lankoje u\u017eaugint\u0173 kokos\u0173 mink\u0161timo. Miltams b\u016bdingas ry\u0161kus kokoso kvapas ir subtilus, salsvas skonis.","breadcrumb":{"@id":"https:\/\/test.biopapa.de\/lt\/producte\/ekologiski-kokosu-miltai\/#breadcrumb"},"inLanguage":"lt-LT","potentialAction":[{"@type":"ReadAction","target":["https:\/\/test.biopapa.de\/lt\/producte\/ekologiski-kokosu-miltai\/"]}]},{"@type":"ImageObject","inLanguage":"lt-LT","@id":"https:\/\/test.biopapa.de\/lt\/producte\/ekologiski-kokosu-miltai\/#primaryimage","url":"https:\/\/test.biopapa.de\/wp-content\/uploads\/2021\/08\/Ekologiski-kokosu-miltai-1.jpg","contentUrl":"https:\/\/test.biopapa.de\/wp-content\/uploads\/2021\/08\/Ekologiski-kokosu-miltai-1.jpg","width":800,"height":640,"caption":"Ekologi\u0161ki kokos\u0173 miltai"},{"@type":"BreadcrumbList","@id":"https:\/\/test.biopapa.de\/lt\/producte\/ekologiski-kokosu-miltai\/#breadcrumb","itemListElement":[{"@type":"ListItem","position":1,"name":"Home","item":"https:\/\/test.biopapa.de\/lt\/"},{"@type":"ListItem","position":2,"name":"Parduotuv\u0117","item":"https:\/\/test.biopapa.de\/lt\/parduotuve\/"},{"@type":"ListItem","position":3,"name":"Ekologi\u0161ki kokos\u0173 miltai"}]},{"@type":"WebSite","@id":"https:\/\/test.biopapa.de\/lt\/#website","url":"https:\/\/test.biopapa.de\/lt\/","name":"Biopapa","description":"\u0160var\u016bs ekologi\u0161ki produktai","publisher":{"@id":"https:\/\/test.biopapa.de\/lt\/#organization"},"potentialAction":[{"@type":"SearchAction","target":{"@type":"EntryPoint","urlTemplate":"https:\/\/test.biopapa.de\/lt\/?s={search_term_string}"},"query-input":{"@type":"PropertyValueSpecification","valueRequired":true,"valueName":"search_term_string"}}],"inLanguage":"lt-LT"},{"@type":"Organization","@id":"https:\/\/test.biopapa.de\/lt\/#organization","name":"Biopapa","url":"https:\/\/test.biopapa.de\/lt\/","logo":{"@type":"ImageObject","inLanguage":"lt-LT","@id":"https:\/\/test.biopapa.de\/lt\/#\/schema\/logo\/image\/","url":"https:\/\/www.biopapa.lt\/wp-content\/uploads\/2022\/04\/facebook_biopapa.jpg","contentUrl":"https:\/\/www.biopapa.lt\/wp-content\/uploads\/2022\/04\/facebook_biopapa.jpg","width":1733,"height":907,"caption":"Biopapa"},"image":{"@id":"https:\/\/test.biopapa.de\/lt\/#\/schema\/logo\/image\/"},"sameAs":["https:\/\/www.facebook.com\/biopapa.lt"]}]}},"_links":{"self":[{"href":"https:\/\/test.biopapa.de\/lt\/wp-json\/wp\/v2\/product\/14314","targetHints":{"allow":["GET"]}}],"collection":[{"href":"https:\/\/test.biopapa.de\/lt\/wp-json\/wp\/v2\/product"}],"about":[{"href":"https:\/\/test.biopapa.de\/lt\/wp-json\/wp\/v2\/types\/product"}],"wp:featuredmedia":[{"embeddable":true,"href":"https:\/\/test.biopapa.de\/lt\/wp-json\/wp\/v2\/media\/14586"}],"wp:attachment":[{"href":"https:\/\/test.biopapa.de\/lt\/wp-json\/wp\/v2\/media?parent=14314"}],"wp:term":[{"taxonomy":"product_brand","embeddable":true,"href":"https:\/\/test.biopapa.de\/lt\/wp-json\/wp\/v2\/product_brand?post=14314"},{"taxonomy":"product_cat","embeddable":true,"href":"https:\/\/test.biopapa.de\/lt\/wp-json\/wp\/v2\/product_cat?post=14314"},{"taxonomy":"product_tag","embeddable":true,"href":"https:\/\/test.biopapa.de\/lt\/wp-json\/wp\/v2\/product_tag?post=14314"}],"curies":[{"name":"wp","href":"https:\/\/api.w.org\/{rel}","templated":true}]}}