{"id":14244,"date":"2021-08-03T19:30:06","date_gmt":"2021-08-03T16:30:06","guid":{"rendered":"https:\/\/www.biopapa.lt\/?post_type=product&#038;p=14244"},"modified":"2026-04-27T11:49:52","modified_gmt":"2026-04-27T08:49:52","slug":"ekologiski-lukstenti-grikiai-raw","status":"publish","type":"product","link":"https:\/\/test.biopapa.de\/lt\/producte\/ekologiski-lukstenti-grikiai-raw\/","title":{"rendered":"Ekologi\u0161ki luk\u0161tenti (\u017eali) grikiai RAW"},"content":{"rendered":"<p>KUO YPATINGI GRIKIAI? Grikis laikomas vienu naudingiausi\u0173 maistini\u0173 augal\u0173 \u017eem\u0117je. Teigiama, kad jis turi daugiau mineral\u0173 nei dauguma kit\u0173 grudini\u0173 kult\u016br\u0173. Grikiuose daug skaidul\u0173, antioksidant\u0173 ir visos esmin\u0117s amino rug\u0161tys.<\/p>\n<p>GYVAS PRODUKTAS. \u017dalieji grikiai yra neapdirbti garu, tod\u0117l yra daig\u016bs. Daiginant jo nauda padid\u0117ja daugyb\u0119 kart\u0173. Visa tai tod\u0117l, kad jie \u201egyvi\u201d.<\/p>\n<p>\u012eVAIRIAPUSIS PANAUDOJIMAS. I\u0161 luk\u0161tent\u0173 griki\u0173 taip pat kaip ir i\u0161 skrudint\u0173 rud\u0173 galima virti ko\u0161\u0119, ruo\u0161ti garnyr\u0105. \u0160iuos grikius galima d\u0117ti \u012f salotas, daryti \u017ealiuosius kokteilius. \u0160velnaus skonio, be glitimo, puikiai tinka sveikai mitybai, ko\u0161\u0117ms, salotoms ar \u017ealiavalgi\u0161kiems patiekalams.<\/p>\n<p>SVEIKAS GAMINYS. Grikiuose esan\u010dios skaidulos i\u0161siskiria per ilg\u0105 laika ir lyginant su kvie\u010diais ar avi\u017eomis ilgesniam laikui suteikia sotumo jausm\u0105. Grikiai turi \u017eemesn\u012f glikemin\u012f indeks\u0105 d\u0117l ko nesukelia dideli\u0173 cukraus lygio kraujuje svyravym\u0173.<\/p>\n<p>Paruo\u0161imo b\u016bdas: nuplovus virti apie 15-20 min.<\/p>\n","protected":false},"excerpt":{"rendered":"<p>KUO YPATINGI GRIKIAI? Grikis laikomas vienu naudingiausi\u0173 maistini\u0173 augal\u0173 \u017eem\u0117je. Teigiama, kad jis turi daugiau mineral\u0173 nei dauguma kit\u0173 grudini\u0173<\/p>\n","protected":false},"featured_media":15043,"template":"","meta":{"_acf_changed":false},"product_brand":[],"product_cat":[1295,1932],"product_tag":[1378,1382],"class_list":{"0":"post-14244","1":"product","2":"type-product","3":"status-publish","4":"has-post-thumbnail","6":"product_cat-ekologiskos-kruopos-ankstiniai","7":"product_cat-kruopos-grudai","8":"product_tag-veganams","9":"product_tag-zaliavalgiams","10":"pa_svoris-1-kg","11":"pa_svoris-100-g","12":"pa_svoris-200-g","13":"pa_svoris-25-kg","14":"pa_svoris-300-g","15":"pa_svoris-400-g","16":"pa_svoris-500-g","18":"first","19":"instock","20":"shipping-taxable","21":"purchasable","22":"product-type-variable"},"acf":[],"yoast_head":"<!-- This site is optimized with the Yoast SEO plugin v27.6 - https:\/\/yoast.com\/product\/yoast-seo-wordpress\/ -->\n<title>Ekologi\u0161ki luk\u0161tenti (\u017eali) grikiai RAW - Biopapa<\/title>\n<meta name=\"description\" content=\"\u017dalieji grikiai yra neapdirbti garu, tod\u0117l yra daig\u016bs. Daiginant jo nauda padid\u0117ja daugyb\u0119 kart\u0173.\" \/>\n<meta name=\"robots\" content=\"index, follow, max-snippet:-1, max-image-preview:large, max-video-preview:-1\" \/>\n<link rel=\"canonical\" href=\"https:\/\/test.biopapa.de\/lt\/producte\/ekologiski-lukstenti-grikiai-raw\/\" \/>\n<meta property=\"og:locale\" content=\"lt_LT\" \/>\n<meta property=\"og:type\" content=\"article\" \/>\n<meta property=\"og:title\" content=\"Ekologi\u0161ki luk\u0161tenti (\u017eali) grikiai RAW - Biopapa\" \/>\n<meta property=\"og:description\" content=\"\u017dalieji grikiai yra neapdirbti garu, tod\u0117l yra daig\u016bs. Daiginant jo nauda padid\u0117ja daugyb\u0119 kart\u0173.\" \/>\n<meta property=\"og:url\" content=\"https:\/\/test.biopapa.de\/lt\/producte\/ekologiski-lukstenti-grikiai-raw\/\" \/>\n<meta property=\"og:site_name\" content=\"Biopapa\" \/>\n<meta property=\"article:publisher\" content=\"https:\/\/www.facebook.com\/biopapa.lt\" \/>\n<meta property=\"article:modified_time\" content=\"2026-04-27T08:49:52+00:00\" \/>\n<meta property=\"og:image\" content=\"https:\/\/test.biopapa.de\/wp-content\/uploads\/2021\/08\/779A1449.jpg\" \/>\n\t<meta property=\"og:image:width\" content=\"800\" \/>\n\t<meta property=\"og:image:height\" content=\"640\" \/>\n\t<meta property=\"og:image:type\" content=\"image\/jpeg\" \/>\n<meta name=\"twitter:card\" content=\"summary_large_image\" \/>\n<meta name=\"twitter:label1\" content=\"Est. reading time\" \/>\n\t<meta name=\"twitter:data1\" content=\"2 minut\u0117s\" \/>\n<script type=\"application\/ld+json\" class=\"yoast-schema-graph\">{\"@context\":\"https:\\\/\\\/schema.org\",\"@graph\":[{\"@type\":\"WebPage\",\"@id\":\"https:\\\/\\\/test.biopapa.de\\\/lt\\\/producte\\\/ekologiski-lukstenti-grikiai-raw\\\/\",\"url\":\"https:\\\/\\\/test.biopapa.de\\\/lt\\\/producte\\\/ekologiski-lukstenti-grikiai-raw\\\/\",\"name\":\"Ekologi\u0161ki luk\u0161tenti (\u017eali) grikiai RAW - Biopapa\",\"isPartOf\":{\"@id\":\"https:\\\/\\\/test.biopapa.de\\\/lt\\\/#website\"},\"primaryImageOfPage\":{\"@id\":\"https:\\\/\\\/test.biopapa.de\\\/lt\\\/producte\\\/ekologiski-lukstenti-grikiai-raw\\\/#primaryimage\"},\"image\":{\"@id\":\"https:\\\/\\\/test.biopapa.de\\\/lt\\\/producte\\\/ekologiski-lukstenti-grikiai-raw\\\/#primaryimage\"},\"thumbnailUrl\":\"https:\\\/\\\/test.biopapa.de\\\/wp-content\\\/uploads\\\/2021\\\/08\\\/779A1449.jpg\",\"datePublished\":\"2021-08-03T16:30:06+00:00\",\"dateModified\":\"2026-04-27T08:49:52+00:00\",\"description\":\"\u017dalieji grikiai yra neapdirbti garu, tod\u0117l yra daig\u016bs. Daiginant jo nauda padid\u0117ja daugyb\u0119 kart\u0173.\",\"breadcrumb\":{\"@id\":\"https:\\\/\\\/test.biopapa.de\\\/lt\\\/producte\\\/ekologiski-lukstenti-grikiai-raw\\\/#breadcrumb\"},\"inLanguage\":\"lt-LT\",\"potentialAction\":[{\"@type\":\"ReadAction\",\"target\":[\"https:\\\/\\\/test.biopapa.de\\\/lt\\\/producte\\\/ekologiski-lukstenti-grikiai-raw\\\/\"]}]},{\"@type\":\"ImageObject\",\"inLanguage\":\"lt-LT\",\"@id\":\"https:\\\/\\\/test.biopapa.de\\\/lt\\\/producte\\\/ekologiski-lukstenti-grikiai-raw\\\/#primaryimage\",\"url\":\"https:\\\/\\\/test.biopapa.de\\\/wp-content\\\/uploads\\\/2021\\\/08\\\/779A1449.jpg\",\"contentUrl\":\"https:\\\/\\\/test.biopapa.de\\\/wp-content\\\/uploads\\\/2021\\\/08\\\/779A1449.jpg\",\"width\":800,\"height\":640,\"caption\":\"Ekologi\u0161ki luk\u0161tenti (\u017eali) grikiai RAW\"},{\"@type\":\"BreadcrumbList\",\"@id\":\"https:\\\/\\\/test.biopapa.de\\\/lt\\\/producte\\\/ekologiski-lukstenti-grikiai-raw\\\/#breadcrumb\",\"itemListElement\":[{\"@type\":\"ListItem\",\"position\":1,\"name\":\"Home\",\"item\":\"https:\\\/\\\/test.biopapa.de\\\/lt\\\/\"},{\"@type\":\"ListItem\",\"position\":2,\"name\":\"Parduotuv\u0117\",\"item\":\"https:\\\/\\\/test.biopapa.de\\\/lt\\\/parduotuve\\\/\"},{\"@type\":\"ListItem\",\"position\":3,\"name\":\"Ekologi\u0161ki luk\u0161tenti (\u017eali) grikiai RAW\"}]},{\"@type\":\"WebSite\",\"@id\":\"https:\\\/\\\/test.biopapa.de\\\/lt\\\/#website\",\"url\":\"https:\\\/\\\/test.biopapa.de\\\/lt\\\/\",\"name\":\"Biopapa\",\"description\":\"\u0160var\u016bs ekologi\u0161ki produktai\",\"publisher\":{\"@id\":\"https:\\\/\\\/test.biopapa.de\\\/lt\\\/#organization\"},\"potentialAction\":[{\"@type\":\"SearchAction\",\"target\":{\"@type\":\"EntryPoint\",\"urlTemplate\":\"https:\\\/\\\/test.biopapa.de\\\/lt\\\/?s={search_term_string}\"},\"query-input\":{\"@type\":\"PropertyValueSpecification\",\"valueRequired\":true,\"valueName\":\"search_term_string\"}}],\"inLanguage\":\"lt-LT\"},{\"@type\":\"Organization\",\"@id\":\"https:\\\/\\\/test.biopapa.de\\\/lt\\\/#organization\",\"name\":\"Biopapa\",\"url\":\"https:\\\/\\\/test.biopapa.de\\\/lt\\\/\",\"logo\":{\"@type\":\"ImageObject\",\"inLanguage\":\"lt-LT\",\"@id\":\"https:\\\/\\\/test.biopapa.de\\\/lt\\\/#\\\/schema\\\/logo\\\/image\\\/\",\"url\":\"https:\\\/\\\/www.biopapa.lt\\\/wp-content\\\/uploads\\\/2022\\\/04\\\/facebook_biopapa.jpg\",\"contentUrl\":\"https:\\\/\\\/www.biopapa.lt\\\/wp-content\\\/uploads\\\/2022\\\/04\\\/facebook_biopapa.jpg\",\"width\":1733,\"height\":907,\"caption\":\"Biopapa\"},\"image\":{\"@id\":\"https:\\\/\\\/test.biopapa.de\\\/lt\\\/#\\\/schema\\\/logo\\\/image\\\/\"},\"sameAs\":[\"https:\\\/\\\/www.facebook.com\\\/biopapa.lt\"]}]}<\/script>\n<!-- \/ Yoast SEO plugin. -->","yoast_head_json":{"title":"Ekologi\u0161ki luk\u0161tenti (\u017eali) grikiai RAW - Biopapa","description":"\u017dalieji grikiai yra neapdirbti garu, tod\u0117l yra daig\u016bs. Daiginant jo nauda padid\u0117ja daugyb\u0119 kart\u0173.","robots":{"index":"index","follow":"follow","max-snippet":"max-snippet:-1","max-image-preview":"max-image-preview:large","max-video-preview":"max-video-preview:-1"},"canonical":"https:\/\/test.biopapa.de\/lt\/producte\/ekologiski-lukstenti-grikiai-raw\/","og_locale":"lt_LT","og_type":"article","og_title":"Ekologi\u0161ki luk\u0161tenti (\u017eali) grikiai RAW - Biopapa","og_description":"\u017dalieji grikiai yra neapdirbti garu, tod\u0117l yra daig\u016bs. Daiginant jo nauda padid\u0117ja daugyb\u0119 kart\u0173.","og_url":"https:\/\/test.biopapa.de\/lt\/producte\/ekologiski-lukstenti-grikiai-raw\/","og_site_name":"Biopapa","article_publisher":"https:\/\/www.facebook.com\/biopapa.lt","article_modified_time":"2026-04-27T08:49:52+00:00","og_image":[{"width":800,"height":640,"url":"https:\/\/test.biopapa.de\/wp-content\/uploads\/2021\/08\/779A1449.jpg","type":"image\/jpeg"}],"twitter_card":"summary_large_image","twitter_misc":{"Est. reading time":"2 minut\u0117s"},"schema":{"@context":"https:\/\/schema.org","@graph":[{"@type":"WebPage","@id":"https:\/\/test.biopapa.de\/lt\/producte\/ekologiski-lukstenti-grikiai-raw\/","url":"https:\/\/test.biopapa.de\/lt\/producte\/ekologiski-lukstenti-grikiai-raw\/","name":"Ekologi\u0161ki luk\u0161tenti (\u017eali) grikiai RAW - Biopapa","isPartOf":{"@id":"https:\/\/test.biopapa.de\/lt\/#website"},"primaryImageOfPage":{"@id":"https:\/\/test.biopapa.de\/lt\/producte\/ekologiski-lukstenti-grikiai-raw\/#primaryimage"},"image":{"@id":"https:\/\/test.biopapa.de\/lt\/producte\/ekologiski-lukstenti-grikiai-raw\/#primaryimage"},"thumbnailUrl":"https:\/\/test.biopapa.de\/wp-content\/uploads\/2021\/08\/779A1449.jpg","datePublished":"2021-08-03T16:30:06+00:00","dateModified":"2026-04-27T08:49:52+00:00","description":"\u017dalieji grikiai yra neapdirbti garu, tod\u0117l yra daig\u016bs. Daiginant jo nauda padid\u0117ja daugyb\u0119 kart\u0173.","breadcrumb":{"@id":"https:\/\/test.biopapa.de\/lt\/producte\/ekologiski-lukstenti-grikiai-raw\/#breadcrumb"},"inLanguage":"lt-LT","potentialAction":[{"@type":"ReadAction","target":["https:\/\/test.biopapa.de\/lt\/producte\/ekologiski-lukstenti-grikiai-raw\/"]}]},{"@type":"ImageObject","inLanguage":"lt-LT","@id":"https:\/\/test.biopapa.de\/lt\/producte\/ekologiski-lukstenti-grikiai-raw\/#primaryimage","url":"https:\/\/test.biopapa.de\/wp-content\/uploads\/2021\/08\/779A1449.jpg","contentUrl":"https:\/\/test.biopapa.de\/wp-content\/uploads\/2021\/08\/779A1449.jpg","width":800,"height":640,"caption":"Ekologi\u0161ki luk\u0161tenti (\u017eali) grikiai RAW"},{"@type":"BreadcrumbList","@id":"https:\/\/test.biopapa.de\/lt\/producte\/ekologiski-lukstenti-grikiai-raw\/#breadcrumb","itemListElement":[{"@type":"ListItem","position":1,"name":"Home","item":"https:\/\/test.biopapa.de\/lt\/"},{"@type":"ListItem","position":2,"name":"Parduotuv\u0117","item":"https:\/\/test.biopapa.de\/lt\/parduotuve\/"},{"@type":"ListItem","position":3,"name":"Ekologi\u0161ki luk\u0161tenti (\u017eali) grikiai RAW"}]},{"@type":"WebSite","@id":"https:\/\/test.biopapa.de\/lt\/#website","url":"https:\/\/test.biopapa.de\/lt\/","name":"Biopapa","description":"\u0160var\u016bs ekologi\u0161ki produktai","publisher":{"@id":"https:\/\/test.biopapa.de\/lt\/#organization"},"potentialAction":[{"@type":"SearchAction","target":{"@type":"EntryPoint","urlTemplate":"https:\/\/test.biopapa.de\/lt\/?s={search_term_string}"},"query-input":{"@type":"PropertyValueSpecification","valueRequired":true,"valueName":"search_term_string"}}],"inLanguage":"lt-LT"},{"@type":"Organization","@id":"https:\/\/test.biopapa.de\/lt\/#organization","name":"Biopapa","url":"https:\/\/test.biopapa.de\/lt\/","logo":{"@type":"ImageObject","inLanguage":"lt-LT","@id":"https:\/\/test.biopapa.de\/lt\/#\/schema\/logo\/image\/","url":"https:\/\/www.biopapa.lt\/wp-content\/uploads\/2022\/04\/facebook_biopapa.jpg","contentUrl":"https:\/\/www.biopapa.lt\/wp-content\/uploads\/2022\/04\/facebook_biopapa.jpg","width":1733,"height":907,"caption":"Biopapa"},"image":{"@id":"https:\/\/test.biopapa.de\/lt\/#\/schema\/logo\/image\/"},"sameAs":["https:\/\/www.facebook.com\/biopapa.lt"]}]}},"_links":{"self":[{"href":"https:\/\/test.biopapa.de\/lt\/wp-json\/wp\/v2\/product\/14244","targetHints":{"allow":["GET"]}}],"collection":[{"href":"https:\/\/test.biopapa.de\/lt\/wp-json\/wp\/v2\/product"}],"about":[{"href":"https:\/\/test.biopapa.de\/lt\/wp-json\/wp\/v2\/types\/product"}],"wp:featuredmedia":[{"embeddable":true,"href":"https:\/\/test.biopapa.de\/lt\/wp-json\/wp\/v2\/media\/15043"}],"wp:attachment":[{"href":"https:\/\/test.biopapa.de\/lt\/wp-json\/wp\/v2\/media?parent=14244"}],"wp:term":[{"taxonomy":"product_brand","embeddable":true,"href":"https:\/\/test.biopapa.de\/lt\/wp-json\/wp\/v2\/product_brand?post=14244"},{"taxonomy":"product_cat","embeddable":true,"href":"https:\/\/test.biopapa.de\/lt\/wp-json\/wp\/v2\/product_cat?post=14244"},{"taxonomy":"product_tag","embeddable":true,"href":"https:\/\/test.biopapa.de\/lt\/wp-json\/wp\/v2\/product_tag?post=14244"}],"curies":[{"name":"wp","href":"https:\/\/api.w.org\/{rel}","templated":true}]}}