{"id":14100,"date":"2021-07-29T19:03:13","date_gmt":"2021-07-29T16:03:13","guid":{"rendered":"https:\/\/www.biopapa.lt\/?post_type=product&#038;p=14100"},"modified":"2026-04-08T16:05:11","modified_gmt":"2026-04-08T13:05:11","slug":"ekologiski-macia-matcha-zaliosios-arbatos-milteliai-japonijos","status":"publish","type":"product","link":"https:\/\/test.biopapa.de\/lt\/producte\/ekologiski-macia-matcha-zaliosios-arbatos-milteliai-japonijos\/","title":{"rendered":"Ekologi\u0161ki matcha \u017ealiosios arbatos milteliai i\u0161 Japonijos"},"content":{"rendered":"<p>Ekologi\u0161ka ma\u010dia (matcha) arbata, ry\u0161k\u016bs \u017ealios arbatos milteliai, su\u017eav\u0117jo pasaul\u012f savo unikaliu skoniu, \u0161imtamet\u0117mis tradicijomis ir nauda sveikatai. I\u0161 Japonijos kilusi matcha arbata tapo pasauliniu rei\u0161kiniu, \u012fkvepian\u010diu matcha kult\u016br\u0105, kuri per\u017eengia tradicines arbatos ceremonijas.<br \/>\nMatcha kelion\u0117 nuo senovini\u0173 apeigini\u0173 ritual\u0173 iki \u0161iuolaikinio sveiko gyvenimo b\u016bdo, \u012ftvirtino savo viet\u0105 kaip vien\u0105 garsiausi\u0173 g\u0117rim\u0173 visame pasaulyje. \u0160ie \u017ealieji arbatos milteliai ir toliau \u017eavi savo turtinga istorija, kult\u016brine reik\u0161me ir neabejotina nauda sveikatai.<\/p>\n<p>Japoni\u0161ka matcha<br \/>\nJapini\u0161kos matcha\u00a0 gamyba yra kruop\u0161tus procesas. Kaip ir min\u0117jome, lapai kelet\u0105 savai\u010di\u0173 iki derliaus nu\u0117mimo auginami pav\u0117syje, o tai sustiprina ry\u0161ki\u0105 \u017eali\u0105 spalv\u0105 ir padidina chlorofilo bei aminor\u016bg\u0161\u010di\u0173 koncentracij\u0105. Nuskinti lapai garinami, d\u017eiovinami ir granito akmens mal\u016bnais atsargiai sumalami \u012f smulkius miltelius.<\/p>\n<p>Matcha \u012fgijo did\u017eiul\u012f populiarum\u0105 d\u0117l daugyb\u0117s naudos sveikatai. B\u016bdama milteli\u0173 pavidalo \u017ealioji arbata, matcha i\u0161laiko visas arbatos lapuose esan\u010dias maistines med\u017eiagas, tod\u0117l yra stiprus antioksidant\u0173, vitamin\u0173 ir mineral\u0173 \u0161altinis.<br \/>\nMatcha yra populiarus pasirinkimas tarp t\u0173, kurie siekia subalansuotos gyvensenos. Daugelis \u017emoni\u0173 vertina match\u0105 d\u0117l jos geb\u0117jimo pad\u0117ti palaikyti susikaupim\u0105 bei ramyb\u0117s jausm\u0105, kartu i\u0161laikant energingum\u0105. Be to, joje esantis chlorofilas galimai padeda nat\u016braliems valymosi procesams, pa\u0161alinti kenksmingus toksinus.<\/p>\n<p>Ma\u010dia paruo\u0161imo menas<br \/>\nMatcha paruo\u0161imas n\u0117ra tik paprastas u\u017epilas, kaip \u012fprasta arbata. Vietoj to, tai apima unikal\u0173 ritual\u0105, \u017einom\u0105 kaip &#8222;Chanoyu&#8221; arba japon\u0173 arbatos ceremonija. Ceremonijoje pabr\u0117\u017eiamas d\u0117mesys, pagarba ir estetinis vertinimas. Matcha milteliai plakami kar\u0161tame vandenyje su bambukiniu plaktuvu, vadinamu \u201echasen\u201c, kol gaunama putojanti ir aksomin\u0117 \u017ealioji arbata. Ramus matcha ruo\u0161imo ir ragavimo procesas \u2013 tai b\u016btina proceso dalis.<br \/>\nM\u0117gaukit\u0117s kiekvienu gra\u017eaus putojan\u010dio g\u0117rimo gurk\u0161niu!<\/p>\n<p>Ma\u010dia arbatos receptas:<br \/>\n\u012ed\u0117kite 1\/2-1 \u0161auk\u0161tel\u012f \u0161auk\u0161tus matcha (iki 2 g) \u012f puoduk\u0105 ar matcha duben\u012f (platus dubens dugnas leid\u017eia lengvai ir patogiai plakti matcha vandenyje ir greitai i\u0161gauti putas) ir u\u017epilkite iki 50 ml ar 100 ml kar\u0161to vandens (80 \u00b0C). Plakite match\u0105, kol ma\u017edaug per 20 sekund\u017ei\u0173 j\u016bs\u0173 dubuo bus u\u017epildytas tobulomis nefrito \u017ealumo putomis. Dabar galite \u012fpilti daugiau vandens, jei norite, kad j\u016bs\u0173 matcha b\u016bt\u0173 ne tokia stipri.<br \/>\nNorint pasiekti geriausi\u0105 rezultat\u0105, prie\u0161 naudojim\u0105 \u0161luotel\u0119 reikia pamirkyti kar\u0161tame vandenyje.<\/p>\n<p>Ma\u010dia Chai Latte<br \/>\n\u012e jau paruo\u0161t\u0105 match\u0105 \u012fpilkite \u0161ilto arba virinto augalinio pieno (galima i\u0161plakto) pagal skon\u012f. Galite naudoti bet kok\u012f papildom\u0105 saldikl\u012f, pavyzd\u017eiui, kokos\u0173 \u017eied\u0173 cukr\u0173, klev\u0173 sirup\u0105. Pa\u012fvairinti skon\u012f galima \u012fd\u0117ti cinamono, vanilos ar kakavos milteli\u0173.<br \/>\n\u0160i\u0105 kavin\u0117s stiliaus prabangi\u0105 matcha latte galite paruo\u0161ti per 5 minutes.<\/p>\n<p>\u0160altiniai<br \/>\nwww.healthline.com<br \/>\nwww.pinnaclematcha.com<\/p>\n<p>PASTABA. \u010cia pateikta informacija negali b\u016bti interpretuojama kaip gydymo ar kitokio pob\u016bd\u017eio sveikatos klausim\u0173 sprendimo rekomendacija.<br \/>\nRaginame sprendimus, susijusius su asmenine sveikata, priimti asmeni\u0161kai, \u012fvertinus \u012fvairius informacijos \u0161altinius.<\/p>\n","protected":false},"excerpt":{"rendered":"<p>Ekologi\u0161ka ma\u010dia (matcha) arbata, ry\u0161k\u016bs \u017ealios arbatos milteliai, su\u017eav\u0117jo pasaul\u012f savo unikaliu skoniu, \u0161imtamet\u0117mis tradicijomis ir nauda sveikatai. I\u0161 Japonijos<\/p>\n","protected":false},"featured_media":14514,"template":"","meta":{"_acf_changed":false},"product_brand":[],"product_cat":[1907,1265,1216,2371,2349],"product_tag":[2642],"class_list":{"0":"post-14100","1":"product","2":"type-product","3":"status-publish","4":"has-post-thumbnail","6":"product_cat-arbata","7":"product_cat-ekologiska-kakava-arbata-kava","8":"product_cat-augalinis-supermaistas","9":"product_cat-matcha-arbata","10":"product_cat-milteliai","11":"product_tag-fuer-veganer-lt","12":"pa_svoris-1-kg","13":"pa_svoris-10-kg","14":"pa_svoris-100-g","15":"pa_svoris-20-kg","16":"pa_svoris-200-g","17":"pa_svoris-25-g","18":"pa_svoris-300-g","19":"pa_svoris-400-g","20":"pa_svoris-50-g","21":"pa_svoris-500-g","23":"first","24":"instock","25":"shipping-taxable","26":"purchasable","27":"product-type-variable"},"acf":[],"yoast_head":"<!-- This site is optimized with the Yoast SEO plugin v27.6 - https:\/\/yoast.com\/product\/yoast-seo-wordpress\/ -->\n<title>Ekologi\u0161ki matcha \u017ealiosios arbatos milteliai i\u0161 Japonijos - Biopapa<\/title>\n<meta name=\"description\" content=\"Ekologi\u0161ka Japoni\u0161ka Premium matcha arbata \u2014 tai \u017ealiosios arbatos milteliai, kurie naudojami japon\u0173 tradicin\u0117je arbatos ceremonijoje jau beveik t\u016bkstantmet\u012f. I\u0161 Japonijos kilusi matcha tapo pasauliniu rei\u0161kiniu, \u012fkvepian\u010diu matcha kult\u016br\u0105, kuri per\u017eengia tradicines arbatos ceremonijas.\" \/>\n<meta name=\"robots\" content=\"index, follow, max-snippet:-1, max-image-preview:large, max-video-preview:-1\" \/>\n<link rel=\"canonical\" href=\"https:\/\/test.biopapa.de\/lt\/producte\/ekologiski-macia-matcha-zaliosios-arbatos-milteliai-japonijos\/\" \/>\n<meta property=\"og:locale\" content=\"lt_LT\" \/>\n<meta property=\"og:type\" content=\"article\" \/>\n<meta property=\"og:title\" content=\"Ekologi\u0161ki matcha \u017ealiosios arbatos milteliai i\u0161 Japonijos - Biopapa\" \/>\n<meta property=\"og:description\" content=\"Ekologi\u0161ka Japoni\u0161ka Premium matcha arbata \u2014 tai \u017ealiosios arbatos milteliai, kurie naudojami japon\u0173 tradicin\u0117je arbatos ceremonijoje jau beveik t\u016bkstantmet\u012f. I\u0161 Japonijos kilusi matcha tapo pasauliniu rei\u0161kiniu, \u012fkvepian\u010diu matcha kult\u016br\u0105, kuri per\u017eengia tradicines arbatos ceremonijas.\" \/>\n<meta property=\"og:url\" content=\"https:\/\/test.biopapa.de\/lt\/producte\/ekologiski-macia-matcha-zaliosios-arbatos-milteliai-japonijos\/\" \/>\n<meta property=\"og:site_name\" content=\"Biopapa\" \/>\n<meta property=\"article:publisher\" content=\"https:\/\/www.facebook.com\/biopapa.lt\" \/>\n<meta property=\"article:modified_time\" content=\"2026-04-08T13:05:11+00:00\" \/>\n<meta property=\"og:image\" content=\"https:\/\/test.biopapa.de\/wp-content\/uploads\/2021\/08\/779A0150.jpg\" \/>\n\t<meta property=\"og:image:width\" content=\"800\" \/>\n\t<meta property=\"og:image:height\" content=\"640\" \/>\n\t<meta property=\"og:image:type\" content=\"image\/jpeg\" \/>\n<meta name=\"twitter:card\" content=\"summary_large_image\" \/>\n<meta name=\"twitter:label1\" content=\"Est. reading time\" \/>\n\t<meta name=\"twitter:data1\" content=\"1 minut\u0117\" \/>\n<script type=\"application\/ld+json\" class=\"yoast-schema-graph\">{\"@context\":\"https:\\\/\\\/schema.org\",\"@graph\":[{\"@type\":\"WebPage\",\"@id\":\"https:\\\/\\\/test.biopapa.de\\\/lt\\\/producte\\\/ekologiski-macia-matcha-zaliosios-arbatos-milteliai-japonijos\\\/\",\"url\":\"https:\\\/\\\/test.biopapa.de\\\/lt\\\/producte\\\/ekologiski-macia-matcha-zaliosios-arbatos-milteliai-japonijos\\\/\",\"name\":\"Ekologi\u0161ki matcha \u017ealiosios arbatos milteliai i\u0161 Japonijos - Biopapa\",\"isPartOf\":{\"@id\":\"https:\\\/\\\/test.biopapa.de\\\/lt\\\/#website\"},\"primaryImageOfPage\":{\"@id\":\"https:\\\/\\\/test.biopapa.de\\\/lt\\\/producte\\\/ekologiski-macia-matcha-zaliosios-arbatos-milteliai-japonijos\\\/#primaryimage\"},\"image\":{\"@id\":\"https:\\\/\\\/test.biopapa.de\\\/lt\\\/producte\\\/ekologiski-macia-matcha-zaliosios-arbatos-milteliai-japonijos\\\/#primaryimage\"},\"thumbnailUrl\":\"https:\\\/\\\/test.biopapa.de\\\/wp-content\\\/uploads\\\/2021\\\/08\\\/779A0150.jpg\",\"datePublished\":\"2021-07-29T16:03:13+00:00\",\"dateModified\":\"2026-04-08T13:05:11+00:00\",\"description\":\"Ekologi\u0161ka Japoni\u0161ka Premium matcha arbata \u2014 tai \u017ealiosios arbatos milteliai, kurie naudojami japon\u0173 tradicin\u0117je arbatos ceremonijoje jau beveik t\u016bkstantmet\u012f. I\u0161 Japonijos kilusi matcha tapo pasauliniu rei\u0161kiniu, \u012fkvepian\u010diu matcha kult\u016br\u0105, kuri per\u017eengia tradicines arbatos ceremonijas.\",\"breadcrumb\":{\"@id\":\"https:\\\/\\\/test.biopapa.de\\\/lt\\\/producte\\\/ekologiski-macia-matcha-zaliosios-arbatos-milteliai-japonijos\\\/#breadcrumb\"},\"inLanguage\":\"lt-LT\",\"potentialAction\":[{\"@type\":\"ReadAction\",\"target\":[\"https:\\\/\\\/test.biopapa.de\\\/lt\\\/producte\\\/ekologiski-macia-matcha-zaliosios-arbatos-milteliai-japonijos\\\/\"]}]},{\"@type\":\"ImageObject\",\"inLanguage\":\"lt-LT\",\"@id\":\"https:\\\/\\\/test.biopapa.de\\\/lt\\\/producte\\\/ekologiski-macia-matcha-zaliosios-arbatos-milteliai-japonijos\\\/#primaryimage\",\"url\":\"https:\\\/\\\/test.biopapa.de\\\/wp-content\\\/uploads\\\/2021\\\/08\\\/779A0150.jpg\",\"contentUrl\":\"https:\\\/\\\/test.biopapa.de\\\/wp-content\\\/uploads\\\/2021\\\/08\\\/779A0150.jpg\",\"width\":800,\"height\":640,\"caption\":\"Ekologi\u0161ki matcha \u017ealiosios arbatos milteliai i\u0161 Japonijos\"},{\"@type\":\"BreadcrumbList\",\"@id\":\"https:\\\/\\\/test.biopapa.de\\\/lt\\\/producte\\\/ekologiski-macia-matcha-zaliosios-arbatos-milteliai-japonijos\\\/#breadcrumb\",\"itemListElement\":[{\"@type\":\"ListItem\",\"position\":1,\"name\":\"Home\",\"item\":\"https:\\\/\\\/test.biopapa.de\\\/lt\\\/\"},{\"@type\":\"ListItem\",\"position\":2,\"name\":\"Parduotuv\u0117\",\"item\":\"https:\\\/\\\/test.biopapa.de\\\/lt\\\/parduotuve\\\/\"},{\"@type\":\"ListItem\",\"position\":3,\"name\":\"Ekologi\u0161ki matcha \u017ealiosios arbatos milteliai i\u0161 Japonijos\"}]},{\"@type\":\"WebSite\",\"@id\":\"https:\\\/\\\/test.biopapa.de\\\/lt\\\/#website\",\"url\":\"https:\\\/\\\/test.biopapa.de\\\/lt\\\/\",\"name\":\"Biopapa\",\"description\":\"\u0160var\u016bs ekologi\u0161ki produktai\",\"publisher\":{\"@id\":\"https:\\\/\\\/test.biopapa.de\\\/lt\\\/#organization\"},\"potentialAction\":[{\"@type\":\"SearchAction\",\"target\":{\"@type\":\"EntryPoint\",\"urlTemplate\":\"https:\\\/\\\/test.biopapa.de\\\/lt\\\/?s={search_term_string}\"},\"query-input\":{\"@type\":\"PropertyValueSpecification\",\"valueRequired\":true,\"valueName\":\"search_term_string\"}}],\"inLanguage\":\"lt-LT\"},{\"@type\":\"Organization\",\"@id\":\"https:\\\/\\\/test.biopapa.de\\\/lt\\\/#organization\",\"name\":\"Biopapa\",\"url\":\"https:\\\/\\\/test.biopapa.de\\\/lt\\\/\",\"logo\":{\"@type\":\"ImageObject\",\"inLanguage\":\"lt-LT\",\"@id\":\"https:\\\/\\\/test.biopapa.de\\\/lt\\\/#\\\/schema\\\/logo\\\/image\\\/\",\"url\":\"https:\\\/\\\/www.biopapa.lt\\\/wp-content\\\/uploads\\\/2022\\\/04\\\/facebook_biopapa.jpg\",\"contentUrl\":\"https:\\\/\\\/www.biopapa.lt\\\/wp-content\\\/uploads\\\/2022\\\/04\\\/facebook_biopapa.jpg\",\"width\":1733,\"height\":907,\"caption\":\"Biopapa\"},\"image\":{\"@id\":\"https:\\\/\\\/test.biopapa.de\\\/lt\\\/#\\\/schema\\\/logo\\\/image\\\/\"},\"sameAs\":[\"https:\\\/\\\/www.facebook.com\\\/biopapa.lt\"]}]}<\/script>\n<!-- \/ Yoast SEO plugin. -->","yoast_head_json":{"title":"Ekologi\u0161ki matcha \u017ealiosios arbatos milteliai i\u0161 Japonijos - Biopapa","description":"Ekologi\u0161ka Japoni\u0161ka Premium matcha arbata \u2014 tai \u017ealiosios arbatos milteliai, kurie naudojami japon\u0173 tradicin\u0117je arbatos ceremonijoje jau beveik t\u016bkstantmet\u012f. I\u0161 Japonijos kilusi matcha tapo pasauliniu rei\u0161kiniu, \u012fkvepian\u010diu matcha kult\u016br\u0105, kuri per\u017eengia tradicines arbatos ceremonijas.","robots":{"index":"index","follow":"follow","max-snippet":"max-snippet:-1","max-image-preview":"max-image-preview:large","max-video-preview":"max-video-preview:-1"},"canonical":"https:\/\/test.biopapa.de\/lt\/producte\/ekologiski-macia-matcha-zaliosios-arbatos-milteliai-japonijos\/","og_locale":"lt_LT","og_type":"article","og_title":"Ekologi\u0161ki matcha \u017ealiosios arbatos milteliai i\u0161 Japonijos - Biopapa","og_description":"Ekologi\u0161ka Japoni\u0161ka Premium matcha arbata \u2014 tai \u017ealiosios arbatos milteliai, kurie naudojami japon\u0173 tradicin\u0117je arbatos ceremonijoje jau beveik t\u016bkstantmet\u012f. I\u0161 Japonijos kilusi matcha tapo pasauliniu rei\u0161kiniu, \u012fkvepian\u010diu matcha kult\u016br\u0105, kuri per\u017eengia tradicines arbatos ceremonijas.","og_url":"https:\/\/test.biopapa.de\/lt\/producte\/ekologiski-macia-matcha-zaliosios-arbatos-milteliai-japonijos\/","og_site_name":"Biopapa","article_publisher":"https:\/\/www.facebook.com\/biopapa.lt","article_modified_time":"2026-04-08T13:05:11+00:00","og_image":[{"width":800,"height":640,"url":"https:\/\/test.biopapa.de\/wp-content\/uploads\/2021\/08\/779A0150.jpg","type":"image\/jpeg"}],"twitter_card":"summary_large_image","twitter_misc":{"Est. reading time":"1 minut\u0117"},"schema":{"@context":"https:\/\/schema.org","@graph":[{"@type":"WebPage","@id":"https:\/\/test.biopapa.de\/lt\/producte\/ekologiski-macia-matcha-zaliosios-arbatos-milteliai-japonijos\/","url":"https:\/\/test.biopapa.de\/lt\/producte\/ekologiski-macia-matcha-zaliosios-arbatos-milteliai-japonijos\/","name":"Ekologi\u0161ki matcha \u017ealiosios arbatos milteliai i\u0161 Japonijos - Biopapa","isPartOf":{"@id":"https:\/\/test.biopapa.de\/lt\/#website"},"primaryImageOfPage":{"@id":"https:\/\/test.biopapa.de\/lt\/producte\/ekologiski-macia-matcha-zaliosios-arbatos-milteliai-japonijos\/#primaryimage"},"image":{"@id":"https:\/\/test.biopapa.de\/lt\/producte\/ekologiski-macia-matcha-zaliosios-arbatos-milteliai-japonijos\/#primaryimage"},"thumbnailUrl":"https:\/\/test.biopapa.de\/wp-content\/uploads\/2021\/08\/779A0150.jpg","datePublished":"2021-07-29T16:03:13+00:00","dateModified":"2026-04-08T13:05:11+00:00","description":"Ekologi\u0161ka Japoni\u0161ka Premium matcha arbata \u2014 tai \u017ealiosios arbatos milteliai, kurie naudojami japon\u0173 tradicin\u0117je arbatos ceremonijoje jau beveik t\u016bkstantmet\u012f. I\u0161 Japonijos kilusi matcha tapo pasauliniu rei\u0161kiniu, \u012fkvepian\u010diu matcha kult\u016br\u0105, kuri per\u017eengia tradicines arbatos ceremonijas.","breadcrumb":{"@id":"https:\/\/test.biopapa.de\/lt\/producte\/ekologiski-macia-matcha-zaliosios-arbatos-milteliai-japonijos\/#breadcrumb"},"inLanguage":"lt-LT","potentialAction":[{"@type":"ReadAction","target":["https:\/\/test.biopapa.de\/lt\/producte\/ekologiski-macia-matcha-zaliosios-arbatos-milteliai-japonijos\/"]}]},{"@type":"ImageObject","inLanguage":"lt-LT","@id":"https:\/\/test.biopapa.de\/lt\/producte\/ekologiski-macia-matcha-zaliosios-arbatos-milteliai-japonijos\/#primaryimage","url":"https:\/\/test.biopapa.de\/wp-content\/uploads\/2021\/08\/779A0150.jpg","contentUrl":"https:\/\/test.biopapa.de\/wp-content\/uploads\/2021\/08\/779A0150.jpg","width":800,"height":640,"caption":"Ekologi\u0161ki matcha \u017ealiosios arbatos milteliai i\u0161 Japonijos"},{"@type":"BreadcrumbList","@id":"https:\/\/test.biopapa.de\/lt\/producte\/ekologiski-macia-matcha-zaliosios-arbatos-milteliai-japonijos\/#breadcrumb","itemListElement":[{"@type":"ListItem","position":1,"name":"Home","item":"https:\/\/test.biopapa.de\/lt\/"},{"@type":"ListItem","position":2,"name":"Parduotuv\u0117","item":"https:\/\/test.biopapa.de\/lt\/parduotuve\/"},{"@type":"ListItem","position":3,"name":"Ekologi\u0161ki matcha \u017ealiosios arbatos milteliai i\u0161 Japonijos"}]},{"@type":"WebSite","@id":"https:\/\/test.biopapa.de\/lt\/#website","url":"https:\/\/test.biopapa.de\/lt\/","name":"Biopapa","description":"\u0160var\u016bs ekologi\u0161ki produktai","publisher":{"@id":"https:\/\/test.biopapa.de\/lt\/#organization"},"potentialAction":[{"@type":"SearchAction","target":{"@type":"EntryPoint","urlTemplate":"https:\/\/test.biopapa.de\/lt\/?s={search_term_string}"},"query-input":{"@type":"PropertyValueSpecification","valueRequired":true,"valueName":"search_term_string"}}],"inLanguage":"lt-LT"},{"@type":"Organization","@id":"https:\/\/test.biopapa.de\/lt\/#organization","name":"Biopapa","url":"https:\/\/test.biopapa.de\/lt\/","logo":{"@type":"ImageObject","inLanguage":"lt-LT","@id":"https:\/\/test.biopapa.de\/lt\/#\/schema\/logo\/image\/","url":"https:\/\/www.biopapa.lt\/wp-content\/uploads\/2022\/04\/facebook_biopapa.jpg","contentUrl":"https:\/\/www.biopapa.lt\/wp-content\/uploads\/2022\/04\/facebook_biopapa.jpg","width":1733,"height":907,"caption":"Biopapa"},"image":{"@id":"https:\/\/test.biopapa.de\/lt\/#\/schema\/logo\/image\/"},"sameAs":["https:\/\/www.facebook.com\/biopapa.lt"]}]}},"_links":{"self":[{"href":"https:\/\/test.biopapa.de\/lt\/wp-json\/wp\/v2\/product\/14100","targetHints":{"allow":["GET"]}}],"collection":[{"href":"https:\/\/test.biopapa.de\/lt\/wp-json\/wp\/v2\/product"}],"about":[{"href":"https:\/\/test.biopapa.de\/lt\/wp-json\/wp\/v2\/types\/product"}],"wp:featuredmedia":[{"embeddable":true,"href":"https:\/\/test.biopapa.de\/lt\/wp-json\/wp\/v2\/media\/14514"}],"wp:attachment":[{"href":"https:\/\/test.biopapa.de\/lt\/wp-json\/wp\/v2\/media?parent=14100"}],"wp:term":[{"taxonomy":"product_brand","embeddable":true,"href":"https:\/\/test.biopapa.de\/lt\/wp-json\/wp\/v2\/product_brand?post=14100"},{"taxonomy":"product_cat","embeddable":true,"href":"https:\/\/test.biopapa.de\/lt\/wp-json\/wp\/v2\/product_cat?post=14100"},{"taxonomy":"product_tag","embeddable":true,"href":"https:\/\/test.biopapa.de\/lt\/wp-json\/wp\/v2\/product_tag?post=14100"}],"curies":[{"name":"wp","href":"https:\/\/api.w.org\/{rel}","templated":true}]}}