{"id":13952,"date":"2021-07-28T18:27:49","date_gmt":"2021-07-28T15:27:49","guid":{"rendered":"https:\/\/www.biopapa.lt\/?post_type=product&#038;p=13952"},"modified":"2026-01-23T13:47:29","modified_gmt":"2026-01-23T11:47:29","slug":"ekologiskas-mairunas-raw","status":"publish","type":"product","link":"https:\/\/test.biopapa.de\/lt\/producte\/ekologiskas-mairunas-raw\/","title":{"rendered":"Ekologi\u0161kas mair\u016bnas"},"content":{"rendered":"<p>Mair\u016bnas gali pasirodyti pikanti\u0161kas, \u0161iek tiek saldokas ar net kartus. Dedamas \u012f sriubas, dar\u017eovi\u0173 tro\u0161kinius, salotas, tofu, pada\u017eus. Tinka su makaronais, keptomis bulv\u0117mis, ant pic\u0173 ar makaron\u0173. Tinka s\u016bdant agurkus ir pomidorus, aromatizuojant act\u0105 ir arbat\u0105. Dera su \u010diobreliu, \u0161alaviju, rozmarinu, baziliku, peletr\u016bnu. Kaip ir daugel\u012f prieskoni\u0173, mair\u016bnus patartina d\u0117ti gaminimo proceso gale, tam, kad b\u016bt\u0173 i\u0161laikytas stiprus aromata<\/p>\n<p>\u0160i\u0105 \u017eolel\u0119 taip pat galima u\u017esipilti kaip arbat\u0105.<\/p>\n","protected":false},"excerpt":{"rendered":"<p>Mair\u016bnas gali pasirodyti pikanti\u0161kas, \u0161iek tiek saldokas ar net kartus. Dedamas \u012f sriubas, dar\u017eovi\u0173 tro\u0161kinius, salotas, tofu, pada\u017eus. Tinka su<\/p>\n","protected":false},"featured_media":14548,"template":"","meta":{"_acf_changed":false},"product_brand":[],"product_cat":[1315],"product_tag":[1378,1382],"class_list":{"0":"post-13952","1":"product","2":"type-product","3":"status-publish","4":"has-post-thumbnail","6":"product_cat-ekologiski-prieskoniai","7":"product_tag-veganams","8":"product_tag-zaliavalgiams","9":"pa_svoris-1-kg","10":"pa_svoris-100-g","11":"pa_svoris-200-g","12":"pa_svoris-25-g","13":"pa_svoris-300-g","14":"pa_svoris-400-g","15":"pa_svoris-50-g","16":"pa_svoris-500-g","18":"first","19":"instock","20":"shipping-taxable","21":"purchasable","22":"product-type-variable"},"acf":[],"yoast_head":"<!-- This site is optimized with the Yoast SEO plugin v27.6 - https:\/\/yoast.com\/product\/yoast-seo-wordpress\/ -->\n<title>Ekologi\u0161kas mair\u016bnas - Biopapa<\/title>\n<meta name=\"robots\" content=\"index, follow, max-snippet:-1, max-image-preview:large, max-video-preview:-1\" \/>\n<link rel=\"canonical\" href=\"https:\/\/test.biopapa.de\/lt\/producte\/ekologiskas-mairunas-raw\/\" \/>\n<meta property=\"og:locale\" content=\"lt_LT\" \/>\n<meta property=\"og:type\" content=\"article\" \/>\n<meta property=\"og:title\" content=\"Ekologi\u0161kas mair\u016bnas - Biopapa\" \/>\n<meta property=\"og:description\" content=\"Mair\u016bnas gali pasirodyti pikanti\u0161kas, \u0161iek tiek saldokas ar net kartus. Dedamas \u012f sriubas, dar\u017eovi\u0173 tro\u0161kinius, salotas, tofu, pada\u017eus. Tinka su\" \/>\n<meta property=\"og:url\" content=\"https:\/\/test.biopapa.de\/lt\/producte\/ekologiskas-mairunas-raw\/\" \/>\n<meta property=\"og:site_name\" content=\"Biopapa\" \/>\n<meta property=\"article:publisher\" content=\"https:\/\/www.facebook.com\/biopapa.lt\" \/>\n<meta property=\"article:modified_time\" content=\"2026-01-23T11:47:29+00:00\" \/>\n<meta property=\"og:image\" content=\"https:\/\/test.biopapa.de\/wp-content\/uploads\/2021\/08\/779A1331.jpg\" \/>\n\t<meta property=\"og:image:width\" content=\"800\" \/>\n\t<meta property=\"og:image:height\" content=\"640\" \/>\n\t<meta property=\"og:image:type\" content=\"image\/jpeg\" \/>\n<meta name=\"twitter:card\" content=\"summary_large_image\" \/>\n<script type=\"application\/ld+json\" class=\"yoast-schema-graph\">{\"@context\":\"https:\\\/\\\/schema.org\",\"@graph\":[{\"@type\":\"WebPage\",\"@id\":\"https:\\\/\\\/test.biopapa.de\\\/lt\\\/producte\\\/ekologiskas-mairunas-raw\\\/\",\"url\":\"https:\\\/\\\/test.biopapa.de\\\/lt\\\/producte\\\/ekologiskas-mairunas-raw\\\/\",\"name\":\"Ekologi\u0161kas mair\u016bnas - Biopapa\",\"isPartOf\":{\"@id\":\"https:\\\/\\\/test.biopapa.de\\\/lt\\\/#website\"},\"primaryImageOfPage\":{\"@id\":\"https:\\\/\\\/test.biopapa.de\\\/lt\\\/producte\\\/ekologiskas-mairunas-raw\\\/#primaryimage\"},\"image\":{\"@id\":\"https:\\\/\\\/test.biopapa.de\\\/lt\\\/producte\\\/ekologiskas-mairunas-raw\\\/#primaryimage\"},\"thumbnailUrl\":\"https:\\\/\\\/test.biopapa.de\\\/wp-content\\\/uploads\\\/2021\\\/08\\\/779A1331.jpg\",\"datePublished\":\"2021-07-28T15:27:49+00:00\",\"dateModified\":\"2026-01-23T11:47:29+00:00\",\"breadcrumb\":{\"@id\":\"https:\\\/\\\/test.biopapa.de\\\/lt\\\/producte\\\/ekologiskas-mairunas-raw\\\/#breadcrumb\"},\"inLanguage\":\"lt-LT\",\"potentialAction\":[{\"@type\":\"ReadAction\",\"target\":[\"https:\\\/\\\/test.biopapa.de\\\/lt\\\/producte\\\/ekologiskas-mairunas-raw\\\/\"]}]},{\"@type\":\"ImageObject\",\"inLanguage\":\"lt-LT\",\"@id\":\"https:\\\/\\\/test.biopapa.de\\\/lt\\\/producte\\\/ekologiskas-mairunas-raw\\\/#primaryimage\",\"url\":\"https:\\\/\\\/test.biopapa.de\\\/wp-content\\\/uploads\\\/2021\\\/08\\\/779A1331.jpg\",\"contentUrl\":\"https:\\\/\\\/test.biopapa.de\\\/wp-content\\\/uploads\\\/2021\\\/08\\\/779A1331.jpg\",\"width\":800,\"height\":640,\"caption\":\"Ekologi\u0161kas mair\u016bnas\"},{\"@type\":\"BreadcrumbList\",\"@id\":\"https:\\\/\\\/test.biopapa.de\\\/lt\\\/producte\\\/ekologiskas-mairunas-raw\\\/#breadcrumb\",\"itemListElement\":[{\"@type\":\"ListItem\",\"position\":1,\"name\":\"Home\",\"item\":\"https:\\\/\\\/test.biopapa.de\\\/lt\\\/\"},{\"@type\":\"ListItem\",\"position\":2,\"name\":\"Parduotuv\u0117\",\"item\":\"https:\\\/\\\/test.biopapa.de\\\/lt\\\/parduotuve\\\/\"},{\"@type\":\"ListItem\",\"position\":3,\"name\":\"Ekologi\u0161kas mair\u016bnas\"}]},{\"@type\":\"WebSite\",\"@id\":\"https:\\\/\\\/test.biopapa.de\\\/lt\\\/#website\",\"url\":\"https:\\\/\\\/test.biopapa.de\\\/lt\\\/\",\"name\":\"Biopapa\",\"description\":\"\u0160var\u016bs ekologi\u0161ki produktai\",\"publisher\":{\"@id\":\"https:\\\/\\\/test.biopapa.de\\\/lt\\\/#organization\"},\"potentialAction\":[{\"@type\":\"SearchAction\",\"target\":{\"@type\":\"EntryPoint\",\"urlTemplate\":\"https:\\\/\\\/test.biopapa.de\\\/lt\\\/?s={search_term_string}\"},\"query-input\":{\"@type\":\"PropertyValueSpecification\",\"valueRequired\":true,\"valueName\":\"search_term_string\"}}],\"inLanguage\":\"lt-LT\"},{\"@type\":\"Organization\",\"@id\":\"https:\\\/\\\/test.biopapa.de\\\/lt\\\/#organization\",\"name\":\"Biopapa\",\"url\":\"https:\\\/\\\/test.biopapa.de\\\/lt\\\/\",\"logo\":{\"@type\":\"ImageObject\",\"inLanguage\":\"lt-LT\",\"@id\":\"https:\\\/\\\/test.biopapa.de\\\/lt\\\/#\\\/schema\\\/logo\\\/image\\\/\",\"url\":\"https:\\\/\\\/www.biopapa.lt\\\/wp-content\\\/uploads\\\/2022\\\/04\\\/facebook_biopapa.jpg\",\"contentUrl\":\"https:\\\/\\\/www.biopapa.lt\\\/wp-content\\\/uploads\\\/2022\\\/04\\\/facebook_biopapa.jpg\",\"width\":1733,\"height\":907,\"caption\":\"Biopapa\"},\"image\":{\"@id\":\"https:\\\/\\\/test.biopapa.de\\\/lt\\\/#\\\/schema\\\/logo\\\/image\\\/\"},\"sameAs\":[\"https:\\\/\\\/www.facebook.com\\\/biopapa.lt\"]}]}<\/script>\n<!-- \/ Yoast SEO plugin. -->","yoast_head_json":{"title":"Ekologi\u0161kas mair\u016bnas - Biopapa","robots":{"index":"index","follow":"follow","max-snippet":"max-snippet:-1","max-image-preview":"max-image-preview:large","max-video-preview":"max-video-preview:-1"},"canonical":"https:\/\/test.biopapa.de\/lt\/producte\/ekologiskas-mairunas-raw\/","og_locale":"lt_LT","og_type":"article","og_title":"Ekologi\u0161kas mair\u016bnas - Biopapa","og_description":"Mair\u016bnas gali pasirodyti pikanti\u0161kas, \u0161iek tiek saldokas ar net kartus. Dedamas \u012f sriubas, dar\u017eovi\u0173 tro\u0161kinius, salotas, tofu, pada\u017eus. Tinka su","og_url":"https:\/\/test.biopapa.de\/lt\/producte\/ekologiskas-mairunas-raw\/","og_site_name":"Biopapa","article_publisher":"https:\/\/www.facebook.com\/biopapa.lt","article_modified_time":"2026-01-23T11:47:29+00:00","og_image":[{"width":800,"height":640,"url":"https:\/\/test.biopapa.de\/wp-content\/uploads\/2021\/08\/779A1331.jpg","type":"image\/jpeg"}],"twitter_card":"summary_large_image","schema":{"@context":"https:\/\/schema.org","@graph":[{"@type":"WebPage","@id":"https:\/\/test.biopapa.de\/lt\/producte\/ekologiskas-mairunas-raw\/","url":"https:\/\/test.biopapa.de\/lt\/producte\/ekologiskas-mairunas-raw\/","name":"Ekologi\u0161kas mair\u016bnas - Biopapa","isPartOf":{"@id":"https:\/\/test.biopapa.de\/lt\/#website"},"primaryImageOfPage":{"@id":"https:\/\/test.biopapa.de\/lt\/producte\/ekologiskas-mairunas-raw\/#primaryimage"},"image":{"@id":"https:\/\/test.biopapa.de\/lt\/producte\/ekologiskas-mairunas-raw\/#primaryimage"},"thumbnailUrl":"https:\/\/test.biopapa.de\/wp-content\/uploads\/2021\/08\/779A1331.jpg","datePublished":"2021-07-28T15:27:49+00:00","dateModified":"2026-01-23T11:47:29+00:00","breadcrumb":{"@id":"https:\/\/test.biopapa.de\/lt\/producte\/ekologiskas-mairunas-raw\/#breadcrumb"},"inLanguage":"lt-LT","potentialAction":[{"@type":"ReadAction","target":["https:\/\/test.biopapa.de\/lt\/producte\/ekologiskas-mairunas-raw\/"]}]},{"@type":"ImageObject","inLanguage":"lt-LT","@id":"https:\/\/test.biopapa.de\/lt\/producte\/ekologiskas-mairunas-raw\/#primaryimage","url":"https:\/\/test.biopapa.de\/wp-content\/uploads\/2021\/08\/779A1331.jpg","contentUrl":"https:\/\/test.biopapa.de\/wp-content\/uploads\/2021\/08\/779A1331.jpg","width":800,"height":640,"caption":"Ekologi\u0161kas mair\u016bnas"},{"@type":"BreadcrumbList","@id":"https:\/\/test.biopapa.de\/lt\/producte\/ekologiskas-mairunas-raw\/#breadcrumb","itemListElement":[{"@type":"ListItem","position":1,"name":"Home","item":"https:\/\/test.biopapa.de\/lt\/"},{"@type":"ListItem","position":2,"name":"Parduotuv\u0117","item":"https:\/\/test.biopapa.de\/lt\/parduotuve\/"},{"@type":"ListItem","position":3,"name":"Ekologi\u0161kas mair\u016bnas"}]},{"@type":"WebSite","@id":"https:\/\/test.biopapa.de\/lt\/#website","url":"https:\/\/test.biopapa.de\/lt\/","name":"Biopapa","description":"\u0160var\u016bs ekologi\u0161ki produktai","publisher":{"@id":"https:\/\/test.biopapa.de\/lt\/#organization"},"potentialAction":[{"@type":"SearchAction","target":{"@type":"EntryPoint","urlTemplate":"https:\/\/test.biopapa.de\/lt\/?s={search_term_string}"},"query-input":{"@type":"PropertyValueSpecification","valueRequired":true,"valueName":"search_term_string"}}],"inLanguage":"lt-LT"},{"@type":"Organization","@id":"https:\/\/test.biopapa.de\/lt\/#organization","name":"Biopapa","url":"https:\/\/test.biopapa.de\/lt\/","logo":{"@type":"ImageObject","inLanguage":"lt-LT","@id":"https:\/\/test.biopapa.de\/lt\/#\/schema\/logo\/image\/","url":"https:\/\/www.biopapa.lt\/wp-content\/uploads\/2022\/04\/facebook_biopapa.jpg","contentUrl":"https:\/\/www.biopapa.lt\/wp-content\/uploads\/2022\/04\/facebook_biopapa.jpg","width":1733,"height":907,"caption":"Biopapa"},"image":{"@id":"https:\/\/test.biopapa.de\/lt\/#\/schema\/logo\/image\/"},"sameAs":["https:\/\/www.facebook.com\/biopapa.lt"]}]}},"_links":{"self":[{"href":"https:\/\/test.biopapa.de\/lt\/wp-json\/wp\/v2\/product\/13952","targetHints":{"allow":["GET"]}}],"collection":[{"href":"https:\/\/test.biopapa.de\/lt\/wp-json\/wp\/v2\/product"}],"about":[{"href":"https:\/\/test.biopapa.de\/lt\/wp-json\/wp\/v2\/types\/product"}],"wp:featuredmedia":[{"embeddable":true,"href":"https:\/\/test.biopapa.de\/lt\/wp-json\/wp\/v2\/media\/14548"}],"wp:attachment":[{"href":"https:\/\/test.biopapa.de\/lt\/wp-json\/wp\/v2\/media?parent=13952"}],"wp:term":[{"taxonomy":"product_brand","embeddable":true,"href":"https:\/\/test.biopapa.de\/lt\/wp-json\/wp\/v2\/product_brand?post=13952"},{"taxonomy":"product_cat","embeddable":true,"href":"https:\/\/test.biopapa.de\/lt\/wp-json\/wp\/v2\/product_cat?post=13952"},{"taxonomy":"product_tag","embeddable":true,"href":"https:\/\/test.biopapa.de\/lt\/wp-json\/wp\/v2\/product_tag?post=13952"}],"curies":[{"name":"wp","href":"https:\/\/api.w.org\/{rel}","templated":true}]}}