{"id":13883,"date":"2021-07-28T10:49:27","date_gmt":"2021-07-28T07:49:27","guid":{"rendered":"https:\/\/www.biopapa.lt\/?post_type=product&#038;p=13883"},"modified":"2025-11-13T13:33:01","modified_gmt":"2025-11-13T11:33:01","slug":"ekologiski-dziovinti-bananu-gabaliukai","status":"publish","type":"product","link":"https:\/\/test.biopapa.de\/lt\/producte\/ekologiski-dziovinti-bananu-gabaliukai\/","title":{"rendered":"Ekologi\u0161ki d\u017eiovinti banan\u0173 gabaliukai"},"content":{"rendered":"<p><strong>Ekologi\u0161ki d\u017eiovinti banan\u0173 gabaliukai<\/strong>\u00a0jau \u0161imtme\u010dius vartojami kaip skanus ir maistingas u\u017ekandis, nes bananai kil\u0119 i\u0161 Pietry\u010di\u0173 Azijos ir i\u0161plit\u0119 visame pasaulyje. Jie yra turtingi mineralais, skaidulomis ir nat\u016braliais cukrumis, tod\u0117l suteikia greitos energijos.<br \/>\nD\u017eiovinti bananai da\u017eniausiai valgomi kaip skanus ir sveikas u\u017ekandis, kur\u012f galima suvalgyti vietoj saldainio, kai norisi \u201eka\u017eko skanaus\u201c, dedami \u012f dribsnius, rie\u0161ut\u0173 ir vaisi\u0173 mi\u0161inius ar kepinius. Jais galite pasigardinti pusrytin\u0119 ko\u0161\u0119, blynus ar desertus. glotnu\u010dius ar kokteilius.<\/p>\n<p>Rekomenduojama dienos norma yra apie 30\u201340 gram\u0173 (nedidel\u0117 sauja), kad b\u016bt\u0173 i\u0161laikyta mitybos pusiausvyra ir i\u0161vengta perteklinio cukraus vartojimo.<\/p>\n<p><em>PASTABA. \u010cia pateikta informacija negali b\u016bti interpretuojama kaip gydymo ar kitokio pob\u016bd\u017eio sveikatos klausim\u0173 sprendimo rekomendacija. Raginame sprendimus, susijusius su asmenine sveikata, priimti asmeni\u0161kai, \u012fvertinus \u012fvairius informacijos \u0161altinius.<\/em><\/p>\n","protected":false},"excerpt":{"rendered":"<p>Ekologi\u0161ki d\u017eiovinti banan\u0173 gabaliukai\u00a0jau \u0161imtme\u010dius vartojami kaip skanus ir maistingas u\u017ekandis, nes bananai kil\u0119 i\u0161 Pietry\u010di\u0173 Azijos ir i\u0161plit\u0119 visame<\/p>\n","protected":false},"featured_media":26934,"template":"","meta":{"_acf_changed":false},"product_brand":[],"product_cat":[1934,1228],"product_tag":[1381,1378],"class_list":{"0":"post-13883","1":"product","2":"type-product","3":"status-publish","4":"has-post-thumbnail","6":"product_cat-dziovinti-vaisiai","7":"product_cat-ekologiski-dziovinti-vaisiai-uogos-darzoves","8":"product_tag-be-pridetinio-cukraus","9":"product_tag-veganams","10":"pa_svoris-1-kg","11":"pa_svoris-10-kg","12":"pa_svoris-100-g","13":"pa_svoris-2-5-kg","14":"pa_svoris-200-g","15":"pa_svoris-300-g","16":"pa_svoris-400-g","17":"pa_svoris-500-g","19":"first","20":"instock","21":"shipping-taxable","22":"purchasable","23":"product-type-variable"},"acf":[],"yoast_head":"<!-- This site is optimized with the Yoast SEO plugin v27.6 - https:\/\/yoast.com\/product\/yoast-seo-wordpress\/ -->\n<title>Ekologi\u0161ki d\u017eiovinti banan\u0173 gabaliukai - Biopapa<\/title>\n<meta name=\"description\" content=\"Ekologi\u0161ki d\u017eiovinti banan\u0173 gabaliukai\u00a0jau \u0161imtme\u010dius vartojami kaip skanus ir maistingas u\u017ekandis.\" \/>\n<meta name=\"robots\" content=\"index, follow, max-snippet:-1, max-image-preview:large, max-video-preview:-1\" \/>\n<link rel=\"canonical\" href=\"https:\/\/test.biopapa.de\/lt\/producte\/ekologiski-dziovinti-bananu-gabaliukai\/\" \/>\n<meta property=\"og:locale\" content=\"lt_LT\" \/>\n<meta property=\"og:type\" content=\"article\" \/>\n<meta property=\"og:title\" content=\"Ekologi\u0161ki d\u017eiovinti banan\u0173 gabaliukai - Biopapa\" \/>\n<meta property=\"og:description\" content=\"Ekologi\u0161ki d\u017eiovinti banan\u0173 gabaliukai\u00a0jau \u0161imtme\u010dius vartojami kaip skanus ir maistingas u\u017ekandis.\" \/>\n<meta property=\"og:url\" content=\"https:\/\/test.biopapa.de\/lt\/producte\/ekologiski-dziovinti-bananu-gabaliukai\/\" \/>\n<meta property=\"og:site_name\" content=\"Biopapa\" \/>\n<meta property=\"article:publisher\" content=\"https:\/\/www.facebook.com\/biopapa.lt\" \/>\n<meta property=\"article:modified_time\" content=\"2025-11-13T11:33:01+00:00\" \/>\n<meta property=\"og:image\" content=\"https:\/\/test.biopapa.de\/wp-content\/uploads\/2021\/07\/Ekologiski-dziovinti-bananu-gabaliukai-2.png\" \/>\n\t<meta property=\"og:image:width\" content=\"800\" \/>\n\t<meta property=\"og:image:height\" content=\"640\" \/>\n\t<meta property=\"og:image:type\" content=\"image\/png\" \/>\n<meta name=\"twitter:card\" content=\"summary_large_image\" \/>\n<meta name=\"twitter:label1\" content=\"Est. reading time\" \/>\n\t<meta name=\"twitter:data1\" content=\"1 minut\u0117\" \/>\n<script type=\"application\/ld+json\" class=\"yoast-schema-graph\">{\"@context\":\"https:\\\/\\\/schema.org\",\"@graph\":[{\"@type\":\"WebPage\",\"@id\":\"https:\\\/\\\/test.biopapa.de\\\/lt\\\/producte\\\/ekologiski-dziovinti-bananu-gabaliukai\\\/\",\"url\":\"https:\\\/\\\/test.biopapa.de\\\/lt\\\/producte\\\/ekologiski-dziovinti-bananu-gabaliukai\\\/\",\"name\":\"Ekologi\u0161ki d\u017eiovinti banan\u0173 gabaliukai - Biopapa\",\"isPartOf\":{\"@id\":\"https:\\\/\\\/test.biopapa.de\\\/lt\\\/#website\"},\"primaryImageOfPage\":{\"@id\":\"https:\\\/\\\/test.biopapa.de\\\/lt\\\/producte\\\/ekologiski-dziovinti-bananu-gabaliukai\\\/#primaryimage\"},\"image\":{\"@id\":\"https:\\\/\\\/test.biopapa.de\\\/lt\\\/producte\\\/ekologiski-dziovinti-bananu-gabaliukai\\\/#primaryimage\"},\"thumbnailUrl\":\"https:\\\/\\\/test.biopapa.de\\\/wp-content\\\/uploads\\\/2021\\\/07\\\/Ekologiski-dziovinti-bananu-gabaliukai-2.png\",\"datePublished\":\"2021-07-28T07:49:27+00:00\",\"dateModified\":\"2025-11-13T11:33:01+00:00\",\"description\":\"Ekologi\u0161ki d\u017eiovinti banan\u0173 gabaliukai\u00a0jau \u0161imtme\u010dius vartojami kaip skanus ir maistingas u\u017ekandis.\",\"breadcrumb\":{\"@id\":\"https:\\\/\\\/test.biopapa.de\\\/lt\\\/producte\\\/ekologiski-dziovinti-bananu-gabaliukai\\\/#breadcrumb\"},\"inLanguage\":\"lt-LT\",\"potentialAction\":[{\"@type\":\"ReadAction\",\"target\":[\"https:\\\/\\\/test.biopapa.de\\\/lt\\\/producte\\\/ekologiski-dziovinti-bananu-gabaliukai\\\/\"]}]},{\"@type\":\"ImageObject\",\"inLanguage\":\"lt-LT\",\"@id\":\"https:\\\/\\\/test.biopapa.de\\\/lt\\\/producte\\\/ekologiski-dziovinti-bananu-gabaliukai\\\/#primaryimage\",\"url\":\"https:\\\/\\\/test.biopapa.de\\\/wp-content\\\/uploads\\\/2021\\\/07\\\/Ekologiski-dziovinti-bananu-gabaliukai-2.png\",\"contentUrl\":\"https:\\\/\\\/test.biopapa.de\\\/wp-content\\\/uploads\\\/2021\\\/07\\\/Ekologiski-dziovinti-bananu-gabaliukai-2.png\",\"width\":800,\"height\":640,\"caption\":\"Ekologi\u0161ki d\u017eiovinti banan\u0173 gabaliukai\"},{\"@type\":\"BreadcrumbList\",\"@id\":\"https:\\\/\\\/test.biopapa.de\\\/lt\\\/producte\\\/ekologiski-dziovinti-bananu-gabaliukai\\\/#breadcrumb\",\"itemListElement\":[{\"@type\":\"ListItem\",\"position\":1,\"name\":\"Home\",\"item\":\"https:\\\/\\\/test.biopapa.de\\\/lt\\\/\"},{\"@type\":\"ListItem\",\"position\":2,\"name\":\"Parduotuv\u0117\",\"item\":\"https:\\\/\\\/test.biopapa.de\\\/lt\\\/parduotuve\\\/\"},{\"@type\":\"ListItem\",\"position\":3,\"name\":\"Ekologi\u0161ki d\u017eiovinti banan\u0173 gabaliukai\"}]},{\"@type\":\"WebSite\",\"@id\":\"https:\\\/\\\/test.biopapa.de\\\/lt\\\/#website\",\"url\":\"https:\\\/\\\/test.biopapa.de\\\/lt\\\/\",\"name\":\"Biopapa\",\"description\":\"\u0160var\u016bs ekologi\u0161ki produktai\",\"publisher\":{\"@id\":\"https:\\\/\\\/test.biopapa.de\\\/lt\\\/#organization\"},\"potentialAction\":[{\"@type\":\"SearchAction\",\"target\":{\"@type\":\"EntryPoint\",\"urlTemplate\":\"https:\\\/\\\/test.biopapa.de\\\/lt\\\/?s={search_term_string}\"},\"query-input\":{\"@type\":\"PropertyValueSpecification\",\"valueRequired\":true,\"valueName\":\"search_term_string\"}}],\"inLanguage\":\"lt-LT\"},{\"@type\":\"Organization\",\"@id\":\"https:\\\/\\\/test.biopapa.de\\\/lt\\\/#organization\",\"name\":\"Biopapa\",\"url\":\"https:\\\/\\\/test.biopapa.de\\\/lt\\\/\",\"logo\":{\"@type\":\"ImageObject\",\"inLanguage\":\"lt-LT\",\"@id\":\"https:\\\/\\\/test.biopapa.de\\\/lt\\\/#\\\/schema\\\/logo\\\/image\\\/\",\"url\":\"https:\\\/\\\/www.biopapa.lt\\\/wp-content\\\/uploads\\\/2022\\\/04\\\/facebook_biopapa.jpg\",\"contentUrl\":\"https:\\\/\\\/www.biopapa.lt\\\/wp-content\\\/uploads\\\/2022\\\/04\\\/facebook_biopapa.jpg\",\"width\":1733,\"height\":907,\"caption\":\"Biopapa\"},\"image\":{\"@id\":\"https:\\\/\\\/test.biopapa.de\\\/lt\\\/#\\\/schema\\\/logo\\\/image\\\/\"},\"sameAs\":[\"https:\\\/\\\/www.facebook.com\\\/biopapa.lt\"]}]}<\/script>\n<!-- \/ Yoast SEO plugin. -->","yoast_head_json":{"title":"Ekologi\u0161ki d\u017eiovinti banan\u0173 gabaliukai - Biopapa","description":"Ekologi\u0161ki d\u017eiovinti banan\u0173 gabaliukai\u00a0jau \u0161imtme\u010dius vartojami kaip skanus ir maistingas u\u017ekandis.","robots":{"index":"index","follow":"follow","max-snippet":"max-snippet:-1","max-image-preview":"max-image-preview:large","max-video-preview":"max-video-preview:-1"},"canonical":"https:\/\/test.biopapa.de\/lt\/producte\/ekologiski-dziovinti-bananu-gabaliukai\/","og_locale":"lt_LT","og_type":"article","og_title":"Ekologi\u0161ki d\u017eiovinti banan\u0173 gabaliukai - Biopapa","og_description":"Ekologi\u0161ki d\u017eiovinti banan\u0173 gabaliukai\u00a0jau \u0161imtme\u010dius vartojami kaip skanus ir maistingas u\u017ekandis.","og_url":"https:\/\/test.biopapa.de\/lt\/producte\/ekologiski-dziovinti-bananu-gabaliukai\/","og_site_name":"Biopapa","article_publisher":"https:\/\/www.facebook.com\/biopapa.lt","article_modified_time":"2025-11-13T11:33:01+00:00","og_image":[{"width":800,"height":640,"url":"https:\/\/test.biopapa.de\/wp-content\/uploads\/2021\/07\/Ekologiski-dziovinti-bananu-gabaliukai-2.png","type":"image\/png"}],"twitter_card":"summary_large_image","twitter_misc":{"Est. reading time":"1 minut\u0117"},"schema":{"@context":"https:\/\/schema.org","@graph":[{"@type":"WebPage","@id":"https:\/\/test.biopapa.de\/lt\/producte\/ekologiski-dziovinti-bananu-gabaliukai\/","url":"https:\/\/test.biopapa.de\/lt\/producte\/ekologiski-dziovinti-bananu-gabaliukai\/","name":"Ekologi\u0161ki d\u017eiovinti banan\u0173 gabaliukai - Biopapa","isPartOf":{"@id":"https:\/\/test.biopapa.de\/lt\/#website"},"primaryImageOfPage":{"@id":"https:\/\/test.biopapa.de\/lt\/producte\/ekologiski-dziovinti-bananu-gabaliukai\/#primaryimage"},"image":{"@id":"https:\/\/test.biopapa.de\/lt\/producte\/ekologiski-dziovinti-bananu-gabaliukai\/#primaryimage"},"thumbnailUrl":"https:\/\/test.biopapa.de\/wp-content\/uploads\/2021\/07\/Ekologiski-dziovinti-bananu-gabaliukai-2.png","datePublished":"2021-07-28T07:49:27+00:00","dateModified":"2025-11-13T11:33:01+00:00","description":"Ekologi\u0161ki d\u017eiovinti banan\u0173 gabaliukai\u00a0jau \u0161imtme\u010dius vartojami kaip skanus ir maistingas u\u017ekandis.","breadcrumb":{"@id":"https:\/\/test.biopapa.de\/lt\/producte\/ekologiski-dziovinti-bananu-gabaliukai\/#breadcrumb"},"inLanguage":"lt-LT","potentialAction":[{"@type":"ReadAction","target":["https:\/\/test.biopapa.de\/lt\/producte\/ekologiski-dziovinti-bananu-gabaliukai\/"]}]},{"@type":"ImageObject","inLanguage":"lt-LT","@id":"https:\/\/test.biopapa.de\/lt\/producte\/ekologiski-dziovinti-bananu-gabaliukai\/#primaryimage","url":"https:\/\/test.biopapa.de\/wp-content\/uploads\/2021\/07\/Ekologiski-dziovinti-bananu-gabaliukai-2.png","contentUrl":"https:\/\/test.biopapa.de\/wp-content\/uploads\/2021\/07\/Ekologiski-dziovinti-bananu-gabaliukai-2.png","width":800,"height":640,"caption":"Ekologi\u0161ki d\u017eiovinti banan\u0173 gabaliukai"},{"@type":"BreadcrumbList","@id":"https:\/\/test.biopapa.de\/lt\/producte\/ekologiski-dziovinti-bananu-gabaliukai\/#breadcrumb","itemListElement":[{"@type":"ListItem","position":1,"name":"Home","item":"https:\/\/test.biopapa.de\/lt\/"},{"@type":"ListItem","position":2,"name":"Parduotuv\u0117","item":"https:\/\/test.biopapa.de\/lt\/parduotuve\/"},{"@type":"ListItem","position":3,"name":"Ekologi\u0161ki d\u017eiovinti banan\u0173 gabaliukai"}]},{"@type":"WebSite","@id":"https:\/\/test.biopapa.de\/lt\/#website","url":"https:\/\/test.biopapa.de\/lt\/","name":"Biopapa","description":"\u0160var\u016bs ekologi\u0161ki produktai","publisher":{"@id":"https:\/\/test.biopapa.de\/lt\/#organization"},"potentialAction":[{"@type":"SearchAction","target":{"@type":"EntryPoint","urlTemplate":"https:\/\/test.biopapa.de\/lt\/?s={search_term_string}"},"query-input":{"@type":"PropertyValueSpecification","valueRequired":true,"valueName":"search_term_string"}}],"inLanguage":"lt-LT"},{"@type":"Organization","@id":"https:\/\/test.biopapa.de\/lt\/#organization","name":"Biopapa","url":"https:\/\/test.biopapa.de\/lt\/","logo":{"@type":"ImageObject","inLanguage":"lt-LT","@id":"https:\/\/test.biopapa.de\/lt\/#\/schema\/logo\/image\/","url":"https:\/\/www.biopapa.lt\/wp-content\/uploads\/2022\/04\/facebook_biopapa.jpg","contentUrl":"https:\/\/www.biopapa.lt\/wp-content\/uploads\/2022\/04\/facebook_biopapa.jpg","width":1733,"height":907,"caption":"Biopapa"},"image":{"@id":"https:\/\/test.biopapa.de\/lt\/#\/schema\/logo\/image\/"},"sameAs":["https:\/\/www.facebook.com\/biopapa.lt"]}]}},"_links":{"self":[{"href":"https:\/\/test.biopapa.de\/lt\/wp-json\/wp\/v2\/product\/13883","targetHints":{"allow":["GET"]}}],"collection":[{"href":"https:\/\/test.biopapa.de\/lt\/wp-json\/wp\/v2\/product"}],"about":[{"href":"https:\/\/test.biopapa.de\/lt\/wp-json\/wp\/v2\/types\/product"}],"wp:featuredmedia":[{"embeddable":true,"href":"https:\/\/test.biopapa.de\/lt\/wp-json\/wp\/v2\/media\/26934"}],"wp:attachment":[{"href":"https:\/\/test.biopapa.de\/lt\/wp-json\/wp\/v2\/media?parent=13883"}],"wp:term":[{"taxonomy":"product_brand","embeddable":true,"href":"https:\/\/test.biopapa.de\/lt\/wp-json\/wp\/v2\/product_brand?post=13883"},{"taxonomy":"product_cat","embeddable":true,"href":"https:\/\/test.biopapa.de\/lt\/wp-json\/wp\/v2\/product_cat?post=13883"},{"taxonomy":"product_tag","embeddable":true,"href":"https:\/\/test.biopapa.de\/lt\/wp-json\/wp\/v2\/product_tag?post=13883"}],"curies":[{"name":"wp","href":"https:\/\/api.w.org\/{rel}","templated":true}]}}