{"id":9,"date":"2013-04-27T09:12:36","date_gmt":"2013-04-27T09:12:36","guid":{"rendered":"https:\/\/www.biopapa.lt\/?page_id=9"},"modified":"2026-04-09T12:15:57","modified_gmt":"2026-04-09T09:15:57","slug":"pristatymas","status":"publish","type":"page","link":"https:\/\/test.biopapa.de\/lt\/pristatymas\/","title":{"rendered":"Pristatymas"},"content":{"rendered":"<div class=\"wpb-content-wrapper\"><p>[vc_row][vc_column][vc_column_text css=&#8221;&#8221; woodmart_inline=&#8221;no&#8221; text_larger=&#8221;no&#8221;]<\/p>\n<h4>PRISTATYMO S\u0104LYGOS:<\/h4>\n<ul>\n<li>U\u017esakym\u0105 pristatome per 5 &#8211; 6\u00a0 darbo dienas (stengiam\u0117s kuo grei\u010diau).<\/li>\n<li>Pristatymas vykdomas Vokietijos ir Austrijos teritorij\u0173 ribose.<\/li>\n<\/ul>\n<h4><strong>El. parduotuv\u0117je u\u017esakyt\u0173 preki\u0173 standartinis pristatymas vykdomas su GLS (SMARTPOSTI) kurjeri\u0173 tarnyba J\u016bs\u0173 nurodytu adresu:<\/strong><\/h4>\n<ul>\n<li><strong>Nemokamas<\/strong> pristatymas siuntoms vir\u0161 80 eur\u0173 per GLS kurjer\u012f J\u016bs\u0173 nurodytu adresu.<\/li>\n<li>Standartinis pristatymas per GLS kurjer\u012f J\u016bs\u0173 nurodytu adresu siuntoms iki 80 \u20ac \u2013 6,60 \u20ac.<\/li>\n<\/ul>\n<h4><strong>Papildoma informacija d\u0117l pristatymo:<\/strong><\/h4>\n<ul>\n<li>D\u0117mesio:\u00a0preki\u0173 pristatymo metu patikrinkite pakuot\u0117s b\u016bkl\u0119. Pasteb\u0117j\u0119 pa\u017eeidimus, b\u016btinai pa\u017eym\u0117kite tai siuntos pri\u0117mimo metu bei sura\u0161ykite laisvos formos siuntos pa\u017eeidimo akt\u0105. Nenurod\u017eius pakuot\u0117s pa\u017eeidim\u0173 prek\u0117s pristatymo metu, bus laikoma, kad siunta perduota tvarkinga, be pa\u017eeidim\u0173.<\/li>\n<li>Jeigu siuntinio \u00a0komplektacijoje n\u0117ra koki\u0173 nors preki\u0173 ar pakuot\u0117 atrodo pa\u017eeista, informuokite mus el. pa\u0161tu <a href=\"mailto:info@zaliuomene.lt\">info@biopapa.de<\/a> arba telefonu <a href=\"tel:+37068615177\">+370 686 15177<\/a>.<\/li>\n<li>Siekdami ma\u017einti gamtos tar\u0161\u0105, siuntoms stengiam\u0117s pakartotinai panaudoti pakuotes nuo kit\u0173 preki\u0173. J\u016bs\u0173 u\u017esakym\u0105 visuomet stengiam\u0117s supakuoti kuo saugiau, kad prek\u0117s jus pasiekt\u0173 geros b\u016bkl\u0117s.<\/li>\n<\/ul>\n<p>[\/vc_column_text][\/vc_column][\/vc_row][vc_row][vc_column width=&#8221;1\/4&#8243;][\/vc_column][vc_column width=&#8221;1\/2&#8243; woodmart_text_align=&#8221;center&#8221; woodmart_css_id=&#8221;68d12b6a695ee&#8221; parallax_scroll=&#8221;no&#8221; woodmart_sticky_column=&#8221;false&#8221; wd_collapsible_content_switcher=&#8221;no&#8221; wd_column_role_offcanvas_desktop=&#8221;no&#8221; wd_column_role_offcanvas_tablet=&#8221;no&#8221; wd_column_role_offcanvas_mobile=&#8221;no&#8221; wd_column_role_content_desktop=&#8221;no&#8221; wd_column_role_content_tablet=&#8221;no&#8221; wd_column_role_content_mobile=&#8221;no&#8221; mobile_bg_img_hidden=&#8221;no&#8221; tablet_bg_img_hidden=&#8221;no&#8221; woodmart_parallax=&#8221;0&#8243; woodmart_box_shadow=&#8221;no&#8221; responsive_spacing=&#8221;eyJwYXJhbV90eXBlIjoid29vZG1hcnRfcmVzcG9uc2l2ZV9zcGFjaW5nIiwic2VsZWN0b3JfaWQiOiI2OGQxMmI2YTY5NWVlIiwic2hvcnRjb2RlIjoidmNfY29sdW1uIiwiZGF0YSI6eyJ0YWJsZXQiOnt9LCJtb2JpbGUiOnt9fX0=&#8221; mobile_reset_margin=&#8221;no&#8221; tablet_reset_margin=&#8221;no&#8221; wd_z_index=&#8221;no&#8221;]\t\t<div id=\"wd-68d12b8cc760c\" class=\"wd-image wd-wpb wd-rs-68d12b8cc760c wd-enabled-width text-center \">\n\t\t\t\n\t\t\t<img decoding=\"async\" width=\"200\" height=\"88\" src=\"https:\/\/test.biopapa.de\/wp-content\/uploads\/2021\/08\/dpd-logo-5.png\" class=\"attachment-full size-full\" alt=\"dpd logo\" srcset=\"https:\/\/test.biopapa.de\/wp-content\/uploads\/2021\/08\/dpd-logo-5.png 200w, https:\/\/test.biopapa.de\/wp-content\/uploads\/2021\/08\/dpd-logo-5-150x66.png 150w\" sizes=\"(max-width: 200px) 100vw, 200px\" \/>\n\t\t\t\t\t<\/div>\n\t\t[\/vc_column][vc_column width=&#8221;1\/4&#8243;][\/vc_column][\/vc_row]<\/p>\n<\/div>","protected":false},"excerpt":{"rendered":"<p>[vc_row][vc_column][vc_column_text css=&#8221;&#8221; woodmart_inline=&#8221;no&#8221; text_larger=&#8221;no&#8221;] PRISTATYMO S\u0104LYGOS: U\u017esakym\u0105 pristatome per 5 &#8211; 6\u00a0 darbo dienas (stengiam\u0117s kuo grei\u010diau). Pristatymas vykdomas Vokietijos<\/p>\n","protected":false},"author":1852,"featured_media":0,"parent":0,"menu_order":0,"comment_status":"closed","ping_status":"closed","template":"","meta":{"_acf_changed":false,"footnotes":""},"class_list":["post-9","page","type-page","status-publish","hentry"],"acf":[],"yoast_head":"<!-- This site is optimized with the Yoast SEO plugin v27.6 - https:\/\/yoast.com\/product\/yoast-seo-wordpress\/ -->\n<title>Pristatymas - Biopapa<\/title>\n<meta name=\"description\" content=\"Ekologi\u0161kas termi\u0161kai neapdorotas, sveikas maistas. Ekologi\u0161ki rie\u0161utai, d\u017eiovinti vaisiai, super maistas. R\u016bpestingai supakuota Lietuvoje.\" \/>\n<meta name=\"robots\" content=\"index, follow, max-snippet:-1, max-image-preview:large, max-video-preview:-1\" \/>\n<link rel=\"canonical\" href=\"https:\/\/test.biopapa.de\/lt\/pristatymas\/\" \/>\n<meta property=\"og:locale\" content=\"lt_LT\" \/>\n<meta property=\"og:type\" content=\"article\" \/>\n<meta property=\"og:title\" content=\"Pristatymas - Biopapa\" \/>\n<meta property=\"og:description\" content=\"Ekologi\u0161kas termi\u0161kai neapdorotas, sveikas maistas. Ekologi\u0161ki rie\u0161utai, d\u017eiovinti vaisiai, super maistas. R\u016bpestingai supakuota Lietuvoje.\" \/>\n<meta property=\"og:url\" content=\"https:\/\/test.biopapa.de\/lt\/pristatymas\/\" \/>\n<meta property=\"og:site_name\" content=\"Biopapa\" \/>\n<meta property=\"article:publisher\" content=\"https:\/\/www.facebook.com\/biopapa.lt\" \/>\n<meta property=\"article:modified_time\" content=\"2026-04-09T09:15:57+00:00\" \/>\n<meta property=\"og:image\" content=\"https:\/\/test.biopapa.de\/wp-content\/uploads\/2022\/04\/facebook_biopapa.jpg\" \/>\n\t<meta property=\"og:image:width\" content=\"1733\" \/>\n\t<meta property=\"og:image:height\" content=\"907\" \/>\n\t<meta property=\"og:image:type\" content=\"image\/jpeg\" \/>\n<meta name=\"twitter:card\" content=\"summary_large_image\" \/>\n<meta name=\"twitter:label1\" content=\"Est. reading time\" \/>\n\t<meta name=\"twitter:data1\" content=\"2 minut\u0117s\" \/>\n<script type=\"application\/ld+json\" class=\"yoast-schema-graph\">{\"@context\":\"https:\\\/\\\/schema.org\",\"@graph\":[{\"@type\":\"WebPage\",\"@id\":\"https:\\\/\\\/test.biopapa.de\\\/lt\\\/pristatymas\\\/\",\"url\":\"https:\\\/\\\/test.biopapa.de\\\/lt\\\/pristatymas\\\/\",\"name\":\"Pristatymas - Biopapa\",\"isPartOf\":{\"@id\":\"https:\\\/\\\/test.biopapa.de\\\/lt\\\/#website\"},\"datePublished\":\"2013-04-27T09:12:36+00:00\",\"dateModified\":\"2026-04-09T09:15:57+00:00\",\"description\":\"Ekologi\u0161kas termi\u0161kai neapdorotas, sveikas maistas. Ekologi\u0161ki rie\u0161utai, d\u017eiovinti vaisiai, super maistas. R\u016bpestingai supakuota Lietuvoje.\",\"breadcrumb\":{\"@id\":\"https:\\\/\\\/test.biopapa.de\\\/lt\\\/pristatymas\\\/#breadcrumb\"},\"inLanguage\":\"lt-LT\",\"potentialAction\":[{\"@type\":\"ReadAction\",\"target\":[\"https:\\\/\\\/test.biopapa.de\\\/lt\\\/pristatymas\\\/\"]}]},{\"@type\":\"BreadcrumbList\",\"@id\":\"https:\\\/\\\/test.biopapa.de\\\/lt\\\/pristatymas\\\/#breadcrumb\",\"itemListElement\":[{\"@type\":\"ListItem\",\"position\":1,\"name\":\"Home\",\"item\":\"https:\\\/\\\/test.biopapa.de\\\/lt\\\/\"},{\"@type\":\"ListItem\",\"position\":2,\"name\":\"Pristatymas\"}]},{\"@type\":\"WebSite\",\"@id\":\"https:\\\/\\\/test.biopapa.de\\\/lt\\\/#website\",\"url\":\"https:\\\/\\\/test.biopapa.de\\\/lt\\\/\",\"name\":\"Biopapa\",\"description\":\"\u0160var\u016bs ekologi\u0161ki produktai\",\"publisher\":{\"@id\":\"https:\\\/\\\/test.biopapa.de\\\/lt\\\/#organization\"},\"potentialAction\":[{\"@type\":\"SearchAction\",\"target\":{\"@type\":\"EntryPoint\",\"urlTemplate\":\"https:\\\/\\\/test.biopapa.de\\\/lt\\\/?s={search_term_string}\"},\"query-input\":{\"@type\":\"PropertyValueSpecification\",\"valueRequired\":true,\"valueName\":\"search_term_string\"}}],\"inLanguage\":\"lt-LT\"},{\"@type\":\"Organization\",\"@id\":\"https:\\\/\\\/test.biopapa.de\\\/lt\\\/#organization\",\"name\":\"Biopapa\",\"url\":\"https:\\\/\\\/test.biopapa.de\\\/lt\\\/\",\"logo\":{\"@type\":\"ImageObject\",\"inLanguage\":\"lt-LT\",\"@id\":\"https:\\\/\\\/test.biopapa.de\\\/lt\\\/#\\\/schema\\\/logo\\\/image\\\/\",\"url\":\"https:\\\/\\\/www.biopapa.lt\\\/wp-content\\\/uploads\\\/2022\\\/04\\\/facebook_biopapa.jpg\",\"contentUrl\":\"https:\\\/\\\/www.biopapa.lt\\\/wp-content\\\/uploads\\\/2022\\\/04\\\/facebook_biopapa.jpg\",\"width\":1733,\"height\":907,\"caption\":\"Biopapa\"},\"image\":{\"@id\":\"https:\\\/\\\/test.biopapa.de\\\/lt\\\/#\\\/schema\\\/logo\\\/image\\\/\"},\"sameAs\":[\"https:\\\/\\\/www.facebook.com\\\/biopapa.lt\"]}]}<\/script>\n<!-- \/ Yoast SEO plugin. -->","yoast_head_json":{"title":"Pristatymas - Biopapa","description":"Ekologi\u0161kas termi\u0161kai neapdorotas, sveikas maistas. Ekologi\u0161ki rie\u0161utai, d\u017eiovinti vaisiai, super maistas. R\u016bpestingai supakuota Lietuvoje.","robots":{"index":"index","follow":"follow","max-snippet":"max-snippet:-1","max-image-preview":"max-image-preview:large","max-video-preview":"max-video-preview:-1"},"canonical":"https:\/\/test.biopapa.de\/lt\/pristatymas\/","og_locale":"lt_LT","og_type":"article","og_title":"Pristatymas - Biopapa","og_description":"Ekologi\u0161kas termi\u0161kai neapdorotas, sveikas maistas. Ekologi\u0161ki rie\u0161utai, d\u017eiovinti vaisiai, super maistas. R\u016bpestingai supakuota Lietuvoje.","og_url":"https:\/\/test.biopapa.de\/lt\/pristatymas\/","og_site_name":"Biopapa","article_publisher":"https:\/\/www.facebook.com\/biopapa.lt","article_modified_time":"2026-04-09T09:15:57+00:00","og_image":[{"width":1733,"height":907,"url":"https:\/\/test.biopapa.de\/wp-content\/uploads\/2022\/04\/facebook_biopapa.jpg","type":"image\/jpeg"}],"twitter_card":"summary_large_image","twitter_misc":{"Est. reading time":"2 minut\u0117s"},"schema":{"@context":"https:\/\/schema.org","@graph":[{"@type":"WebPage","@id":"https:\/\/test.biopapa.de\/lt\/pristatymas\/","url":"https:\/\/test.biopapa.de\/lt\/pristatymas\/","name":"Pristatymas - Biopapa","isPartOf":{"@id":"https:\/\/test.biopapa.de\/lt\/#website"},"datePublished":"2013-04-27T09:12:36+00:00","dateModified":"2026-04-09T09:15:57+00:00","description":"Ekologi\u0161kas termi\u0161kai neapdorotas, sveikas maistas. Ekologi\u0161ki rie\u0161utai, d\u017eiovinti vaisiai, super maistas. R\u016bpestingai supakuota Lietuvoje.","breadcrumb":{"@id":"https:\/\/test.biopapa.de\/lt\/pristatymas\/#breadcrumb"},"inLanguage":"lt-LT","potentialAction":[{"@type":"ReadAction","target":["https:\/\/test.biopapa.de\/lt\/pristatymas\/"]}]},{"@type":"BreadcrumbList","@id":"https:\/\/test.biopapa.de\/lt\/pristatymas\/#breadcrumb","itemListElement":[{"@type":"ListItem","position":1,"name":"Home","item":"https:\/\/test.biopapa.de\/lt\/"},{"@type":"ListItem","position":2,"name":"Pristatymas"}]},{"@type":"WebSite","@id":"https:\/\/test.biopapa.de\/lt\/#website","url":"https:\/\/test.biopapa.de\/lt\/","name":"Biopapa","description":"\u0160var\u016bs ekologi\u0161ki produktai","publisher":{"@id":"https:\/\/test.biopapa.de\/lt\/#organization"},"potentialAction":[{"@type":"SearchAction","target":{"@type":"EntryPoint","urlTemplate":"https:\/\/test.biopapa.de\/lt\/?s={search_term_string}"},"query-input":{"@type":"PropertyValueSpecification","valueRequired":true,"valueName":"search_term_string"}}],"inLanguage":"lt-LT"},{"@type":"Organization","@id":"https:\/\/test.biopapa.de\/lt\/#organization","name":"Biopapa","url":"https:\/\/test.biopapa.de\/lt\/","logo":{"@type":"ImageObject","inLanguage":"lt-LT","@id":"https:\/\/test.biopapa.de\/lt\/#\/schema\/logo\/image\/","url":"https:\/\/www.biopapa.lt\/wp-content\/uploads\/2022\/04\/facebook_biopapa.jpg","contentUrl":"https:\/\/www.biopapa.lt\/wp-content\/uploads\/2022\/04\/facebook_biopapa.jpg","width":1733,"height":907,"caption":"Biopapa"},"image":{"@id":"https:\/\/test.biopapa.de\/lt\/#\/schema\/logo\/image\/"},"sameAs":["https:\/\/www.facebook.com\/biopapa.lt"]}]}},"_links":{"self":[{"href":"https:\/\/test.biopapa.de\/lt\/wp-json\/wp\/v2\/pages\/9","targetHints":{"allow":["GET"]}}],"collection":[{"href":"https:\/\/test.biopapa.de\/lt\/wp-json\/wp\/v2\/pages"}],"about":[{"href":"https:\/\/test.biopapa.de\/lt\/wp-json\/wp\/v2\/types\/page"}],"author":[{"embeddable":true,"href":"https:\/\/test.biopapa.de\/lt\/wp-json\/wp\/v2\/users\/1852"}],"replies":[{"embeddable":true,"href":"https:\/\/test.biopapa.de\/lt\/wp-json\/wp\/v2\/comments?post=9"}],"version-history":[{"count":0,"href":"https:\/\/test.biopapa.de\/lt\/wp-json\/wp\/v2\/pages\/9\/revisions"}],"wp:attachment":[{"href":"https:\/\/test.biopapa.de\/lt\/wp-json\/wp\/v2\/media?parent=9"}],"curies":[{"name":"wp","href":"https:\/\/api.w.org\/{rel}","templated":true}]}}