{"id":2,"date":"2013-04-27T08:51:35","date_gmt":"2013-04-27T08:51:35","guid":{"rendered":"https:\/\/www.biopapa.lt\/?page_id=2"},"modified":"2025-12-29T19:19:12","modified_gmt":"2025-12-29T17:19:12","slug":"apie-mus","status":"publish","type":"page","link":"https:\/\/test.biopapa.de\/lt\/apie-mus\/","title":{"rendered":"Apie mus"},"content":{"rendered":"\n<h2 class=\"wp-block-heading has-text-align-center\"><strong>Biopapa misija:<\/strong><\/h2>\n\n\n\n<h3 class=\"has-text-align-center wp-block-heading\"><span style=\"font-size: large;\">\u012esik\u016br\u0117me siekdami pasi\u016blyti plat\u0173 sveikatai ir gamtai draugi\u0161k\u0173 produkt\u0173 pasirinkim\u0105 \u017emon\u0117ms, kurie r\u016bpinasi savo sveika mityba ir sveika aplinka bei gamta, i\u0161laisvinta nuo neb\u016btin\u0173 pakuo\u010di\u0173\/atliek\u0173.<\/span><\/h3>\r\n<h3 class=\"has-text-align-center\"><span style=\"font-size: large;\">Mokydamiesi patys, norime dalintis \u017einiomis apie tvar\u0173 gyvenimo b\u016bd\u0105, sveik\u0105 maist\u0105 bei suburti pana\u0161ias vertybes puosel\u0117jan\u010di\u0105 bendruomen\u0119, tarpusavio santykius grind\u017eian\u010dia visus praturtinan\u010dio geranori\u0161ko bendradarbiavimo principais.<\/span><\/h3>\n\n\n\n<p>Biopapa \u2013 tvaraus gyvenimo b\u016bdo principu sukurta pirmoji Lietuvoje sertifikuota ekologi\u0161ka parduotuv\u0117 &#8211; bendruomen\u0117. Savo veikl\u0105 prad\u0117jome siekdami propaguoti \u0161varesn\u012f, sveikesn\u012f bei s\u0105moningesn\u012f gyvenim\u0105.*<\/p>\n\n\n\n<p>Siekdami ma\u017einti aplinkos tar\u0161\u0105 neb\u016btinomis ir neekologi\u0161komis pakuot\u0117mis, el. parduotuv\u0117je perkamus maisto produktus pakuojame \u012f popierinius mai\u0161elius.<\/p>\n\n\n\n<p>Parduotuv\u0117je si\u016blome augalin\u0117s kilm\u0117s gaminius. Pas mus rasite \u012fvairi\u0173 ekologi\u0161k\u0173 termi\u0161kai neapdorot\u0173 produkt\u0173 be pakuo\u010di\u0173, u\u017ekand\u017ei\u0173, gamt\u0105 tausojan\u010di\u0173 buities priemoni\u0173, vietini\u0173 meninink\u0173 darb\u0173.<\/p>\n\n\n<p>Norime u\u017emegzti draugi\u0161kus dalykinius santykius su valstybini\u0173 institucij\u0173 ir verslo atstovais, kad gal\u0117tum\u0117me efektyviai skleisti tvarumo id\u0117j\u0105, kuri, tikime, yra mums visiems bendra ir aktuali.<\/p>\n<p><em>*Propaguojame \u0161varesn\u012f, sveikesn\u012f bei s\u0105moningesn\u012f vartojim\u0105 ir gyvenim\u0105: \u0161varesn\u012f \u2013 nes stengiam\u0117s i\u0161vengti neb\u016btin\u0173 pakuo\u010di\u0173, o esant j\u0173 b\u016btinumui naudojame ekologi\u0161kas; sveikesn\u012f \u2013 nes prekiaujame ekologi\u0161ka, \u0161variai u\u017eauginta bei pagaminta produkcija; s\u0105moningesn\u012f \u2013 nes prie\u0161 veikdami apm\u0105stome kokias pasekmes m\u016bs\u0173 veikla tur\u0117s gamtai bei m\u016bs\u0173 vis\u0173 atei\u010diai.<\/em><\/p>\n\n\n<p><\/p>\n\n\n\n<p>Apie mus jau para\u0161\u0117:<\/p>\n\n\n\n<div>Biopapa komanda<\/div>\n","protected":false},"excerpt":{"rendered":"<p>Biopapa misija: \u012esik\u016br\u0117me siekdami pasi\u016blyti plat\u0173 sveikatai ir gamtai draugi\u0161k\u0173 produkt\u0173 pasirinkim\u0105 \u017emon\u0117ms, kurie r\u016bpinasi savo sveika mityba ir sveika<\/p>\n","protected":false},"author":1852,"featured_media":0,"parent":0,"menu_order":0,"comment_status":"closed","ping_status":"closed","template":"","meta":{"_acf_changed":false,"footnotes":""},"class_list":["post-2","page","type-page","status-publish","hentry"],"acf":[],"yoast_head":"<!-- This site is optimized with the Yoast SEO plugin v27.6 - https:\/\/yoast.com\/product\/yoast-seo-wordpress\/ -->\n<title>Apie mus - Biopapa<\/title>\n<meta name=\"description\" content=\"Biopapa parduotuv\u0117je si\u016blome tik augalin\u0117s kilm\u0117s gaminius. Pas mus rasite \u012fvairi\u0173 ekologi\u0161k\u0173 termi\u0161kai neapdorot\u0173 produkt\u0173 be pakuo\u010di\u0173 (kruop\u0173, ank\u0161tini\u0173, d\u017eiovint\u0173 vaisi\u0173, uog\u0173, prieskoni\u0173, augal\u0173 milteli\u0173, milt\u0173), raw + vegan desert\u0173, u\u017ekand\u017ei\u0173. M\u016bs\u0173 asortimentas - draugi\u0161kas sveikatai ir gamtai.\" \/>\n<meta name=\"robots\" content=\"index, follow, max-snippet:-1, max-image-preview:large, max-video-preview:-1\" \/>\n<link rel=\"canonical\" href=\"https:\/\/test.biopapa.de\/lt\/apie-mus\/\" \/>\n<meta property=\"og:locale\" content=\"lt_LT\" \/>\n<meta property=\"og:type\" content=\"article\" \/>\n<meta property=\"og:title\" content=\"Apie mus - Biopapa\" \/>\n<meta property=\"og:description\" content=\"Biopapa parduotuv\u0117je si\u016blome tik augalin\u0117s kilm\u0117s gaminius. Pas mus rasite \u012fvairi\u0173 ekologi\u0161k\u0173 termi\u0161kai neapdorot\u0173 produkt\u0173 be pakuo\u010di\u0173 (kruop\u0173, ank\u0161tini\u0173, d\u017eiovint\u0173 vaisi\u0173, uog\u0173, prieskoni\u0173, augal\u0173 milteli\u0173, milt\u0173), raw + vegan desert\u0173, u\u017ekand\u017ei\u0173. M\u016bs\u0173 asortimentas - draugi\u0161kas sveikatai ir gamtai.\" \/>\n<meta property=\"og:url\" content=\"https:\/\/test.biopapa.de\/lt\/apie-mus\/\" \/>\n<meta property=\"og:site_name\" content=\"Biopapa\" \/>\n<meta property=\"article:publisher\" content=\"https:\/\/www.facebook.com\/biopapa.lt\" \/>\n<meta property=\"article:modified_time\" content=\"2025-12-29T17:19:12+00:00\" \/>\n<meta property=\"og:image\" content=\"https:\/\/test.biopapa.de\/wp-content\/uploads\/2022\/04\/facebook_biopapa.jpg\" \/>\n\t<meta property=\"og:image:width\" content=\"1733\" \/>\n\t<meta property=\"og:image:height\" content=\"907\" \/>\n\t<meta property=\"og:image:type\" content=\"image\/jpeg\" \/>\n<meta name=\"twitter:card\" content=\"summary_large_image\" \/>\n<meta name=\"twitter:label1\" content=\"Est. reading time\" \/>\n\t<meta name=\"twitter:data1\" content=\"2 minut\u0117s\" \/>\n<script type=\"application\/ld+json\" class=\"yoast-schema-graph\">{\"@context\":\"https:\\\/\\\/schema.org\",\"@graph\":[{\"@type\":\"WebPage\",\"@id\":\"https:\\\/\\\/test.biopapa.de\\\/lt\\\/apie-mus\\\/\",\"url\":\"https:\\\/\\\/test.biopapa.de\\\/lt\\\/apie-mus\\\/\",\"name\":\"Apie mus - Biopapa\",\"isPartOf\":{\"@id\":\"https:\\\/\\\/test.biopapa.de\\\/lt\\\/#website\"},\"datePublished\":\"2013-04-27T08:51:35+00:00\",\"dateModified\":\"2025-12-29T17:19:12+00:00\",\"description\":\"Biopapa parduotuv\u0117je si\u016blome tik augalin\u0117s kilm\u0117s gaminius. Pas mus rasite \u012fvairi\u0173 ekologi\u0161k\u0173 termi\u0161kai neapdorot\u0173 produkt\u0173 be pakuo\u010di\u0173 (kruop\u0173, ank\u0161tini\u0173, d\u017eiovint\u0173 vaisi\u0173, uog\u0173, prieskoni\u0173, augal\u0173 milteli\u0173, milt\u0173), raw + vegan desert\u0173, u\u017ekand\u017ei\u0173. M\u016bs\u0173 asortimentas - draugi\u0161kas sveikatai ir gamtai.\",\"breadcrumb\":{\"@id\":\"https:\\\/\\\/test.biopapa.de\\\/lt\\\/apie-mus\\\/#breadcrumb\"},\"inLanguage\":\"lt-LT\",\"potentialAction\":[{\"@type\":\"ReadAction\",\"target\":[\"https:\\\/\\\/test.biopapa.de\\\/lt\\\/apie-mus\\\/\"]}]},{\"@type\":\"BreadcrumbList\",\"@id\":\"https:\\\/\\\/test.biopapa.de\\\/lt\\\/apie-mus\\\/#breadcrumb\",\"itemListElement\":[{\"@type\":\"ListItem\",\"position\":1,\"name\":\"Home\",\"item\":\"https:\\\/\\\/test.biopapa.de\\\/lt\\\/\"},{\"@type\":\"ListItem\",\"position\":2,\"name\":\"Apie mus\"}]},{\"@type\":\"WebSite\",\"@id\":\"https:\\\/\\\/test.biopapa.de\\\/lt\\\/#website\",\"url\":\"https:\\\/\\\/test.biopapa.de\\\/lt\\\/\",\"name\":\"Biopapa\",\"description\":\"\u0160var\u016bs ekologi\u0161ki produktai\",\"publisher\":{\"@id\":\"https:\\\/\\\/test.biopapa.de\\\/lt\\\/#organization\"},\"potentialAction\":[{\"@type\":\"SearchAction\",\"target\":{\"@type\":\"EntryPoint\",\"urlTemplate\":\"https:\\\/\\\/test.biopapa.de\\\/lt\\\/?s={search_term_string}\"},\"query-input\":{\"@type\":\"PropertyValueSpecification\",\"valueRequired\":true,\"valueName\":\"search_term_string\"}}],\"inLanguage\":\"lt-LT\"},{\"@type\":\"Organization\",\"@id\":\"https:\\\/\\\/test.biopapa.de\\\/lt\\\/#organization\",\"name\":\"Biopapa\",\"url\":\"https:\\\/\\\/test.biopapa.de\\\/lt\\\/\",\"logo\":{\"@type\":\"ImageObject\",\"inLanguage\":\"lt-LT\",\"@id\":\"https:\\\/\\\/test.biopapa.de\\\/lt\\\/#\\\/schema\\\/logo\\\/image\\\/\",\"url\":\"https:\\\/\\\/www.biopapa.lt\\\/wp-content\\\/uploads\\\/2022\\\/04\\\/facebook_biopapa.jpg\",\"contentUrl\":\"https:\\\/\\\/www.biopapa.lt\\\/wp-content\\\/uploads\\\/2022\\\/04\\\/facebook_biopapa.jpg\",\"width\":1733,\"height\":907,\"caption\":\"Biopapa\"},\"image\":{\"@id\":\"https:\\\/\\\/test.biopapa.de\\\/lt\\\/#\\\/schema\\\/logo\\\/image\\\/\"},\"sameAs\":[\"https:\\\/\\\/www.facebook.com\\\/biopapa.lt\"]}]}<\/script>\n<!-- \/ Yoast SEO plugin. -->","yoast_head_json":{"title":"Apie mus - Biopapa","description":"Biopapa parduotuv\u0117je si\u016blome tik augalin\u0117s kilm\u0117s gaminius. Pas mus rasite \u012fvairi\u0173 ekologi\u0161k\u0173 termi\u0161kai neapdorot\u0173 produkt\u0173 be pakuo\u010di\u0173 (kruop\u0173, ank\u0161tini\u0173, d\u017eiovint\u0173 vaisi\u0173, uog\u0173, prieskoni\u0173, augal\u0173 milteli\u0173, milt\u0173), raw + vegan desert\u0173, u\u017ekand\u017ei\u0173. M\u016bs\u0173 asortimentas - draugi\u0161kas sveikatai ir gamtai.","robots":{"index":"index","follow":"follow","max-snippet":"max-snippet:-1","max-image-preview":"max-image-preview:large","max-video-preview":"max-video-preview:-1"},"canonical":"https:\/\/test.biopapa.de\/lt\/apie-mus\/","og_locale":"lt_LT","og_type":"article","og_title":"Apie mus - Biopapa","og_description":"Biopapa parduotuv\u0117je si\u016blome tik augalin\u0117s kilm\u0117s gaminius. Pas mus rasite \u012fvairi\u0173 ekologi\u0161k\u0173 termi\u0161kai neapdorot\u0173 produkt\u0173 be pakuo\u010di\u0173 (kruop\u0173, ank\u0161tini\u0173, d\u017eiovint\u0173 vaisi\u0173, uog\u0173, prieskoni\u0173, augal\u0173 milteli\u0173, milt\u0173), raw + vegan desert\u0173, u\u017ekand\u017ei\u0173. M\u016bs\u0173 asortimentas - draugi\u0161kas sveikatai ir gamtai.","og_url":"https:\/\/test.biopapa.de\/lt\/apie-mus\/","og_site_name":"Biopapa","article_publisher":"https:\/\/www.facebook.com\/biopapa.lt","article_modified_time":"2025-12-29T17:19:12+00:00","og_image":[{"width":1733,"height":907,"url":"https:\/\/test.biopapa.de\/wp-content\/uploads\/2022\/04\/facebook_biopapa.jpg","type":"image\/jpeg"}],"twitter_card":"summary_large_image","twitter_misc":{"Est. reading time":"2 minut\u0117s"},"schema":{"@context":"https:\/\/schema.org","@graph":[{"@type":"WebPage","@id":"https:\/\/test.biopapa.de\/lt\/apie-mus\/","url":"https:\/\/test.biopapa.de\/lt\/apie-mus\/","name":"Apie mus - Biopapa","isPartOf":{"@id":"https:\/\/test.biopapa.de\/lt\/#website"},"datePublished":"2013-04-27T08:51:35+00:00","dateModified":"2025-12-29T17:19:12+00:00","description":"Biopapa parduotuv\u0117je si\u016blome tik augalin\u0117s kilm\u0117s gaminius. Pas mus rasite \u012fvairi\u0173 ekologi\u0161k\u0173 termi\u0161kai neapdorot\u0173 produkt\u0173 be pakuo\u010di\u0173 (kruop\u0173, ank\u0161tini\u0173, d\u017eiovint\u0173 vaisi\u0173, uog\u0173, prieskoni\u0173, augal\u0173 milteli\u0173, milt\u0173), raw + vegan desert\u0173, u\u017ekand\u017ei\u0173. M\u016bs\u0173 asortimentas - draugi\u0161kas sveikatai ir gamtai.","breadcrumb":{"@id":"https:\/\/test.biopapa.de\/lt\/apie-mus\/#breadcrumb"},"inLanguage":"lt-LT","potentialAction":[{"@type":"ReadAction","target":["https:\/\/test.biopapa.de\/lt\/apie-mus\/"]}]},{"@type":"BreadcrumbList","@id":"https:\/\/test.biopapa.de\/lt\/apie-mus\/#breadcrumb","itemListElement":[{"@type":"ListItem","position":1,"name":"Home","item":"https:\/\/test.biopapa.de\/lt\/"},{"@type":"ListItem","position":2,"name":"Apie mus"}]},{"@type":"WebSite","@id":"https:\/\/test.biopapa.de\/lt\/#website","url":"https:\/\/test.biopapa.de\/lt\/","name":"Biopapa","description":"\u0160var\u016bs ekologi\u0161ki produktai","publisher":{"@id":"https:\/\/test.biopapa.de\/lt\/#organization"},"potentialAction":[{"@type":"SearchAction","target":{"@type":"EntryPoint","urlTemplate":"https:\/\/test.biopapa.de\/lt\/?s={search_term_string}"},"query-input":{"@type":"PropertyValueSpecification","valueRequired":true,"valueName":"search_term_string"}}],"inLanguage":"lt-LT"},{"@type":"Organization","@id":"https:\/\/test.biopapa.de\/lt\/#organization","name":"Biopapa","url":"https:\/\/test.biopapa.de\/lt\/","logo":{"@type":"ImageObject","inLanguage":"lt-LT","@id":"https:\/\/test.biopapa.de\/lt\/#\/schema\/logo\/image\/","url":"https:\/\/www.biopapa.lt\/wp-content\/uploads\/2022\/04\/facebook_biopapa.jpg","contentUrl":"https:\/\/www.biopapa.lt\/wp-content\/uploads\/2022\/04\/facebook_biopapa.jpg","width":1733,"height":907,"caption":"Biopapa"},"image":{"@id":"https:\/\/test.biopapa.de\/lt\/#\/schema\/logo\/image\/"},"sameAs":["https:\/\/www.facebook.com\/biopapa.lt"]}]}},"_links":{"self":[{"href":"https:\/\/test.biopapa.de\/lt\/wp-json\/wp\/v2\/pages\/2","targetHints":{"allow":["GET"]}}],"collection":[{"href":"https:\/\/test.biopapa.de\/lt\/wp-json\/wp\/v2\/pages"}],"about":[{"href":"https:\/\/test.biopapa.de\/lt\/wp-json\/wp\/v2\/types\/page"}],"author":[{"embeddable":true,"href":"https:\/\/test.biopapa.de\/lt\/wp-json\/wp\/v2\/users\/1852"}],"replies":[{"embeddable":true,"href":"https:\/\/test.biopapa.de\/lt\/wp-json\/wp\/v2\/comments?post=2"}],"version-history":[{"count":0,"href":"https:\/\/test.biopapa.de\/lt\/wp-json\/wp\/v2\/pages\/2\/revisions"}],"wp:attachment":[{"href":"https:\/\/test.biopapa.de\/lt\/wp-json\/wp\/v2\/media?parent=2"}],"curies":[{"name":"wp","href":"https:\/\/api.w.org\/{rel}","templated":true}]}}