{"id":14583,"date":"2021-08-27T14:06:38","date_gmt":"2021-08-27T11:06:38","guid":{"rendered":"https:\/\/www.biopapa.lt\/?page_id=14583"},"modified":"2023-12-19T11:20:58","modified_gmt":"2023-12-19T09:20:58","slug":"kontaktai","status":"publish","type":"page","link":"https:\/\/test.biopapa.de\/lt\/kontaktai\/","title":{"rendered":"Kontaktai"},"content":{"rendered":"<p>Biopapa \u2013 ekologi\u0161ka parduotuv\u0117-bendruomen\u0117 \u012fsik\u016brusi Vilniuje, miesto centre, adresu Klaip\u0117dos g. 3.<\/p>\n<p>Darbo laikas:<br \/>\nI-V: 10-19 val., VI: 11-18 val.,<br \/>\nVII: nedirbame<br \/>\nValstybini\u0173 \u0161ven\u010di\u0173 dienomis nedirbame.<\/p>\n<p>Parduotuv\u0117s\u00a0el.pa\u0161tas: <a href=\"mailto:info@biopapa.lt\">info@biopapa.lt<\/a>;<br \/>\nAdresas: Klaip\u0117dos g. 3, Vilnius LT01117<\/p>\n<p>Z\u030caliuomene\u0307, UAB<br \/>\nAtsiskaitomoji s\u0105skaita: LT89 3500 0100 1227 8243 Paysera<br \/>\n\u012emon\u0117s kodas 305766803<br \/>\nPVM kodas: LT100014047611<\/p>\n","protected":false},"excerpt":{"rendered":"<p>Biopapa \u2013 ekologi\u0161ka parduotuv\u0117-bendruomen\u0117 \u012fsik\u016brusi Vilniuje, miesto centre, adresu Klaip\u0117dos g. 3. Darbo laikas: I-V: 10-19 val., VI: 11-18 val.,<\/p>\n","protected":false},"author":265,"featured_media":0,"parent":0,"menu_order":0,"comment_status":"closed","ping_status":"closed","template":"","meta":{"_acf_changed":false,"footnotes":""},"class_list":["post-14583","page","type-page","status-publish","hentry"],"acf":[],"yoast_head":"<!-- This site is optimized with the Yoast SEO plugin v27.6 - https:\/\/yoast.com\/product\/yoast-seo-wordpress\/ -->\n<title>Kontaktai - Biopapa<\/title>\n<meta name=\"description\" content=\"Biopapa parduotuv\u0117 \u012fsik\u016brusi Vilniaus miesto centre, Klaip\u0117dos g. 3. Laukiame darbo dienomis 10-19 val., o \u0161e\u0161tadieniais 11-18 val.\" \/>\n<meta name=\"robots\" content=\"index, follow, max-snippet:-1, max-image-preview:large, max-video-preview:-1\" \/>\n<link rel=\"canonical\" href=\"https:\/\/test.biopapa.de\/lt\/kontaktai\/\" \/>\n<meta property=\"og:locale\" content=\"lt_LT\" \/>\n<meta property=\"og:type\" content=\"article\" \/>\n<meta property=\"og:title\" content=\"Kontaktai - Biopapa\" \/>\n<meta property=\"og:description\" content=\"Biopapa parduotuv\u0117 \u012fsik\u016brusi Vilniaus miesto centre, Klaip\u0117dos g. 3. Laukiame darbo dienomis 10-19 val., o \u0161e\u0161tadieniais 11-18 val.\" \/>\n<meta property=\"og:url\" content=\"https:\/\/test.biopapa.de\/lt\/kontaktai\/\" \/>\n<meta property=\"og:site_name\" content=\"Biopapa\" \/>\n<meta property=\"article:publisher\" content=\"https:\/\/www.facebook.com\/biopapa.lt\" \/>\n<meta property=\"article:modified_time\" content=\"2023-12-19T09:20:58+00:00\" \/>\n<meta property=\"og:image\" content=\"https:\/\/test.biopapa.de\/wp-content\/uploads\/2022\/04\/facebook_biopapa.jpg\" \/>\n\t<meta property=\"og:image:width\" content=\"1733\" \/>\n\t<meta property=\"og:image:height\" content=\"907\" \/>\n\t<meta property=\"og:image:type\" content=\"image\/jpeg\" \/>\n<meta name=\"twitter:card\" content=\"summary_large_image\" \/>\n<meta name=\"twitter:label1\" content=\"Est. reading time\" \/>\n\t<meta name=\"twitter:data1\" content=\"1 minut\u0117\" \/>\n<script type=\"application\/ld+json\" class=\"yoast-schema-graph\">{\"@context\":\"https:\\\/\\\/schema.org\",\"@graph\":[{\"@type\":\"WebPage\",\"@id\":\"https:\\\/\\\/test.biopapa.de\\\/lt\\\/kontaktai\\\/\",\"url\":\"https:\\\/\\\/test.biopapa.de\\\/lt\\\/kontaktai\\\/\",\"name\":\"Kontaktai - Biopapa\",\"isPartOf\":{\"@id\":\"https:\\\/\\\/test.biopapa.de\\\/lt\\\/#website\"},\"datePublished\":\"2021-08-27T11:06:38+00:00\",\"dateModified\":\"2023-12-19T09:20:58+00:00\",\"description\":\"Biopapa parduotuv\u0117 \u012fsik\u016brusi Vilniaus miesto centre, Klaip\u0117dos g. 3. Laukiame darbo dienomis 10-19 val., o \u0161e\u0161tadieniais 11-18 val.\",\"breadcrumb\":{\"@id\":\"https:\\\/\\\/test.biopapa.de\\\/lt\\\/kontaktai\\\/#breadcrumb\"},\"inLanguage\":\"lt-LT\",\"potentialAction\":[{\"@type\":\"ReadAction\",\"target\":[\"https:\\\/\\\/test.biopapa.de\\\/lt\\\/kontaktai\\\/\"]}]},{\"@type\":\"BreadcrumbList\",\"@id\":\"https:\\\/\\\/test.biopapa.de\\\/lt\\\/kontaktai\\\/#breadcrumb\",\"itemListElement\":[{\"@type\":\"ListItem\",\"position\":1,\"name\":\"Home\",\"item\":\"https:\\\/\\\/test.biopapa.de\\\/lt\\\/\"},{\"@type\":\"ListItem\",\"position\":2,\"name\":\"Kontaktai\"}]},{\"@type\":\"WebSite\",\"@id\":\"https:\\\/\\\/test.biopapa.de\\\/lt\\\/#website\",\"url\":\"https:\\\/\\\/test.biopapa.de\\\/lt\\\/\",\"name\":\"Biopapa\",\"description\":\"\u0160var\u016bs ekologi\u0161ki produktai\",\"publisher\":{\"@id\":\"https:\\\/\\\/test.biopapa.de\\\/lt\\\/#organization\"},\"potentialAction\":[{\"@type\":\"SearchAction\",\"target\":{\"@type\":\"EntryPoint\",\"urlTemplate\":\"https:\\\/\\\/test.biopapa.de\\\/lt\\\/?s={search_term_string}\"},\"query-input\":{\"@type\":\"PropertyValueSpecification\",\"valueRequired\":true,\"valueName\":\"search_term_string\"}}],\"inLanguage\":\"lt-LT\"},{\"@type\":\"Organization\",\"@id\":\"https:\\\/\\\/test.biopapa.de\\\/lt\\\/#organization\",\"name\":\"Biopapa\",\"url\":\"https:\\\/\\\/test.biopapa.de\\\/lt\\\/\",\"logo\":{\"@type\":\"ImageObject\",\"inLanguage\":\"lt-LT\",\"@id\":\"https:\\\/\\\/test.biopapa.de\\\/lt\\\/#\\\/schema\\\/logo\\\/image\\\/\",\"url\":\"https:\\\/\\\/www.biopapa.lt\\\/wp-content\\\/uploads\\\/2022\\\/04\\\/facebook_biopapa.jpg\",\"contentUrl\":\"https:\\\/\\\/www.biopapa.lt\\\/wp-content\\\/uploads\\\/2022\\\/04\\\/facebook_biopapa.jpg\",\"width\":1733,\"height\":907,\"caption\":\"Biopapa\"},\"image\":{\"@id\":\"https:\\\/\\\/test.biopapa.de\\\/lt\\\/#\\\/schema\\\/logo\\\/image\\\/\"},\"sameAs\":[\"https:\\\/\\\/www.facebook.com\\\/biopapa.lt\"]}]}<\/script>\n<!-- \/ Yoast SEO plugin. -->","yoast_head_json":{"title":"Kontaktai - Biopapa","description":"Biopapa parduotuv\u0117 \u012fsik\u016brusi Vilniaus miesto centre, Klaip\u0117dos g. 3. Laukiame darbo dienomis 10-19 val., o \u0161e\u0161tadieniais 11-18 val.","robots":{"index":"index","follow":"follow","max-snippet":"max-snippet:-1","max-image-preview":"max-image-preview:large","max-video-preview":"max-video-preview:-1"},"canonical":"https:\/\/test.biopapa.de\/lt\/kontaktai\/","og_locale":"lt_LT","og_type":"article","og_title":"Kontaktai - Biopapa","og_description":"Biopapa parduotuv\u0117 \u012fsik\u016brusi Vilniaus miesto centre, Klaip\u0117dos g. 3. Laukiame darbo dienomis 10-19 val., o \u0161e\u0161tadieniais 11-18 val.","og_url":"https:\/\/test.biopapa.de\/lt\/kontaktai\/","og_site_name":"Biopapa","article_publisher":"https:\/\/www.facebook.com\/biopapa.lt","article_modified_time":"2023-12-19T09:20:58+00:00","og_image":[{"width":1733,"height":907,"url":"https:\/\/test.biopapa.de\/wp-content\/uploads\/2022\/04\/facebook_biopapa.jpg","type":"image\/jpeg"}],"twitter_card":"summary_large_image","twitter_misc":{"Est. reading time":"1 minut\u0117"},"schema":{"@context":"https:\/\/schema.org","@graph":[{"@type":"WebPage","@id":"https:\/\/test.biopapa.de\/lt\/kontaktai\/","url":"https:\/\/test.biopapa.de\/lt\/kontaktai\/","name":"Kontaktai - Biopapa","isPartOf":{"@id":"https:\/\/test.biopapa.de\/lt\/#website"},"datePublished":"2021-08-27T11:06:38+00:00","dateModified":"2023-12-19T09:20:58+00:00","description":"Biopapa parduotuv\u0117 \u012fsik\u016brusi Vilniaus miesto centre, Klaip\u0117dos g. 3. Laukiame darbo dienomis 10-19 val., o \u0161e\u0161tadieniais 11-18 val.","breadcrumb":{"@id":"https:\/\/test.biopapa.de\/lt\/kontaktai\/#breadcrumb"},"inLanguage":"lt-LT","potentialAction":[{"@type":"ReadAction","target":["https:\/\/test.biopapa.de\/lt\/kontaktai\/"]}]},{"@type":"BreadcrumbList","@id":"https:\/\/test.biopapa.de\/lt\/kontaktai\/#breadcrumb","itemListElement":[{"@type":"ListItem","position":1,"name":"Home","item":"https:\/\/test.biopapa.de\/lt\/"},{"@type":"ListItem","position":2,"name":"Kontaktai"}]},{"@type":"WebSite","@id":"https:\/\/test.biopapa.de\/lt\/#website","url":"https:\/\/test.biopapa.de\/lt\/","name":"Biopapa","description":"\u0160var\u016bs ekologi\u0161ki produktai","publisher":{"@id":"https:\/\/test.biopapa.de\/lt\/#organization"},"potentialAction":[{"@type":"SearchAction","target":{"@type":"EntryPoint","urlTemplate":"https:\/\/test.biopapa.de\/lt\/?s={search_term_string}"},"query-input":{"@type":"PropertyValueSpecification","valueRequired":true,"valueName":"search_term_string"}}],"inLanguage":"lt-LT"},{"@type":"Organization","@id":"https:\/\/test.biopapa.de\/lt\/#organization","name":"Biopapa","url":"https:\/\/test.biopapa.de\/lt\/","logo":{"@type":"ImageObject","inLanguage":"lt-LT","@id":"https:\/\/test.biopapa.de\/lt\/#\/schema\/logo\/image\/","url":"https:\/\/www.biopapa.lt\/wp-content\/uploads\/2022\/04\/facebook_biopapa.jpg","contentUrl":"https:\/\/www.biopapa.lt\/wp-content\/uploads\/2022\/04\/facebook_biopapa.jpg","width":1733,"height":907,"caption":"Biopapa"},"image":{"@id":"https:\/\/test.biopapa.de\/lt\/#\/schema\/logo\/image\/"},"sameAs":["https:\/\/www.facebook.com\/biopapa.lt"]}]}},"_links":{"self":[{"href":"https:\/\/test.biopapa.de\/lt\/wp-json\/wp\/v2\/pages\/14583","targetHints":{"allow":["GET"]}}],"collection":[{"href":"https:\/\/test.biopapa.de\/lt\/wp-json\/wp\/v2\/pages"}],"about":[{"href":"https:\/\/test.biopapa.de\/lt\/wp-json\/wp\/v2\/types\/page"}],"author":[{"embeddable":true,"href":"https:\/\/test.biopapa.de\/lt\/wp-json\/wp\/v2\/users\/265"}],"replies":[{"embeddable":true,"href":"https:\/\/test.biopapa.de\/lt\/wp-json\/wp\/v2\/comments?post=14583"}],"version-history":[{"count":0,"href":"https:\/\/test.biopapa.de\/lt\/wp-json\/wp\/v2\/pages\/14583\/revisions"}],"wp:attachment":[{"href":"https:\/\/test.biopapa.de\/lt\/wp-json\/wp\/v2\/media?parent=14583"}],"curies":[{"name":"wp","href":"https:\/\/api.w.org\/{rel}","templated":true}]}}