{"id":45178,"date":"2024-12-13T10:07:56","date_gmt":"2024-12-13T08:07:56","guid":{"rendered":"https:\/\/www.biopapa.de\/?post_type=product&#038;p=45178"},"modified":"2025-03-14T16:01:32","modified_gmt":"2025-03-14T14:01:32","slug":"pink-grapefruit-pencil-deodorant-40-g-benanna","status":"publish","type":"product","link":"https:\/\/test.biopapa.de\/en\/producte\/pink-grapefruit-pencil-deodorant-40-g-benanna\/","title":{"rendered":"PINK GRAPEFRUIT pencil deodorant, 40 g, BEN&amp;ANNA"},"content":{"rendered":"<p>The popular fragrance Pink Grapefruit is a refreshing experience in a new version of the deodorant paper tubes. The unique fragrance composition with 100% natural essential oils ensures refreshing freshness all day long. Soda reliably prevents odour, while nourishing shea butter and vegetable oils give a new creamy consistency &#8211; crumb-free, non-greasy and non-sticky.  <\/p>\n<p>Reliable protection against moisture and odour<br \/>\nPalm oil, microplastic and aluminium free<br \/>\nVegan and not tested on animals<br \/>\nNon-greasy and non-sticky<br \/>\nCertified natural cosmetics<br \/>\nThanks to the all-natural ingredient natron, which naturally reduces microbes and bacteria, stopping sweat odour, you&#8217;ll be protected against unpleasant odours.<br \/>\nThanks to sustainable and fully recyclable packaging, you will find not only a vegan and natural, but also a plastic-free alternative to regular deodorant.<br \/>\nBy choosing a product from this manufacturer, you are supporting social projects that help to reduce plastic waste in the oceans on Earth.<br \/>\nGood for the environment, good for you!<br \/>\nTo use: gently press the bottom of the tube with your finger and apply to the underarm skin.<\/p>\n<p>Please note that the composition of products is subject to change. The most up-to-date list of ingredients is on the packaging of the product you bought. If the ingredients listed on the internet are different from those on the packaging, please refer to the list on the product you purchased.<\/p>\n","protected":false},"excerpt":{"rendered":"<p>The popular fragrance Pink Grapefruit is a refreshing experience in a new version of the deodorant paper tubes. The unique<\/p>\n","protected":false},"featured_media":45180,"template":"","meta":{"_acf_changed":false},"product_brand":[],"product_cat":[1962,1967],"product_tag":[2088],"class_list":{"0":"post-45178","1":"product","2":"type-product","3":"status-publish","4":"has-post-thumbnail","6":"product_cat-beauty-and-hygiene","7":"product_cat-body-care","8":"product_tag-vegan","10":"first","11":"instock","12":"shipping-taxable","13":"purchasable","14":"product-type-simple"},"acf":[],"yoast_head":"<!-- This site is optimized with the Yoast SEO plugin v27.6 - https:\/\/yoast.com\/product\/yoast-seo-wordpress\/ -->\n<title>PINK GRAPEFRUIT pencil deodorant, 40 g, BEN&amp;ANNA - Biopapa<\/title>\n<meta name=\"description\" content=\"The vegan products developed by the brand are made with only natural ingredients that are certified as such.\" \/>\n<meta name=\"robots\" content=\"index, follow, max-snippet:-1, max-image-preview:large, max-video-preview:-1\" \/>\n<link rel=\"canonical\" href=\"https:\/\/test.biopapa.de\/en\/producte\/pink-grapefruit-pencil-deodorant-40-g-benanna\/\" \/>\n<meta property=\"og:locale\" content=\"en_US\" \/>\n<meta property=\"og:type\" content=\"article\" \/>\n<meta property=\"og:title\" content=\"PINK GRAPEFRUIT pencil deodorant, 40 g, BEN&amp;ANNA - Biopapa\" \/>\n<meta property=\"og:description\" content=\"The vegan products developed by the brand are made with only natural ingredients that are certified as such.\" \/>\n<meta property=\"og:url\" content=\"https:\/\/test.biopapa.de\/en\/producte\/pink-grapefruit-pencil-deodorant-40-g-benanna\/\" \/>\n<meta property=\"og:site_name\" content=\"Biopapa\" \/>\n<meta property=\"article:publisher\" content=\"https:\/\/www.facebook.com\/biopapa.lt\" \/>\n<meta property=\"article:modified_time\" content=\"2025-03-14T14:01:32+00:00\" \/>\n<meta property=\"og:image\" content=\"https:\/\/test.biopapa.de\/wp-content\/uploads\/2024\/12\/Piestukinis-dezodorantas-PINK-GRAPEFRUIT-40-g-BEN-ANNA-.png.webp\" \/>\n\t<meta property=\"og:image:width\" content=\"800\" \/>\n\t<meta property=\"og:image:height\" content=\"640\" \/>\n\t<meta property=\"og:image:type\" content=\"image\/webp\" \/>\n<meta name=\"twitter:card\" content=\"summary_large_image\" \/>\n<meta name=\"twitter:label1\" content=\"Est. reading time\" \/>\n\t<meta name=\"twitter:data1\" content=\"1 minute\" \/>\n<script type=\"application\/ld+json\" class=\"yoast-schema-graph\">{\"@context\":\"https:\\\/\\\/schema.org\",\"@graph\":[{\"@type\":\"WebPage\",\"@id\":\"https:\\\/\\\/test.biopapa.de\\\/en\\\/producte\\\/pink-grapefruit-pencil-deodorant-40-g-benanna\\\/\",\"url\":\"https:\\\/\\\/test.biopapa.de\\\/en\\\/producte\\\/pink-grapefruit-pencil-deodorant-40-g-benanna\\\/\",\"name\":\"PINK GRAPEFRUIT pencil deodorant, 40 g, BEN&amp;ANNA - Biopapa\",\"isPartOf\":{\"@id\":\"https:\\\/\\\/test.biopapa.de\\\/en\\\/#website\"},\"primaryImageOfPage\":{\"@id\":\"https:\\\/\\\/test.biopapa.de\\\/en\\\/producte\\\/pink-grapefruit-pencil-deodorant-40-g-benanna\\\/#primaryimage\"},\"image\":{\"@id\":\"https:\\\/\\\/test.biopapa.de\\\/en\\\/producte\\\/pink-grapefruit-pencil-deodorant-40-g-benanna\\\/#primaryimage\"},\"thumbnailUrl\":\"https:\\\/\\\/test.biopapa.de\\\/wp-content\\\/uploads\\\/2024\\\/12\\\/Piestukinis-dezodorantas-PINK-GRAPEFRUIT-40-g-BEN-ANNA-.png.webp\",\"datePublished\":\"2024-12-13T08:07:56+00:00\",\"dateModified\":\"2025-03-14T14:01:32+00:00\",\"description\":\"The vegan products developed by the brand are made with only natural ingredients that are certified as such.\",\"breadcrumb\":{\"@id\":\"https:\\\/\\\/test.biopapa.de\\\/en\\\/producte\\\/pink-grapefruit-pencil-deodorant-40-g-benanna\\\/#breadcrumb\"},\"inLanguage\":\"en-US\",\"potentialAction\":[{\"@type\":\"ReadAction\",\"target\":[\"https:\\\/\\\/test.biopapa.de\\\/en\\\/producte\\\/pink-grapefruit-pencil-deodorant-40-g-benanna\\\/\"]}]},{\"@type\":\"ImageObject\",\"inLanguage\":\"en-US\",\"@id\":\"https:\\\/\\\/test.biopapa.de\\\/en\\\/producte\\\/pink-grapefruit-pencil-deodorant-40-g-benanna\\\/#primaryimage\",\"url\":\"https:\\\/\\\/test.biopapa.de\\\/wp-content\\\/uploads\\\/2024\\\/12\\\/Piestukinis-dezodorantas-PINK-GRAPEFRUIT-40-g-BEN-ANNA-.png.webp\",\"contentUrl\":\"https:\\\/\\\/test.biopapa.de\\\/wp-content\\\/uploads\\\/2024\\\/12\\\/Piestukinis-dezodorantas-PINK-GRAPEFRUIT-40-g-BEN-ANNA-.png.webp\",\"width\":800,\"height\":640},{\"@type\":\"BreadcrumbList\",\"@id\":\"https:\\\/\\\/test.biopapa.de\\\/en\\\/producte\\\/pink-grapefruit-pencil-deodorant-40-g-benanna\\\/#breadcrumb\",\"itemListElement\":[{\"@type\":\"ListItem\",\"position\":1,\"name\":\"Home\",\"item\":\"https:\\\/\\\/test.biopapa.de\\\/en\\\/\"},{\"@type\":\"ListItem\",\"position\":2,\"name\":\"Shop\",\"item\":\"https:\\\/\\\/test.biopapa.de\\\/en\\\/shop\\\/\"},{\"@type\":\"ListItem\",\"position\":3,\"name\":\"PINK GRAPEFRUIT pencil deodorant, 40 g, BEN&amp;ANNA\"}]},{\"@type\":\"WebSite\",\"@id\":\"https:\\\/\\\/test.biopapa.de\\\/en\\\/#website\",\"url\":\"https:\\\/\\\/test.biopapa.de\\\/en\\\/\",\"name\":\"Biopapa\",\"description\":\"\u0160var\u016bs ekologi\u0161ki produktai\",\"publisher\":{\"@id\":\"https:\\\/\\\/test.biopapa.de\\\/en\\\/#organization\"},\"potentialAction\":[{\"@type\":\"SearchAction\",\"target\":{\"@type\":\"EntryPoint\",\"urlTemplate\":\"https:\\\/\\\/test.biopapa.de\\\/en\\\/?s={search_term_string}\"},\"query-input\":{\"@type\":\"PropertyValueSpecification\",\"valueRequired\":true,\"valueName\":\"search_term_string\"}}],\"inLanguage\":\"en-US\"},{\"@type\":\"Organization\",\"@id\":\"https:\\\/\\\/test.biopapa.de\\\/en\\\/#organization\",\"name\":\"Biopapa\",\"url\":\"https:\\\/\\\/test.biopapa.de\\\/en\\\/\",\"logo\":{\"@type\":\"ImageObject\",\"inLanguage\":\"en-US\",\"@id\":\"https:\\\/\\\/test.biopapa.de\\\/en\\\/#\\\/schema\\\/logo\\\/image\\\/\",\"url\":\"https:\\\/\\\/www.biopapa.lt\\\/wp-content\\\/uploads\\\/2022\\\/04\\\/facebook_biopapa.jpg\",\"contentUrl\":\"https:\\\/\\\/www.biopapa.lt\\\/wp-content\\\/uploads\\\/2022\\\/04\\\/facebook_biopapa.jpg\",\"width\":1733,\"height\":907,\"caption\":\"Biopapa\"},\"image\":{\"@id\":\"https:\\\/\\\/test.biopapa.de\\\/en\\\/#\\\/schema\\\/logo\\\/image\\\/\"},\"sameAs\":[\"https:\\\/\\\/www.facebook.com\\\/biopapa.lt\"]}]}<\/script>\n<!-- \/ Yoast SEO plugin. -->","yoast_head_json":{"title":"PINK GRAPEFRUIT pencil deodorant, 40 g, BEN&amp;ANNA - Biopapa","description":"The vegan products developed by the brand are made with only natural ingredients that are certified as such.","robots":{"index":"index","follow":"follow","max-snippet":"max-snippet:-1","max-image-preview":"max-image-preview:large","max-video-preview":"max-video-preview:-1"},"canonical":"https:\/\/test.biopapa.de\/en\/producte\/pink-grapefruit-pencil-deodorant-40-g-benanna\/","og_locale":"en_US","og_type":"article","og_title":"PINK GRAPEFRUIT pencil deodorant, 40 g, BEN&amp;ANNA - Biopapa","og_description":"The vegan products developed by the brand are made with only natural ingredients that are certified as such.","og_url":"https:\/\/test.biopapa.de\/en\/producte\/pink-grapefruit-pencil-deodorant-40-g-benanna\/","og_site_name":"Biopapa","article_publisher":"https:\/\/www.facebook.com\/biopapa.lt","article_modified_time":"2025-03-14T14:01:32+00:00","og_image":[{"width":800,"height":640,"url":"https:\/\/test.biopapa.de\/wp-content\/uploads\/2024\/12\/Piestukinis-dezodorantas-PINK-GRAPEFRUIT-40-g-BEN-ANNA-.png.webp","type":"image\/webp"}],"twitter_card":"summary_large_image","twitter_misc":{"Est. reading time":"1 minute"},"schema":{"@context":"https:\/\/schema.org","@graph":[{"@type":"WebPage","@id":"https:\/\/test.biopapa.de\/en\/producte\/pink-grapefruit-pencil-deodorant-40-g-benanna\/","url":"https:\/\/test.biopapa.de\/en\/producte\/pink-grapefruit-pencil-deodorant-40-g-benanna\/","name":"PINK GRAPEFRUIT pencil deodorant, 40 g, BEN&amp;ANNA - Biopapa","isPartOf":{"@id":"https:\/\/test.biopapa.de\/en\/#website"},"primaryImageOfPage":{"@id":"https:\/\/test.biopapa.de\/en\/producte\/pink-grapefruit-pencil-deodorant-40-g-benanna\/#primaryimage"},"image":{"@id":"https:\/\/test.biopapa.de\/en\/producte\/pink-grapefruit-pencil-deodorant-40-g-benanna\/#primaryimage"},"thumbnailUrl":"https:\/\/test.biopapa.de\/wp-content\/uploads\/2024\/12\/Piestukinis-dezodorantas-PINK-GRAPEFRUIT-40-g-BEN-ANNA-.png.webp","datePublished":"2024-12-13T08:07:56+00:00","dateModified":"2025-03-14T14:01:32+00:00","description":"The vegan products developed by the brand are made with only natural ingredients that are certified as such.","breadcrumb":{"@id":"https:\/\/test.biopapa.de\/en\/producte\/pink-grapefruit-pencil-deodorant-40-g-benanna\/#breadcrumb"},"inLanguage":"en-US","potentialAction":[{"@type":"ReadAction","target":["https:\/\/test.biopapa.de\/en\/producte\/pink-grapefruit-pencil-deodorant-40-g-benanna\/"]}]},{"@type":"ImageObject","inLanguage":"en-US","@id":"https:\/\/test.biopapa.de\/en\/producte\/pink-grapefruit-pencil-deodorant-40-g-benanna\/#primaryimage","url":"https:\/\/test.biopapa.de\/wp-content\/uploads\/2024\/12\/Piestukinis-dezodorantas-PINK-GRAPEFRUIT-40-g-BEN-ANNA-.png.webp","contentUrl":"https:\/\/test.biopapa.de\/wp-content\/uploads\/2024\/12\/Piestukinis-dezodorantas-PINK-GRAPEFRUIT-40-g-BEN-ANNA-.png.webp","width":800,"height":640},{"@type":"BreadcrumbList","@id":"https:\/\/test.biopapa.de\/en\/producte\/pink-grapefruit-pencil-deodorant-40-g-benanna\/#breadcrumb","itemListElement":[{"@type":"ListItem","position":1,"name":"Home","item":"https:\/\/test.biopapa.de\/en\/"},{"@type":"ListItem","position":2,"name":"Shop","item":"https:\/\/test.biopapa.de\/en\/shop\/"},{"@type":"ListItem","position":3,"name":"PINK GRAPEFRUIT pencil deodorant, 40 g, BEN&amp;ANNA"}]},{"@type":"WebSite","@id":"https:\/\/test.biopapa.de\/en\/#website","url":"https:\/\/test.biopapa.de\/en\/","name":"Biopapa","description":"\u0160var\u016bs ekologi\u0161ki produktai","publisher":{"@id":"https:\/\/test.biopapa.de\/en\/#organization"},"potentialAction":[{"@type":"SearchAction","target":{"@type":"EntryPoint","urlTemplate":"https:\/\/test.biopapa.de\/en\/?s={search_term_string}"},"query-input":{"@type":"PropertyValueSpecification","valueRequired":true,"valueName":"search_term_string"}}],"inLanguage":"en-US"},{"@type":"Organization","@id":"https:\/\/test.biopapa.de\/en\/#organization","name":"Biopapa","url":"https:\/\/test.biopapa.de\/en\/","logo":{"@type":"ImageObject","inLanguage":"en-US","@id":"https:\/\/test.biopapa.de\/en\/#\/schema\/logo\/image\/","url":"https:\/\/www.biopapa.lt\/wp-content\/uploads\/2022\/04\/facebook_biopapa.jpg","contentUrl":"https:\/\/www.biopapa.lt\/wp-content\/uploads\/2022\/04\/facebook_biopapa.jpg","width":1733,"height":907,"caption":"Biopapa"},"image":{"@id":"https:\/\/test.biopapa.de\/en\/#\/schema\/logo\/image\/"},"sameAs":["https:\/\/www.facebook.com\/biopapa.lt"]}]}},"_links":{"self":[{"href":"https:\/\/test.biopapa.de\/en\/wp-json\/wp\/v2\/product\/45178","targetHints":{"allow":["GET"]}}],"collection":[{"href":"https:\/\/test.biopapa.de\/en\/wp-json\/wp\/v2\/product"}],"about":[{"href":"https:\/\/test.biopapa.de\/en\/wp-json\/wp\/v2\/types\/product"}],"wp:featuredmedia":[{"embeddable":true,"href":"https:\/\/test.biopapa.de\/en\/wp-json\/wp\/v2\/media\/45180"}],"wp:attachment":[{"href":"https:\/\/test.biopapa.de\/en\/wp-json\/wp\/v2\/media?parent=45178"}],"wp:term":[{"taxonomy":"product_brand","embeddable":true,"href":"https:\/\/test.biopapa.de\/en\/wp-json\/wp\/v2\/product_brand?post=45178"},{"taxonomy":"product_cat","embeddable":true,"href":"https:\/\/test.biopapa.de\/en\/wp-json\/wp\/v2\/product_cat?post=45178"},{"taxonomy":"product_tag","embeddable":true,"href":"https:\/\/test.biopapa.de\/en\/wp-json\/wp\/v2\/product_tag?post=45178"}],"curies":[{"name":"wp","href":"https:\/\/api.w.org\/{rel}","templated":true}]}}