{"id":34210,"date":"2022-03-15T22:35:48","date_gmt":"2022-03-15T20:35:48","guid":{"rendered":"https:\/\/www.biopapa.lt\/produktas\/organic-chamomile-flowers\/"},"modified":"2026-01-26T16:02:23","modified_gmt":"2026-01-26T14:02:23","slug":"organic-camomile-flowers","status":"publish","type":"product","link":"https:\/\/test.biopapa.de\/en\/producte\/organic-camomile-flowers\/","title":{"rendered":"Organic chamomile flowers"},"content":{"rendered":"<p><strong>Organic chamomile flowers<\/strong> are renowned for their calming properties and are often used in teas, tinctures and skincare products. They are rich in antioxidants such as apigenin, which help reduce inflammation, support digestive health, promote relaxation and better sleep.<br \/>\nChamomile is also known for its ability to soothe skin irritations and promote wound healing when used externally.<br \/>\nChamomile is most commonly prepared as a tea, but can also be used in bath infusions, compresses or homemade beauty products for a calming effect.<\/p>\n<p>Consumption<br \/>\nTea infusion: pour 1 teaspoon into a glass of boiling water and leave covered to infuse for about 10-15 minutes.<br \/>\nExternal use: chamomile infusions or extracts can be applied to the skin as needed.<\/p>\n<p>Although they are generally safe, excessive use can cause allergic reactions, especially in people sensitive to calendula, chamomile or calendula, and can interact with certain medications.<\/p>\n<p><em>NOTE. The information contained herein should not be construed as a recommendation for treatment or other health issues.<\/em><br \/>\n<em>We encourage you to make personal decisions about your personal health, taking into account a wide range of sources of information.<\/em><\/p>\n<p>&nbsp;<\/p>\n","protected":false},"excerpt":{"rendered":"<p>Organic chamomile flowers are renowned for their calming properties and are often used in teas, tinctures and skincare products. They<\/p>\n","protected":false},"featured_media":29715,"template":"","meta":{"_acf_changed":false},"product_brand":[],"product_cat":[1945,1847],"product_tag":[2088,2035],"class_list":{"0":"post-34210","1":"product","2":"type-product","3":"status-publish","4":"has-post-thumbnail","6":"product_cat-tea","7":"product_cat-organic-tea-coffee-cocoa","8":"product_tag-vegan","9":"product_tag-without-caffeine","10":"pa_svoris-1-kg-en","11":"pa_svoris-10-kg-en-2","12":"pa_svoris-100-g-en-2","13":"pa_svoris-200-g-en","14":"pa_svoris-25-g-en","15":"pa_svoris-300-g-en","16":"pa_svoris-400-g-en","17":"pa_svoris-50-g-en","18":"pa_svoris-500-g-en-2","20":"first","21":"instock","22":"shipping-taxable","23":"purchasable","24":"product-type-variable"},"acf":[],"yoast_head":"<!-- This site is optimized with the Yoast SEO plugin v27.6 - https:\/\/yoast.com\/product\/yoast-seo-wordpress\/ -->\n<title>Organic chamomile flowers - Biopapa<\/title>\n<meta name=\"description\" content=\"Chamomile is most commonly prepared as a tea, but can also be used in bath infusions, compresses or homemade beauty products for a calming effect.\" \/>\n<meta name=\"robots\" content=\"index, follow, max-snippet:-1, max-image-preview:large, max-video-preview:-1\" \/>\n<link rel=\"canonical\" href=\"https:\/\/test.biopapa.de\/en\/producte\/organic-camomile-flowers\/\" \/>\n<meta property=\"og:locale\" content=\"en_US\" \/>\n<meta property=\"og:type\" content=\"article\" \/>\n<meta property=\"og:title\" content=\"Organic chamomile flowers - Biopapa\" \/>\n<meta property=\"og:description\" content=\"Chamomile is most commonly prepared as a tea, but can also be used in bath infusions, compresses or homemade beauty products for a calming effect.\" \/>\n<meta property=\"og:url\" content=\"https:\/\/test.biopapa.de\/en\/producte\/organic-camomile-flowers\/\" \/>\n<meta property=\"og:site_name\" content=\"Biopapa\" \/>\n<meta property=\"article:publisher\" content=\"https:\/\/www.facebook.com\/biopapa.lt\" \/>\n<meta property=\"article:modified_time\" content=\"2026-01-26T14:02:23+00:00\" \/>\n<meta property=\"og:image\" content=\"https:\/\/test.biopapa.de\/wp-content\/uploads\/2022\/03\/ramuneles.png\" \/>\n\t<meta property=\"og:image:width\" content=\"800\" \/>\n\t<meta property=\"og:image:height\" content=\"640\" \/>\n\t<meta property=\"og:image:type\" content=\"image\/png\" \/>\n<meta name=\"twitter:card\" content=\"summary_large_image\" \/>\n<meta name=\"twitter:label1\" content=\"Est. reading time\" \/>\n\t<meta name=\"twitter:data1\" content=\"1 minute\" \/>\n<script type=\"application\/ld+json\" class=\"yoast-schema-graph\">{\"@context\":\"https:\\\/\\\/schema.org\",\"@graph\":[{\"@type\":\"WebPage\",\"@id\":\"https:\\\/\\\/test.biopapa.de\\\/en\\\/producte\\\/organic-camomile-flowers\\\/\",\"url\":\"https:\\\/\\\/test.biopapa.de\\\/en\\\/producte\\\/organic-camomile-flowers\\\/\",\"name\":\"Organic chamomile flowers - Biopapa\",\"isPartOf\":{\"@id\":\"https:\\\/\\\/test.biopapa.de\\\/en\\\/#website\"},\"primaryImageOfPage\":{\"@id\":\"https:\\\/\\\/test.biopapa.de\\\/en\\\/producte\\\/organic-camomile-flowers\\\/#primaryimage\"},\"image\":{\"@id\":\"https:\\\/\\\/test.biopapa.de\\\/en\\\/producte\\\/organic-camomile-flowers\\\/#primaryimage\"},\"thumbnailUrl\":\"https:\\\/\\\/test.biopapa.de\\\/wp-content\\\/uploads\\\/2022\\\/03\\\/ramuneles.png\",\"datePublished\":\"2022-03-15T20:35:48+00:00\",\"dateModified\":\"2026-01-26T14:02:23+00:00\",\"description\":\"Chamomile is most commonly prepared as a tea, but can also be used in bath infusions, compresses or homemade beauty products for a calming effect.\",\"breadcrumb\":{\"@id\":\"https:\\\/\\\/test.biopapa.de\\\/en\\\/producte\\\/organic-camomile-flowers\\\/#breadcrumb\"},\"inLanguage\":\"en-US\",\"potentialAction\":[{\"@type\":\"ReadAction\",\"target\":[\"https:\\\/\\\/test.biopapa.de\\\/en\\\/producte\\\/organic-camomile-flowers\\\/\"]}]},{\"@type\":\"ImageObject\",\"inLanguage\":\"en-US\",\"@id\":\"https:\\\/\\\/test.biopapa.de\\\/en\\\/producte\\\/organic-camomile-flowers\\\/#primaryimage\",\"url\":\"https:\\\/\\\/test.biopapa.de\\\/wp-content\\\/uploads\\\/2022\\\/03\\\/ramuneles.png\",\"contentUrl\":\"https:\\\/\\\/test.biopapa.de\\\/wp-content\\\/uploads\\\/2022\\\/03\\\/ramuneles.png\",\"width\":800,\"height\":640,\"caption\":\"Organic chamomile flowers\"},{\"@type\":\"BreadcrumbList\",\"@id\":\"https:\\\/\\\/test.biopapa.de\\\/en\\\/producte\\\/organic-camomile-flowers\\\/#breadcrumb\",\"itemListElement\":[{\"@type\":\"ListItem\",\"position\":1,\"name\":\"Home\",\"item\":\"https:\\\/\\\/test.biopapa.de\\\/en\\\/\"},{\"@type\":\"ListItem\",\"position\":2,\"name\":\"Shop\",\"item\":\"https:\\\/\\\/test.biopapa.de\\\/en\\\/shop\\\/\"},{\"@type\":\"ListItem\",\"position\":3,\"name\":\"Organic chamomile flowers\"}]},{\"@type\":\"WebSite\",\"@id\":\"https:\\\/\\\/test.biopapa.de\\\/en\\\/#website\",\"url\":\"https:\\\/\\\/test.biopapa.de\\\/en\\\/\",\"name\":\"Biopapa\",\"description\":\"\u0160var\u016bs ekologi\u0161ki produktai\",\"publisher\":{\"@id\":\"https:\\\/\\\/test.biopapa.de\\\/en\\\/#organization\"},\"potentialAction\":[{\"@type\":\"SearchAction\",\"target\":{\"@type\":\"EntryPoint\",\"urlTemplate\":\"https:\\\/\\\/test.biopapa.de\\\/en\\\/?s={search_term_string}\"},\"query-input\":{\"@type\":\"PropertyValueSpecification\",\"valueRequired\":true,\"valueName\":\"search_term_string\"}}],\"inLanguage\":\"en-US\"},{\"@type\":\"Organization\",\"@id\":\"https:\\\/\\\/test.biopapa.de\\\/en\\\/#organization\",\"name\":\"Biopapa\",\"url\":\"https:\\\/\\\/test.biopapa.de\\\/en\\\/\",\"logo\":{\"@type\":\"ImageObject\",\"inLanguage\":\"en-US\",\"@id\":\"https:\\\/\\\/test.biopapa.de\\\/en\\\/#\\\/schema\\\/logo\\\/image\\\/\",\"url\":\"https:\\\/\\\/www.biopapa.lt\\\/wp-content\\\/uploads\\\/2022\\\/04\\\/facebook_biopapa.jpg\",\"contentUrl\":\"https:\\\/\\\/www.biopapa.lt\\\/wp-content\\\/uploads\\\/2022\\\/04\\\/facebook_biopapa.jpg\",\"width\":1733,\"height\":907,\"caption\":\"Biopapa\"},\"image\":{\"@id\":\"https:\\\/\\\/test.biopapa.de\\\/en\\\/#\\\/schema\\\/logo\\\/image\\\/\"},\"sameAs\":[\"https:\\\/\\\/www.facebook.com\\\/biopapa.lt\"]}]}<\/script>\n<!-- \/ Yoast SEO plugin. -->","yoast_head_json":{"title":"Organic chamomile flowers - Biopapa","description":"Chamomile is most commonly prepared as a tea, but can also be used in bath infusions, compresses or homemade beauty products for a calming effect.","robots":{"index":"index","follow":"follow","max-snippet":"max-snippet:-1","max-image-preview":"max-image-preview:large","max-video-preview":"max-video-preview:-1"},"canonical":"https:\/\/test.biopapa.de\/en\/producte\/organic-camomile-flowers\/","og_locale":"en_US","og_type":"article","og_title":"Organic chamomile flowers - Biopapa","og_description":"Chamomile is most commonly prepared as a tea, but can also be used in bath infusions, compresses or homemade beauty products for a calming effect.","og_url":"https:\/\/test.biopapa.de\/en\/producte\/organic-camomile-flowers\/","og_site_name":"Biopapa","article_publisher":"https:\/\/www.facebook.com\/biopapa.lt","article_modified_time":"2026-01-26T14:02:23+00:00","og_image":[{"width":800,"height":640,"url":"https:\/\/test.biopapa.de\/wp-content\/uploads\/2022\/03\/ramuneles.png","type":"image\/png"}],"twitter_card":"summary_large_image","twitter_misc":{"Est. reading time":"1 minute"},"schema":{"@context":"https:\/\/schema.org","@graph":[{"@type":"WebPage","@id":"https:\/\/test.biopapa.de\/en\/producte\/organic-camomile-flowers\/","url":"https:\/\/test.biopapa.de\/en\/producte\/organic-camomile-flowers\/","name":"Organic chamomile flowers - Biopapa","isPartOf":{"@id":"https:\/\/test.biopapa.de\/en\/#website"},"primaryImageOfPage":{"@id":"https:\/\/test.biopapa.de\/en\/producte\/organic-camomile-flowers\/#primaryimage"},"image":{"@id":"https:\/\/test.biopapa.de\/en\/producte\/organic-camomile-flowers\/#primaryimage"},"thumbnailUrl":"https:\/\/test.biopapa.de\/wp-content\/uploads\/2022\/03\/ramuneles.png","datePublished":"2022-03-15T20:35:48+00:00","dateModified":"2026-01-26T14:02:23+00:00","description":"Chamomile is most commonly prepared as a tea, but can also be used in bath infusions, compresses or homemade beauty products for a calming effect.","breadcrumb":{"@id":"https:\/\/test.biopapa.de\/en\/producte\/organic-camomile-flowers\/#breadcrumb"},"inLanguage":"en-US","potentialAction":[{"@type":"ReadAction","target":["https:\/\/test.biopapa.de\/en\/producte\/organic-camomile-flowers\/"]}]},{"@type":"ImageObject","inLanguage":"en-US","@id":"https:\/\/test.biopapa.de\/en\/producte\/organic-camomile-flowers\/#primaryimage","url":"https:\/\/test.biopapa.de\/wp-content\/uploads\/2022\/03\/ramuneles.png","contentUrl":"https:\/\/test.biopapa.de\/wp-content\/uploads\/2022\/03\/ramuneles.png","width":800,"height":640,"caption":"Organic chamomile flowers"},{"@type":"BreadcrumbList","@id":"https:\/\/test.biopapa.de\/en\/producte\/organic-camomile-flowers\/#breadcrumb","itemListElement":[{"@type":"ListItem","position":1,"name":"Home","item":"https:\/\/test.biopapa.de\/en\/"},{"@type":"ListItem","position":2,"name":"Shop","item":"https:\/\/test.biopapa.de\/en\/shop\/"},{"@type":"ListItem","position":3,"name":"Organic chamomile flowers"}]},{"@type":"WebSite","@id":"https:\/\/test.biopapa.de\/en\/#website","url":"https:\/\/test.biopapa.de\/en\/","name":"Biopapa","description":"\u0160var\u016bs ekologi\u0161ki produktai","publisher":{"@id":"https:\/\/test.biopapa.de\/en\/#organization"},"potentialAction":[{"@type":"SearchAction","target":{"@type":"EntryPoint","urlTemplate":"https:\/\/test.biopapa.de\/en\/?s={search_term_string}"},"query-input":{"@type":"PropertyValueSpecification","valueRequired":true,"valueName":"search_term_string"}}],"inLanguage":"en-US"},{"@type":"Organization","@id":"https:\/\/test.biopapa.de\/en\/#organization","name":"Biopapa","url":"https:\/\/test.biopapa.de\/en\/","logo":{"@type":"ImageObject","inLanguage":"en-US","@id":"https:\/\/test.biopapa.de\/en\/#\/schema\/logo\/image\/","url":"https:\/\/www.biopapa.lt\/wp-content\/uploads\/2022\/04\/facebook_biopapa.jpg","contentUrl":"https:\/\/www.biopapa.lt\/wp-content\/uploads\/2022\/04\/facebook_biopapa.jpg","width":1733,"height":907,"caption":"Biopapa"},"image":{"@id":"https:\/\/test.biopapa.de\/en\/#\/schema\/logo\/image\/"},"sameAs":["https:\/\/www.facebook.com\/biopapa.lt"]}]}},"_links":{"self":[{"href":"https:\/\/test.biopapa.de\/en\/wp-json\/wp\/v2\/product\/34210","targetHints":{"allow":["GET"]}}],"collection":[{"href":"https:\/\/test.biopapa.de\/en\/wp-json\/wp\/v2\/product"}],"about":[{"href":"https:\/\/test.biopapa.de\/en\/wp-json\/wp\/v2\/types\/product"}],"wp:featuredmedia":[{"embeddable":true,"href":"https:\/\/test.biopapa.de\/en\/wp-json\/wp\/v2\/media\/29715"}],"wp:attachment":[{"href":"https:\/\/test.biopapa.de\/en\/wp-json\/wp\/v2\/media?parent=34210"}],"wp:term":[{"taxonomy":"product_brand","embeddable":true,"href":"https:\/\/test.biopapa.de\/en\/wp-json\/wp\/v2\/product_brand?post=34210"},{"taxonomy":"product_cat","embeddable":true,"href":"https:\/\/test.biopapa.de\/en\/wp-json\/wp\/v2\/product_cat?post=34210"},{"taxonomy":"product_tag","embeddable":true,"href":"https:\/\/test.biopapa.de\/en\/wp-json\/wp\/v2\/product_tag?post=34210"}],"curies":[{"name":"wp","href":"https:\/\/api.w.org\/{rel}","templated":true}]}}