{"id":33564,"date":"2022-03-15T22:34:22","date_gmt":"2022-03-15T20:34:22","guid":{"rendered":"https:\/\/www.biopapa.lt\/produktas\/organic-nettle-leaves-chopped\/"},"modified":"2026-01-26T16:08:20","modified_gmt":"2026-01-26T14:08:20","slug":"organic-nettle-leaves","status":"publish","type":"product","link":"https:\/\/test.biopapa.de\/en\/producte\/organic-nettle-leaves\/","title":{"rendered":"Organic nettle leaves (chopped)"},"content":{"rendered":"<p><strong>Organic nettle leaves<\/strong><br \/>\nNettle is known as the queen of herbs for good reason, and has a positive effect on the body both fresh and dried.<br \/>\nDried nettles have many of the same health benefits as fresh nettles and are a rich source of nutrients to help maintain general well-being. Dried nettles are often used to make teas, capsules or tinctures. Nettles lose their &#8216;stinging&#8217; hairs when dried, so they are safe to touch and consume without skin irritation.<br \/>\nDried nettles are rich in vitamins and minerals. In addition, nettles have a mild diuretic effect, promoting the body&#8217;s natural detoxification and supporting kidney health.<br \/>\nDespite the benefits, dried nettles can cause mild side effects such as mild digestive discomfort or fluid loss due to their diuretic effect. Excessive consumption can lead to dehydration if not enough water is consumed.<br \/>\nAttention<br \/>\nPeople taking blood pressure, diabetes or blood-thinning drugs should check how they may interact with the drugs before using dried nettles.<\/p>\n<p><em>NOTE. The information contained herein should not be construed as a recommendation for treatment or other health issues. We encourage you to make personal decisions about your personal health, taking into account a wide range of sources of information.<\/em><\/p>\n","protected":false},"excerpt":{"rendered":"<p>Organic nettle leaves Nettle is known as the queen of herbs for good reason, and has a positive effect on<\/p>\n","protected":false},"featured_media":29107,"template":"","meta":{"_acf_changed":false},"product_brand":[],"product_cat":[1853,1945,1847],"product_tag":[2092,2088],"class_list":{"0":"post-33564","1":"product","2":"type-product","3":"status-publish","4":"has-post-thumbnail","6":"product_cat-organic-spices","7":"product_cat-tea","8":"product_cat-organic-tea-coffee-cocoa","9":"product_tag-raw-diet","10":"product_tag-vegan","11":"pa_svoris-1-kg-en","12":"pa_svoris-100-g-en-2","13":"pa_svoris-200-g-en","14":"pa_svoris-25-g-en","15":"pa_svoris-300-g-en","16":"pa_svoris-4-kg","17":"pa_svoris-400-g-en","18":"pa_svoris-50-g-en","19":"pa_svoris-500-g-en-2","21":"first","22":"instock","23":"shipping-taxable","24":"purchasable","25":"product-type-variable"},"acf":[],"yoast_head":"<!-- This site is optimized with the Yoast SEO plugin v27.6 - https:\/\/yoast.com\/product\/yoast-seo-wordpress\/ -->\n<title>Organic nettle leaves (chopped) - Biopapa<\/title>\n<meta name=\"robots\" content=\"index, follow, max-snippet:-1, max-image-preview:large, max-video-preview:-1\" \/>\n<link rel=\"canonical\" href=\"https:\/\/test.biopapa.de\/en\/producte\/organic-nettle-leaves\/\" \/>\n<meta property=\"og:locale\" content=\"en_US\" \/>\n<meta property=\"og:type\" content=\"article\" \/>\n<meta property=\"og:title\" content=\"Organic nettle leaves (chopped) - Biopapa\" \/>\n<meta property=\"og:description\" content=\"Organic nettle leaves Nettle is known as the queen of herbs for good reason, and has a positive effect on\" \/>\n<meta property=\"og:url\" content=\"https:\/\/test.biopapa.de\/en\/producte\/organic-nettle-leaves\/\" \/>\n<meta property=\"og:site_name\" content=\"Biopapa\" \/>\n<meta property=\"article:publisher\" content=\"https:\/\/www.facebook.com\/biopapa.lt\" \/>\n<meta property=\"article:modified_time\" content=\"2026-01-26T14:08:20+00:00\" \/>\n<meta property=\"og:image\" content=\"https:\/\/test.biopapa.de\/wp-content\/uploads\/2022\/03\/779A8985-scaled.jpg\" \/>\n\t<meta property=\"og:image:width\" content=\"2560\" \/>\n\t<meta property=\"og:image:height\" content=\"2048\" \/>\n\t<meta property=\"og:image:type\" content=\"image\/jpeg\" \/>\n<meta name=\"twitter:card\" content=\"summary_large_image\" \/>\n<meta name=\"twitter:label1\" content=\"Est. reading time\" \/>\n\t<meta name=\"twitter:data1\" content=\"1 minute\" \/>\n<script type=\"application\/ld+json\" class=\"yoast-schema-graph\">{\"@context\":\"https:\\\/\\\/schema.org\",\"@graph\":[{\"@type\":\"WebPage\",\"@id\":\"https:\\\/\\\/test.biopapa.de\\\/en\\\/producte\\\/organic-nettle-leaves\\\/\",\"url\":\"https:\\\/\\\/test.biopapa.de\\\/en\\\/producte\\\/organic-nettle-leaves\\\/\",\"name\":\"Organic nettle leaves (chopped) - Biopapa\",\"isPartOf\":{\"@id\":\"https:\\\/\\\/test.biopapa.de\\\/en\\\/#website\"},\"primaryImageOfPage\":{\"@id\":\"https:\\\/\\\/test.biopapa.de\\\/en\\\/producte\\\/organic-nettle-leaves\\\/#primaryimage\"},\"image\":{\"@id\":\"https:\\\/\\\/test.biopapa.de\\\/en\\\/producte\\\/organic-nettle-leaves\\\/#primaryimage\"},\"thumbnailUrl\":\"https:\\\/\\\/test.biopapa.de\\\/wp-content\\\/uploads\\\/2022\\\/03\\\/779A8985-scaled.jpg\",\"datePublished\":\"2022-03-15T20:34:22+00:00\",\"dateModified\":\"2026-01-26T14:08:20+00:00\",\"breadcrumb\":{\"@id\":\"https:\\\/\\\/test.biopapa.de\\\/en\\\/producte\\\/organic-nettle-leaves\\\/#breadcrumb\"},\"inLanguage\":\"en-US\",\"potentialAction\":[{\"@type\":\"ReadAction\",\"target\":[\"https:\\\/\\\/test.biopapa.de\\\/en\\\/producte\\\/organic-nettle-leaves\\\/\"]}]},{\"@type\":\"ImageObject\",\"inLanguage\":\"en-US\",\"@id\":\"https:\\\/\\\/test.biopapa.de\\\/en\\\/producte\\\/organic-nettle-leaves\\\/#primaryimage\",\"url\":\"https:\\\/\\\/test.biopapa.de\\\/wp-content\\\/uploads\\\/2022\\\/03\\\/779A8985-scaled.jpg\",\"contentUrl\":\"https:\\\/\\\/test.biopapa.de\\\/wp-content\\\/uploads\\\/2022\\\/03\\\/779A8985-scaled.jpg\",\"width\":2560,\"height\":2048,\"caption\":\"Organic nettle leaves (chopped)\"},{\"@type\":\"BreadcrumbList\",\"@id\":\"https:\\\/\\\/test.biopapa.de\\\/en\\\/producte\\\/organic-nettle-leaves\\\/#breadcrumb\",\"itemListElement\":[{\"@type\":\"ListItem\",\"position\":1,\"name\":\"Home\",\"item\":\"https:\\\/\\\/test.biopapa.de\\\/en\\\/\"},{\"@type\":\"ListItem\",\"position\":2,\"name\":\"Shop\",\"item\":\"https:\\\/\\\/test.biopapa.de\\\/en\\\/shop\\\/\"},{\"@type\":\"ListItem\",\"position\":3,\"name\":\"Organic nettle leaves (chopped)\"}]},{\"@type\":\"WebSite\",\"@id\":\"https:\\\/\\\/test.biopapa.de\\\/en\\\/#website\",\"url\":\"https:\\\/\\\/test.biopapa.de\\\/en\\\/\",\"name\":\"Biopapa\",\"description\":\"\u0160var\u016bs ekologi\u0161ki produktai\",\"publisher\":{\"@id\":\"https:\\\/\\\/test.biopapa.de\\\/en\\\/#organization\"},\"potentialAction\":[{\"@type\":\"SearchAction\",\"target\":{\"@type\":\"EntryPoint\",\"urlTemplate\":\"https:\\\/\\\/test.biopapa.de\\\/en\\\/?s={search_term_string}\"},\"query-input\":{\"@type\":\"PropertyValueSpecification\",\"valueRequired\":true,\"valueName\":\"search_term_string\"}}],\"inLanguage\":\"en-US\"},{\"@type\":\"Organization\",\"@id\":\"https:\\\/\\\/test.biopapa.de\\\/en\\\/#organization\",\"name\":\"Biopapa\",\"url\":\"https:\\\/\\\/test.biopapa.de\\\/en\\\/\",\"logo\":{\"@type\":\"ImageObject\",\"inLanguage\":\"en-US\",\"@id\":\"https:\\\/\\\/test.biopapa.de\\\/en\\\/#\\\/schema\\\/logo\\\/image\\\/\",\"url\":\"https:\\\/\\\/www.biopapa.lt\\\/wp-content\\\/uploads\\\/2022\\\/04\\\/facebook_biopapa.jpg\",\"contentUrl\":\"https:\\\/\\\/www.biopapa.lt\\\/wp-content\\\/uploads\\\/2022\\\/04\\\/facebook_biopapa.jpg\",\"width\":1733,\"height\":907,\"caption\":\"Biopapa\"},\"image\":{\"@id\":\"https:\\\/\\\/test.biopapa.de\\\/en\\\/#\\\/schema\\\/logo\\\/image\\\/\"},\"sameAs\":[\"https:\\\/\\\/www.facebook.com\\\/biopapa.lt\"]}]}<\/script>\n<!-- \/ Yoast SEO plugin. -->","yoast_head_json":{"title":"Organic nettle leaves (chopped) - Biopapa","robots":{"index":"index","follow":"follow","max-snippet":"max-snippet:-1","max-image-preview":"max-image-preview:large","max-video-preview":"max-video-preview:-1"},"canonical":"https:\/\/test.biopapa.de\/en\/producte\/organic-nettle-leaves\/","og_locale":"en_US","og_type":"article","og_title":"Organic nettle leaves (chopped) - Biopapa","og_description":"Organic nettle leaves Nettle is known as the queen of herbs for good reason, and has a positive effect on","og_url":"https:\/\/test.biopapa.de\/en\/producte\/organic-nettle-leaves\/","og_site_name":"Biopapa","article_publisher":"https:\/\/www.facebook.com\/biopapa.lt","article_modified_time":"2026-01-26T14:08:20+00:00","og_image":[{"width":2560,"height":2048,"url":"https:\/\/test.biopapa.de\/wp-content\/uploads\/2022\/03\/779A8985-scaled.jpg","type":"image\/jpeg"}],"twitter_card":"summary_large_image","twitter_misc":{"Est. reading time":"1 minute"},"schema":{"@context":"https:\/\/schema.org","@graph":[{"@type":"WebPage","@id":"https:\/\/test.biopapa.de\/en\/producte\/organic-nettle-leaves\/","url":"https:\/\/test.biopapa.de\/en\/producte\/organic-nettle-leaves\/","name":"Organic nettle leaves (chopped) - Biopapa","isPartOf":{"@id":"https:\/\/test.biopapa.de\/en\/#website"},"primaryImageOfPage":{"@id":"https:\/\/test.biopapa.de\/en\/producte\/organic-nettle-leaves\/#primaryimage"},"image":{"@id":"https:\/\/test.biopapa.de\/en\/producte\/organic-nettle-leaves\/#primaryimage"},"thumbnailUrl":"https:\/\/test.biopapa.de\/wp-content\/uploads\/2022\/03\/779A8985-scaled.jpg","datePublished":"2022-03-15T20:34:22+00:00","dateModified":"2026-01-26T14:08:20+00:00","breadcrumb":{"@id":"https:\/\/test.biopapa.de\/en\/producte\/organic-nettle-leaves\/#breadcrumb"},"inLanguage":"en-US","potentialAction":[{"@type":"ReadAction","target":["https:\/\/test.biopapa.de\/en\/producte\/organic-nettle-leaves\/"]}]},{"@type":"ImageObject","inLanguage":"en-US","@id":"https:\/\/test.biopapa.de\/en\/producte\/organic-nettle-leaves\/#primaryimage","url":"https:\/\/test.biopapa.de\/wp-content\/uploads\/2022\/03\/779A8985-scaled.jpg","contentUrl":"https:\/\/test.biopapa.de\/wp-content\/uploads\/2022\/03\/779A8985-scaled.jpg","width":2560,"height":2048,"caption":"Organic nettle leaves (chopped)"},{"@type":"BreadcrumbList","@id":"https:\/\/test.biopapa.de\/en\/producte\/organic-nettle-leaves\/#breadcrumb","itemListElement":[{"@type":"ListItem","position":1,"name":"Home","item":"https:\/\/test.biopapa.de\/en\/"},{"@type":"ListItem","position":2,"name":"Shop","item":"https:\/\/test.biopapa.de\/en\/shop\/"},{"@type":"ListItem","position":3,"name":"Organic nettle leaves (chopped)"}]},{"@type":"WebSite","@id":"https:\/\/test.biopapa.de\/en\/#website","url":"https:\/\/test.biopapa.de\/en\/","name":"Biopapa","description":"\u0160var\u016bs ekologi\u0161ki produktai","publisher":{"@id":"https:\/\/test.biopapa.de\/en\/#organization"},"potentialAction":[{"@type":"SearchAction","target":{"@type":"EntryPoint","urlTemplate":"https:\/\/test.biopapa.de\/en\/?s={search_term_string}"},"query-input":{"@type":"PropertyValueSpecification","valueRequired":true,"valueName":"search_term_string"}}],"inLanguage":"en-US"},{"@type":"Organization","@id":"https:\/\/test.biopapa.de\/en\/#organization","name":"Biopapa","url":"https:\/\/test.biopapa.de\/en\/","logo":{"@type":"ImageObject","inLanguage":"en-US","@id":"https:\/\/test.biopapa.de\/en\/#\/schema\/logo\/image\/","url":"https:\/\/www.biopapa.lt\/wp-content\/uploads\/2022\/04\/facebook_biopapa.jpg","contentUrl":"https:\/\/www.biopapa.lt\/wp-content\/uploads\/2022\/04\/facebook_biopapa.jpg","width":1733,"height":907,"caption":"Biopapa"},"image":{"@id":"https:\/\/test.biopapa.de\/en\/#\/schema\/logo\/image\/"},"sameAs":["https:\/\/www.facebook.com\/biopapa.lt"]}]}},"_links":{"self":[{"href":"https:\/\/test.biopapa.de\/en\/wp-json\/wp\/v2\/product\/33564","targetHints":{"allow":["GET"]}}],"collection":[{"href":"https:\/\/test.biopapa.de\/en\/wp-json\/wp\/v2\/product"}],"about":[{"href":"https:\/\/test.biopapa.de\/en\/wp-json\/wp\/v2\/types\/product"}],"wp:featuredmedia":[{"embeddable":true,"href":"https:\/\/test.biopapa.de\/en\/wp-json\/wp\/v2\/media\/29107"}],"wp:attachment":[{"href":"https:\/\/test.biopapa.de\/en\/wp-json\/wp\/v2\/media?parent=33564"}],"wp:term":[{"taxonomy":"product_brand","embeddable":true,"href":"https:\/\/test.biopapa.de\/en\/wp-json\/wp\/v2\/product_brand?post=33564"},{"taxonomy":"product_cat","embeddable":true,"href":"https:\/\/test.biopapa.de\/en\/wp-json\/wp\/v2\/product_cat?post=33564"},{"taxonomy":"product_tag","embeddable":true,"href":"https:\/\/test.biopapa.de\/en\/wp-json\/wp\/v2\/product_tag?post=33564"}],"curies":[{"name":"wp","href":"https:\/\/api.w.org\/{rel}","templated":true}]}}