{"id":33548,"date":"2022-05-07T17:20:10","date_gmt":"2022-05-07T14:20:10","guid":{"rendered":"https:\/\/www.biopapa.lt\/produktas\/organic-dried-wild-garlic-bear-garlic\/"},"modified":"2026-02-10T13:57:28","modified_gmt":"2026-02-10T11:57:28","slug":"organic-dried-wild-garlic-bear-garlic","status":"publish","type":"product","link":"https:\/\/test.biopapa.de\/en\/producte\/organic-dried-wild-garlic-bear-garlic\/","title":{"rendered":"Organic dried wild garlic (bear garlic)"},"content":{"rendered":"<p><strong>Organic dried wild garlic (bear garlic)<\/strong><br \/>\nDried wild garlic, also known as bear garlic, is a wild herb that has been collected and used by people in cuisine and medicine for centuries, especially in Europe. This aromatic herb, which grows in the wild, is valued for its delicate garlic flavour and health-promoting properties.<\/p>\n<p>Traditionally, dried wild garlic has been used to flavour dishes, in herbal teas and as a remedy to improve general health. It is believed to detoxify the body and improve digestion.<br \/>\nIn the kitchen, dried wild garlic can be used in a similar way to fresh garlic, but with a milder, more subtle flavour.<br \/>\nIts versatility and health benefits make dried wild garlic a valuable ingredient in both traditional and modern culinary practices, enriching dishes with its distinctive flavour and nutritional qualities.<\/p>\n<p>This organic dried bear garlic is the perfect seasoning for your pesto, pasta dishes, spice mixes, stews and sauces.<br \/>\nIt resembles garlic leaves, but with a slightly different shade.<br \/>\nTaste it and see for yourself!<\/p>\n<p><em>NOTE. The information contained herein should not be construed as a recommendation for treatment or other health issues. We encourage you to make personal decisions about your personal health, taking into account a wide range of sources of information.<\/em><\/p>\n","protected":false},"excerpt":{"rendered":"<p>Organic dried wild garlic (bear garlic) Dried wild garlic, also known as bear garlic, is a wild herb that has<\/p>\n","protected":false},"featured_media":29179,"template":"","meta":{"_acf_changed":false},"product_brand":[],"product_cat":[1853],"product_tag":[2092,2088],"class_list":{"0":"post-33548","1":"product","2":"type-product","3":"status-publish","4":"has-post-thumbnail","6":"product_cat-organic-spices","7":"product_tag-raw-diet","8":"product_tag-vegan","9":"pa_svoris-50-g-en","10":"pa_svoris-100-g-en-2","11":"pa_svoris-200-g-en","12":"pa_svoris-300-g-en","13":"pa_svoris-400-g-en","14":"pa_svoris-500-g-en-2","15":"pa_svoris-1-kg-en","17":"first","18":"instock","19":"shipping-taxable","20":"purchasable","21":"product-type-variable"},"acf":[],"yoast_head":"<!-- This site is optimized with the Yoast SEO plugin v27.6 - https:\/\/yoast.com\/product\/yoast-seo-wordpress\/ -->\n<title>Organic dried wild garlic (bear garlic) - Biopapa<\/title>\n<meta name=\"description\" content=\"Dried wild garlic, also known as bear garlic, is a wild plant that has been collected by humans and used in cooking and medicine for centuries\" \/>\n<meta name=\"robots\" content=\"index, follow, max-snippet:-1, max-image-preview:large, max-video-preview:-1\" \/>\n<link rel=\"canonical\" href=\"https:\/\/test.biopapa.de\/en\/producte\/organic-dried-wild-garlic-bear-garlic\/\" \/>\n<meta property=\"og:locale\" content=\"en_US\" \/>\n<meta property=\"og:type\" content=\"article\" \/>\n<meta property=\"og:title\" content=\"Organic dried wild garlic (bear garlic) - Biopapa\" \/>\n<meta property=\"og:description\" content=\"Dried wild garlic, also known as bear garlic, is a wild plant that has been collected by humans and used in cooking and medicine for centuries\" \/>\n<meta property=\"og:url\" content=\"https:\/\/test.biopapa.de\/en\/producte\/organic-dried-wild-garlic-bear-garlic\/\" \/>\n<meta property=\"og:site_name\" content=\"Biopapa\" \/>\n<meta property=\"article:publisher\" content=\"https:\/\/www.facebook.com\/biopapa.lt\" \/>\n<meta property=\"article:modified_time\" content=\"2026-02-10T11:57:28+00:00\" \/>\n<meta property=\"og:image\" content=\"https:\/\/test.biopapa.de\/wp-content\/uploads\/2022\/05\/laukiniai-meskiniai-cesnakai.jpg\" \/>\n\t<meta property=\"og:image:width\" content=\"800\" \/>\n\t<meta property=\"og:image:height\" content=\"640\" \/>\n\t<meta property=\"og:image:type\" content=\"image\/jpeg\" \/>\n<meta name=\"twitter:card\" content=\"summary_large_image\" \/>\n<meta name=\"twitter:label1\" content=\"Est. reading time\" \/>\n\t<meta name=\"twitter:data1\" content=\"1 minute\" \/>\n<script type=\"application\/ld+json\" class=\"yoast-schema-graph\">{\"@context\":\"https:\\\/\\\/schema.org\",\"@graph\":[{\"@type\":\"WebPage\",\"@id\":\"https:\\\/\\\/test.biopapa.de\\\/en\\\/producte\\\/organic-dried-wild-garlic-bear-garlic\\\/\",\"url\":\"https:\\\/\\\/test.biopapa.de\\\/en\\\/producte\\\/organic-dried-wild-garlic-bear-garlic\\\/\",\"name\":\"Organic dried wild garlic (bear garlic) - Biopapa\",\"isPartOf\":{\"@id\":\"https:\\\/\\\/test.biopapa.de\\\/en\\\/#website\"},\"primaryImageOfPage\":{\"@id\":\"https:\\\/\\\/test.biopapa.de\\\/en\\\/producte\\\/organic-dried-wild-garlic-bear-garlic\\\/#primaryimage\"},\"image\":{\"@id\":\"https:\\\/\\\/test.biopapa.de\\\/en\\\/producte\\\/organic-dried-wild-garlic-bear-garlic\\\/#primaryimage\"},\"thumbnailUrl\":\"https:\\\/\\\/test.biopapa.de\\\/wp-content\\\/uploads\\\/2022\\\/05\\\/laukiniai-meskiniai-cesnakai.jpg\",\"datePublished\":\"2022-05-07T14:20:10+00:00\",\"dateModified\":\"2026-02-10T11:57:28+00:00\",\"description\":\"Dried wild garlic, also known as bear garlic, is a wild plant that has been collected by humans and used in cooking and medicine for centuries\",\"breadcrumb\":{\"@id\":\"https:\\\/\\\/test.biopapa.de\\\/en\\\/producte\\\/organic-dried-wild-garlic-bear-garlic\\\/#breadcrumb\"},\"inLanguage\":\"en-US\",\"potentialAction\":[{\"@type\":\"ReadAction\",\"target\":[\"https:\\\/\\\/test.biopapa.de\\\/en\\\/producte\\\/organic-dried-wild-garlic-bear-garlic\\\/\"]}]},{\"@type\":\"ImageObject\",\"inLanguage\":\"en-US\",\"@id\":\"https:\\\/\\\/test.biopapa.de\\\/en\\\/producte\\\/organic-dried-wild-garlic-bear-garlic\\\/#primaryimage\",\"url\":\"https:\\\/\\\/test.biopapa.de\\\/wp-content\\\/uploads\\\/2022\\\/05\\\/laukiniai-meskiniai-cesnakai.jpg\",\"contentUrl\":\"https:\\\/\\\/test.biopapa.de\\\/wp-content\\\/uploads\\\/2022\\\/05\\\/laukiniai-meskiniai-cesnakai.jpg\",\"width\":800,\"height\":640,\"caption\":\"Organic wild garlic (bear garlic)\"},{\"@type\":\"BreadcrumbList\",\"@id\":\"https:\\\/\\\/test.biopapa.de\\\/en\\\/producte\\\/organic-dried-wild-garlic-bear-garlic\\\/#breadcrumb\",\"itemListElement\":[{\"@type\":\"ListItem\",\"position\":1,\"name\":\"Home\",\"item\":\"https:\\\/\\\/test.biopapa.de\\\/en\\\/\"},{\"@type\":\"ListItem\",\"position\":2,\"name\":\"Shop\",\"item\":\"https:\\\/\\\/test.biopapa.de\\\/en\\\/shop\\\/\"},{\"@type\":\"ListItem\",\"position\":3,\"name\":\"Organic dried wild garlic (bear garlic)\"}]},{\"@type\":\"WebSite\",\"@id\":\"https:\\\/\\\/test.biopapa.de\\\/en\\\/#website\",\"url\":\"https:\\\/\\\/test.biopapa.de\\\/en\\\/\",\"name\":\"Biopapa\",\"description\":\"\u0160var\u016bs ekologi\u0161ki produktai\",\"publisher\":{\"@id\":\"https:\\\/\\\/test.biopapa.de\\\/en\\\/#organization\"},\"potentialAction\":[{\"@type\":\"SearchAction\",\"target\":{\"@type\":\"EntryPoint\",\"urlTemplate\":\"https:\\\/\\\/test.biopapa.de\\\/en\\\/?s={search_term_string}\"},\"query-input\":{\"@type\":\"PropertyValueSpecification\",\"valueRequired\":true,\"valueName\":\"search_term_string\"}}],\"inLanguage\":\"en-US\"},{\"@type\":\"Organization\",\"@id\":\"https:\\\/\\\/test.biopapa.de\\\/en\\\/#organization\",\"name\":\"Biopapa\",\"url\":\"https:\\\/\\\/test.biopapa.de\\\/en\\\/\",\"logo\":{\"@type\":\"ImageObject\",\"inLanguage\":\"en-US\",\"@id\":\"https:\\\/\\\/test.biopapa.de\\\/en\\\/#\\\/schema\\\/logo\\\/image\\\/\",\"url\":\"https:\\\/\\\/www.biopapa.lt\\\/wp-content\\\/uploads\\\/2022\\\/04\\\/facebook_biopapa.jpg\",\"contentUrl\":\"https:\\\/\\\/www.biopapa.lt\\\/wp-content\\\/uploads\\\/2022\\\/04\\\/facebook_biopapa.jpg\",\"width\":1733,\"height\":907,\"caption\":\"Biopapa\"},\"image\":{\"@id\":\"https:\\\/\\\/test.biopapa.de\\\/en\\\/#\\\/schema\\\/logo\\\/image\\\/\"},\"sameAs\":[\"https:\\\/\\\/www.facebook.com\\\/biopapa.lt\"]}]}<\/script>\n<!-- \/ Yoast SEO plugin. -->","yoast_head_json":{"title":"Organic dried wild garlic (bear garlic) - Biopapa","description":"Dried wild garlic, also known as bear garlic, is a wild plant that has been collected by humans and used in cooking and medicine for centuries","robots":{"index":"index","follow":"follow","max-snippet":"max-snippet:-1","max-image-preview":"max-image-preview:large","max-video-preview":"max-video-preview:-1"},"canonical":"https:\/\/test.biopapa.de\/en\/producte\/organic-dried-wild-garlic-bear-garlic\/","og_locale":"en_US","og_type":"article","og_title":"Organic dried wild garlic (bear garlic) - Biopapa","og_description":"Dried wild garlic, also known as bear garlic, is a wild plant that has been collected by humans and used in cooking and medicine for centuries","og_url":"https:\/\/test.biopapa.de\/en\/producte\/organic-dried-wild-garlic-bear-garlic\/","og_site_name":"Biopapa","article_publisher":"https:\/\/www.facebook.com\/biopapa.lt","article_modified_time":"2026-02-10T11:57:28+00:00","og_image":[{"width":800,"height":640,"url":"https:\/\/test.biopapa.de\/wp-content\/uploads\/2022\/05\/laukiniai-meskiniai-cesnakai.jpg","type":"image\/jpeg"}],"twitter_card":"summary_large_image","twitter_misc":{"Est. reading time":"1 minute"},"schema":{"@context":"https:\/\/schema.org","@graph":[{"@type":"WebPage","@id":"https:\/\/test.biopapa.de\/en\/producte\/organic-dried-wild-garlic-bear-garlic\/","url":"https:\/\/test.biopapa.de\/en\/producte\/organic-dried-wild-garlic-bear-garlic\/","name":"Organic dried wild garlic (bear garlic) - Biopapa","isPartOf":{"@id":"https:\/\/test.biopapa.de\/en\/#website"},"primaryImageOfPage":{"@id":"https:\/\/test.biopapa.de\/en\/producte\/organic-dried-wild-garlic-bear-garlic\/#primaryimage"},"image":{"@id":"https:\/\/test.biopapa.de\/en\/producte\/organic-dried-wild-garlic-bear-garlic\/#primaryimage"},"thumbnailUrl":"https:\/\/test.biopapa.de\/wp-content\/uploads\/2022\/05\/laukiniai-meskiniai-cesnakai.jpg","datePublished":"2022-05-07T14:20:10+00:00","dateModified":"2026-02-10T11:57:28+00:00","description":"Dried wild garlic, also known as bear garlic, is a wild plant that has been collected by humans and used in cooking and medicine for centuries","breadcrumb":{"@id":"https:\/\/test.biopapa.de\/en\/producte\/organic-dried-wild-garlic-bear-garlic\/#breadcrumb"},"inLanguage":"en-US","potentialAction":[{"@type":"ReadAction","target":["https:\/\/test.biopapa.de\/en\/producte\/organic-dried-wild-garlic-bear-garlic\/"]}]},{"@type":"ImageObject","inLanguage":"en-US","@id":"https:\/\/test.biopapa.de\/en\/producte\/organic-dried-wild-garlic-bear-garlic\/#primaryimage","url":"https:\/\/test.biopapa.de\/wp-content\/uploads\/2022\/05\/laukiniai-meskiniai-cesnakai.jpg","contentUrl":"https:\/\/test.biopapa.de\/wp-content\/uploads\/2022\/05\/laukiniai-meskiniai-cesnakai.jpg","width":800,"height":640,"caption":"Organic wild garlic (bear garlic)"},{"@type":"BreadcrumbList","@id":"https:\/\/test.biopapa.de\/en\/producte\/organic-dried-wild-garlic-bear-garlic\/#breadcrumb","itemListElement":[{"@type":"ListItem","position":1,"name":"Home","item":"https:\/\/test.biopapa.de\/en\/"},{"@type":"ListItem","position":2,"name":"Shop","item":"https:\/\/test.biopapa.de\/en\/shop\/"},{"@type":"ListItem","position":3,"name":"Organic dried wild garlic (bear garlic)"}]},{"@type":"WebSite","@id":"https:\/\/test.biopapa.de\/en\/#website","url":"https:\/\/test.biopapa.de\/en\/","name":"Biopapa","description":"\u0160var\u016bs ekologi\u0161ki produktai","publisher":{"@id":"https:\/\/test.biopapa.de\/en\/#organization"},"potentialAction":[{"@type":"SearchAction","target":{"@type":"EntryPoint","urlTemplate":"https:\/\/test.biopapa.de\/en\/?s={search_term_string}"},"query-input":{"@type":"PropertyValueSpecification","valueRequired":true,"valueName":"search_term_string"}}],"inLanguage":"en-US"},{"@type":"Organization","@id":"https:\/\/test.biopapa.de\/en\/#organization","name":"Biopapa","url":"https:\/\/test.biopapa.de\/en\/","logo":{"@type":"ImageObject","inLanguage":"en-US","@id":"https:\/\/test.biopapa.de\/en\/#\/schema\/logo\/image\/","url":"https:\/\/www.biopapa.lt\/wp-content\/uploads\/2022\/04\/facebook_biopapa.jpg","contentUrl":"https:\/\/www.biopapa.lt\/wp-content\/uploads\/2022\/04\/facebook_biopapa.jpg","width":1733,"height":907,"caption":"Biopapa"},"image":{"@id":"https:\/\/test.biopapa.de\/en\/#\/schema\/logo\/image\/"},"sameAs":["https:\/\/www.facebook.com\/biopapa.lt"]}]}},"_links":{"self":[{"href":"https:\/\/test.biopapa.de\/en\/wp-json\/wp\/v2\/product\/33548","targetHints":{"allow":["GET"]}}],"collection":[{"href":"https:\/\/test.biopapa.de\/en\/wp-json\/wp\/v2\/product"}],"about":[{"href":"https:\/\/test.biopapa.de\/en\/wp-json\/wp\/v2\/types\/product"}],"wp:featuredmedia":[{"embeddable":true,"href":"https:\/\/test.biopapa.de\/en\/wp-json\/wp\/v2\/media\/29179"}],"wp:attachment":[{"href":"https:\/\/test.biopapa.de\/en\/wp-json\/wp\/v2\/media?parent=33548"}],"wp:term":[{"taxonomy":"product_brand","embeddable":true,"href":"https:\/\/test.biopapa.de\/en\/wp-json\/wp\/v2\/product_brand?post=33548"},{"taxonomy":"product_cat","embeddable":true,"href":"https:\/\/test.biopapa.de\/en\/wp-json\/wp\/v2\/product_cat?post=33548"},{"taxonomy":"product_tag","embeddable":true,"href":"https:\/\/test.biopapa.de\/en\/wp-json\/wp\/v2\/product_tag?post=33548"}],"curies":[{"name":"wp","href":"https:\/\/api.w.org\/{rel}","templated":true}]}}