{"id":32251,"date":"2022-05-30T18:15:28","date_gmt":"2022-05-30T15:15:28","guid":{"rendered":"https:\/\/www.biopapa.lt\/produktas\/organic-barley-seedlings-powder\/"},"modified":"2023-11-08T15:50:34","modified_gmt":"2023-11-08T13:50:34","slug":"organic-barley-seedlings-powder","status":"publish","type":"product","link":"https:\/\/test.biopapa.de\/en\/producte\/organic-barley-seedlings-powder\/","title":{"rendered":"Organic Barley seedlings powder"},"content":{"rendered":"<p>Young barley seedlings are particularly valued for their chlorophyll, various vitamins and minerals. Barley seedlings powder is crushed dried young barley sprouts. This powder is easily digested and well absorbed, and is alkalising to the body. They are also rich in nutrients, fibre and protein, and amino acids. Due to high protein content, this barley seedlings powder is also very suitable for sports and physical activity.<\/p>\n<p>Use 3-4 teaspoons in a glass of water, juice, smoothies or salads.<\/p>\n","protected":false},"excerpt":{"rendered":"<p>Young barley seedlings are particularly valued for their chlorophyll, various vitamins and minerals. Barley seedlings powder is crushed dried young<\/p>\n","protected":false},"featured_media":29749,"template":"","meta":{"_acf_changed":false},"product_brand":[],"product_cat":[1848,2353],"product_tag":[2092,2088],"class_list":{"0":"post-32251","1":"product","2":"type-product","3":"status-publish","4":"has-post-thumbnail","6":"product_cat-plant-based-superfood","7":"product_cat-powder","8":"product_tag-raw-diet","9":"product_tag-vegan","10":"pa_svoris-1-kg-en","11":"pa_svoris-100-g-en-2","12":"pa_svoris-200-g-en","13":"pa_svoris-25-kg-en","14":"pa_svoris-300-g-en","15":"pa_svoris-400-g-en","16":"pa_svoris-500-g-en-2","18":"first","19":"instock","20":"shipping-taxable","21":"purchasable","22":"product-type-variable"},"acf":[],"yoast_head":"<!-- This site is optimized with the Yoast SEO plugin v27.6 - https:\/\/yoast.com\/product\/yoast-seo-wordpress\/ -->\n<title>Organic Barley seedlings powder - Biopapa<\/title>\n<meta name=\"robots\" content=\"index, follow, max-snippet:-1, max-image-preview:large, max-video-preview:-1\" \/>\n<link rel=\"canonical\" href=\"https:\/\/test.biopapa.de\/en\/producte\/organic-barley-seedlings-powder\/\" \/>\n<meta property=\"og:locale\" content=\"en_US\" \/>\n<meta property=\"og:type\" content=\"article\" \/>\n<meta property=\"og:title\" content=\"Organic Barley seedlings powder - Biopapa\" \/>\n<meta property=\"og:description\" content=\"Young barley seedlings are particularly valued for their chlorophyll, various vitamins and minerals. Barley seedlings powder is crushed dried young\" \/>\n<meta property=\"og:url\" content=\"https:\/\/test.biopapa.de\/en\/producte\/organic-barley-seedlings-powder\/\" \/>\n<meta property=\"og:site_name\" content=\"Biopapa\" \/>\n<meta property=\"article:publisher\" content=\"https:\/\/www.facebook.com\/biopapa.lt\" \/>\n<meta property=\"article:modified_time\" content=\"2023-11-08T13:50:34+00:00\" \/>\n<meta property=\"og:image\" content=\"https:\/\/test.biopapa.de\/wp-content\/uploads\/2022\/05\/mieziu_zelm.jpg\" \/>\n\t<meta property=\"og:image:width\" content=\"800\" \/>\n\t<meta property=\"og:image:height\" content=\"640\" \/>\n\t<meta property=\"og:image:type\" content=\"image\/jpeg\" \/>\n<meta name=\"twitter:card\" content=\"summary_large_image\" \/>\n<script type=\"application\/ld+json\" class=\"yoast-schema-graph\">{\"@context\":\"https:\\\/\\\/schema.org\",\"@graph\":[{\"@type\":\"WebPage\",\"@id\":\"https:\\\/\\\/test.biopapa.de\\\/en\\\/producte\\\/organic-barley-seedlings-powder\\\/\",\"url\":\"https:\\\/\\\/test.biopapa.de\\\/en\\\/producte\\\/organic-barley-seedlings-powder\\\/\",\"name\":\"Organic Barley seedlings powder - Biopapa\",\"isPartOf\":{\"@id\":\"https:\\\/\\\/test.biopapa.de\\\/en\\\/#website\"},\"primaryImageOfPage\":{\"@id\":\"https:\\\/\\\/test.biopapa.de\\\/en\\\/producte\\\/organic-barley-seedlings-powder\\\/#primaryimage\"},\"image\":{\"@id\":\"https:\\\/\\\/test.biopapa.de\\\/en\\\/producte\\\/organic-barley-seedlings-powder\\\/#primaryimage\"},\"thumbnailUrl\":\"https:\\\/\\\/test.biopapa.de\\\/wp-content\\\/uploads\\\/2022\\\/05\\\/mieziu_zelm.jpg\",\"datePublished\":\"2022-05-30T15:15:28+00:00\",\"dateModified\":\"2023-11-08T13:50:34+00:00\",\"breadcrumb\":{\"@id\":\"https:\\\/\\\/test.biopapa.de\\\/en\\\/producte\\\/organic-barley-seedlings-powder\\\/#breadcrumb\"},\"inLanguage\":\"en-US\",\"potentialAction\":[{\"@type\":\"ReadAction\",\"target\":[\"https:\\\/\\\/test.biopapa.de\\\/en\\\/producte\\\/organic-barley-seedlings-powder\\\/\"]}]},{\"@type\":\"ImageObject\",\"inLanguage\":\"en-US\",\"@id\":\"https:\\\/\\\/test.biopapa.de\\\/en\\\/producte\\\/organic-barley-seedlings-powder\\\/#primaryimage\",\"url\":\"https:\\\/\\\/test.biopapa.de\\\/wp-content\\\/uploads\\\/2022\\\/05\\\/mieziu_zelm.jpg\",\"contentUrl\":\"https:\\\/\\\/test.biopapa.de\\\/wp-content\\\/uploads\\\/2022\\\/05\\\/mieziu_zelm.jpg\",\"width\":800,\"height\":640,\"caption\":\"Organic Barley seedlings powder\"},{\"@type\":\"BreadcrumbList\",\"@id\":\"https:\\\/\\\/test.biopapa.de\\\/en\\\/producte\\\/organic-barley-seedlings-powder\\\/#breadcrumb\",\"itemListElement\":[{\"@type\":\"ListItem\",\"position\":1,\"name\":\"Home\",\"item\":\"https:\\\/\\\/test.biopapa.de\\\/en\\\/\"},{\"@type\":\"ListItem\",\"position\":2,\"name\":\"Shop\",\"item\":\"https:\\\/\\\/test.biopapa.de\\\/en\\\/shop\\\/\"},{\"@type\":\"ListItem\",\"position\":3,\"name\":\"Organic Barley seedlings powder\"}]},{\"@type\":\"WebSite\",\"@id\":\"https:\\\/\\\/test.biopapa.de\\\/en\\\/#website\",\"url\":\"https:\\\/\\\/test.biopapa.de\\\/en\\\/\",\"name\":\"Biopapa\",\"description\":\"\u0160var\u016bs ekologi\u0161ki produktai\",\"publisher\":{\"@id\":\"https:\\\/\\\/test.biopapa.de\\\/en\\\/#organization\"},\"potentialAction\":[{\"@type\":\"SearchAction\",\"target\":{\"@type\":\"EntryPoint\",\"urlTemplate\":\"https:\\\/\\\/test.biopapa.de\\\/en\\\/?s={search_term_string}\"},\"query-input\":{\"@type\":\"PropertyValueSpecification\",\"valueRequired\":true,\"valueName\":\"search_term_string\"}}],\"inLanguage\":\"en-US\"},{\"@type\":\"Organization\",\"@id\":\"https:\\\/\\\/test.biopapa.de\\\/en\\\/#organization\",\"name\":\"Biopapa\",\"url\":\"https:\\\/\\\/test.biopapa.de\\\/en\\\/\",\"logo\":{\"@type\":\"ImageObject\",\"inLanguage\":\"en-US\",\"@id\":\"https:\\\/\\\/test.biopapa.de\\\/en\\\/#\\\/schema\\\/logo\\\/image\\\/\",\"url\":\"https:\\\/\\\/www.biopapa.lt\\\/wp-content\\\/uploads\\\/2022\\\/04\\\/facebook_biopapa.jpg\",\"contentUrl\":\"https:\\\/\\\/www.biopapa.lt\\\/wp-content\\\/uploads\\\/2022\\\/04\\\/facebook_biopapa.jpg\",\"width\":1733,\"height\":907,\"caption\":\"Biopapa\"},\"image\":{\"@id\":\"https:\\\/\\\/test.biopapa.de\\\/en\\\/#\\\/schema\\\/logo\\\/image\\\/\"},\"sameAs\":[\"https:\\\/\\\/www.facebook.com\\\/biopapa.lt\"]}]}<\/script>\n<!-- \/ Yoast SEO plugin. -->","yoast_head_json":{"title":"Organic Barley seedlings powder - Biopapa","robots":{"index":"index","follow":"follow","max-snippet":"max-snippet:-1","max-image-preview":"max-image-preview:large","max-video-preview":"max-video-preview:-1"},"canonical":"https:\/\/test.biopapa.de\/en\/producte\/organic-barley-seedlings-powder\/","og_locale":"en_US","og_type":"article","og_title":"Organic Barley seedlings powder - Biopapa","og_description":"Young barley seedlings are particularly valued for their chlorophyll, various vitamins and minerals. Barley seedlings powder is crushed dried young","og_url":"https:\/\/test.biopapa.de\/en\/producte\/organic-barley-seedlings-powder\/","og_site_name":"Biopapa","article_publisher":"https:\/\/www.facebook.com\/biopapa.lt","article_modified_time":"2023-11-08T13:50:34+00:00","og_image":[{"width":800,"height":640,"url":"https:\/\/test.biopapa.de\/wp-content\/uploads\/2022\/05\/mieziu_zelm.jpg","type":"image\/jpeg"}],"twitter_card":"summary_large_image","schema":{"@context":"https:\/\/schema.org","@graph":[{"@type":"WebPage","@id":"https:\/\/test.biopapa.de\/en\/producte\/organic-barley-seedlings-powder\/","url":"https:\/\/test.biopapa.de\/en\/producte\/organic-barley-seedlings-powder\/","name":"Organic Barley seedlings powder - Biopapa","isPartOf":{"@id":"https:\/\/test.biopapa.de\/en\/#website"},"primaryImageOfPage":{"@id":"https:\/\/test.biopapa.de\/en\/producte\/organic-barley-seedlings-powder\/#primaryimage"},"image":{"@id":"https:\/\/test.biopapa.de\/en\/producte\/organic-barley-seedlings-powder\/#primaryimage"},"thumbnailUrl":"https:\/\/test.biopapa.de\/wp-content\/uploads\/2022\/05\/mieziu_zelm.jpg","datePublished":"2022-05-30T15:15:28+00:00","dateModified":"2023-11-08T13:50:34+00:00","breadcrumb":{"@id":"https:\/\/test.biopapa.de\/en\/producte\/organic-barley-seedlings-powder\/#breadcrumb"},"inLanguage":"en-US","potentialAction":[{"@type":"ReadAction","target":["https:\/\/test.biopapa.de\/en\/producte\/organic-barley-seedlings-powder\/"]}]},{"@type":"ImageObject","inLanguage":"en-US","@id":"https:\/\/test.biopapa.de\/en\/producte\/organic-barley-seedlings-powder\/#primaryimage","url":"https:\/\/test.biopapa.de\/wp-content\/uploads\/2022\/05\/mieziu_zelm.jpg","contentUrl":"https:\/\/test.biopapa.de\/wp-content\/uploads\/2022\/05\/mieziu_zelm.jpg","width":800,"height":640,"caption":"Organic Barley seedlings powder"},{"@type":"BreadcrumbList","@id":"https:\/\/test.biopapa.de\/en\/producte\/organic-barley-seedlings-powder\/#breadcrumb","itemListElement":[{"@type":"ListItem","position":1,"name":"Home","item":"https:\/\/test.biopapa.de\/en\/"},{"@type":"ListItem","position":2,"name":"Shop","item":"https:\/\/test.biopapa.de\/en\/shop\/"},{"@type":"ListItem","position":3,"name":"Organic Barley seedlings powder"}]},{"@type":"WebSite","@id":"https:\/\/test.biopapa.de\/en\/#website","url":"https:\/\/test.biopapa.de\/en\/","name":"Biopapa","description":"\u0160var\u016bs ekologi\u0161ki produktai","publisher":{"@id":"https:\/\/test.biopapa.de\/en\/#organization"},"potentialAction":[{"@type":"SearchAction","target":{"@type":"EntryPoint","urlTemplate":"https:\/\/test.biopapa.de\/en\/?s={search_term_string}"},"query-input":{"@type":"PropertyValueSpecification","valueRequired":true,"valueName":"search_term_string"}}],"inLanguage":"en-US"},{"@type":"Organization","@id":"https:\/\/test.biopapa.de\/en\/#organization","name":"Biopapa","url":"https:\/\/test.biopapa.de\/en\/","logo":{"@type":"ImageObject","inLanguage":"en-US","@id":"https:\/\/test.biopapa.de\/en\/#\/schema\/logo\/image\/","url":"https:\/\/www.biopapa.lt\/wp-content\/uploads\/2022\/04\/facebook_biopapa.jpg","contentUrl":"https:\/\/www.biopapa.lt\/wp-content\/uploads\/2022\/04\/facebook_biopapa.jpg","width":1733,"height":907,"caption":"Biopapa"},"image":{"@id":"https:\/\/test.biopapa.de\/en\/#\/schema\/logo\/image\/"},"sameAs":["https:\/\/www.facebook.com\/biopapa.lt"]}]}},"_links":{"self":[{"href":"https:\/\/test.biopapa.de\/en\/wp-json\/wp\/v2\/product\/32251","targetHints":{"allow":["GET"]}}],"collection":[{"href":"https:\/\/test.biopapa.de\/en\/wp-json\/wp\/v2\/product"}],"about":[{"href":"https:\/\/test.biopapa.de\/en\/wp-json\/wp\/v2\/types\/product"}],"wp:featuredmedia":[{"embeddable":true,"href":"https:\/\/test.biopapa.de\/en\/wp-json\/wp\/v2\/media\/29749"}],"wp:attachment":[{"href":"https:\/\/test.biopapa.de\/en\/wp-json\/wp\/v2\/media?parent=32251"}],"wp:term":[{"taxonomy":"product_brand","embeddable":true,"href":"https:\/\/test.biopapa.de\/en\/wp-json\/wp\/v2\/product_brand?post=32251"},{"taxonomy":"product_cat","embeddable":true,"href":"https:\/\/test.biopapa.de\/en\/wp-json\/wp\/v2\/product_cat?post=32251"},{"taxonomy":"product_tag","embeddable":true,"href":"https:\/\/test.biopapa.de\/en\/wp-json\/wp\/v2\/product_tag?post=32251"}],"curies":[{"name":"wp","href":"https:\/\/api.w.org\/{rel}","templated":true}]}}