{"id":40321,"date":"2013-04-27T08:51:35","date_gmt":"2013-04-27T05:51:35","guid":{"rendered":"https:\/\/www.biopapa.de\/?page_id=40321"},"modified":"2025-12-29T13:56:36","modified_gmt":"2025-12-29T11:56:36","slug":"about-us","status":"publish","type":"page","link":"https:\/\/test.biopapa.de\/en\/about-us\/","title":{"rendered":"About us"},"content":{"rendered":"\n<h2 class=\"wp-block-heading has-text-align-center\"><strong>Biopapa Mission:<\/strong><\/h2>\n\n<h3 class=\"has-text-align-center wp-block-heading\"><span style=\"font-size: large;\">We were founded to offer a wide range of health and environmentally friendly products for people who care about their healthy diet and a healthy environment and nature, free from unnecessary packaging\/waste.<\/span><\/h3>&#13;\n<h3 class=\"has-text-align-center\"><span style=\"font-size: large;\">By learning on our own, we want to share knowledge about sustainable lifestyles, healthy food and build a community of like-minded people who share similar values, based on the principles of enriching cooperation and goodwill between all.<\/span><\/h3>\n\n<p>Biopapa is the first certified organic shop in Lithuania &#8211; a community based on sustainable lifestyle. We started our work to promote cleaner, healthier and more conscious living.*<\/p>\n\n<p>To reduce environmental pollution from unnecessary and non-eco-friendly packaging, e-waste is a key part of the EU&#8217;s efforts to reduce packaging waste. Packing the food you buy in the shop in paper bags.<\/p>\n\n<p>The shop offers plant-based products. You will find a wide range of organic, uncooked and packaging-free products, snacks, environmentally friendly household products and works by local artists.<\/p>\n<p>We want to build friendly business relationships with government and business, so that we can effectively promote the idea of sustainability, which we believe we all share and care about.<\/p>\n<p>You can view the Biopapa Ecolabel certificates on <a href=\"https:\/\/www.ekoagros.lt\/certificates?utf8=%E2%9C%93&amp;q[title_or_fieldss_value_cont]=%C5%BEaliuomen%C4%97&amp;q[per_page]=20&amp;commit=Filtruoti\" target=\"_blank\" rel=\"noopener\"> the Ekoagros website<\/a>.<\/p>\n<p><em>*Promoting cleaner, healthier and more conscious consumption and living: cleaner by avoiding unnecessary packaging and using eco-friendly packaging when necessary; healthier by selling organic, cleanly grown and produced products; and more conscious by thinking before we act about the consequences of our actions on the environment and on the future of us all.<\/em><\/p><\/p>\n\n<p><\/p>\n\n<p>They&#8217;ve already written about us:<\/p>\n\n<ul>&#13;\n<li>MadeInVilnius.lt \u2013 <a href=\"https:\/\/madeinvilnius.lt\/maistas\/nauja-vietele\/pasilaiciuose-atidaryta-pirmoji-lietuvoje-ekologiska-kavine-nuotraukos\/\" target=\"_blank\" rel=\"noopener\" data-saferedirecturl=\"https:\/\/www.google.com\/url?q=https:\/\/madeinvilnius.lt\/maistas\/nauja-vietele\/pasilaiciuose-atidaryta-pirmoji-lietuvoje-ekologiska-kavine-nuotraukos\/&amp;source=gmail&amp;ust=1628160181175000&amp;usg=AFQjCNGAqRpufM_AbxHMru5-UjooE6GkSw\">https:\/\/madeinvilnius.lt\/<wbr\/>maistas\/nauja-vietele\/<wbr\/>pasilaiciuose-atidaryta-<wbr\/>pirmoji-lietuvoje-ekologiska-<wbr\/>kavine-nuotraukos\/<\/a><\/li>&#13;\n<li>Delfi.lt \u2013 <a href=\"https:\/\/www.delfi.lt\/maistas\/kur-pavalgyti\/vilniuje-atidaryta-pirmoji-lietuvoje-ekologiska-kavine-i-kuria-galima-uzsukti-su-augintiniais.d?id=87820427\" target=\"_blank\" rel=\"noopener\" data-saferedirecturl=\"https:\/\/www.google.com\/url?q=https:\/\/www.delfi.lt\/maistas\/kur-pavalgyti\/vilniuje-atidaryta-pirmoji-lietuvoje-ekologiska-kavine-i-kuria-galima-uzsukti-su-augintiniais.d?id%3D87820427&amp;source=gmail&amp;ust=1628160181175000&amp;usg=AFQjCNFiItZyWMtDVOPvX2ENvfIbPeiUyQ\">https:\/\/www.delfi.lt\/maistas\/<wbr\/>kur-pavalgyti\/vilniuje-<wbr\/>atidaryta-pirmoji-lietuvoje-<wbr\/>ekologiska-kavine-i-kuria-<wbr\/>galima-uzsukti-su-<wbr\/>augintiniais.d?id=87820427<\/a>\n<\/li><\/ul>\n&#13;\n<li>15min.lt \u2013 <a href=\"https:\/\/www.15min.lt\/verslas\/naujiena\/bendroves\/i-pirmaja-lietuvoje-ekologiska-kavine-galima-uzsukti-su-augintiniais-663-1541602\" target=\"_blank\" rel=\"noopener\" data-saferedirecturl=\"https:\/\/www.google.com\/url?q=https:\/\/www.15min.lt\/verslas\/naujiena\/bendroves\/i-pirmaja-lietuvoje-ekologiska-kavine-galima-uzsukti-su-augintiniais-663-1541602&amp;source=gmail&amp;ust=1628160181175000&amp;usg=AFQjCNEpur0-9sAM9brSWTWKpNWtSfC76w\">https:\/\/www.15min.lt\/verslas\/<wbr\/>naujiena\/bendroves\/i-pirmaja-<wbr\/>lietuvoje-ekologiska-kavine-<wbr\/>galima-uzsukti-su-<wbr\/>augintiniais-663-1541602<\/a>\n<\/li><\/li>\n<li>Business News <a href=\"https:\/\/www.vz.lt\/smulkusis-verslas\/2021\/08\/01\/is-nuomotoju-isgirde-du-ne-pirmaja-tokia-kavine-atidare-miegamajame-rajone\" target=\"_blank\" rel=\"noopener\">&#8211; https:\/\/www.vz.lt\/smulkusis-verslas\/2021\/08\/01\/is-nuomotoju-isgirde-du-ne-pirmaja-tokia-kavine-atidare-miegamajame-rajone<\/a><\/li>\n<li><a href=\"https:\/\/www.ekoagros.lt\/ekologisko-viesojo-maitinimo-sertifikavimas-isibegeja-sertifikuota-pirmoji-kavine-daugeja-besidominciuju\" target=\"_blank\" rel=\"noopener\">Eco-Agros &#8211; https:\/\/www.ekoagros.lt\/ekologisko-viesojo-maitinimo-sertifikavimas-isibegeja-sertifikuota-pirmoji-kavine-daugeja-besidominciuju<\/a><\/li>\n<\/ul>\n<p>We&#8217;re on the radio:<\/p>\n<ul>\n<li>LRT radio programme One Planet. Certified Organic &#8211; <a href=\"https:\/\/www.lrt.lt\/mediateka\/irasas\/2000170002\/vienkartine-planeta-sertifikuota-ekologija\" target=\"_blank\" rel=\"noopener\">listen to the recording<\/a>.<\/li>\n<\/ul>\n\n<p><\/p>\n\n<p>We look forward to welcoming you at Biopapa, at Klaip\u0117dos g. 3, Vilnius.<\/p>\n\n\r\n<div> <\/div>\r\n\n\r\n<div>Biopapa team<\/div>\r\n","protected":false},"excerpt":{"rendered":"<p>Biopapa Mission: We were founded to offer a wide range of health and environmentally friendly products for people who care<\/p>\n","protected":false},"author":1852,"featured_media":0,"parent":0,"menu_order":0,"comment_status":"closed","ping_status":"closed","template":"","meta":{"_acf_changed":false,"footnotes":""},"class_list":["post-40321","page","type-page","status-publish","hentry"],"acf":[],"yoast_head":"<!-- This site is optimized with the Yoast SEO plugin v27.6 - https:\/\/yoast.com\/product\/yoast-seo-wordpress\/ -->\n<title>About us - Biopapa<\/title>\n<meta name=\"description\" content=\"At Biopapa, we offer only plant-based products. You will find a variety of organic, uncooked and unpackaged products (wholemeal, pulses, dried fruits, berries, spices, plant powders, flour), raw + vegan desserts, snacks. Our range is health and environmentally friendly.\" \/>\n<meta name=\"robots\" content=\"index, follow, max-snippet:-1, max-image-preview:large, max-video-preview:-1\" \/>\n<link rel=\"canonical\" href=\"https:\/\/test.biopapa.de\/en\/about-us\/\" \/>\n<meta property=\"og:locale\" content=\"en_US\" \/>\n<meta property=\"og:type\" content=\"article\" \/>\n<meta property=\"og:title\" content=\"About us - Biopapa\" \/>\n<meta property=\"og:description\" content=\"At Biopapa, we offer only plant-based products. You will find a variety of organic, uncooked and unpackaged products (wholemeal, pulses, dried fruits, berries, spices, plant powders, flour), raw + vegan desserts, snacks. Our range is health and environmentally friendly.\" \/>\n<meta property=\"og:url\" content=\"https:\/\/test.biopapa.de\/en\/about-us\/\" \/>\n<meta property=\"og:site_name\" content=\"Biopapa\" \/>\n<meta property=\"article:publisher\" content=\"https:\/\/www.facebook.com\/biopapa.lt\" \/>\n<meta property=\"article:modified_time\" content=\"2025-12-29T11:56:36+00:00\" \/>\n<meta property=\"og:image\" content=\"https:\/\/test.biopapa.de\/wp-content\/uploads\/2022\/04\/facebook_biopapa.jpg\" \/>\n\t<meta property=\"og:image:width\" content=\"1733\" \/>\n\t<meta property=\"og:image:height\" content=\"907\" \/>\n\t<meta property=\"og:image:type\" content=\"image\/jpeg\" \/>\n<meta name=\"twitter:card\" content=\"summary_large_image\" \/>\n<meta name=\"twitter:label1\" content=\"Est. reading time\" \/>\n\t<meta name=\"twitter:data1\" content=\"2 minutes\" \/>\n<script type=\"application\/ld+json\" class=\"yoast-schema-graph\">{\"@context\":\"https:\\\/\\\/schema.org\",\"@graph\":[{\"@type\":\"WebPage\",\"@id\":\"https:\\\/\\\/test.biopapa.de\\\/en\\\/about-us\\\/\",\"url\":\"https:\\\/\\\/test.biopapa.de\\\/en\\\/about-us\\\/\",\"name\":\"About us - Biopapa\",\"isPartOf\":{\"@id\":\"https:\\\/\\\/test.biopapa.de\\\/en\\\/#website\"},\"datePublished\":\"2013-04-27T05:51:35+00:00\",\"dateModified\":\"2025-12-29T11:56:36+00:00\",\"description\":\"At Biopapa, we offer only plant-based products. You will find a variety of organic, uncooked and unpackaged products (wholemeal, pulses, dried fruits, berries, spices, plant powders, flour), raw + vegan desserts, snacks. Our range is health and environmentally friendly.\",\"breadcrumb\":{\"@id\":\"https:\\\/\\\/test.biopapa.de\\\/en\\\/about-us\\\/#breadcrumb\"},\"inLanguage\":\"en-US\",\"potentialAction\":[{\"@type\":\"ReadAction\",\"target\":[\"https:\\\/\\\/test.biopapa.de\\\/en\\\/about-us\\\/\"]}]},{\"@type\":\"BreadcrumbList\",\"@id\":\"https:\\\/\\\/test.biopapa.de\\\/en\\\/about-us\\\/#breadcrumb\",\"itemListElement\":[{\"@type\":\"ListItem\",\"position\":1,\"name\":\"Home\",\"item\":\"https:\\\/\\\/test.biopapa.de\\\/en\\\/\"},{\"@type\":\"ListItem\",\"position\":2,\"name\":\"About us\"}]},{\"@type\":\"WebSite\",\"@id\":\"https:\\\/\\\/test.biopapa.de\\\/en\\\/#website\",\"url\":\"https:\\\/\\\/test.biopapa.de\\\/en\\\/\",\"name\":\"Biopapa\",\"description\":\"\u0160var\u016bs ekologi\u0161ki produktai\",\"publisher\":{\"@id\":\"https:\\\/\\\/test.biopapa.de\\\/en\\\/#organization\"},\"potentialAction\":[{\"@type\":\"SearchAction\",\"target\":{\"@type\":\"EntryPoint\",\"urlTemplate\":\"https:\\\/\\\/test.biopapa.de\\\/en\\\/?s={search_term_string}\"},\"query-input\":{\"@type\":\"PropertyValueSpecification\",\"valueRequired\":true,\"valueName\":\"search_term_string\"}}],\"inLanguage\":\"en-US\"},{\"@type\":\"Organization\",\"@id\":\"https:\\\/\\\/test.biopapa.de\\\/en\\\/#organization\",\"name\":\"Biopapa\",\"url\":\"https:\\\/\\\/test.biopapa.de\\\/en\\\/\",\"logo\":{\"@type\":\"ImageObject\",\"inLanguage\":\"en-US\",\"@id\":\"https:\\\/\\\/test.biopapa.de\\\/en\\\/#\\\/schema\\\/logo\\\/image\\\/\",\"url\":\"https:\\\/\\\/www.biopapa.lt\\\/wp-content\\\/uploads\\\/2022\\\/04\\\/facebook_biopapa.jpg\",\"contentUrl\":\"https:\\\/\\\/www.biopapa.lt\\\/wp-content\\\/uploads\\\/2022\\\/04\\\/facebook_biopapa.jpg\",\"width\":1733,\"height\":907,\"caption\":\"Biopapa\"},\"image\":{\"@id\":\"https:\\\/\\\/test.biopapa.de\\\/en\\\/#\\\/schema\\\/logo\\\/image\\\/\"},\"sameAs\":[\"https:\\\/\\\/www.facebook.com\\\/biopapa.lt\"]}]}<\/script>\n<!-- \/ Yoast SEO plugin. -->","yoast_head_json":{"title":"About us - Biopapa","description":"At Biopapa, we offer only plant-based products. You will find a variety of organic, uncooked and unpackaged products (wholemeal, pulses, dried fruits, berries, spices, plant powders, flour), raw + vegan desserts, snacks. Our range is health and environmentally friendly.","robots":{"index":"index","follow":"follow","max-snippet":"max-snippet:-1","max-image-preview":"max-image-preview:large","max-video-preview":"max-video-preview:-1"},"canonical":"https:\/\/test.biopapa.de\/en\/about-us\/","og_locale":"en_US","og_type":"article","og_title":"About us - Biopapa","og_description":"At Biopapa, we offer only plant-based products. You will find a variety of organic, uncooked and unpackaged products (wholemeal, pulses, dried fruits, berries, spices, plant powders, flour), raw + vegan desserts, snacks. Our range is health and environmentally friendly.","og_url":"https:\/\/test.biopapa.de\/en\/about-us\/","og_site_name":"Biopapa","article_publisher":"https:\/\/www.facebook.com\/biopapa.lt","article_modified_time":"2025-12-29T11:56:36+00:00","og_image":[{"width":1733,"height":907,"url":"https:\/\/test.biopapa.de\/wp-content\/uploads\/2022\/04\/facebook_biopapa.jpg","type":"image\/jpeg"}],"twitter_card":"summary_large_image","twitter_misc":{"Est. reading time":"2 minutes"},"schema":{"@context":"https:\/\/schema.org","@graph":[{"@type":"WebPage","@id":"https:\/\/test.biopapa.de\/en\/about-us\/","url":"https:\/\/test.biopapa.de\/en\/about-us\/","name":"About us - Biopapa","isPartOf":{"@id":"https:\/\/test.biopapa.de\/en\/#website"},"datePublished":"2013-04-27T05:51:35+00:00","dateModified":"2025-12-29T11:56:36+00:00","description":"At Biopapa, we offer only plant-based products. You will find a variety of organic, uncooked and unpackaged products (wholemeal, pulses, dried fruits, berries, spices, plant powders, flour), raw + vegan desserts, snacks. Our range is health and environmentally friendly.","breadcrumb":{"@id":"https:\/\/test.biopapa.de\/en\/about-us\/#breadcrumb"},"inLanguage":"en-US","potentialAction":[{"@type":"ReadAction","target":["https:\/\/test.biopapa.de\/en\/about-us\/"]}]},{"@type":"BreadcrumbList","@id":"https:\/\/test.biopapa.de\/en\/about-us\/#breadcrumb","itemListElement":[{"@type":"ListItem","position":1,"name":"Home","item":"https:\/\/test.biopapa.de\/en\/"},{"@type":"ListItem","position":2,"name":"About us"}]},{"@type":"WebSite","@id":"https:\/\/test.biopapa.de\/en\/#website","url":"https:\/\/test.biopapa.de\/en\/","name":"Biopapa","description":"\u0160var\u016bs ekologi\u0161ki produktai","publisher":{"@id":"https:\/\/test.biopapa.de\/en\/#organization"},"potentialAction":[{"@type":"SearchAction","target":{"@type":"EntryPoint","urlTemplate":"https:\/\/test.biopapa.de\/en\/?s={search_term_string}"},"query-input":{"@type":"PropertyValueSpecification","valueRequired":true,"valueName":"search_term_string"}}],"inLanguage":"en-US"},{"@type":"Organization","@id":"https:\/\/test.biopapa.de\/en\/#organization","name":"Biopapa","url":"https:\/\/test.biopapa.de\/en\/","logo":{"@type":"ImageObject","inLanguage":"en-US","@id":"https:\/\/test.biopapa.de\/en\/#\/schema\/logo\/image\/","url":"https:\/\/www.biopapa.lt\/wp-content\/uploads\/2022\/04\/facebook_biopapa.jpg","contentUrl":"https:\/\/www.biopapa.lt\/wp-content\/uploads\/2022\/04\/facebook_biopapa.jpg","width":1733,"height":907,"caption":"Biopapa"},"image":{"@id":"https:\/\/test.biopapa.de\/en\/#\/schema\/logo\/image\/"},"sameAs":["https:\/\/www.facebook.com\/biopapa.lt"]}]}},"_links":{"self":[{"href":"https:\/\/test.biopapa.de\/en\/wp-json\/wp\/v2\/pages\/40321","targetHints":{"allow":["GET"]}}],"collection":[{"href":"https:\/\/test.biopapa.de\/en\/wp-json\/wp\/v2\/pages"}],"about":[{"href":"https:\/\/test.biopapa.de\/en\/wp-json\/wp\/v2\/types\/page"}],"author":[{"embeddable":true,"href":"https:\/\/test.biopapa.de\/en\/wp-json\/wp\/v2\/users\/1852"}],"replies":[{"embeddable":true,"href":"https:\/\/test.biopapa.de\/en\/wp-json\/wp\/v2\/comments?post=40321"}],"version-history":[{"count":0,"href":"https:\/\/test.biopapa.de\/en\/wp-json\/wp\/v2\/pages\/40321\/revisions"}],"wp:attachment":[{"href":"https:\/\/test.biopapa.de\/en\/wp-json\/wp\/v2\/media?parent=40321"}],"curies":[{"name":"wp","href":"https:\/\/api.w.org\/{rel}","templated":true}]}}